{"id":20120,"date":"2023-07-25T15:14:51","date_gmt":"2023-07-25T15:14:51","guid":{"rendered":"https:\/\/ztsports.com\/?post_type=product&#038;p=20120"},"modified":"2026-02-02T18:47:49","modified_gmt":"2026-02-02T18:47:49","slug":"entretoises-de-roulements","status":"publish","type":"product","link":"https:\/\/ztsports.com\/fr\/store\/entretoises-de-roulements\/","title":{"rendered":"Entretoises de roulements auto-centr\u00e9s 608 Inline"},"content":{"rendered":"<h2>Entretoises de roulements auto-centr\u00e9s 608 Inline<\/h2>\n<p>Entretoises de roulements auto-centr\u00e9s<\/p>\n<p>Les entretoises de roulements autocentr\u00e9s 608 Inline sont fabriqu\u00e9es en aluminium. Entretoises pour roulements de patins. <strong>Ne commandez pas d&#8217;entretoises parce que la couleur vous <u><em>pla\u00eet<\/em><\/u>, lisez ci-dessous ce que vous devez savoir avant de commander la couleur.<\/strong><strong>Self Centering Bearing Spacers for 608<\/strong><\/p>\n<p><strong> Aluminum Inline Skate Bear<\/strong>ings : Aluminium de qualit\u00e9 a\u00e9ronautique, tr\u00e8s l\u00e9ger. Bride auto-centrante, pour utilisation avec des roulements de patins \u00e0 roues align\u00e9es 608 standard dans des roues \u00e0 moyeu standard et des essieux de 8 mm. Vendu \u00e0 l&#8217;unit\u00e9. La qualit\u00e9 de vos roulements d\u00e9pend de celle de vos entretoises.<\/p>\n<p>La fonction de l&#8217;entretoise est d&#8217;\u00e9carter les roulements pour permettre une meilleure rotation. Comme les tol\u00e9rances sont tr\u00e8s \u00e9troites et que chaque marque de roue ou de roulement a des dimensions l\u00e9g\u00e8rement diff\u00e9rentes, nous proposons plusieurs options de taille pour garantir un ajustement correct.<\/p>\n<p><strong>Quelques informations sur les entretoises de roulements pour patins \u00e0 roues align\u00e9es :<\/strong><\/p>\n<p>Certains fabricants de roues ne fabriquent pas leurs si\u00e8ges de roulements \u00e0 une distance exacte de 10 mm, ce qui est la norme pour les roues de vitesse en ligne. Lorsqu&#8217;un patineur utilise ce type de roues et qu&#8217;il serre ses axes, la roue ne tournera pas correctement s&#8217;il utilise une entretoise trop courte.<\/p>\n<p>Outre l&#8217;\u00e9ventuelle incoh\u00e9rence des moyeux de roue, les entretoises de roulement peuvent \u00e9galement se raccourcir avec le temps en raison de l&#8217;usure ou de la compression et doivent \u00eatre remplac\u00e9es. Pour r\u00e9soudre ce probl\u00e8me, nous proposons des entretoises de diff\u00e9rentes longueurs.<\/p>\n<p>La longueur standard des entretoises de roulement est de 10,11 \u00e0 10,33 mm et convient \u00e0 la plupart des roues. La plupart des patineurs de vitesse en ligne choisissent d&#8217;utiliser la longueur standard pour s&#8217;assurer qu&#8217;ils ont une &#8220;rotation libre&#8221;. Si vous remarquez un <u><em>cliquetis<\/em><\/u> lorsque vous patinez, cela indique que l&#8217;entretoise est l\u00e9g\u00e8rement plus longue que n\u00e9cessaire. Il se peut que le cliquetis ne provienne que de certaines de vos roues. Il est conseill\u00e9 d&#8217;avoir \u00e0 port\u00e9e de main une vari\u00e9t\u00e9 d&#8217;entretoises afin de trouver la bonne solution pour vos roues.<\/p>\n<p><strong>Quelques informations sur les moyeux en aluminium <em>et les<\/em> moyeux en plastique :<\/strong><\/p>\n<p>Le trou de roulement d&#8217;un moyeu en plastique fl\u00e9chit, il peut donc \u00eatre l\u00e9g\u00e8rement plus petit que le roulement, de sorte que lorsque vous ins\u00e9rez le roulement dans le trou, il ne retombe pas. Avec un moyeu en aluminium, si le trou du roulement est un peu trop petit, le roulement s&#8217;ins\u00e9rera probablement, mais il sera difficile, voire impossible, de le retirer.<\/p>\n<h4>Entretoises de roulements auto-centr\u00e9s<\/h4>\n<p>La plupart des tol\u00e9rances des trous de roulement des moyeux en aluminium sont fix\u00e9es \u00e0 -0,00 +0,02 mm. Cela signifie que le trou du roulement ne peut pas \u00eatre fabriqu\u00e9 trop petit, mais qu&#8217;il peut \u00eatre plus grand de 0,02 mm au maximum. Dans le cas d&#8217;une roue \u00e0 moyeu en aluminium, il faut s&#8217;attendre \u00e0 un l\u00e9ger bruit d\u00fb au cliquetis du roulement en acier contre le moyeu en aluminium et le roulement peut facilement tomber dans votre main. Ne vous inqui\u00e9tez pas si vous rencontrez ce probl\u00e8me, car les performances ne sont pas compromises.<\/p>\n<p>Les entretoises de roulements 608 en ligne \u00e0 centrage automatique pour les <a href=\"https:\/\/ztsports.com\/product-category\/inline-speed-skating\/bearings\/\"><strong>roulements 608<\/strong><\/a> sont disponibles en trois mod\u00e8les. Les entretoises rouges et noires de Bont mesurent 10,05 mm, l&#8217;entretoise dor\u00e9e 10,2 mm et l&#8217;entretoise argent\u00e9e 10,35 mm. Les entretoises dor\u00e9es et rouges sont destin\u00e9es aux roues \u00e0 moyeu en aluminium.<\/p>\n<p>Il convient de noter que si vous utilisez l&#8217;entretoise rouge ou noire et que la roue ne tourne pas, vous devrez passer \u00e0 l&#8217;entretoise dor\u00e9e. Il est conseill\u00e9 d&#8217;avoir \u00e0 port\u00e9e de main un certain nombre d&#8217;entretoises afin de trouver celle qui convient le mieux \u00e0 vos roues.<\/p>\n<div data-hveid=\"CEUQAQ\" data-ved=\"2ahUKEwiB3dK8p96HAxVlDzQIHXPcMEYQj7gIegQIRRAB\">\n<div class=\"dnXCYb\" tabindex=\"0\" role=\"button\" aria-controls=\"_tQKxZsGuGeWe0PEP87jDsQQ_72\" aria-expanded=\"true\">\n<h5 class=\"JlqpRe\"><span class=\"JCzEY tNxQIb\"><span class=\"CSkcDe\">Les entretoises de roulements font-elles une diff\u00e9rence ?<\/span><\/span><\/h5>\n<\/div>\n<\/div>\n<div id=\"_tQKxZsGuGeWe0PEP87jDsQQ_72\" class=\"bCOlv\" data-ved=\"2ahUKEwiB3dK8p96HAxVlDzQIHXPcMEYQ7NUEegQIRRAE\">\n<div class=\"IZE3Td\">\n<div class=\"r2fjmd t0bRye\" data-hveid=\"CEUQBQ\" data-ved=\"2ahUKEwiB3dK8p96HAxVlDzQIHXPcMEYQu04oAHoECEUQBQ\">\n<div id=\"tQKxZsGuGeWe0PEP87jDsQQ__85\">\n<div class=\"wDYxhc\" data-md=\"61\">\n<div class=\"LGOjhe\" role=\"heading\" data-attrid=\"wa:\/description\" aria-level=\"3\" data-hveid=\"CFsQAA\"><span class=\"ILfuVd\" lang=\"en\"><span class=\"hgKElc\">Cela permet <b>de bloquer toutes les pi\u00e8ces ensemble avec la bague int\u00e9rieure pour s&#8217;assurer que lorsque vous roulez, vous faites tourner vos roulements autour de la bague int\u00e9rieure, et non pas la bague int\u00e9rieure autour de l&#8217;essieu<\/b>. Pour moi, c&#8217;est de la folie d&#8217;acheter des roulements de tr\u00e8s haute qualit\u00e9 comme les Bones Swiss et de ne pas utiliser d&#8217;entretoises. <\/span><\/span><\/div>\n<\/div>\n<\/div>\n<\/div>\n<\/div>\n<\/div>\n<p>Vous avez besoin d&#8217;une entretoise par roue. Vendu individuellement (1 pi\u00e8ce) <strong>Utilisation sugg\u00e9r\u00e9e<\/strong>:<\/p>\n<ul>\n<li><strong>Red Spacers 10.05mm <\/strong>&#8211; Roues Red Magic Hardcore<\/li>\n<li><strong>Entretoises noires 10.05mm <\/strong>&#8211; Roues Red Magic Hardcore<\/li>\n<li><strong>Entretoises en or 10.20mm<\/strong> &#8211; Roues Avenger Hardcore<\/li>\n<li><strong>Entretoises argent\u00e9es 10.35mm <\/strong>&#8211; Toutes roues \u00e0 moyeu plastique<\/li>\n<li>Entretoises de roulements auto-centr\u00e9s<\/li>\n<\/ul>\n<h3 class=\"style-scope ytd-watch-metadata\">Comment trouver <a href=\"https:\/\/www.youtube.com\/watch?v=H6ZUuTv1Keo&amp;t=246s\" target=\"_blank\" rel=\"noopener\"><em><strong>trouver l&#8217;entretoise parfaite<\/strong><\/em><\/a> Vid\u00e9o YouTube .<\/h3>\n<p>Enfin, voyez toutes nos pi\u00e8ces et outils <a href=\"https:\/\/ztsports.com\/product-category\/roller-skates\/bearings-tools\/\"><strong>ainsi que les pi\u00e8ces et outils<\/strong><\/a> ici.<\/p>\n","protected":false},"excerpt":{"rendered":"<p>Entretoises de roulements auto-centr\u00e9s 608 Inline Entretoises de roulements auto-centr\u00e9s Les entretoises de roulements autocentr\u00e9s 608 Inline sont fabriqu\u00e9es en aluminium. Entretoises pour roulements de patins. Ne commandez pas d&#8217;entretoises parce que la couleur vous pla\u00eet, lisez ci-dessous ce que vous devez savoir avant de commander la couleur.Self Centering Bearing Spacers for 608 Aluminum Inline [&hellip;]<\/p>\n","protected":false},"featured_media":20122,"comment_status":"open","ping_status":"closed","template":"","meta":{"_acf_changed":false,"_monsterinsights_skip_tracking":false,"_monsterinsights_sitenote_active":false,"_monsterinsights_sitenote_note":"","_monsterinsights_sitenote_category":0,"_uf_show_specific_survey":0,"_uf_disable_surveys":false,"site-sidebar-layout":"default","site-content-layout":"","ast-site-content-layout":"default","site-content-style":"default","site-sidebar-style":"default","ast-global-header-display":"","ast-banner-title-visibility":"","ast-main-header-display":"","ast-hfb-above-header-display":"","ast-hfb-below-header-display":"","ast-hfb-mobile-header-display":"","site-post-title":"","ast-breadcrumbs-content":"","ast-featured-img":"","footer-sml-layout":"","ast-disable-related-posts":"","theme-transparent-header-meta":"default","adv-header-id-meta":"","stick-header-meta":"","header-above-stick-meta":"","header-main-stick-meta":"","header-below-stick-meta":"","astra-migrate-meta-layouts":"set","ast-page-background-enabled":"default","ast-page-background-meta":{"desktop":{"background-color":"","background-image":"","background-repeat":"repeat","background-position":"center center","background-size":"auto","background-attachment":"scroll","background-type":"","background-media":"","overlay-type":"","overlay-color":"","overlay-opacity":"","overlay-gradient":""},"tablet":{"background-color":"","background-image":"","background-repeat":"repeat","background-position":"center center","background-size":"auto","background-attachment":"scroll","background-type":"","background-media":"","overlay-type":"","overlay-color":"","overlay-opacity":"","overlay-gradient":""},"mobile":{"background-color":"","background-image":"","background-repeat":"repeat","background-position":"center center","background-size":"auto","background-attachment":"scroll","background-type":"","background-media":"","overlay-type":"","overlay-color":"","overlay-opacity":"","overlay-gradient":""}},"ast-content-background-meta":{"desktop":{"background-color":"var(--ast-global-color-5)","background-image":"","background-repeat":"repeat","background-position":"center center","background-size":"auto","background-attachment":"scroll","background-type":"","background-media":"","overlay-type":"","overlay-color":"","overlay-opacity":"","overlay-gradient":""},"tablet":{"background-color":"var(--ast-global-color-5)","background-image":"","background-repeat":"repeat","background-position":"center center","background-size":"auto","background-attachment":"scroll","background-type":"","background-media":"","overlay-type":"","overlay-color":"","overlay-opacity":"","overlay-gradient":""},"mobile":{"background-color":"var(--ast-global-color-5)","background-image":"","background-repeat":"repeat","background-position":"center center","background-size":"auto","background-attachment":"scroll","background-type":"","background-media":"","overlay-type":"","overlay-color":"","overlay-opacity":"","overlay-gradient":""}}},"product_brand":[3285,3325],"product_cat":[3402,3381,3429,3407],"product_tag":[2863,3704,3431],"class_list":{"0":"post-20120","1":"product","2":"type-product","3":"status-publish","4":"has-post-thumbnail","6":"product_brand-bont","7":"product_brand-mpc","8":"product_cat-en-ligne","9":"product_cat-patinage-de-vitesse-en-ligne","10":"product_cat-pieces-et-outils","11":"product_cat-roulements","12":"product_tag-608-inline","13":"product_tag-auto-centrage","14":"product_tag-entretoises-de-palier","15":"desktop-align-left","16":"tablet-align-left","17":"mobile-align-left","19":"first","20":"instock","21":"taxable","22":"shipping-taxable","23":"purchasable","24":"product-type-simple"},"acf":[],"_links":{"self":[{"href":"https:\/\/ztsports.com\/fr\/wp-json\/wp\/v2\/product\/20120","targetHints":{"allow":["GET"]}}],"collection":[{"href":"https:\/\/ztsports.com\/fr\/wp-json\/wp\/v2\/product"}],"about":[{"href":"https:\/\/ztsports.com\/fr\/wp-json\/wp\/v2\/types\/product"}],"replies":[{"embeddable":true,"href":"https:\/\/ztsports.com\/fr\/wp-json\/wp\/v2\/comments?post=20120"}],"version-history":[{"count":2,"href":"https:\/\/ztsports.com\/fr\/wp-json\/wp\/v2\/product\/20120\/revisions"}],"predecessor-version":[{"id":21382,"href":"https:\/\/ztsports.com\/fr\/wp-json\/wp\/v2\/product\/20120\/revisions\/21382"}],"wp:featuredmedia":[{"embeddable":true,"href":"https:\/\/ztsports.com\/fr\/wp-json\/wp\/v2\/media\/20122"}],"wp:attachment":[{"href":"https:\/\/ztsports.com\/fr\/wp-json\/wp\/v2\/media?parent=20120"}],"wp:term":[{"taxonomy":"product_brand","embeddable":true,"href":"https:\/\/ztsports.com\/fr\/wp-json\/wp\/v2\/product_brand?post=20120"},{"taxonomy":"product_cat","embeddable":true,"href":"https:\/\/ztsports.com\/fr\/wp-json\/wp\/v2\/product_cat?post=20120"},{"taxonomy":"product_tag","embeddable":true,"href":"https:\/\/ztsports.com\/fr\/wp-json\/wp\/v2\/product_tag?post=20120"}],"curies":[{"name":"wp","href":"https:\/\/api.w.org\/{rel}","templated":true}]}}