{"id":20116,"date":"2023-07-27T02:56:05","date_gmt":"2023-07-27T02:56:05","guid":{"rendered":"https:\/\/ztsports.com\/?post_type=product&#038;p=20116"},"modified":"2026-02-02T18:47:31","modified_gmt":"2026-02-02T18:47:31","slug":"protege-tibias-en-carbone-thermo-moulable","status":"publish","type":"product","link":"https:\/\/ztsports.com\/fr\/store\/protege-tibias-en-carbone-thermo-moulable\/","title":{"rendered":"Prot\u00e8ge-tibias en carbone thermo-moulable"},"content":{"rendered":"<h1 class=\"product_title entry-title\">Prot\u00e8ge-tibias en carbone thermo-moulable<\/h1>\n<p>Prot\u00e8ge-tibias en carbone thermo-moulable<\/p>\n<p>Les prot\u00e8ge-tibias Bont Pro Thermo Mouldable Carbon sont con\u00e7us pour les athl\u00e8tes professionnels mais conviennent \u00e0 tous les niveaux. Fabriqu\u00e9 avec des couches de carbone de performance sup\u00e9rieure qui dispersent l&#8217;impact en interne.<\/p>\n<h4>Prot\u00e8ge-tibias moulables en carbone Avec sangle \u00e9lastique en velcro<\/h4>\n<h4>Taille :<\/h4>\n<p>Petit : 140mm<\/p>\n<p>Moyen : 165 mm<\/p>\n<p>Grand : 190mm<\/p>\n<h3>Prot\u00e8ge-tibias en carbone thermo-moulable Pro Version By Bont<\/h3>\n<h3>Prot\u00e8ge-tibias professionnels<\/h3>\n<p>Le prot\u00e8ge-tibia thermo-moulable Bont PRO est con\u00e7u pour les athl\u00e8tes professionnels mais convient \u00e0 tous les niveaux. Ils sont fabriqu\u00e9s avec des couches de carbone de performance sup\u00e9rieure qui dispersent l&#8217;impact.<\/p>\n<p>Ces prot\u00e8ge-tibias PRO sont totalement thermo-moulables, tout comme les bottes BONT.<\/p>\n<p>Prot\u00e8ge-tibias en carbone thermo-moulable<\/p>\n<p>Le design fin et la protection sup\u00e9rieure offrent un confort maximal.<\/p>\n<p>Le prot\u00e8ge-tibia PRO convient au patinage sur piste courte et aux sports d&#8217;action en plein air : patinage \u00e0 roulettes, roller derby, park skating, inline, skateboard, BMX, soccer et scooter.<\/p>\n<p>Les prot\u00e8ge-tibias sont munis d&#8217;une sangle \u00e9lastique amovible en velcro.<\/p>\n<p>Taille : Petit (14cm), Moyen (17cm), Grand (20cm)<\/p>\n<p>Couleur : Noir<\/p>\n<div class=\"\">\n<div class=\"grid__item\">\n<h4 class=\"h1\">FIBRES DE CARBONE<\/h4>\n<\/div>\n<\/div>\n<div class=\"\">\n<div class=\"grid__item medium-up--two-thirds medium-up--one-whole \">\n<div class=\"rte-setting\">\n<p>Nous nous approvisionnons en carbone pour patins de vitesse exclusivement aupr\u00e8s du premier fabricant mondial de carbone, Toray (Japon). La base en carbone des bottes Bont short track et long track est fabriqu\u00e9e \u00e0 la main en prenant en sandwich diff\u00e9rents types de carbone. Les fibres sont pos\u00e9es \u00e0 la main dans la matrice en fonction de la tension qu&#8217;elles devront supporter. Le carbone est enrob\u00e9 de r\u00e9sine \u00e9poxy thermodurcissable.<\/p>\n<div class=\"\">\n<div class=\"grid__item\">\n<h4 class=\"h1\">D\u00c9VELOPPEMENT DES R\u00c9SINES<\/h4>\n<\/div>\n<\/div>\n<div class=\"\">\n<div class=\"grid__item medium-up--two-thirds medium-up--one-whole \">\n<div class=\"rte-setting\">\n<p>Bont a formul\u00e9 une r\u00e9sine pour les patins de vitesse sur glace qui est tr\u00e8s rigide, tout en devenant moulable \u00e0 basse temp\u00e9rature. En outre, le temps de durcissement est rapide, ce qui est essentiel. La r\u00e9sine Bonts devient molle \u00e0 seulement 60\u00b0C (140\u00b0F), ce qui est la temp\u00e9rature la plus basse de l&#8217;industrie. Une fois que vous avez chauff\u00e9 la r\u00e9sine, moul\u00e9 la botte et laiss\u00e9 prendre, elle est fix\u00e9e de mani\u00e8re permanente, sans qu&#8217;il soit n\u00e9cessaire de la remodeler. En outre, vous pouvez \u00e9galement r\u00e9chauffer la r\u00e9sine autant de fois que n\u00e9cessaire.<\/p>\n<p>La temp\u00e9rature de l&#8217;air et le taux d&#8217;humidit\u00e9 sont essentiels pour d\u00e9terminer la quantit\u00e9 de durcisseur \u00e0 ajouter \u00e0 la r\u00e9sine. Bont utilise un ordinateur qui m\u00e9lange la r\u00e9sine et le durcisseur et distribue la r\u00e9sine apr\u00e8s avoir mesur\u00e9 la temp\u00e9rature et l&#8217;humidit\u00e9 de l&#8217;air.<\/p>\n<p>En revanche, la plupart des autres fabricants utilisent un proc\u00e9d\u00e9 connu dans l&#8217;industrie sous le nom de pr\u00e9-impr\u00e9gn\u00e9. C&#8217;est l\u00e0 que la r\u00e9sine est &#8220;pr\u00e9-impr\u00e9gn\u00e9e&#8221; dans la fibre de carbone. Dans pratiquement toutes les applications, la r\u00e9sine est choisie par le fabricant de fibres de carbone et non par le fabricant de patins. Le fabricant de chaussures n&#8217;a aucun moyen de modifier la r\u00e9sine pour qu&#8217;elle r\u00e9ponde aux exigences de moulage \u00e0 chaud des chaussures de patinage modernes. C&#8217;est d&#8217;ailleurs pour cette raison qu&#8217;il faut des temp\u00e9ratures tr\u00e8s \u00e9lev\u00e9es pour rendre les bottes l\u00e9g\u00e8rement thermo-moulables.<\/p>\n<h3>Instructions de moulage \u00e0 chaud des prot\u00e8ge-tibias en carbone thermoformable <a href=\"https:\/\/xactskateshop.com\/heat-molding-instructions\/\" target=\"_blank\" rel=\"noopener\">ici<\/a><\/h3>\n<\/div>\n<\/div>\n<\/div>\n<\/div>\n<\/div>\n<\/div>\n<p>Tout aussi important, les prot\u00e8ge-tibias pour le short-track sont l&#8217;un des \u00e9l\u00e9ments de s\u00e9curit\u00e9 obligatoires.<\/p>\n<p><strong><span class=\"Y2IQFc\" lang=\"en\">Doit \u00eatre not\u00e9 FPVQ &amp; <a href=\"https:\/\/www.ontariospeedskating.ca\/safety-equipment\" target=\"_blank\" rel=\"noopener\">OSSA : Accessoire obligatoire<\/a> en comp\u00e9tition.<\/span><\/strong><\/p>\n<p dir=\"ltr\" data-placeholder=\"Translation\">Enfin, la <strong><a href=\"https:\/\/ztsports.com\/product-category\/speed-skating-protection-equipment\/lower-body-protection\/\">s\u00e9lection compl\u00e8te de<\/a><\/strong> protections pour le bas du corps se trouve ici.<\/p>\n","protected":false},"excerpt":{"rendered":"<p>Prot\u00e8ge-tibias en carbone thermo-moulable Prot\u00e8ge-tibias en carbone thermo-moulable Les prot\u00e8ge-tibias Bont Pro Thermo Mouldable Carbon sont con\u00e7us pour les athl\u00e8tes professionnels mais conviennent \u00e0 tous les niveaux. Fabriqu\u00e9 avec des couches de carbone de performance sup\u00e9rieure qui dispersent l&#8217;impact en interne. Prot\u00e8ge-tibias moulables en carbone Avec sangle \u00e9lastique en velcro Taille : Petit : 140mm [&hellip;]<\/p>\n","protected":false},"featured_media":20118,"comment_status":"open","ping_status":"closed","template":"","meta":{"_acf_changed":false,"_monsterinsights_skip_tracking":false,"_monsterinsights_sitenote_active":false,"_monsterinsights_sitenote_note":"","_monsterinsights_sitenote_category":0,"_uf_show_specific_survey":0,"_uf_disable_surveys":false,"site-sidebar-layout":"default","site-content-layout":"","ast-site-content-layout":"default","site-content-style":"default","site-sidebar-style":"default","ast-global-header-display":"","ast-banner-title-visibility":"","ast-main-header-display":"","ast-hfb-above-header-display":"","ast-hfb-below-header-display":"","ast-hfb-mobile-header-display":"","site-post-title":"","ast-breadcrumbs-content":"","ast-featured-img":"","footer-sml-layout":"","ast-disable-related-posts":"","theme-transparent-header-meta":"default","adv-header-id-meta":"","stick-header-meta":"","header-above-stick-meta":"","header-main-stick-meta":"","header-below-stick-meta":"","astra-migrate-meta-layouts":"set","ast-page-background-enabled":"default","ast-page-background-meta":{"desktop":{"background-color":"","background-image":"","background-repeat":"repeat","background-position":"center center","background-size":"auto","background-attachment":"scroll","background-type":"","background-media":"","overlay-type":"","overlay-color":"","overlay-opacity":"","overlay-gradient":""},"tablet":{"background-color":"","background-image":"","background-repeat":"repeat","background-position":"center center","background-size":"auto","background-attachment":"scroll","background-type":"","background-media":"","overlay-type":"","overlay-color":"","overlay-opacity":"","overlay-gradient":""},"mobile":{"background-color":"","background-image":"","background-repeat":"repeat","background-position":"center center","background-size":"auto","background-attachment":"scroll","background-type":"","background-media":"","overlay-type":"","overlay-color":"","overlay-opacity":"","overlay-gradient":""}},"ast-content-background-meta":{"desktop":{"background-color":"var(--ast-global-color-5)","background-image":"","background-repeat":"repeat","background-position":"center center","background-size":"auto","background-attachment":"scroll","background-type":"","background-media":"","overlay-type":"","overlay-color":"","overlay-opacity":"","overlay-gradient":""},"tablet":{"background-color":"var(--ast-global-color-5)","background-image":"","background-repeat":"repeat","background-position":"center center","background-size":"auto","background-attachment":"scroll","background-type":"","background-media":"","overlay-type":"","overlay-color":"","overlay-opacity":"","overlay-gradient":""},"mobile":{"background-color":"var(--ast-global-color-5)","background-image":"","background-repeat":"repeat","background-position":"center center","background-size":"auto","background-attachment":"scroll","background-type":"","background-media":"","overlay-type":"","overlay-color":"","overlay-opacity":"","overlay-gradient":""}}},"product_brand":[3285],"product_cat":[3479,3396,3750,3467,3421],"product_tag":[3427,2156,3569,4187,4188,4189],"class_list":{"0":"post-20116","1":"product","2":"type-product","3":"status-publish","4":"has-post-thumbnail","6":"product_brand-bont","7":"product_cat-accessoires-pour-le-short-track","8":"product_cat-accessories","9":"product_cat-equipement-de-protection-pour-le-patinage-de-vitesse","10":"product_cat-patinage-de-vitesse","11":"product_cat-protection-bebe-inferieure","12":"product_tag-equipement-de-patinage-de-vitesse","13":"product_tag-protection","14":"product_tag-protege-tibias","15":"product_tag-protege-tibias-en-carbone-moulable","16":"product_tag-protege-tibias-en-carbone-thermo-moulable","17":"product_tag-protege-tibias-short-track","18":"desktop-align-left","19":"tablet-align-left","20":"mobile-align-left","22":"first","23":"instock","24":"taxable","25":"shipping-taxable","26":"purchasable","27":"product-type-simple"},"acf":[],"_links":{"self":[{"href":"https:\/\/ztsports.com\/fr\/wp-json\/wp\/v2\/product\/20116","targetHints":{"allow":["GET"]}}],"collection":[{"href":"https:\/\/ztsports.com\/fr\/wp-json\/wp\/v2\/product"}],"about":[{"href":"https:\/\/ztsports.com\/fr\/wp-json\/wp\/v2\/types\/product"}],"replies":[{"embeddable":true,"href":"https:\/\/ztsports.com\/fr\/wp-json\/wp\/v2\/comments?post=20116"}],"version-history":[{"count":1,"href":"https:\/\/ztsports.com\/fr\/wp-json\/wp\/v2\/product\/20116\/revisions"}],"predecessor-version":[{"id":20117,"href":"https:\/\/ztsports.com\/fr\/wp-json\/wp\/v2\/product\/20116\/revisions\/20117"}],"wp:featuredmedia":[{"embeddable":true,"href":"https:\/\/ztsports.com\/fr\/wp-json\/wp\/v2\/media\/20118"}],"wp:attachment":[{"href":"https:\/\/ztsports.com\/fr\/wp-json\/wp\/v2\/media?parent=20116"}],"wp:term":[{"taxonomy":"product_brand","embeddable":true,"href":"https:\/\/ztsports.com\/fr\/wp-json\/wp\/v2\/product_brand?post=20116"},{"taxonomy":"product_cat","embeddable":true,"href":"https:\/\/ztsports.com\/fr\/wp-json\/wp\/v2\/product_cat?post=20116"},{"taxonomy":"product_tag","embeddable":true,"href":"https:\/\/ztsports.com\/fr\/wp-json\/wp\/v2\/product_tag?post=20116"}],"curies":[{"name":"wp","href":"https:\/\/api.w.org\/{rel}","templated":true}]}}