{"id":20110,"date":"2023-07-26T21:22:48","date_gmt":"2023-07-26T21:22:48","guid":{"rendered":"https:\/\/ztsports.com\/?post_type=product&#038;p=20110"},"modified":"2026-02-02T18:47:35","modified_gmt":"2026-02-02T18:47:35","slug":"entretoise-de-roulement-a-douille","status":"publish","type":"product","link":"https:\/\/ztsports.com\/fr\/store\/entretoise-de-roulement-a-douille\/","title":{"rendered":"Entretoise de roulement \u00e0 douille longue pour essieux de 6mm et 608"},"content":{"rendered":"<h2>Entretoise de roulement \u00e0 douille longue Axes de 6mm et roulements 608<\/h2>\n<h3>Entretoise de roulement \u00e0 douille<\/h3>\n<p>Entretoise de palier \u00e0 douille longue sont <span class=\"a-list-item\">des entretoises en aluminium qui restent plus justes et garantissent que les roulements ne se compriment pas dans les roues. De plus, il est temps de remplacer vos anciennes entretoises en plastique. <\/span>Aligne le roulement, la roue et l&#8217;axe pour am\u00e9liorer la vitesse de glissement et la rotation libre.<\/p>\n<h5>Entretoise de roulement \u00e0 douille<\/h5>\n<h1 class=\"a-size-base-plus a-text-bold\">A propos de cet article<\/h1>\n<ul>\n<li class=\"a-spacing-mini\"><span class=\"a-list-item\">Paquet d&#8217;\u00e9conomies : 8 pi\u00e8ces de rechange pour les roues de patins \u00e0 roulettes en ligne.<\/span><\/li>\n<li>\u00c9galement vendu en unit\u00e9s simples<\/li>\n<li class=\"a-spacing-mini\"><span class=\"a-list-item\">Les entretoises en aluminium restent plus justes et garantissent que les roulements ne se compriment pas dans les roues.<\/span><\/li>\n<li class=\"a-spacing-mini\"><span class=\"a-list-item\">Longueur totale : 23,5 mm ; diam\u00e8tre int\u00e9rieur : 6,3 mm ; diam\u00e8tre ext\u00e9rieur : 7,9 mm<\/span><\/li>\n<li class=\"a-spacing-mini\"><span class=\"a-list-item\">Install\u00e9 entre deux roulements, le diam\u00e8tre int\u00e9rieur des roulements passera de 8 mm \u00e0 6 mm.<\/span><\/li>\n<li class=\"a-spacing-mini\"><span class=\"a-list-item\">Vous aide \u00e0 patiner plus rapidement en consommant moins d&#8217;\u00e9nergie pour maintenir votre corps en mouvement.<\/span><\/li>\n<li>Entretoises de remplacement en aluminium \u00e0 long manchon pour roulements.<\/li>\n<li>Dimensionn\u00e9 pour des axes de 6mm et des roulements 608.<\/li>\n<li>Alignement du roulement, de la roue et de l&#8217;axe pour am\u00e9liorer la vitesse de glissement et la rotation libre<\/li>\n<\/ul>\n<p class=\"style-scope ytd-watch-metadata\">Il est tout aussi important de savoir comment <a href=\"https:\/\/www.youtube.com\/watch?v=-sltGhndR-o&amp;t=103s\" target=\"_blank\" rel=\"noopener\"><strong>Choisir les bonnes entretoises de roulements.<\/strong><\/a><\/p>\n<p class=\"style-scope ytd-watch-metadata\">Tout ce que vous vouliez savoir <a href=\"https:\/\/www.thisissoul.com\/products\/titen-bearing-spacers-self-centering\" target=\"_blank\" rel=\"noopener\"><strong>sur les entretoises de roulements<\/strong><\/a> mais que vous n&#8217;osiez pas demander.<\/p>\n<p>Enfin, voyez tous nos <a href=\"https:\/\/ztsports.com\/product-category\/roller-skates\/bearings-tools\/\"><strong>pi\u00e8ces et outils pour roulements<\/strong><\/a> ici.<\/p>\n","protected":false},"excerpt":{"rendered":"<p>Entretoise de roulement \u00e0 douille longue Axes de 6mm et roulements 608 Entretoise de roulement \u00e0 douille Entretoise de palier \u00e0 douille longue sont des entretoises en aluminium qui restent plus justes et garantissent que les roulements ne se compriment pas dans les roues. De plus, il est temps de remplacer vos anciennes entretoises en [&hellip;]<\/p>\n","protected":false},"featured_media":20112,"comment_status":"open","ping_status":"closed","template":"","meta":{"_acf_changed":false,"_monsterinsights_skip_tracking":false,"_monsterinsights_sitenote_active":false,"_monsterinsights_sitenote_note":"","_monsterinsights_sitenote_category":0,"_uf_show_specific_survey":0,"_uf_disable_surveys":false,"site-sidebar-layout":"default","site-content-layout":"","ast-site-content-layout":"default","site-content-style":"default","site-sidebar-style":"default","ast-global-header-display":"","ast-banner-title-visibility":"","ast-main-header-display":"","ast-hfb-above-header-display":"","ast-hfb-below-header-display":"","ast-hfb-mobile-header-display":"","site-post-title":"","ast-breadcrumbs-content":"","ast-featured-img":"","footer-sml-layout":"","ast-disable-related-posts":"","theme-transparent-header-meta":"default","adv-header-id-meta":"","stick-header-meta":"","header-above-stick-meta":"","header-main-stick-meta":"","header-below-stick-meta":"","astra-migrate-meta-layouts":"set","ast-page-background-enabled":"default","ast-page-background-meta":{"desktop":{"background-color":"","background-image":"","background-repeat":"repeat","background-position":"center center","background-size":"auto","background-attachment":"scroll","background-type":"","background-media":"","overlay-type":"","overlay-color":"","overlay-opacity":"","overlay-gradient":""},"tablet":{"background-color":"","background-image":"","background-repeat":"repeat","background-position":"center center","background-size":"auto","background-attachment":"scroll","background-type":"","background-media":"","overlay-type":"","overlay-color":"","overlay-opacity":"","overlay-gradient":""},"mobile":{"background-color":"","background-image":"","background-repeat":"repeat","background-position":"center center","background-size":"auto","background-attachment":"scroll","background-type":"","background-media":"","overlay-type":"","overlay-color":"","overlay-opacity":"","overlay-gradient":""}},"ast-content-background-meta":{"desktop":{"background-color":"var(--ast-global-color-5)","background-image":"","background-repeat":"repeat","background-position":"center center","background-size":"auto","background-attachment":"scroll","background-type":"","background-media":"","overlay-type":"","overlay-color":"","overlay-opacity":"","overlay-gradient":""},"tablet":{"background-color":"var(--ast-global-color-5)","background-image":"","background-repeat":"repeat","background-position":"center center","background-size":"auto","background-attachment":"scroll","background-type":"","background-media":"","overlay-type":"","overlay-color":"","overlay-opacity":"","overlay-gradient":""},"mobile":{"background-color":"var(--ast-global-color-5)","background-image":"","background-repeat":"repeat","background-position":"center center","background-size":"auto","background-attachment":"scroll","background-type":"","background-media":"","overlay-type":"","overlay-color":"","overlay-opacity":"","overlay-gradient":""}}},"product_brand":[3280,3285,3289,3317,3318,3319,3330,3334,3365],"product_cat":[3402,3381,3408,3429,3407,3409],"product_tag":[],"class_list":{"0":"post-20110","1":"product","2":"type-product","3":"status-publish","4":"has-post-thumbnail","6":"product_brand-bionic","7":"product_brand-bont","8":"product_brand-cadomotus","9":"product_brand-luigino","10":"product_brand-maple","11":"product_brand-maplez","12":"product_brand-powerslide","13":"product_brand-salomon","14":"product_brand-zt-sports","15":"product_cat-en-ligne","16":"product_cat-patinage-de-vitesse-en-ligne","17":"product_cat-patins-a-roulettes","18":"product_cat-pieces-et-outils","19":"product_cat-roulements","20":"product_cat-roulements-et-outils","21":"desktop-align-left","22":"tablet-align-left","23":"mobile-align-left","25":"first","26":"instock","27":"taxable","28":"shipping-taxable","29":"purchasable","30":"product-type-simple"},"acf":[],"_links":{"self":[{"href":"https:\/\/ztsports.com\/fr\/wp-json\/wp\/v2\/product\/20110","targetHints":{"allow":["GET"]}}],"collection":[{"href":"https:\/\/ztsports.com\/fr\/wp-json\/wp\/v2\/product"}],"about":[{"href":"https:\/\/ztsports.com\/fr\/wp-json\/wp\/v2\/types\/product"}],"replies":[{"embeddable":true,"href":"https:\/\/ztsports.com\/fr\/wp-json\/wp\/v2\/comments?post=20110"}],"version-history":[{"count":1,"href":"https:\/\/ztsports.com\/fr\/wp-json\/wp\/v2\/product\/20110\/revisions"}],"predecessor-version":[{"id":20111,"href":"https:\/\/ztsports.com\/fr\/wp-json\/wp\/v2\/product\/20110\/revisions\/20111"}],"wp:featuredmedia":[{"embeddable":true,"href":"https:\/\/ztsports.com\/fr\/wp-json\/wp\/v2\/media\/20112"}],"wp:attachment":[{"href":"https:\/\/ztsports.com\/fr\/wp-json\/wp\/v2\/media?parent=20110"}],"wp:term":[{"taxonomy":"product_brand","embeddable":true,"href":"https:\/\/ztsports.com\/fr\/wp-json\/wp\/v2\/product_brand?post=20110"},{"taxonomy":"product_cat","embeddable":true,"href":"https:\/\/ztsports.com\/fr\/wp-json\/wp\/v2\/product_cat?post=20110"},{"taxonomy":"product_tag","embeddable":true,"href":"https:\/\/ztsports.com\/fr\/wp-json\/wp\/v2\/product_tag?post=20110"}],"curies":[{"name":"wp","href":"https:\/\/api.w.org\/{rel}","templated":true}]}}