{"id":20106,"date":"2023-07-21T14:14:26","date_gmt":"2023-07-21T14:14:26","guid":{"rendered":"https:\/\/ztsports.com\/?post_type=product&#038;p=20106"},"modified":"2026-02-02T18:47:55","modified_gmt":"2026-02-02T18:47:55","slug":"boulons-en-ligne-bont-3pt","status":"publish","type":"product","link":"https:\/\/ztsports.com\/fr\/store\/boulons-en-ligne-bont-3pt\/","title":{"rendered":"Boulons en ligne Bont 3PT Boulons de montage \u00e0 t\u00eate plate"},"content":{"rendered":"<div class=\"col-8\">\n<h1 class=\"product-title\">Boulons de montage en ligne Bont 3PT<\/h1>\n<p>Ces boulons en ligne Bont 3PT permettent de monter le cadre 3pt sur les bottes 3pt. Tout aussi important, ces boulons \u00e0 3 points peuvent \u00eatre trop longs et ne pas s&#8217;adapter aux bottes \u00e0 2 points. En outre, pour les patins \u00e0 roues align\u00e9es standard 2 pts, les recommandations sont les suivantes <a href=\"https:\/\/ztsports.com\/product\/inline-flat-head-bolt-2\/\"><strong>BOULONS \u00c0 T\u00caTE PLATE. <\/strong><\/a><\/p>\n<h5>Boulons pour les patins de vitesse en ligne Bont 3 points.<\/h5>\n<p><strong>Finley, ils sont vendus par jeu de 6 boulons.<\/strong> Boulons de montage pour les patins de vitesse en ligne \u00e0 3 points.<br \/>\nUn jeu de 6 boulons.<br \/>\nCes boulons ne conviennent pas aux chaussures \u00e0 2 points. Enfin, consultez toutes nos pi\u00e8ces<a href=\"https:\/\/ztsports.com\/product-category\/inline-speed-skating\/parts-tools1\/\"><strong> pi\u00e8ces et outils en ligne<\/strong><\/a> ici.<\/p>\n<\/div>\n<div class=\"col-4 text-right\">\n<div id=\"product-price\"><\/div>\n<\/div>\n","protected":false},"excerpt":{"rendered":"<p>Boulons de montage en ligne Bont 3PT Ces boulons en ligne Bont 3PT permettent de monter le cadre 3pt sur les bottes 3pt. Tout aussi important, ces boulons \u00e0 3 points peuvent \u00eatre trop longs et ne pas s&#8217;adapter aux bottes \u00e0 2 points. En outre, pour les patins \u00e0 roues align\u00e9es standard 2 pts, [&hellip;]<\/p>\n","protected":false},"featured_media":20108,"comment_status":"open","ping_status":"closed","template":"","meta":{"_acf_changed":false,"_monsterinsights_skip_tracking":false,"_monsterinsights_sitenote_active":false,"_monsterinsights_sitenote_note":"","_monsterinsights_sitenote_category":0,"_uf_show_specific_survey":0,"_uf_disable_surveys":false,"site-sidebar-layout":"default","site-content-layout":"","ast-site-content-layout":"default","site-content-style":"default","site-sidebar-style":"default","ast-global-header-display":"","ast-banner-title-visibility":"","ast-main-header-display":"","ast-hfb-above-header-display":"","ast-hfb-below-header-display":"","ast-hfb-mobile-header-display":"","site-post-title":"","ast-breadcrumbs-content":"","ast-featured-img":"","footer-sml-layout":"","ast-disable-related-posts":"","theme-transparent-header-meta":"default","adv-header-id-meta":"","stick-header-meta":"","header-above-stick-meta":"","header-main-stick-meta":"","header-below-stick-meta":"","astra-migrate-meta-layouts":"set","ast-page-background-enabled":"default","ast-page-background-meta":{"desktop":{"background-color":"","background-image":"","background-repeat":"repeat","background-position":"center center","background-size":"auto","background-attachment":"scroll","background-type":"","background-media":"","overlay-type":"","overlay-color":"","overlay-opacity":"","overlay-gradient":""},"tablet":{"background-color":"","background-image":"","background-repeat":"repeat","background-position":"center center","background-size":"auto","background-attachment":"scroll","background-type":"","background-media":"","overlay-type":"","overlay-color":"","overlay-opacity":"","overlay-gradient":""},"mobile":{"background-color":"","background-image":"","background-repeat":"repeat","background-position":"center center","background-size":"auto","background-attachment":"scroll","background-type":"","background-media":"","overlay-type":"","overlay-color":"","overlay-opacity":"","overlay-gradient":""}},"ast-content-background-meta":{"desktop":{"background-color":"var(--ast-global-color-5)","background-image":"","background-repeat":"repeat","background-position":"center center","background-size":"auto","background-attachment":"scroll","background-type":"","background-media":"","overlay-type":"","overlay-color":"","overlay-opacity":"","overlay-gradient":""},"tablet":{"background-color":"var(--ast-global-color-5)","background-image":"","background-repeat":"repeat","background-position":"center center","background-size":"auto","background-attachment":"scroll","background-type":"","background-media":"","overlay-type":"","overlay-color":"","overlay-opacity":"","overlay-gradient":""},"mobile":{"background-color":"var(--ast-global-color-5)","background-image":"","background-repeat":"repeat","background-position":"center center","background-size":"auto","background-attachment":"scroll","background-type":"","background-media":"","overlay-type":"","overlay-color":"","overlay-opacity":"","overlay-gradient":""}}},"product_brand":[3285],"product_cat":[3381,3429],"product_tag":[2860,3730,4184,4185,4186],"class_list":{"0":"post-20106","1":"product","2":"type-product","3":"status-publish","4":"has-post-thumbnail","6":"product_brand-bont","7":"product_cat-patinage-de-vitesse-en-ligne","8":"product_cat-pieces-et-outils","9":"product_tag-bont-3pt","10":"product_tag-boulons-a-tete-plate","11":"product_tag-boulons-en-ligne","12":"product_tag-boulons-en-ligne-3pt","13":"product_tag-patinage-de-vitesse-en-ligne-pieces","14":"desktop-align-left","15":"tablet-align-left","16":"mobile-align-left","18":"first","19":"instock","20":"taxable","21":"shipping-taxable","22":"purchasable","23":"product-type-simple"},"acf":[],"_links":{"self":[{"href":"https:\/\/ztsports.com\/fr\/wp-json\/wp\/v2\/product\/20106","targetHints":{"allow":["GET"]}}],"collection":[{"href":"https:\/\/ztsports.com\/fr\/wp-json\/wp\/v2\/product"}],"about":[{"href":"https:\/\/ztsports.com\/fr\/wp-json\/wp\/v2\/types\/product"}],"replies":[{"embeddable":true,"href":"https:\/\/ztsports.com\/fr\/wp-json\/wp\/v2\/comments?post=20106"}],"version-history":[{"count":1,"href":"https:\/\/ztsports.com\/fr\/wp-json\/wp\/v2\/product\/20106\/revisions"}],"predecessor-version":[{"id":20107,"href":"https:\/\/ztsports.com\/fr\/wp-json\/wp\/v2\/product\/20106\/revisions\/20107"}],"wp:featuredmedia":[{"embeddable":true,"href":"https:\/\/ztsports.com\/fr\/wp-json\/wp\/v2\/media\/20108"}],"wp:attachment":[{"href":"https:\/\/ztsports.com\/fr\/wp-json\/wp\/v2\/media?parent=20106"}],"wp:term":[{"taxonomy":"product_brand","embeddable":true,"href":"https:\/\/ztsports.com\/fr\/wp-json\/wp\/v2\/product_brand?post=20106"},{"taxonomy":"product_cat","embeddable":true,"href":"https:\/\/ztsports.com\/fr\/wp-json\/wp\/v2\/product_cat?post=20106"},{"taxonomy":"product_tag","embeddable":true,"href":"https:\/\/ztsports.com\/fr\/wp-json\/wp\/v2\/product_tag?post=20106"}],"curies":[{"name":"wp","href":"https:\/\/api.w.org\/{rel}","templated":true}]}}