{"id":20100,"date":"2023-07-19T21:08:04","date_gmt":"2023-07-19T21:08:04","guid":{"rendered":"https:\/\/ztsports.com\/?post_type=product&#038;p=20100"},"modified":"2026-02-02T18:48:14","modified_gmt":"2026-02-02T18:48:14","slug":"plaque-debarbage-a-diamant-2","status":"publish","type":"product","link":"https:\/\/ztsports.com\/fr\/store\/plaque-debarbage-a-diamant-2\/","title":{"rendered":"Plaque d&#8217;\u00e9barbage \u00e0 diamant 2 faces"},"content":{"rendered":"<h1>Plaque d&#8217;\u00e9bavurage diamant\u00e9e 2 faces<\/h1>\n<p>Ces plaques d&#8217;\u00e9barbage diamant\u00e9es 2 faces sont fabriqu\u00e9es \u00e0 partir des feuilles de diamant exclusives de Nagano Skate. Les pierres \u00e0 r\u00f4tir Frank&#8217;s Signature sont tr\u00e8s efficaces et toujours faciles \u00e0 nettoyer. De plus, il vous suffit d&#8217;utiliser un chiffon sec pour les nettoyer, <strong>pas d&#8217;huile, pas d&#8217;eau <\/strong>.<\/p>\n<p>L\u00e9ger, efficace et sans entretien, l&#8217;outil d&#8217;\u00e9bavurage \u00e0 double face bleu (400) et rouge (600) ou or (1200) et rouge (600) sign\u00e9 Frank&#8217;s aide les patineurs \u00e0 garder leurs carres propres et tranchantes.<\/p>\n<h3><strong>PLAQUE D&#8217;\u00c9BARBAGE \u00c0 DIAMANT \u00c0 DEUX FACES, SIGN\u00c9E FRANK.<\/strong><\/h3>\n<p><strong>Utilisations de chaque grain de la plaque d&#8217;\u00e9barbage diamant\u00e9e 2 faces :<\/strong> noire (140) : Pour r\u00e9parer une lame endommag\u00e9e ou ondul\u00e9e. Blue (400): For strips. Grossi\u00e8re bavure, premi\u00e8re \u00e9tape du polissage d&#8217;une lame neuve. Rouge (600) : \u00c9barbage apr\u00e8s l&#8217;aff\u00fbtage, deuxi\u00e8me \u00e9tape du polissage d&#8217;une lame neuve. Or (1200) : \u00c9barbage et polissage<\/p>\n<h5>Plaque d&#8217;\u00e9barbage \u00e0 diamant 2 faces<\/h5>\n<p>DIMENSION DE 1 POUCE X 1 POUCE et ensuite MONT\u00c9E SUR UNE PLAQUE ANODIZE. Enfin, vous pouvez trouver toutes nos <a href=\"https:\/\/ztsports.com\/product-category\/diamond-stones-2\/\"><strong>pierres \u00e0 aiguiser et \u00e0 \u00e9barber diamant\u00e9es<\/strong><\/a> ici.<\/p>\n","protected":false},"excerpt":{"rendered":"<p>Plaque d&#8217;\u00e9bavurage diamant\u00e9e 2 faces Ces plaques d&#8217;\u00e9barbage diamant\u00e9es 2 faces sont fabriqu\u00e9es \u00e0 partir des feuilles de diamant exclusives de Nagano Skate. Les pierres \u00e0 r\u00f4tir Frank&#8217;s Signature sont tr\u00e8s efficaces et toujours faciles \u00e0 nettoyer. De plus, il vous suffit d&#8217;utiliser un chiffon sec pour les nettoyer, pas d&#8217;huile, pas d&#8217;eau . L\u00e9ger, [&hellip;]<\/p>\n","protected":false},"featured_media":20102,"comment_status":"open","ping_status":"closed","template":"","meta":{"_acf_changed":false,"_monsterinsights_skip_tracking":false,"_monsterinsights_sitenote_active":false,"_monsterinsights_sitenote_note":"","_monsterinsights_sitenote_category":0,"_uf_show_specific_survey":0,"_uf_disable_surveys":false,"site-sidebar-layout":"default","site-content-layout":"","ast-site-content-layout":"default","site-content-style":"default","site-sidebar-style":"default","ast-global-header-display":"","ast-banner-title-visibility":"","ast-main-header-display":"","ast-hfb-above-header-display":"","ast-hfb-below-header-display":"","ast-hfb-mobile-header-display":"","site-post-title":"","ast-breadcrumbs-content":"","ast-featured-img":"","footer-sml-layout":"","ast-disable-related-posts":"","theme-transparent-header-meta":"default","adv-header-id-meta":"","stick-header-meta":"","header-above-stick-meta":"","header-main-stick-meta":"","header-below-stick-meta":"","astra-migrate-meta-layouts":"set","ast-page-background-enabled":"default","ast-page-background-meta":{"desktop":{"background-color":"","background-image":"","background-repeat":"repeat","background-position":"center center","background-size":"auto","background-attachment":"scroll","background-type":"","background-media":"","overlay-type":"","overlay-color":"","overlay-opacity":"","overlay-gradient":""},"tablet":{"background-color":"","background-image":"","background-repeat":"repeat","background-position":"center center","background-size":"auto","background-attachment":"scroll","background-type":"","background-media":"","overlay-type":"","overlay-color":"","overlay-opacity":"","overlay-gradient":""},"mobile":{"background-color":"","background-image":"","background-repeat":"repeat","background-position":"center center","background-size":"auto","background-attachment":"scroll","background-type":"","background-media":"","overlay-type":"","overlay-color":"","overlay-opacity":"","overlay-gradient":""}},"ast-content-background-meta":{"desktop":{"background-color":"var(--ast-global-color-5)","background-image":"","background-repeat":"repeat","background-position":"center center","background-size":"auto","background-attachment":"scroll","background-type":"","background-media":"","overlay-type":"","overlay-color":"","overlay-opacity":"","overlay-gradient":""},"tablet":{"background-color":"var(--ast-global-color-5)","background-image":"","background-repeat":"repeat","background-position":"center center","background-size":"auto","background-attachment":"scroll","background-type":"","background-media":"","overlay-type":"","overlay-color":"","overlay-opacity":"","overlay-gradient":""},"mobile":{"background-color":"var(--ast-global-color-5)","background-image":"","background-repeat":"repeat","background-position":"center center","background-size":"auto","background-attachment":"scroll","background-type":"","background-media":"","overlay-type":"","overlay-color":"","overlay-opacity":"","overlay-gradient":""}}},"product_brand":[3326],"product_cat":[3393,3514,3469,3873,3515],"product_tag":[4182,3488,2071,4181,3475,4183,3742],"class_list":{"0":"post-20100","1":"product","2":"type-product","3":"status-publish","4":"has-post-thumbnail","6":"product_brand-nagano","7":"product_cat-aiguisage","8":"product_cat-entretien-des-lames","9":"product_cat-pierres-de-diamant","11":"product_cat-pierres-de-ronce","12":"product_tag-ebarbage-des-diamants","13":"product_tag-equipement-daffutage","14":"product_tag-nagano","15":"product_tag-pierre-de-taille-diamantee","16":"product_tag-plaque-2-faces","17":"product_tag-plaque-debarbage-2-faces","18":"product_tag-signature-de-frank","19":"desktop-align-left","20":"tablet-align-left","21":"mobile-align-left","23":"first","24":"instock","25":"taxable","26":"shipping-taxable","27":"purchasable","28":"product-type-simple"},"acf":[],"_links":{"self":[{"href":"https:\/\/ztsports.com\/fr\/wp-json\/wp\/v2\/product\/20100","targetHints":{"allow":["GET"]}}],"collection":[{"href":"https:\/\/ztsports.com\/fr\/wp-json\/wp\/v2\/product"}],"about":[{"href":"https:\/\/ztsports.com\/fr\/wp-json\/wp\/v2\/types\/product"}],"replies":[{"embeddable":true,"href":"https:\/\/ztsports.com\/fr\/wp-json\/wp\/v2\/comments?post=20100"}],"version-history":[{"count":1,"href":"https:\/\/ztsports.com\/fr\/wp-json\/wp\/v2\/product\/20100\/revisions"}],"predecessor-version":[{"id":20101,"href":"https:\/\/ztsports.com\/fr\/wp-json\/wp\/v2\/product\/20100\/revisions\/20101"}],"wp:featuredmedia":[{"embeddable":true,"href":"https:\/\/ztsports.com\/fr\/wp-json\/wp\/v2\/media\/20102"}],"wp:attachment":[{"href":"https:\/\/ztsports.com\/fr\/wp-json\/wp\/v2\/media?parent=20100"}],"wp:term":[{"taxonomy":"product_brand","embeddable":true,"href":"https:\/\/ztsports.com\/fr\/wp-json\/wp\/v2\/product_brand?post=20100"},{"taxonomy":"product_cat","embeddable":true,"href":"https:\/\/ztsports.com\/fr\/wp-json\/wp\/v2\/product_cat?post=20100"},{"taxonomy":"product_tag","embeddable":true,"href":"https:\/\/ztsports.com\/fr\/wp-json\/wp\/v2\/product_tag?post=20100"}],"curies":[{"name":"wp","href":"https:\/\/api.w.org\/{rel}","templated":true}]}}