{"id":20095,"date":"2021-12-23T10:25:50","date_gmt":"2021-12-23T10:25:50","guid":{"rendered":"https:\/\/ztsports.com\/?post_type=product&#038;p=20095"},"modified":"2026-02-02T19:24:10","modified_gmt":"2026-02-02T19:24:10","slug":"plaque-debarbage-a-diamant","status":"publish","type":"product","link":"https:\/\/ztsports.com\/fr\/store\/plaque-debarbage-a-diamant\/","title":{"rendered":"Plaque d&#8217;\u00e9barbage \u00e0 diamant 1 face"},"content":{"rendered":"<h1>Plaque d&#8217;\u00e9bavurage diamant\u00e9e 1 face<\/h1>\n<p>La plaque d&#8217;\u00e9bavurage Diamond 1 face est fabriqu\u00e9e \u00e0 partir des feuilles de diamant exclusives de Nagano Skate. Les pierres \u00e0 r\u00f4tir Frank&#8217;s Signature sont tr\u00e8s efficaces et toujours faciles \u00e0 nettoyer. De plus, il suffit d&#8217;utiliser un chiffon sec pour les nettoyer, <strong>sans huile ni eau<\/strong>.<\/p>\n<h3><strong>PLAQUE D&#8217;\u00c9BAVURAGE \u00c0 DIAMANT UNILAT\u00c9RAL SIGN\u00c9E FRANK.<\/strong><\/h3>\n<p>Lorsque vous choisissez vos options, notez que plus le chiffre entre parenth\u00e8ses \u00e0 c\u00f4t\u00e9 de la couleur est \u00e9lev\u00e9, plus la pierre est douce. Pour la nettoyer afin d\u2019enlever la poussi\u00e8re apr\u00e8s plusieurs aiguisages, du savon doux \u00e0 vaisselle est recommand\u00e9.<\/p>\n<p><strong>Uses of every grit:<\/strong><\/p>\n<p>Noir (140) : Pour r\u00e9parer une lame endommag\u00e9e ou ondul\u00e9e.<\/p>\n<p>Blue (400): For strips. Grossi\u00e8re bavure, premi\u00e8re \u00e9tape du polissage d&#8217;une lame neuve.<\/p>\n<p>Rouge (600) : \u00c9barbage apr\u00e8s l&#8217;aff\u00fbtage, deuxi\u00e8me \u00e9tape du polissage d&#8217;une lame neuve.<\/p>\n<p>Or (1200) : \u00c9barbage et polissage<\/p>\n<p>DIMENSION DE 1 POUCE X 1 POUCE puis MONTAGE SUR ANODIZE<\/p>\n<p>Enfin, vous trouverez<a href=\"https:\/\/ztsports.com\/categorie-produit\/pierres-de-diamant-fr\/?lang=fr\"> ici toutes nos pierres \u00e0 aiguiser et \u00e0 \u00e9barber<\/a> en diamant.<\/p>\n","protected":false},"excerpt":{"rendered":"<p>Plaque d&#8217;\u00e9bavurage diamant\u00e9e 1 face La plaque d&#8217;\u00e9bavurage Diamond 1 face est fabriqu\u00e9e \u00e0 partir des feuilles de diamant exclusives de Nagano Skate. Les pierres \u00e0 r\u00f4tir Frank&#8217;s Signature sont tr\u00e8s efficaces et toujours faciles \u00e0 nettoyer. De plus, il suffit d&#8217;utiliser un chiffon sec pour les nettoyer, sans huile ni eau. PLAQUE D&#8217;\u00c9BAVURAGE \u00c0 [&hellip;]<\/p>\n","protected":false},"featured_media":20097,"comment_status":"open","ping_status":"closed","template":"","meta":{"_acf_changed":false,"_monsterinsights_skip_tracking":false,"_monsterinsights_sitenote_active":false,"_monsterinsights_sitenote_note":"","_monsterinsights_sitenote_category":0,"_uf_show_specific_survey":0,"_uf_disable_surveys":false,"site-sidebar-layout":"default","site-content-layout":"","ast-site-content-layout":"default","site-content-style":"default","site-sidebar-style":"default","ast-global-header-display":"","ast-banner-title-visibility":"","ast-main-header-display":"","ast-hfb-above-header-display":"","ast-hfb-below-header-display":"","ast-hfb-mobile-header-display":"","site-post-title":"","ast-breadcrumbs-content":"","ast-featured-img":"","footer-sml-layout":"","ast-disable-related-posts":"","theme-transparent-header-meta":"default","adv-header-id-meta":"","stick-header-meta":"","header-above-stick-meta":"","header-main-stick-meta":"","header-below-stick-meta":"","astra-migrate-meta-layouts":"set","ast-page-background-enabled":"default","ast-page-background-meta":{"desktop":{"background-color":"","background-image":"","background-repeat":"repeat","background-position":"center center","background-size":"auto","background-attachment":"scroll","background-type":"","background-media":"","overlay-type":"","overlay-color":"","overlay-opacity":"","overlay-gradient":""},"tablet":{"background-color":"","background-image":"","background-repeat":"repeat","background-position":"center center","background-size":"auto","background-attachment":"scroll","background-type":"","background-media":"","overlay-type":"","overlay-color":"","overlay-opacity":"","overlay-gradient":""},"mobile":{"background-color":"","background-image":"","background-repeat":"repeat","background-position":"center center","background-size":"auto","background-attachment":"scroll","background-type":"","background-media":"","overlay-type":"","overlay-color":"","overlay-opacity":"","overlay-gradient":""}},"ast-content-background-meta":{"desktop":{"background-color":"var(--ast-global-color-5)","background-image":"","background-repeat":"repeat","background-position":"center center","background-size":"auto","background-attachment":"scroll","background-type":"","background-media":"","overlay-type":"","overlay-color":"","overlay-opacity":"","overlay-gradient":""},"tablet":{"background-color":"var(--ast-global-color-5)","background-image":"","background-repeat":"repeat","background-position":"center center","background-size":"auto","background-attachment":"scroll","background-type":"","background-media":"","overlay-type":"","overlay-color":"","overlay-opacity":"","overlay-gradient":""},"mobile":{"background-color":"var(--ast-global-color-5)","background-image":"","background-repeat":"repeat","background-position":"center center","background-size":"auto","background-attachment":"scroll","background-type":"","background-media":"","overlay-type":"","overlay-color":"","overlay-opacity":"","overlay-gradient":""}}},"product_brand":[3326],"product_cat":[3873,3515],"product_tag":[4180,4181,3935],"class_list":{"0":"post-20095","1":"product","2":"type-product","3":"status-publish","4":"has-post-thumbnail","6":"product_brand-nagano","7":"product_cat-pierres-de-diamant","8":"product_cat-pierres-de-ronce","9":"product_tag-diamant","10":"product_tag-pierre-de-taille-diamantee","11":"product_tag-plaque-debarbage","12":"desktop-align-left","13":"tablet-align-left","14":"mobile-align-left","16":"first","17":"instock","18":"taxable","19":"shipping-taxable","20":"purchasable","21":"product-type-simple"},"acf":[],"_links":{"self":[{"href":"https:\/\/ztsports.com\/fr\/wp-json\/wp\/v2\/product\/20095","targetHints":{"allow":["GET"]}}],"collection":[{"href":"https:\/\/ztsports.com\/fr\/wp-json\/wp\/v2\/product"}],"about":[{"href":"https:\/\/ztsports.com\/fr\/wp-json\/wp\/v2\/types\/product"}],"replies":[{"embeddable":true,"href":"https:\/\/ztsports.com\/fr\/wp-json\/wp\/v2\/comments?post=20095"}],"version-history":[{"count":1,"href":"https:\/\/ztsports.com\/fr\/wp-json\/wp\/v2\/product\/20095\/revisions"}],"predecessor-version":[{"id":20096,"href":"https:\/\/ztsports.com\/fr\/wp-json\/wp\/v2\/product\/20095\/revisions\/20096"}],"wp:featuredmedia":[{"embeddable":true,"href":"https:\/\/ztsports.com\/fr\/wp-json\/wp\/v2\/media\/20097"}],"wp:attachment":[{"href":"https:\/\/ztsports.com\/fr\/wp-json\/wp\/v2\/media?parent=20095"}],"wp:term":[{"taxonomy":"product_brand","embeddable":true,"href":"https:\/\/ztsports.com\/fr\/wp-json\/wp\/v2\/product_brand?post=20095"},{"taxonomy":"product_cat","embeddable":true,"href":"https:\/\/ztsports.com\/fr\/wp-json\/wp\/v2\/product_cat?post=20095"},{"taxonomy":"product_tag","embeddable":true,"href":"https:\/\/ztsports.com\/fr\/wp-json\/wp\/v2\/product_tag?post=20095"}],"curies":[{"name":"wp","href":"https:\/\/api.w.org\/{rel}","templated":true}]}}