{"id":20087,"date":"2021-09-23T02:43:34","date_gmt":"2021-09-23T02:43:34","guid":{"rendered":"https:\/\/ztsports.com\/?post_type=product&#038;p=20087"},"modified":"2026-02-02T20:08:21","modified_gmt":"2026-02-02T20:08:21","slug":"bont-patriot-carbon-ultrasprint-blade","status":"publish","type":"product","link":"https:\/\/ztsports.com\/fr\/store\/bont-patriot-carbon-ultrasprint-blade\/","title":{"rendered":"Ensemble de lames Bont Patriot Carbon Ultrasprint"},"content":{"rendered":"<h2>Ensemble de lames Bont Patriot Carbon Ultrasprint<\/h2>\n<p>L&#8217;ensemble de lames Bont Patriot Carbon Ultrasprint est l&#8217;un de nos meilleurs vendeurs pour les patineurs qui veulent passer \u00e0 la vitesse sup\u00e9rieure par rapport aux locations de club.<\/p>\n<p>Les patineurs de courte piste se sentent indestructibles. C&#8217;est une attitude qui permet aux patineurs de repousser toutes les limites. Pr\u00e9sentation du Patriot Carbon. Regardez de pr\u00e8s. \u00c9coutez. Il n&#8217;est pas difficile de retrouver notre riche tradition de lignes \u00e9pur\u00e9es et d&#8217;attitude franche dans notre dernier mod\u00e8le Short Track.<\/p>\n<p>Nous sommes une marque qui continue \u00e0 refuser les id\u00e9es re\u00e7ues tout en poussant nos propres mod\u00e8les classiques au moins un peu plus loin \u00e0 chaque fois.<\/p>\n<p>La Patriot est une chaussure qui devrait co\u00fbter plus de 1000 dollars, avec des fibres de carbone pos\u00e9es \u00e0 la main, puis le syst\u00e8me unique d&#8217;enveloppement par pression de Bont qui \u00e9limine plus d&#8217;exc\u00e8s de r\u00e9sine que n&#8217;importe quelle autre technique de pose de carbone.<\/p>\n<h3>Ensemble de lames Bont Patriot Carbon Ultrasprint<\/h3>\n<p>La lame Ultrasprint a pour but d&#8217;affronter la concurrence et de l&#8217;am\u00e9liorer \u00e0 tous points de vue.<\/p>\n<p>Cela comprend l&#8217;utilisation d&#8217;un acier de meilleure qualit\u00e9, un polissage brillant, une courbure parfaite, une meilleure r\u00e9tention de la courbure et, en outre, des graphiques impressionnants pour compl\u00e9ter le look. Le tout \u00e0 un prix incroyable.<\/p>\n<div>\n<p><b>Caract\u00e9ristiques :<\/b><\/p>\n<div>\n<div>\n<ul>\n<li><strong>Base :<\/strong> Base en composite de carbone pos\u00e9e \u00e0 la main<\/li>\n<li><strong>Rev\u00eatement ext\u00e9rieur :<\/strong> Microfibre \/ microfibre mate<\/li>\n<li><strong>Doublure :<\/strong> Microfibre<\/li>\n<li><strong>Innersole:<\/strong> Leather<\/li>\n<li><strong>Heat moldable:<\/strong> Fully heat moldable base utilizing epoxy thermoset resin<\/li>\n<li><strong>Padding:<\/strong> High density memory foam<\/li>\n<li><strong>Options de fermeture<\/strong>: Lacets cir\u00e9s, couvre-lacets et non pas une mais deux bandes velcro.<\/li>\n<li><strong>Options d&#8217;ajustement :<\/strong> Standard, \u00e9troite et large<\/li>\n<li><strong>Monture : <\/strong>165mm<\/li>\n<\/ul>\n<\/div>\n<\/div>\n<\/div>\n<p>La lame Ultrasprint a pour but d&#8217;affronter la concurrence et de l&#8217;am\u00e9liorer \u00e0 tous points de vue.<\/p>\n<p>Cela comprend l&#8217;utilisation d&#8217;un acier de meilleure qualit\u00e9, un polissage brillant, une courbure parfaite, une meilleure r\u00e9tention de la courbure ainsi que des graphiques impressionnants pour compl\u00e9ter le look. Enfin, le tout \u00e0 un prix incroyable.<\/p>\n<p><strong>Sp\u00e9cifications<\/strong><\/p>\n<ul>\n<li><strong><em>Mat\u00e9riau du tube : 6061 T6<\/em><\/strong><\/li>\n<li>Mat\u00e9riau de la coupelle : Aluminium 7075 T6<\/li>\n<li>Rayon : 8m<\/li>\n<li>Longueur : 12\u2033, 13\u2033, 14\u2033, 14.5\u2033, 15\u2033, 15.5\u2033, 16\u2033, 16.5\u2033, 17\u2033.<\/li>\n<li>\u00c9paisseur de la lame :<strong> <\/strong>1,1 mm<\/li>\n<li>Hardness: 58 Rockwell<\/li>\n<li>Cintrage : Cintrage \u00e0 la machine<\/li>\n<\/ul>\n<h5 class=\"tw-data-text tw-text-large tw-ta\" dir=\"ltr\" data-placeholder=\"Translation\">Maintenant une vid\u00e9o sur <a href=\"https:\/\/www.youtube.com\/watch?v=2AfKfzVSCWk\" target=\"_blank\" rel=\"noopener\"><strong>Le moulage \u00e0 chaud de vos bottes Bont. <\/strong><\/a> <\/h5>\n<p>Enfin, consultez tous nos <a href=\"\/?product_cat=boots\"><strong>Bottes Short Track ici<\/strong><\/a><\/p>\n","protected":false},"excerpt":{"rendered":"<p>Ensemble de lames Bont Patriot Carbon Ultrasprint L&#8217;ensemble de lames Bont Patriot Carbon Ultrasprint est l&#8217;un de nos meilleurs vendeurs pour les patineurs qui veulent passer \u00e0 la vitesse sup\u00e9rieure par rapport aux locations de club. Les patineurs de courte piste se sentent indestructibles. C&#8217;est une attitude qui permet aux patineurs de repousser toutes les [&hellip;]<\/p>\n","protected":false},"featured_media":20089,"comment_status":"open","ping_status":"closed","template":"","meta":{"_acf_changed":false,"_monsterinsights_skip_tracking":false,"_monsterinsights_sitenote_active":false,"_monsterinsights_sitenote_note":"","_monsterinsights_sitenote_category":0,"_uf_show_specific_survey":0,"_uf_disable_surveys":false,"site-sidebar-layout":"default","site-content-layout":"","ast-site-content-layout":"default","site-content-style":"default","site-sidebar-style":"default","ast-global-header-display":"","ast-banner-title-visibility":"","ast-main-header-display":"","ast-hfb-above-header-display":"","ast-hfb-below-header-display":"","ast-hfb-mobile-header-display":"","site-post-title":"","ast-breadcrumbs-content":"","ast-featured-img":"","footer-sml-layout":"","ast-disable-related-posts":"","theme-transparent-header-meta":"default","adv-header-id-meta":"","stick-header-meta":"","header-above-stick-meta":"","header-main-stick-meta":"","header-below-stick-meta":"","astra-migrate-meta-layouts":"set","ast-page-background-enabled":"default","ast-page-background-meta":{"desktop":{"background-color":"","background-image":"","background-repeat":"repeat","background-position":"center center","background-size":"auto","background-attachment":"scroll","background-type":"","background-media":"","overlay-type":"","overlay-color":"","overlay-opacity":"","overlay-gradient":""},"tablet":{"background-color":"","background-image":"","background-repeat":"repeat","background-position":"center center","background-size":"auto","background-attachment":"scroll","background-type":"","background-media":"","overlay-type":"","overlay-color":"","overlay-opacity":"","overlay-gradient":""},"mobile":{"background-color":"","background-image":"","background-repeat":"repeat","background-position":"center center","background-size":"auto","background-attachment":"scroll","background-type":"","background-media":"","overlay-type":"","overlay-color":"","overlay-opacity":"","overlay-gradient":""}},"ast-content-background-meta":{"desktop":{"background-color":"var(--ast-global-color-5)","background-image":"","background-repeat":"repeat","background-position":"center center","background-size":"auto","background-attachment":"scroll","background-type":"","background-media":"","overlay-type":"","overlay-color":"","overlay-opacity":"","overlay-gradient":""},"tablet":{"background-color":"var(--ast-global-color-5)","background-image":"","background-repeat":"repeat","background-position":"center center","background-size":"auto","background-attachment":"scroll","background-type":"","background-media":"","overlay-type":"","overlay-color":"","overlay-opacity":"","overlay-gradient":""},"mobile":{"background-color":"var(--ast-global-color-5)","background-image":"","background-repeat":"repeat","background-position":"center center","background-size":"auto","background-attachment":"scroll","background-type":"","background-media":"","overlay-type":"","overlay-color":"","overlay-opacity":"","overlay-gradient":""}}},"product_brand":[3285],"product_cat":[3395,3624,3489,3627,3467,3625],"product_tag":[2292,4178,3634],"class_list":{"0":"post-20087","1":"product","2":"type-product","3":"status-publish","4":"has-post-thumbnail","6":"product_brand-bont","7":"product_cat-courte-piste","8":"product_cat-forfait-courte-piste","9":"product_cat-offres-de-club","10":"product_cat-packages","11":"product_cat-patinage-de-vitesse","12":"product_cat-patins-de-vitesse","13":"product_tag-bont-patriot-carbon","14":"product_tag-ensemble-de-lames-ultrasprint","15":"product_tag-patins-de-vitesse-sur-piste-courte","16":"desktop-align-left","17":"tablet-align-left","18":"mobile-align-left","20":"first","21":"instock","22":"taxable","23":"shipping-taxable","24":"purchasable","25":"product-type-simple"},"acf":[],"_links":{"self":[{"href":"https:\/\/ztsports.com\/fr\/wp-json\/wp\/v2\/product\/20087","targetHints":{"allow":["GET"]}}],"collection":[{"href":"https:\/\/ztsports.com\/fr\/wp-json\/wp\/v2\/product"}],"about":[{"href":"https:\/\/ztsports.com\/fr\/wp-json\/wp\/v2\/types\/product"}],"replies":[{"embeddable":true,"href":"https:\/\/ztsports.com\/fr\/wp-json\/wp\/v2\/comments?post=20087"}],"version-history":[{"count":1,"href":"https:\/\/ztsports.com\/fr\/wp-json\/wp\/v2\/product\/20087\/revisions"}],"predecessor-version":[{"id":20088,"href":"https:\/\/ztsports.com\/fr\/wp-json\/wp\/v2\/product\/20087\/revisions\/20088"}],"wp:featuredmedia":[{"embeddable":true,"href":"https:\/\/ztsports.com\/fr\/wp-json\/wp\/v2\/media\/20089"}],"wp:attachment":[{"href":"https:\/\/ztsports.com\/fr\/wp-json\/wp\/v2\/media?parent=20087"}],"wp:term":[{"taxonomy":"product_brand","embeddable":true,"href":"https:\/\/ztsports.com\/fr\/wp-json\/wp\/v2\/product_brand?post=20087"},{"taxonomy":"product_cat","embeddable":true,"href":"https:\/\/ztsports.com\/fr\/wp-json\/wp\/v2\/product_cat?post=20087"},{"taxonomy":"product_tag","embeddable":true,"href":"https:\/\/ztsports.com\/fr\/wp-json\/wp\/v2\/product_tag?post=20087"}],"curies":[{"name":"wp","href":"https:\/\/api.w.org\/{rel}","templated":true}]}}