{"id":20084,"date":"2021-12-30T07:45:11","date_gmt":"2021-12-30T07:45:11","guid":{"rendered":"https:\/\/ztsports.com\/?post_type=product&#038;p=20084"},"modified":"2026-02-02T19:21:29","modified_gmt":"2026-02-02T19:21:29","slug":"edge-magic-diamond-burr-stone-dmt","status":"publish","type":"product","link":"https:\/\/ztsports.com\/fr\/store\/edge-magic-diamond-burr-stone-dmt\/","title":{"rendered":"EDGE MAGIC DIAMOND BURR STONE DMT"},"content":{"rendered":"<p id=\"tw-target-text\" class=\"tw-data-text tw-text-large tw-ta\" dir=\"ltr\" style=\"text-align: justify;\" data-placeholder=\"Translation\"><span class=\"Y2IQFc\" lang=\"en\">Edge Magic Diamond Burr stone DMT Edge Magic est FABRIQU\u00c9 AUX \u00c9TATS-UNIS. La nouvelle taille exclusive s&#8217;adapte parfaitement aux lames droites et courbes et peut \u00eatre utilis\u00e9e confortablement \u00e0 la verticale ou \u00e0 l&#8217;horizontale. La performance de cette pierre est obtenue en \u00e9liminant la bavure mieux que n&#8217;importe quelle autre pierre actuellement disponible. La conception &#8220;Zero Clog&#8221; fonctionne aussi bien \u00e0 sec qu&#8217;avec votre huile \/ lubrifiant pr\u00e9f\u00e9r\u00e9. Matrice enti\u00e8rement m\u00e9tallique pour une longue dur\u00e9e de vie sans rainure. Disponible en grains grossiers, fins ou extra-fins.<\/span><\/p>\n<h2 style=\"text-align: justify;\"><strong>Acheter Edge Magic Diamond Burr Stone DMT en ligne chez Zt Sports<\/strong><\/h2>\n<p style=\"text-align: justify;\"><strong>Commandez Edge Magic Diamond Burr Stone by DMT Online from Zt Sports<\/strong><\/p>\n<p style=\"text-align: justify;\">Le EDGE MAGIC DIAMOND BURR STONE DMT est le compl\u00e9ment parfait \u00e0 tout kit d&#8217;\u00e9bavurage pour les patineurs de vitesse. Ils font \u00e9galement partie de la panoplie de l&#8217;\u00e9b\u00e9niste. Fabriqu\u00e9e aux \u00c9tats-Unis, cette taille exclusive est con\u00e7ue pour s&#8217;adapter parfaitement au c\u00f4t\u00e9 d&#8217;une lame de patin. Il peut \u00eatre utilis\u00e9 confortablement en position verticale ou horizontale. Que vous souhaitiez aff\u00fbter, aiguiser, \u00e9bavurer ou maintenir le tranchant de vos lames ou de vos outils. La pierre de taille diamant\u00e9e Edge Magic est l&#8217;outil ultime pour maintenir vos lames et vos outils en parfait \u00e9tat. Gr\u00e2ce \u00e0 sa construction de haute qualit\u00e9 et \u00e0 sa conception durable, il sera certainement un atout pr\u00e9cieux pour tout patineur de vitesse ou gestionnaire d&#8217;\u00e9quipement enthousiaste.<\/p>\n<p style=\"text-align: justify;\"><strong>Pourquoi investir dans la pierre de taille Edge Magic Diamond Burr Stone de DMT ?<\/strong><\/p>\n<p style=\"text-align: justify;\">Lorsqu&#8217;il s&#8217;agit d&#8217;entretenir et d&#8217;aff\u00fbter vos lames et vos outils, il est important d&#8217;utiliser des produits de haute qualit\u00e9 qui vous permettront de faire le travail correctement. La pierre EDGE MAGIC DIAMOND BURR STONE de DMT est un produit de qualit\u00e9 sup\u00e9rieure con\u00e7u pour enlever et \u00e9bavurer les lames et les outils et leur donner un tranchant propre et pr\u00e9cis.<\/p>\n<p style=\"text-align: justify;\">La conception &#8220;Zero Clog&#8221; fonctionne bien, aussi bien \u00e0 sec qu&#8217;avec votre huile\/lubrifiant pr\u00e9f\u00e9r\u00e9. Avec une matrice enti\u00e8rement en m\u00e9tal pour une longue dur\u00e9e de vie, sans les aides au dos en plastique dans le &#8220;Z\u00e9ro Clog&#8221;. Disponible en grain grossier, fin ou extra-fin (bleu, rouge, vert), l&#8217;EDGE MAGIC DIAMOND BURR STONE DMT est l&#8217;outil parfait pour tout patineur de vitesse ou menuisier.<\/p>\n<p style=\"text-align: justify;\"><strong>Pourquoi acheter chez Zt Sports ?<\/strong><\/p>\n<p style=\"text-align: justify;\">Lorsque vous achetez chez Zt Sports, vous pouvez \u00eatre s\u00fbr d&#8217;obtenir des produits de qualit\u00e9 sup\u00e9rieure et une satisfaction de la client\u00e8le in\u00e9gal\u00e9e. Notre magasin en ligne, facile \u00e0 naviguer, et notre \u00e9quipe de service \u00e0 la client\u00e8le sont \u00e0 votre disposition pour r\u00e9pondre \u00e0 toutes vos questions. Nous proposons \u00e9galement une politique de retour et d&#8217;\u00e9change sans souci, afin de rendre votre exp\u00e9rience d&#8217;achat aussi transparente que possible.<\/p>\n<h4><strong>Expertise en instructions de vente<\/strong><\/h4>\n<p style=\"text-align: justify;\">Outre notre engagement \u00e0 satisfaire nos clients, nous proposons \u00e9galement des prix comp\u00e9titifs pour des outils de premi\u00e8re qualit\u00e9. Que vous soyez bricoleur ou patineur de vitesse de classe mondiale, nous vous proposons les meilleurs \u00e9quipements disponibles \u00e0 des prix in\u00e9gal\u00e9s sur le march\u00e9.<\/p>\n<p style=\"text-align: justify;\">Notre \u00e9quipe d&#8217;experts est toujours disponible pour vous aider \u00e0 trouver l&#8217;outil id\u00e9al pour vos besoins et vous donner des conseils sur l&#8217;entretien et l&#8217;utilisation. Gr\u00e2ce \u00e0 leurs ann\u00e9es d&#8217;exp\u00e9rience, ils peuvent vous aider \u00e0 prendre une d\u00e9cision \u00e9clair\u00e9e sur le produit le mieux adapt\u00e9 \u00e0 vos besoins et sur la mani\u00e8re de l&#8217;utiliser pour obtenir les meilleurs r\u00e9sultats.<\/p>\n<p style=\"text-align: justify;\"><strong>Passez votre commande maintenant<\/strong><\/p>\n<p style=\"text-align: justify;\">Am\u00e9liorez vos projets d&#8217;aff\u00fbtage de patins ou de travail du bois avec la pierre EDGE MAGIC DIAMOND BURR STONE DMT de Zt Sports. Nos options d&#8217;exp\u00e9dition rapide et de paiement en ligne s\u00e9curis\u00e9 vous permettent d&#8217;obtenir facilement l&#8217;outil essentiel dont vous avez besoin pour atteindre de nouveaux sommets en mati\u00e8re d&#8217;aff\u00fbtage.<\/p>\n<p style=\"text-align: justify;\">Que vous soyez un d\u00e9butant ou un professionnel chevronn\u00e9, ce produit est parfait pour vous. Sa construction de haute qualit\u00e9, ses fonctions avanc\u00e9es et ses options de personnalisation vous permettent d&#8217;aff\u00fbter et d&#8217;entretenir vos lames et vos outils en toute simplicit\u00e9. Si vous avez des questions, n&#8217;h\u00e9sitez pas \u00e0 envoyer un courriel \u00e0 <a href=\"mailto:info@ztsports.com\">info@ztsports.com <\/a>. Nous serons heureux de partager notre expertise pour vous guider dans votre achat. Ne tardez pas, passez votre commande maintenant et assurez-vous d&#8217;avoir le meilleur outil pour le travail.<\/p>\n<p>Findlay tous nos produits <a href=\"https:\/\/ztsports.com\/brand\/dmt\/\"><strong>produits DMT<\/strong><\/a> sont ici.<\/p>\n<p>Enfin, c&#8217;est ici que se trouvent toutes nos <a href=\"https:\/\/ztsports.com\/product-category\/sharpening\/burr-stones\/\">pierres \u00e0 loupe<\/a>.<\/p>\n","protected":false},"excerpt":{"rendered":"<p>Edge Magic Diamond Burr stone DMT Edge Magic est FABRIQU\u00c9 AUX \u00c9TATS-UNIS. La nouvelle taille exclusive s&#8217;adapte parfaitement aux lames droites et courbes et peut \u00eatre utilis\u00e9e confortablement \u00e0 la verticale ou \u00e0 l&#8217;horizontale. La performance de cette pierre est obtenue en \u00e9liminant la bavure mieux que n&#8217;importe quelle autre pierre actuellement disponible. La conception [&hellip;]<\/p>\n","protected":false},"featured_media":20086,"comment_status":"open","ping_status":"closed","template":"","meta":{"_acf_changed":false,"_monsterinsights_skip_tracking":false,"_monsterinsights_sitenote_active":false,"_monsterinsights_sitenote_note":"","_monsterinsights_sitenote_category":0,"_uf_show_specific_survey":0,"_uf_disable_surveys":false,"site-sidebar-layout":"default","site-content-layout":"","ast-site-content-layout":"default","site-content-style":"default","site-sidebar-style":"default","ast-global-header-display":"","ast-banner-title-visibility":"","ast-main-header-display":"","ast-hfb-above-header-display":"","ast-hfb-below-header-display":"","ast-hfb-mobile-header-display":"","site-post-title":"","ast-breadcrumbs-content":"","ast-featured-img":"","footer-sml-layout":"","ast-disable-related-posts":"","theme-transparent-header-meta":"default","adv-header-id-meta":"","stick-header-meta":"","header-above-stick-meta":"","header-main-stick-meta":"","header-below-stick-meta":"","astra-migrate-meta-layouts":"set","ast-page-background-enabled":"default","ast-page-background-meta":{"desktop":{"background-color":"","background-image":"","background-repeat":"repeat","background-position":"center center","background-size":"auto","background-attachment":"scroll","background-type":"","background-media":"","overlay-type":"","overlay-color":"","overlay-opacity":"","overlay-gradient":""},"tablet":{"background-color":"","background-image":"","background-repeat":"repeat","background-position":"center center","background-size":"auto","background-attachment":"scroll","background-type":"","background-media":"","overlay-type":"","overlay-color":"","overlay-opacity":"","overlay-gradient":""},"mobile":{"background-color":"","background-image":"","background-repeat":"repeat","background-position":"center center","background-size":"auto","background-attachment":"scroll","background-type":"","background-media":"","overlay-type":"","overlay-color":"","overlay-opacity":"","overlay-gradient":""}},"ast-content-background-meta":{"desktop":{"background-color":"var(--ast-global-color-5)","background-image":"","background-repeat":"repeat","background-position":"center center","background-size":"auto","background-attachment":"scroll","background-type":"","background-media":"","overlay-type":"","overlay-color":"","overlay-opacity":"","overlay-gradient":""},"tablet":{"background-color":"var(--ast-global-color-5)","background-image":"","background-repeat":"repeat","background-position":"center center","background-size":"auto","background-attachment":"scroll","background-type":"","background-media":"","overlay-type":"","overlay-color":"","overlay-opacity":"","overlay-gradient":""},"mobile":{"background-color":"var(--ast-global-color-5)","background-image":"","background-repeat":"repeat","background-position":"center center","background-size":"auto","background-attachment":"scroll","background-type":"","background-media":"","overlay-type":"","overlay-color":"","overlay-opacity":"","overlay-gradient":""}}},"product_brand":[3295],"product_cat":[3743,3389,3479,3392,3396,3873,3469,3515],"product_tag":[],"class_list":{"0":"post-20084","1":"product","2":"type-product","3":"status-publish","4":"has-post-thumbnail","6":"product_brand-dmt","7":"product_cat-accessoires-daffutage","8":"product_cat-accessoires-longue-piste","9":"product_cat-accessoires-pour-le-short-track","10":"product_cat-accessoires-short-track","11":"product_cat-accessories","12":"product_cat-pierres-de-diamant","14":"product_cat-pierres-de-ronce","15":"desktop-align-left","16":"tablet-align-left","17":"mobile-align-left","19":"first","20":"instock","21":"taxable","22":"shipping-taxable","23":"purchasable","24":"product-type-simple"},"acf":[],"_links":{"self":[{"href":"https:\/\/ztsports.com\/fr\/wp-json\/wp\/v2\/product\/20084","targetHints":{"allow":["GET"]}}],"collection":[{"href":"https:\/\/ztsports.com\/fr\/wp-json\/wp\/v2\/product"}],"about":[{"href":"https:\/\/ztsports.com\/fr\/wp-json\/wp\/v2\/types\/product"}],"replies":[{"embeddable":true,"href":"https:\/\/ztsports.com\/fr\/wp-json\/wp\/v2\/comments?post=20084"}],"version-history":[{"count":1,"href":"https:\/\/ztsports.com\/fr\/wp-json\/wp\/v2\/product\/20084\/revisions"}],"predecessor-version":[{"id":20085,"href":"https:\/\/ztsports.com\/fr\/wp-json\/wp\/v2\/product\/20084\/revisions\/20085"}],"wp:featuredmedia":[{"embeddable":true,"href":"https:\/\/ztsports.com\/fr\/wp-json\/wp\/v2\/media\/20086"}],"wp:attachment":[{"href":"https:\/\/ztsports.com\/fr\/wp-json\/wp\/v2\/media?parent=20084"}],"wp:term":[{"taxonomy":"product_brand","embeddable":true,"href":"https:\/\/ztsports.com\/fr\/wp-json\/wp\/v2\/product_brand?post=20084"},{"taxonomy":"product_cat","embeddable":true,"href":"https:\/\/ztsports.com\/fr\/wp-json\/wp\/v2\/product_cat?post=20084"},{"taxonomy":"product_tag","embeddable":true,"href":"https:\/\/ztsports.com\/fr\/wp-json\/wp\/v2\/product_tag?post=20084"}],"curies":[{"name":"wp","href":"https:\/\/api.w.org\/{rel}","templated":true}]}}