{"id":20077,"date":"2023-07-07T17:17:30","date_gmt":"2023-07-07T17:17:30","guid":{"rendered":"https:\/\/ztsports.com\/?post_type=product&#038;p=20077"},"modified":"2026-02-02T18:48:39","modified_gmt":"2026-02-02T18:48:39","slug":"casque-edge-nagano-skate-patin","status":"publish","type":"product","link":"https:\/\/ztsports.com\/fr\/store\/casque-edge-nagano-skate-patin\/","title":{"rendered":"Casque EDGE Nagano Skate Short Track"},"content":{"rendered":"<p>Le casque EDGE Nagano Skate est tr\u00e8s l\u00e9ger, confortable, et en plus il vous donnera un avantage !<\/p>\n<p>Voici le tout nouveau casque EDGE de Nagano Skate.<\/p>\n<h4>3 couleurs et 2 tailles, le noir et le blanc sont \u00e9puis\u00e9s dans les deux tailles.<\/h4>\n<h4>Rose est \u00e9puis\u00e9 en S\/M seulement L-XL Gauche<\/h4>\n<p>S-M : 55cm &#8211; 58cm<\/p>\n<p>L-XL : 58cm &#8211; 61cm<\/p>\n<p>De plus, il est certifi\u00e9 ASTM et CE pour le patinage de vitesse.<\/p>\n<h4 class=\"h-feature-headline h6\">Casque Edge Nagano Skate<\/h4>\n<p><strong>Pourquoi : <\/strong>pour pr\u00e9venir les traumatismes cr\u00e2niens mineurs et majeurs, ainsi que les l\u00e9sions c\u00e9r\u00e9brales traumatiques dues aux impacts avec la glace, les bottes, les lames, les carrosseries, les planches et les crash pads.<\/p>\n<p>Le port du casque est obligatoire pour toutes les activit\u00e9s sur glace. Il doit \u00eatre <strong>solidement attach\u00e9 sous le menton<\/strong> \u00e0 tout moment. Une lame de skate ne doit pas pouvoir p\u00e9n\u00e9trer dans les trous d&#8217;a\u00e9ration du casque.<\/p>\n<p>Pour les programmes d&#8217;apprentissage du patinage de vitesse et d&#8217;introduction au patinage de vitesse, ainsi que pour l&#8217;entra\u00eenement des participants \u00e2g\u00e9s de Active Start et FUNdamentals, les casques doivent \u00eatre certifi\u00e9s ASTM F 1849 ou approuv\u00e9s par la CSA.<\/p>\n<p>Voir la vid\u00e9o de d\u00e9ballage du casque Edge <a href=\"https:\/\/www.google.com\/search?q=edge+helmet+unboxing+video+nagano+skate&amp;rlz=1C1ONGR_enCA951CA951&amp;oq=edge+helmet+unboxing+video+nagano+skate&amp;gs_lcrp=EgZjaHJvbWUyBggAEEUYOTIHCAEQIRigATIHCAIQIRigATIHCAMQIRigAdIBCjE4Njg0ajBqMTWoAgCwAgA&amp;sourceid=chrome&amp;ie=UTF-8#fpstate=ive&amp;vld=cid:d744df74,vid:B2fMLfB1mGQ,st:0\" target=\"_blank\" rel=\"noopener\"><strong>ici<\/strong><\/a>.<\/p>\n<p>Enfin, nos autres casques <a href=\"https:\/\/ztsports.com\/categorie-produit\/protection\/casques\/?lang=fr\"><strong>casques sont ici.<\/strong><\/a><\/p>\n","protected":false},"excerpt":{"rendered":"<p>Le casque EDGE Nagano Skate est tr\u00e8s l\u00e9ger, confortable, et en plus il vous donnera un avantage ! Voici le tout nouveau casque EDGE de Nagano Skate. 3 couleurs et 2 tailles, le noir et le blanc sont \u00e9puis\u00e9s dans les deux tailles. Rose est \u00e9puis\u00e9 en S\/M seulement L-XL Gauche S-M : 55cm &#8211; [&hellip;]<\/p>\n","protected":false},"featured_media":20079,"comment_status":"open","ping_status":"closed","template":"","meta":{"_acf_changed":false,"_monsterinsights_skip_tracking":false,"_monsterinsights_sitenote_active":false,"_monsterinsights_sitenote_note":"","_monsterinsights_sitenote_category":0,"_uf_show_specific_survey":0,"_uf_disable_surveys":false,"site-sidebar-layout":"default","site-content-layout":"","ast-site-content-layout":"default","site-content-style":"default","site-sidebar-style":"default","ast-global-header-display":"","ast-banner-title-visibility":"","ast-main-header-display":"","ast-hfb-above-header-display":"","ast-hfb-below-header-display":"","ast-hfb-mobile-header-display":"","site-post-title":"","ast-breadcrumbs-content":"","ast-featured-img":"","footer-sml-layout":"","ast-disable-related-posts":"","theme-transparent-header-meta":"default","adv-header-id-meta":"","stick-header-meta":"","header-above-stick-meta":"","header-main-stick-meta":"","header-below-stick-meta":"","astra-migrate-meta-layouts":"set","ast-page-background-enabled":"default","ast-page-background-meta":{"desktop":{"background-color":"","background-image":"","background-repeat":"repeat","background-position":"center center","background-size":"auto","background-attachment":"scroll","background-type":"","background-media":"","overlay-type":"","overlay-color":"","overlay-opacity":"","overlay-gradient":""},"tablet":{"background-color":"","background-image":"","background-repeat":"repeat","background-position":"center center","background-size":"auto","background-attachment":"scroll","background-type":"","background-media":"","overlay-type":"","overlay-color":"","overlay-opacity":"","overlay-gradient":""},"mobile":{"background-color":"","background-image":"","background-repeat":"repeat","background-position":"center center","background-size":"auto","background-attachment":"scroll","background-type":"","background-media":"","overlay-type":"","overlay-color":"","overlay-opacity":"","overlay-gradient":""}},"ast-content-background-meta":{"desktop":{"background-color":"var(--ast-global-color-5)","background-image":"","background-repeat":"repeat","background-position":"center center","background-size":"auto","background-attachment":"scroll","background-type":"","background-media":"","overlay-type":"","overlay-color":"","overlay-opacity":"","overlay-gradient":""},"tablet":{"background-color":"var(--ast-global-color-5)","background-image":"","background-repeat":"repeat","background-position":"center center","background-size":"auto","background-attachment":"scroll","background-type":"","background-media":"","overlay-type":"","overlay-color":"","overlay-opacity":"","overlay-gradient":""},"mobile":{"background-color":"var(--ast-global-color-5)","background-image":"","background-repeat":"repeat","background-position":"center center","background-size":"auto","background-attachment":"scroll","background-type":"","background-media":"","overlay-type":"","overlay-color":"","overlay-opacity":"","overlay-gradient":""}}},"product_brand":[3326],"product_cat":[3644,3589,3690,3467],"product_tag":[4172,4173,4174,4175,4176,4177,3593],"class_list":{"0":"post-20077","1":"product","2":"type-product","3":"status-publish","4":"has-post-thumbnail","6":"product_brand-nagano","7":"product_cat-casque-short-track","8":"product_cat-casques","9":"product_cat-helmets","10":"product_cat-patinage-de-vitesse","11":"product_tag-bord-de-nagano","12":"product_tag-casque-de-skate-nagano","13":"product_tag-casque-edge","14":"product_tag-casque-lady-pink","15":"product_tag-casque-rose","16":"product_tag-casque-rose-barbie","17":"product_tag-casque-short-track","18":"desktop-align-left","19":"tablet-align-left","20":"mobile-align-left","22":"first","23":"instock","24":"sale","25":"taxable","26":"shipping-taxable","27":"purchasable","28":"product-type-simple"},"acf":[],"_links":{"self":[{"href":"https:\/\/ztsports.com\/fr\/wp-json\/wp\/v2\/product\/20077","targetHints":{"allow":["GET"]}}],"collection":[{"href":"https:\/\/ztsports.com\/fr\/wp-json\/wp\/v2\/product"}],"about":[{"href":"https:\/\/ztsports.com\/fr\/wp-json\/wp\/v2\/types\/product"}],"replies":[{"embeddable":true,"href":"https:\/\/ztsports.com\/fr\/wp-json\/wp\/v2\/comments?post=20077"}],"version-history":[{"count":1,"href":"https:\/\/ztsports.com\/fr\/wp-json\/wp\/v2\/product\/20077\/revisions"}],"predecessor-version":[{"id":20078,"href":"https:\/\/ztsports.com\/fr\/wp-json\/wp\/v2\/product\/20077\/revisions\/20078"}],"wp:featuredmedia":[{"embeddable":true,"href":"https:\/\/ztsports.com\/fr\/wp-json\/wp\/v2\/media\/20079"}],"wp:attachment":[{"href":"https:\/\/ztsports.com\/fr\/wp-json\/wp\/v2\/media?parent=20077"}],"wp:term":[{"taxonomy":"product_brand","embeddable":true,"href":"https:\/\/ztsports.com\/fr\/wp-json\/wp\/v2\/product_brand?post=20077"},{"taxonomy":"product_cat","embeddable":true,"href":"https:\/\/ztsports.com\/fr\/wp-json\/wp\/v2\/product_cat?post=20077"},{"taxonomy":"product_tag","embeddable":true,"href":"https:\/\/ztsports.com\/fr\/wp-json\/wp\/v2\/product_tag?post=20077"}],"curies":[{"name":"wp","href":"https:\/\/api.w.org\/{rel}","templated":true}]}}