{"id":20074,"date":"2023-07-04T19:46:47","date_gmt":"2023-07-04T19:46:47","guid":{"rendered":"https:\/\/ztsports.com\/?post_type=product&#038;p=20074"},"modified":"2026-02-02T18:50:30","modified_gmt":"2026-02-02T18:50:30","slug":"protege-tibias-short-track","status":"publish","type":"product","link":"https:\/\/ztsports.com\/fr\/store\/protege-tibias-short-track\/","title":{"rendered":"Prot\u00e8ge-tibias Short Track avec sangle velcro"},"content":{"rendered":"<h1>Prot\u00e8ge-tibias Short Track avec sangle Velcro<\/h1>\n<p>L&#8217;\u00e9quipement de protection Short Track est muni d&#8217;une bande Velcro et fait partie des articles de s\u00e9curit\u00e9 obligatoires.<\/p>\n<h4>Disponible en 3 tailles<\/h4>\n<p>Taille : 14cm (jeune)<\/p>\n<p>18cm (junior)<\/p>\n<p>19,5 cm (adulte)<\/p>\n<p>Tout aussi important, les prot\u00e8ge-tibias pour le short-track sont l&#8217;un des \u00e9l\u00e9ments de s\u00e9curit\u00e9 obligatoires.<\/p>\n<p><strong><span class=\"Y2IQFc\" lang=\"en\">Doit \u00eatre not\u00e9 FPVQ &amp; <a href=\"https:\/\/www.ontariospeedskating.ca\/safety-equipment\" target=\"_blank\" rel=\"noopener\">OSSA : Accessoire obligatoire<\/a> en comp\u00e9tition.<\/span><\/strong><\/p>\n<p dir=\"ltr\" data-placeholder=\"Translation\">Enfin, la <strong><a href=\"https:\/\/ztsports.com\/product-category\/speed-skating-protection-equipment\/lower-body-protection\/\">s\u00e9lection compl\u00e8te de<\/a><\/strong> protections pour le bas du corps se trouve ici.<\/p>\n","protected":false},"excerpt":{"rendered":"<p>Prot\u00e8ge-tibias Short Track avec sangle Velcro L&#8217;\u00e9quipement de protection Short Track est muni d&#8217;une bande Velcro et fait partie des articles de s\u00e9curit\u00e9 obligatoires. Disponible en 3 tailles Taille : 14cm (jeune) 18cm (junior) 19,5 cm (adulte) Tout aussi important, les prot\u00e8ge-tibias pour le short-track sont l&#8217;un des \u00e9l\u00e9ments de s\u00e9curit\u00e9 obligatoires. Doit \u00eatre not\u00e9 [&hellip;]<\/p>\n","protected":false},"featured_media":20076,"comment_status":"open","ping_status":"closed","template":"","meta":{"_acf_changed":false,"_monsterinsights_skip_tracking":false,"_monsterinsights_sitenote_active":false,"_monsterinsights_sitenote_note":"","_monsterinsights_sitenote_category":0,"_uf_show_specific_survey":0,"_uf_disable_surveys":false,"site-sidebar-layout":"default","site-content-layout":"","ast-site-content-layout":"default","site-content-style":"default","site-sidebar-style":"default","ast-global-header-display":"","ast-banner-title-visibility":"","ast-main-header-display":"","ast-hfb-above-header-display":"","ast-hfb-below-header-display":"","ast-hfb-mobile-header-display":"","site-post-title":"","ast-breadcrumbs-content":"","ast-featured-img":"","footer-sml-layout":"","ast-disable-related-posts":"","theme-transparent-header-meta":"default","adv-header-id-meta":"","stick-header-meta":"","header-above-stick-meta":"","header-main-stick-meta":"","header-below-stick-meta":"","astra-migrate-meta-layouts":"set","ast-page-background-enabled":"default","ast-page-background-meta":{"desktop":{"background-color":"","background-image":"","background-repeat":"repeat","background-position":"center center","background-size":"auto","background-attachment":"scroll","background-type":"","background-media":"","overlay-type":"","overlay-color":"","overlay-opacity":"","overlay-gradient":""},"tablet":{"background-color":"","background-image":"","background-repeat":"repeat","background-position":"center center","background-size":"auto","background-attachment":"scroll","background-type":"","background-media":"","overlay-type":"","overlay-color":"","overlay-opacity":"","overlay-gradient":""},"mobile":{"background-color":"","background-image":"","background-repeat":"repeat","background-position":"center center","background-size":"auto","background-attachment":"scroll","background-type":"","background-media":"","overlay-type":"","overlay-color":"","overlay-opacity":"","overlay-gradient":""}},"ast-content-background-meta":{"desktop":{"background-color":"var(--ast-global-color-5)","background-image":"","background-repeat":"repeat","background-position":"center center","background-size":"auto","background-attachment":"scroll","background-type":"","background-media":"","overlay-type":"","overlay-color":"","overlay-opacity":"","overlay-gradient":""},"tablet":{"background-color":"var(--ast-global-color-5)","background-image":"","background-repeat":"repeat","background-position":"center center","background-size":"auto","background-attachment":"scroll","background-type":"","background-media":"","overlay-type":"","overlay-color":"","overlay-opacity":"","overlay-gradient":""},"mobile":{"background-color":"var(--ast-global-color-5)","background-image":"","background-repeat":"repeat","background-position":"center center","background-size":"auto","background-attachment":"scroll","background-type":"","background-media":"","overlay-type":"","overlay-color":"","overlay-opacity":"","overlay-gradient":""}}},"product_brand":[3358,3361,3360],"product_cat":[3479,3750,3467,3637,3421],"product_tag":[3427,3673,4171,3569],"class_list":{"0":"post-20074","1":"product","2":"type-product","3":"status-publish","4":"has-post-thumbnail","6":"product_brand-x-series","7":"product_brand-x-series-xact","8":"product_brand-xact","9":"product_cat-accessoires-pour-le-short-track","10":"product_cat-equipement-de-protection-pour-le-patinage-de-vitesse","11":"product_cat-patinage-de-vitesse","12":"product_cat-protection","13":"product_cat-protection-bebe-inferieure","14":"product_tag-equipement-de-patinage-de-vitesse","15":"product_tag-equipement-de-protection","16":"product_tag-equipement-de-protection-pour-le-patinage-de-vitesse","17":"product_tag-protege-tibias","18":"desktop-align-left","19":"tablet-align-left","20":"mobile-align-left","22":"first","23":"instock","24":"sale","25":"taxable","26":"shipping-taxable","27":"purchasable","28":"product-type-simple"},"acf":[],"_links":{"self":[{"href":"https:\/\/ztsports.com\/fr\/wp-json\/wp\/v2\/product\/20074","targetHints":{"allow":["GET"]}}],"collection":[{"href":"https:\/\/ztsports.com\/fr\/wp-json\/wp\/v2\/product"}],"about":[{"href":"https:\/\/ztsports.com\/fr\/wp-json\/wp\/v2\/types\/product"}],"replies":[{"embeddable":true,"href":"https:\/\/ztsports.com\/fr\/wp-json\/wp\/v2\/comments?post=20074"}],"version-history":[{"count":1,"href":"https:\/\/ztsports.com\/fr\/wp-json\/wp\/v2\/product\/20074\/revisions"}],"predecessor-version":[{"id":20075,"href":"https:\/\/ztsports.com\/fr\/wp-json\/wp\/v2\/product\/20074\/revisions\/20075"}],"wp:featuredmedia":[{"embeddable":true,"href":"https:\/\/ztsports.com\/fr\/wp-json\/wp\/v2\/media\/20076"}],"wp:attachment":[{"href":"https:\/\/ztsports.com\/fr\/wp-json\/wp\/v2\/media?parent=20074"}],"wp:term":[{"taxonomy":"product_brand","embeddable":true,"href":"https:\/\/ztsports.com\/fr\/wp-json\/wp\/v2\/product_brand?post=20074"},{"taxonomy":"product_cat","embeddable":true,"href":"https:\/\/ztsports.com\/fr\/wp-json\/wp\/v2\/product_cat?post=20074"},{"taxonomy":"product_tag","embeddable":true,"href":"https:\/\/ztsports.com\/fr\/wp-json\/wp\/v2\/product_tag?post=20074"}],"curies":[{"name":"wp","href":"https:\/\/api.w.org\/{rel}","templated":true}]}}