{"id":20068,"date":"2023-07-06T03:48:16","date_gmt":"2023-07-06T03:48:16","guid":{"rendered":"https:\/\/ztsports.com\/?post_type=product&#038;p=20068"},"modified":"2026-02-02T18:49:40","modified_gmt":"2026-02-02T18:49:40","slug":"skate-tec-n98-et-evo-krypton","status":"publish","type":"product","link":"https:\/\/ztsports.com\/fr\/store\/skate-tec-n98-et-evo-krypton\/","title":{"rendered":"Ensemble SKATE-TEC N98 et EVO Krypton"},"content":{"rendered":"<h1>SKATE-TEC N98 et EVO Krypton<\/h1>\n<p>Le SKATE-TEC N98 et EVO Krypton est un merveilleux ensemble compos\u00e9 d&#8217;une excellente chaussure et d&#8217;une excellente paire de lames, toutes deux issues de la prestigieuse soci\u00e9t\u00e9 Skate-Tec. Cet ensemble devrait \u00eatre port\u00e9 par tous les patineurs de niveau interm\u00e9diaire. La lame Krypton T2T 12C27 est un mod\u00e8le de milieu de gamme chez Skate-Tec. De plus, il est fabriqu\u00e9 avec une lame en acier 12C27. Elle est pr\u00e9-courb\u00e9e et constitue une lame de choix pour les patineurs d\u00e9butants et interm\u00e9diaires. En outre, peu de mod\u00e8les sont propos\u00e9s dans cette gamme de prix.<\/p>\n<ul>\n<li>Lame pour le d\u00e9veloppement des athl\u00e8tes. Une bonne option pour les clubs<\/li>\n<li>Tube flexible permettant une grande marge d&#8217;erreur \u00e0 chaque pouss\u00e9e<\/li>\n<li>Pr\u00e9-courb\u00e9<\/li>\n<li>Lame chrom\u00e9e d&#8217;une duret\u00e9 de 60 HRC \/ 12C27<\/li>\n<li>Tube en aluminium<\/li>\n<li>Id\u00e9al pour les patineurs de moins de +-110lbs.<\/li>\n<\/ul>\n<p>Findlay pour le <a href=\"https:\/\/ztsports.com\/product-category\/short-track\/club-deals\/\"><strong>Club Promo Deal Cliquez ici.<\/strong><\/a> Enfin, vous voulez en savoir plus <a href=\"https:\/\/skate-tec.com\/about.html\" target=\"_blank\" rel=\"noopener\"><strong>en savoir plus sur Skate-Tec ?<\/strong><\/a><\/p>\n","protected":false},"excerpt":{"rendered":"<p>SKATE-TEC N98 et EVO Krypton Le SKATE-TEC N98 et EVO Krypton est un merveilleux ensemble compos\u00e9 d&#8217;une excellente chaussure et d&#8217;une excellente paire de lames, toutes deux issues de la prestigieuse soci\u00e9t\u00e9 Skate-Tec. Cet ensemble devrait \u00eatre port\u00e9 par tous les patineurs de niveau interm\u00e9diaire. La lame Krypton T2T 12C27 est un mod\u00e8le de milieu [&hellip;]<\/p>\n","protected":false},"featured_media":20070,"comment_status":"open","ping_status":"closed","template":"","meta":{"_acf_changed":false,"_monsterinsights_skip_tracking":false,"_monsterinsights_sitenote_active":false,"_monsterinsights_sitenote_note":"","_monsterinsights_sitenote_category":0,"_uf_show_specific_survey":0,"_uf_disable_surveys":false,"site-sidebar-layout":"default","site-content-layout":"","ast-site-content-layout":"default","site-content-style":"default","site-sidebar-style":"default","ast-global-header-display":"","ast-banner-title-visibility":"","ast-main-header-display":"","ast-hfb-above-header-display":"","ast-hfb-below-header-display":"","ast-hfb-mobile-header-display":"","site-post-title":"","ast-breadcrumbs-content":"","ast-featured-img":"","footer-sml-layout":"","ast-disable-related-posts":"","theme-transparent-header-meta":"default","adv-header-id-meta":"","stick-header-meta":"","header-above-stick-meta":"","header-main-stick-meta":"","header-below-stick-meta":"","astra-migrate-meta-layouts":"set","ast-page-background-enabled":"default","ast-page-background-meta":{"desktop":{"background-color":"","background-image":"","background-repeat":"repeat","background-position":"center center","background-size":"auto","background-attachment":"scroll","background-type":"","background-media":"","overlay-type":"","overlay-color":"","overlay-opacity":"","overlay-gradient":""},"tablet":{"background-color":"","background-image":"","background-repeat":"repeat","background-position":"center center","background-size":"auto","background-attachment":"scroll","background-type":"","background-media":"","overlay-type":"","overlay-color":"","overlay-opacity":"","overlay-gradient":""},"mobile":{"background-color":"","background-image":"","background-repeat":"repeat","background-position":"center center","background-size":"auto","background-attachment":"scroll","background-type":"","background-media":"","overlay-type":"","overlay-color":"","overlay-opacity":"","overlay-gradient":""}},"ast-content-background-meta":{"desktop":{"background-color":"var(--ast-global-color-5)","background-image":"","background-repeat":"repeat","background-position":"center center","background-size":"auto","background-attachment":"scroll","background-type":"","background-media":"","overlay-type":"","overlay-color":"","overlay-opacity":"","overlay-gradient":""},"tablet":{"background-color":"var(--ast-global-color-5)","background-image":"","background-repeat":"repeat","background-position":"center center","background-size":"auto","background-attachment":"scroll","background-type":"","background-media":"","overlay-type":"","overlay-color":"","overlay-opacity":"","overlay-gradient":""},"mobile":{"background-color":"var(--ast-global-color-5)","background-image":"","background-repeat":"repeat","background-position":"center center","background-size":"auto","background-attachment":"scroll","background-type":"","background-media":"","overlay-type":"","overlay-color":"","overlay-opacity":"","overlay-gradient":""}}},"product_brand":[3297,3338],"product_cat":[3395,3624,3489,3625],"product_tag":[1882,2847,2240],"class_list":{"0":"post-20068","1":"product","2":"type-product","3":"status-publish","4":"has-post-thumbnail","6":"product_brand-evo","7":"product_brand-skate-tec","8":"product_cat-courte-piste","9":"product_cat-forfait-courte-piste","10":"product_cat-offres-de-club","11":"product_cat-patins-de-vitesse","12":"product_tag-evo-krypton","13":"product_tag-n98","14":"product_tag-skate-tec","15":"desktop-align-left","16":"tablet-align-left","17":"mobile-align-left","19":"first","20":"instock","21":"taxable","22":"shipping-taxable","23":"purchasable","24":"product-type-simple"},"acf":[],"_links":{"self":[{"href":"https:\/\/ztsports.com\/fr\/wp-json\/wp\/v2\/product\/20068","targetHints":{"allow":["GET"]}}],"collection":[{"href":"https:\/\/ztsports.com\/fr\/wp-json\/wp\/v2\/product"}],"about":[{"href":"https:\/\/ztsports.com\/fr\/wp-json\/wp\/v2\/types\/product"}],"replies":[{"embeddable":true,"href":"https:\/\/ztsports.com\/fr\/wp-json\/wp\/v2\/comments?post=20068"}],"version-history":[{"count":1,"href":"https:\/\/ztsports.com\/fr\/wp-json\/wp\/v2\/product\/20068\/revisions"}],"predecessor-version":[{"id":20069,"href":"https:\/\/ztsports.com\/fr\/wp-json\/wp\/v2\/product\/20068\/revisions\/20069"}],"wp:featuredmedia":[{"embeddable":true,"href":"https:\/\/ztsports.com\/fr\/wp-json\/wp\/v2\/media\/20070"}],"wp:attachment":[{"href":"https:\/\/ztsports.com\/fr\/wp-json\/wp\/v2\/media?parent=20068"}],"wp:term":[{"taxonomy":"product_brand","embeddable":true,"href":"https:\/\/ztsports.com\/fr\/wp-json\/wp\/v2\/product_brand?post=20068"},{"taxonomy":"product_cat","embeddable":true,"href":"https:\/\/ztsports.com\/fr\/wp-json\/wp\/v2\/product_cat?post=20068"},{"taxonomy":"product_tag","embeddable":true,"href":"https:\/\/ztsports.com\/fr\/wp-json\/wp\/v2\/product_tag?post=20068"}],"curies":[{"name":"wp","href":"https:\/\/api.w.org\/{rel}","templated":true}]}}