{"id":20065,"date":"2023-07-05T13:44:07","date_gmt":"2023-07-05T13:44:07","guid":{"rendered":"https:\/\/ztsports.com\/?post_type=product&#038;p=20065"},"modified":"2026-02-02T18:49:54","modified_gmt":"2026-02-02T18:49:54","slug":"protege-cou-en-kevlar","status":"publish","type":"product","link":"https:\/\/ztsports.com\/fr\/store\/protege-cou-en-kevlar\/","title":{"rendered":"Prot\u00e8ge-cou en Kevlar r\u00e9sistant aux coupures"},"content":{"rendered":"<h2><span data-sheets-value=\"{\" data-sheets-userformat=\"{\">Prot\u00e8ge-cou en Kevlar r\u00e9sistant aux coupures<\/span><\/h2>\n<p>Ce prot\u00e8ge-cou en Kevlar r\u00e9sistant aux coupures est rembourr\u00e9 avec du nylon renforc\u00e9 et, tout aussi important, une doublure en Kevlar pour une protection r\u00e9sistante aux coupures.<\/p>\n<p>De plus, ce prot\u00e8ge-cou \u00e9conomique est livr\u00e9 avec une bavette et est l&#8217;un des articles de s\u00e9curit\u00e9 obligatoires pour le short track.<\/p>\n<p>Le\u00a0<em>prot\u00e8ge<\/em>&#8211;<em>cou<\/em>\u00a0souple\u00a0<em>r\u00e9sistant<\/em>\u00a0aux coupures est fabriqu\u00e9 \u00e0 partir de super fibres d&#8217;aramide, \u00e9galement connues sous le nom de\u00a0<em>Kevlar<\/em>.<\/p>\n<ul>\n<li>Padded and reinforced nylon with Kevlar lining for cut resistant protection<\/li>\n<li>Soft &amp; comfortable material<\/li>\n<li>Fermeture velcro ajustable<\/li>\n<\/ul>\n<p><b>Disponible en<\/b><strong> deux tailles<\/strong><\/p>\n<p><strong>Senior<\/strong><strong>:<\/strong>13.5&#8243; &#8211; 17&#8243; (34 &#8211; 43cm)<\/p>\n<p><strong>Junior : 10&#8243; (26-35cm) &#8211; 14&#8243; (26-35cm)<\/strong><\/p>\n<p><strong><span class=\"Y2IQFc\" lang=\"en\"><a href=\"https:\/\/www.ontariospeedskating.ca\/safety-equipment\" target=\"_blank\" rel=\"noopener\">Enfin, il convient de noter que le FPVQ et l&#8217;OSSA sont des accessoires obligatoires en comp\u00e9tition : Accessoires obligatoires en comp\u00e9tition.<\/a><\/span><\/strong><\/p>\n<p dir=\"ltr\" data-placeholder=\"Translation\">Enfin, la s\u00e9lection compl\u00e8te <a href=\"https:\/\/ztsports.com\/product-category\/protection\/neck-guards\/\"><strong>s\u00e9lection de prot\u00e8ge-cou<\/strong><\/a> se trouve ici.<\/p>\n","protected":false},"excerpt":{"rendered":"<p>Prot\u00e8ge-cou en Kevlar r\u00e9sistant aux coupures Ce prot\u00e8ge-cou en Kevlar r\u00e9sistant aux coupures est rembourr\u00e9 avec du nylon renforc\u00e9 et, tout aussi important, une doublure en Kevlar pour une protection r\u00e9sistante aux coupures. De plus, ce prot\u00e8ge-cou \u00e9conomique est livr\u00e9 avec une bavette et est l&#8217;un des articles de s\u00e9curit\u00e9 obligatoires pour le short track. [&hellip;]<\/p>\n","protected":false},"featured_media":20067,"comment_status":"open","ping_status":"closed","template":"","meta":{"_acf_changed":false,"_monsterinsights_skip_tracking":false,"_monsterinsights_sitenote_active":false,"_monsterinsights_sitenote_note":"","_monsterinsights_sitenote_category":0,"_uf_show_specific_survey":0,"_uf_disable_surveys":false,"site-sidebar-layout":"default","site-content-layout":"","ast-site-content-layout":"default","site-content-style":"default","site-sidebar-style":"default","ast-global-header-display":"","ast-banner-title-visibility":"","ast-main-header-display":"","ast-hfb-above-header-display":"","ast-hfb-below-header-display":"","ast-hfb-mobile-header-display":"","site-post-title":"","ast-breadcrumbs-content":"","ast-featured-img":"","footer-sml-layout":"","ast-disable-related-posts":"","theme-transparent-header-meta":"default","adv-header-id-meta":"","stick-header-meta":"","header-above-stick-meta":"","header-main-stick-meta":"","header-below-stick-meta":"","astra-migrate-meta-layouts":"set","ast-page-background-enabled":"default","ast-page-background-meta":{"desktop":{"background-color":"","background-image":"","background-repeat":"repeat","background-position":"center center","background-size":"auto","background-attachment":"scroll","background-type":"","background-media":"","overlay-type":"","overlay-color":"","overlay-opacity":"","overlay-gradient":""},"tablet":{"background-color":"","background-image":"","background-repeat":"repeat","background-position":"center center","background-size":"auto","background-attachment":"scroll","background-type":"","background-media":"","overlay-type":"","overlay-color":"","overlay-opacity":"","overlay-gradient":""},"mobile":{"background-color":"","background-image":"","background-repeat":"repeat","background-position":"center center","background-size":"auto","background-attachment":"scroll","background-type":"","background-media":"","overlay-type":"","overlay-color":"","overlay-opacity":"","overlay-gradient":""}},"ast-content-background-meta":{"desktop":{"background-color":"var(--ast-global-color-5)","background-image":"","background-repeat":"repeat","background-position":"center center","background-size":"auto","background-attachment":"scroll","background-type":"","background-media":"","overlay-type":"","overlay-color":"","overlay-opacity":"","overlay-gradient":""},"tablet":{"background-color":"var(--ast-global-color-5)","background-image":"","background-repeat":"repeat","background-position":"center center","background-size":"auto","background-attachment":"scroll","background-type":"","background-media":"","overlay-type":"","overlay-color":"","overlay-opacity":"","overlay-gradient":""},"mobile":{"background-color":"var(--ast-global-color-5)","background-image":"","background-repeat":"repeat","background-position":"center center","background-size":"auto","background-attachment":"scroll","background-type":"","background-media":"","overlay-type":"","overlay-color":"","overlay-opacity":"","overlay-gradient":""}}},"product_brand":[3361,3358,3360],"product_cat":[3392,3396,3395,3981,3980],"product_tag":[3673,1808,4170,2156,2843],"class_list":{"0":"post-20065","1":"product","2":"type-product","3":"status-publish","4":"has-post-thumbnail","6":"product_brand-x-series-xact","7":"product_brand-x-series","8":"product_brand-xact","9":"product_cat-accessoires-short-track","10":"product_cat-accessories","11":"product_cat-courte-piste","12":"product_cat-protege-cou","13":"product_cat-protege-cou-short-track","14":"product_tag-equipement-de-protection","15":"product_tag-kevlar","16":"product_tag-kevlar-resistant-aux-coupures","17":"product_tag-protection","18":"product_tag-protege-cou","19":"desktop-align-left","20":"tablet-align-left","21":"mobile-align-left","23":"first","24":"instock","25":"sale","26":"taxable","27":"shipping-taxable","28":"purchasable","29":"product-type-simple"},"acf":[],"_links":{"self":[{"href":"https:\/\/ztsports.com\/fr\/wp-json\/wp\/v2\/product\/20065","targetHints":{"allow":["GET"]}}],"collection":[{"href":"https:\/\/ztsports.com\/fr\/wp-json\/wp\/v2\/product"}],"about":[{"href":"https:\/\/ztsports.com\/fr\/wp-json\/wp\/v2\/types\/product"}],"replies":[{"embeddable":true,"href":"https:\/\/ztsports.com\/fr\/wp-json\/wp\/v2\/comments?post=20065"}],"version-history":[{"count":1,"href":"https:\/\/ztsports.com\/fr\/wp-json\/wp\/v2\/product\/20065\/revisions"}],"predecessor-version":[{"id":20066,"href":"https:\/\/ztsports.com\/fr\/wp-json\/wp\/v2\/product\/20065\/revisions\/20066"}],"wp:featuredmedia":[{"embeddable":true,"href":"https:\/\/ztsports.com\/fr\/wp-json\/wp\/v2\/media\/20067"}],"wp:attachment":[{"href":"https:\/\/ztsports.com\/fr\/wp-json\/wp\/v2\/media?parent=20065"}],"wp:term":[{"taxonomy":"product_brand","embeddable":true,"href":"https:\/\/ztsports.com\/fr\/wp-json\/wp\/v2\/product_brand?post=20065"},{"taxonomy":"product_cat","embeddable":true,"href":"https:\/\/ztsports.com\/fr\/wp-json\/wp\/v2\/product_cat?post=20065"},{"taxonomy":"product_tag","embeddable":true,"href":"https:\/\/ztsports.com\/fr\/wp-json\/wp\/v2\/product_tag?post=20065"}],"curies":[{"name":"wp","href":"https:\/\/api.w.org\/{rel}","templated":true}]}}