{"id":20059,"date":"2023-07-05T03:44:32","date_gmt":"2023-07-05T03:44:32","guid":{"rendered":"https:\/\/ztsports.com\/?post_type=product&#038;p=20059"},"modified":"2026-02-02T18:50:15","modified_gmt":"2026-02-02T18:50:15","slug":"protege-cou-skate-tec-dyneema","status":"publish","type":"product","link":"https:\/\/ztsports.com\/fr\/store\/protege-cou-skate-tec-dyneema\/","title":{"rendered":"Prot\u00e8ge-cou Skate-Tec Dyneema"},"content":{"rendered":"<h1 class=\"product_title entry-title\">Prot\u00e8ge-cou Skate-Tec Dyneema<\/h1>\n<p>Le prot\u00e8ge-cou Skate-Tec Dyneema a eu de nombreux LOGO diff\u00e9rents. Qu&#8217;il s&#8217;agisse de Maple ou d&#8217;EVO, la seule constante a \u00e9t\u00e9 la qualit\u00e9 et la fabrication avec une doublure en Dyneema pour une protection contre les coupures.<\/p>\n<p>Tout aussi important, le prot\u00e8ge-cou r\u00e9pond aux normes de l&#8217;ISU et fait partie des produits de s\u00e9curit\u00e9 obligatoires pour le short track.<\/p>\n<p>En outre, il est doubl\u00e9 d&#8217;un mat\u00e9riau doux et confortable et dot\u00e9 d&#8217;une fermeture velcro r\u00e9glable.<\/p>\n<p><strong><span class=\"Y2IQFc\" lang=\"en\">De plus, il doit \u00eatre not\u00e9 FPVQ &amp; <a href=\"https:\/\/www.ontariospeedskating.ca\/safety-equipment\" target=\"_blank\" rel=\"noopener\">OSSA : Accessoire obligatoire<\/a> en comp\u00e9tition.<\/span><\/strong><\/p>\n<p>Tableau des tailles de prot\u00e8ge-cou Skate-tec Dyneema<\/p>\n<p>petit : 13.5\u2033 &#8211; 14.5\u2033 (34-37cm)<\/p>\n<p>moyen : 14.5\u2033 &#8211; 15.5\u2033 (37-40cm)<\/p>\n<p>grand : 15.5\u2033 &#8211; 16.5\u2033 (40cm-43cm)<\/p>\n<p>X Large : 16.5\u2033 &#8211; 18.5\u2033 (43cm-46cm)<\/p>\n<p>Achetez vos <strong>gants Dyneema <a href=\"https:\/\/ztsports.com\/product\/skate-tec-dyneema-gloves\/\">ici !<\/a><\/strong><\/p>\n<p dir=\"ltr\" data-placeholder=\"Translation\">Enfin, la s\u00e9lection compl\u00e8te <a href=\"https:\/\/ztsports.com\/product-category\/protection\/neck-guards\/\"><strong>s\u00e9lection de prot\u00e8ge-cou<\/strong><\/a> se trouve ici.<\/p>\n<h4 dir=\"ltr\" data-placeholder=\"Translation\">Prot\u00e8ge-cou Skate-Tec Dyneema<\/h4>\n<h2 class=\"text-center\">Le secret de Dyneema<\/h2>\n<p>Le prot\u00e8ge-cou Skate-tec Dyneema est fabriqu\u00e9 \u00e0 partir de la fibre de poly\u00e9thyl\u00e8ne \u00e0 tr\u00e8s haut poids mol\u00e9culaire (UHMwPE) d&#8217;Avient, connue sous le nom de Dyneema\u00ae, qui offre une r\u00e9sistance maximale pour un poids minimal. Le nombre d&#8217;applications possibles est donc pratiquement illimit\u00e9.<\/p>\n<p>La fibre Dyneema\u00ae est produite par un proc\u00e9d\u00e9 brevet\u00e9 de filage en gel dans lequel les fibres sont \u00e9tir\u00e9es, chauff\u00e9es, allong\u00e9es et refroidies. L&#8217;\u00e9tirement et la rotation entra\u00eenent un alignement mol\u00e9culaire, une forte cristallisation et une faible densit\u00e9. Le Dyneema\u00ae poss\u00e8de des cha\u00eenes mol\u00e9culaires extr\u00eamement longues qui transf\u00e8rent plus efficacement la charge \u00e0 l&#8217;\u00e9pine dorsale du polym\u00e8re. Il est donc plus r\u00e9sistant, \u00e0 poids \u00e9gal, ou plus l\u00e9ger, \u00e0 poids \u00e9gal, que les autres solutions.<\/p>\n<p>La fibre Dyneema\u00ae est 15 fois plus r\u00e9sistante que l&#8217;acier \u00e0 poids \u00e9gal, avec une r\u00e9sistance \u00e0 la traction allant jusqu&#8217;\u00e0 43 cN\/dtex. Outre son extraordinaire solidit\u00e9, le Dyneema\u00ae excelle dans la r\u00e9sistance \u00e0 la coupure et \u00e0 l&#8217;abrasion et pr\u00e9sente une r\u00e9sistance \u00e9lev\u00e9e aux produits chimiques et aux UV. La fibre Dyneema\u00ae est si l\u00e9g\u00e8re qu&#8217;elle flotte sur l&#8217;eau et poss\u00e8de en outre un module tr\u00e8s \u00e9lev\u00e9 (r\u00e9sistance \u00e0 la d\u00e9formation). Dyneema\u00ae est disponible dans une large gamme de titres (\u00e9paisseur de la fibre), de 50 \u00e0 6600 dtex, ce qui rend la fibre adapt\u00e9e \u00e0 de nombreuses applications.<\/p>\n<p>Pour en savoir plus sur le DSM <a href=\"https:\/\/www.dyneema.com\/our-products\/dyneema-fiber\" target=\"_blank\" rel=\"noopener\">, cliquez ici !<\/a><\/p>\n<h3>Test En-388<\/h3>\n<p>Le prot\u00e8ge-cou en Dyneema de Skate-tec est conforme \u00e0 la norme europ\u00e9enne EN 388:2016+A1:2018 &#8211; &#8220;Gants de protection contre les risques m\u00e9caniques&#8221; a \u00e9t\u00e9 publi\u00e9e pour remplacer la norme EN 388:2003. Les gants de protection \u00e0 usage g\u00e9n\u00e9ral repr\u00e9sentent la plus grande part de march\u00e9 de tous les \u00e9quipements de protection individuelle (EPI) vendus et prot\u00e8gent les porteurs contre un large \u00e9ventail de dangers. Pour aider les utilisateurs \u00e0 choisir des gants appropri\u00e9s, plusieurs normes de s\u00e9curit\u00e9 europ\u00e9ennes &#8211; dont EN 388:2016+A1:2018 &#8211; ont \u00e9t\u00e9 \u00e9labor\u00e9es, permettant de d\u00e9finir des niveaux de protection contre diff\u00e9rents risques. Ces niveaux de protection d\u00e9finis permettent de choisir des gants appropri\u00e9s, en fonction des dangers et des risques identifi\u00e9s pour une activit\u00e9 professionnelle sp\u00e9cifique.<\/p>\n","protected":false},"excerpt":{"rendered":"<p>Prot\u00e8ge-cou Skate-Tec Dyneema Le prot\u00e8ge-cou Skate-Tec Dyneema a eu de nombreux LOGO diff\u00e9rents. Qu&#8217;il s&#8217;agisse de Maple ou d&#8217;EVO, la seule constante a \u00e9t\u00e9 la qualit\u00e9 et la fabrication avec une doublure en Dyneema pour une protection contre les coupures. Tout aussi important, le prot\u00e8ge-cou r\u00e9pond aux normes de l&#8217;ISU et fait partie des produits [&hellip;]<\/p>\n","protected":false},"featured_media":20061,"comment_status":"open","ping_status":"closed","template":"","meta":{"_acf_changed":false,"_monsterinsights_skip_tracking":false,"_monsterinsights_sitenote_active":false,"_monsterinsights_sitenote_note":"","_monsterinsights_sitenote_category":0,"_uf_show_specific_survey":0,"_uf_disable_surveys":false,"site-sidebar-layout":"default","site-content-layout":"","ast-site-content-layout":"default","site-content-style":"default","site-sidebar-style":"default","ast-global-header-display":"","ast-banner-title-visibility":"","ast-main-header-display":"","ast-hfb-above-header-display":"","ast-hfb-below-header-display":"","ast-hfb-mobile-header-display":"","site-post-title":"","ast-breadcrumbs-content":"","ast-featured-img":"","footer-sml-layout":"","ast-disable-related-posts":"","theme-transparent-header-meta":"default","adv-header-id-meta":"","stick-header-meta":"","header-above-stick-meta":"","header-main-stick-meta":"","header-below-stick-meta":"","astra-migrate-meta-layouts":"set","ast-page-background-enabled":"default","ast-page-background-meta":{"desktop":{"background-color":"","background-image":"","background-repeat":"repeat","background-position":"center center","background-size":"auto","background-attachment":"scroll","background-type":"","background-media":"","overlay-type":"","overlay-color":"","overlay-opacity":"","overlay-gradient":""},"tablet":{"background-color":"","background-image":"","background-repeat":"repeat","background-position":"center center","background-size":"auto","background-attachment":"scroll","background-type":"","background-media":"","overlay-type":"","overlay-color":"","overlay-opacity":"","overlay-gradient":""},"mobile":{"background-color":"","background-image":"","background-repeat":"repeat","background-position":"center center","background-size":"auto","background-attachment":"scroll","background-type":"","background-media":"","overlay-type":"","overlay-color":"","overlay-opacity":"","overlay-gradient":""}},"ast-content-background-meta":{"desktop":{"background-color":"var(--ast-global-color-5)","background-image":"","background-repeat":"repeat","background-position":"center center","background-size":"auto","background-attachment":"scroll","background-type":"","background-media":"","overlay-type":"","overlay-color":"","overlay-opacity":"","overlay-gradient":""},"tablet":{"background-color":"var(--ast-global-color-5)","background-image":"","background-repeat":"repeat","background-position":"center center","background-size":"auto","background-attachment":"scroll","background-type":"","background-media":"","overlay-type":"","overlay-color":"","overlay-opacity":"","overlay-gradient":""},"mobile":{"background-color":"var(--ast-global-color-5)","background-image":"","background-repeat":"repeat","background-position":"center center","background-size":"auto","background-attachment":"scroll","background-type":"","background-media":"","overlay-type":"","overlay-color":"","overlay-opacity":"","overlay-gradient":""}}},"product_brand":[3297,3318,3319,3338],"product_cat":[3981,3980],"product_tag":[4168,2419,2420,3673,3484,2425,4169,2843,3992,2240,2844,1794],"class_list":{"0":"post-20059","1":"product","2":"type-product","3":"status-publish","4":"has-post-thumbnail","6":"product_brand-evo","7":"product_brand-maple","8":"product_brand-maplez","9":"product_brand-skate-tec","10":"product_cat-protege-cou","11":"product_cat-protege-cou-short-track","12":"product_tag-confortable","13":"product_tag-courte-piste","14":"product_tag-equipement","15":"product_tag-equipement-de-protection","16":"product_tag-equipement-de-protection-pour-le-patinage","17":"product_tag-patin-de-vitesse","18":"product_tag-patinage-de-vitesse-tags-confortable","19":"product_tag-protege-cou","20":"product_tag-protege-cou-en-dyneema","21":"product_tag-skate-tec","22":"product_tag-skate-tec-dyneema","23":"product_tag-speed-skating","24":"desktop-align-left","25":"tablet-align-left","26":"mobile-align-left","28":"first","29":"instock","30":"sale","31":"taxable","32":"shipping-taxable","33":"purchasable","34":"product-type-simple"},"acf":[],"_links":{"self":[{"href":"https:\/\/ztsports.com\/fr\/wp-json\/wp\/v2\/product\/20059","targetHints":{"allow":["GET"]}}],"collection":[{"href":"https:\/\/ztsports.com\/fr\/wp-json\/wp\/v2\/product"}],"about":[{"href":"https:\/\/ztsports.com\/fr\/wp-json\/wp\/v2\/types\/product"}],"replies":[{"embeddable":true,"href":"https:\/\/ztsports.com\/fr\/wp-json\/wp\/v2\/comments?post=20059"}],"version-history":[{"count":1,"href":"https:\/\/ztsports.com\/fr\/wp-json\/wp\/v2\/product\/20059\/revisions"}],"predecessor-version":[{"id":20060,"href":"https:\/\/ztsports.com\/fr\/wp-json\/wp\/v2\/product\/20059\/revisions\/20060"}],"wp:featuredmedia":[{"embeddable":true,"href":"https:\/\/ztsports.com\/fr\/wp-json\/wp\/v2\/media\/20061"}],"wp:attachment":[{"href":"https:\/\/ztsports.com\/fr\/wp-json\/wp\/v2\/media?parent=20059"}],"wp:term":[{"taxonomy":"product_brand","embeddable":true,"href":"https:\/\/ztsports.com\/fr\/wp-json\/wp\/v2\/product_brand?post=20059"},{"taxonomy":"product_cat","embeddable":true,"href":"https:\/\/ztsports.com\/fr\/wp-json\/wp\/v2\/product_cat?post=20059"},{"taxonomy":"product_tag","embeddable":true,"href":"https:\/\/ztsports.com\/fr\/wp-json\/wp\/v2\/product_tag?post=20059"}],"curies":[{"name":"wp","href":"https:\/\/api.w.org\/{rel}","templated":true}]}}