{"id":20055,"date":"2021-09-23T02:48:38","date_gmt":"2021-09-23T02:48:38","guid":{"rendered":"https:\/\/ztsports.com\/?post_type=product&#038;p=20055"},"modified":"2026-04-14T20:42:43","modified_gmt":"2026-04-14T20:42:43","slug":"coaches-lapboard","status":"publish","type":"product","link":"https:\/\/ztsports.com\/fr\/store\/coaches-lapboard\/","title":{"rendered":"Coaches Lapboard Longtrack Lap Time Tool"},"content":{"rendered":"<h1 class=\"tw-data-text tw-text-large tw-ta\" dir=\"ltr\" data-placeholder=\"Translation\"><span class=\"Y2IQFc\" lang=\"en\">Entra\u00eeneurs Lapboard Longtrack<\/span><\/h1>\n<p>L&#8217;outil Coaches Lapboard Longtrack est un outil indispensable pour tout club ou entra\u00eeneur de longue piste. En outre, le <span class=\"Y2IQFc\" lang=\"en\">Le Lapboard est dot\u00e9 d&#8217;un grand \u00e9cran. De plus, des languettes coulissantes permettent d&#8217;ajuster rapidement et facilement le temps au tour. En outre, un \u00e9tui zipp\u00e9 et rembourr\u00e9 offre une protection suppl\u00e9mentaire et un transport ais\u00e9.<br \/>\n<\/span>Le Lap Board aidera l&#8217;entra\u00eeneur \u00e0 communiquer avec ses patineurs en affichant clairement les temps au tour pendant les courses, les aidant ainsi \u00e0 faire les ajustements n\u00e9cessaires \u00e0 leur rythme.<\/p>\n<h4>Num\u00e9ros \u00e0 changement rapide dans un \u00e9tui de transport facile \u00e0 tenir.<\/h4>\n<ul>\n<li>Facile et rapide \u00e0 utiliser<\/li>\n<li>Chiffres clairs<\/li>\n<li>Dimensions pli\u00e9 L\/l\/H 20,5\/28\/8cm<\/li>\n<\/ul>\n<p>Enfin, vous pouvez consulter tous nos<a href=\"https:\/\/ztsports.com\/product-category\/accessories\/training-aids\/\"><strong> aides \u00e0 l&#8217;entra\u00eenement et \u00e0 la formation<\/strong><\/a>ici.<\/p>\n","protected":false},"excerpt":{"rendered":"<p>Entra\u00eeneurs Lapboard Longtrack L&#8217;outil Coaches Lapboard Longtrack est un outil indispensable pour tout club ou entra\u00eeneur de longue piste. En outre, le Le Lapboard est dot\u00e9 d&#8217;un grand \u00e9cran. De plus, des languettes coulissantes permettent d&#8217;ajuster rapidement et facilement le temps au tour. En outre, un \u00e9tui zipp\u00e9 et rembourr\u00e9 offre une protection suppl\u00e9mentaire et [&hellip;]<\/p>\n","protected":false},"featured_media":20057,"comment_status":"open","ping_status":"closed","template":"","meta":{"_acf_changed":false,"_monsterinsights_skip_tracking":false,"_monsterinsights_sitenote_active":false,"_monsterinsights_sitenote_note":"","_monsterinsights_sitenote_category":0,"_uf_show_specific_survey":0,"_uf_disable_surveys":false,"site-sidebar-layout":"default","site-content-layout":"","ast-site-content-layout":"default","site-content-style":"default","site-sidebar-style":"default","ast-global-header-display":"","ast-banner-title-visibility":"","ast-main-header-display":"","ast-hfb-above-header-display":"","ast-hfb-below-header-display":"","ast-hfb-mobile-header-display":"","site-post-title":"","ast-breadcrumbs-content":"","ast-featured-img":"","footer-sml-layout":"","ast-disable-related-posts":"","theme-transparent-header-meta":"default","adv-header-id-meta":"","stick-header-meta":"","header-above-stick-meta":"","header-main-stick-meta":"","header-below-stick-meta":"","astra-migrate-meta-layouts":"set","ast-page-background-enabled":"default","ast-page-background-meta":{"desktop":{"background-color":"","background-image":"","background-repeat":"repeat","background-position":"center center","background-size":"auto","background-attachment":"scroll","background-type":"","background-media":"","overlay-type":"","overlay-color":"","overlay-opacity":"","overlay-gradient":""},"tablet":{"background-color":"","background-image":"","background-repeat":"repeat","background-position":"center center","background-size":"auto","background-attachment":"scroll","background-type":"","background-media":"","overlay-type":"","overlay-color":"","overlay-opacity":"","overlay-gradient":""},"mobile":{"background-color":"","background-image":"","background-repeat":"repeat","background-position":"center center","background-size":"auto","background-attachment":"scroll","background-type":"","background-media":"","overlay-type":"","overlay-color":"","overlay-opacity":"","overlay-gradient":""}},"ast-content-background-meta":{"desktop":{"background-color":"var(--ast-global-color-5)","background-image":"","background-repeat":"repeat","background-position":"center center","background-size":"auto","background-attachment":"scroll","background-type":"","background-media":"","overlay-type":"","overlay-color":"","overlay-opacity":"","overlay-gradient":""},"tablet":{"background-color":"var(--ast-global-color-5)","background-image":"","background-repeat":"repeat","background-position":"center center","background-size":"auto","background-attachment":"scroll","background-type":"","background-media":"","overlay-type":"","overlay-color":"","overlay-opacity":"","overlay-gradient":""},"mobile":{"background-color":"var(--ast-global-color-5)","background-image":"","background-repeat":"repeat","background-position":"center center","background-size":"auto","background-attachment":"scroll","background-type":"","background-media":"","overlay-type":"","overlay-color":"","overlay-opacity":"","overlay-gradient":""}}},"product_brand":[3296,3297,3338,3356],"product_cat":[3389,3391,3392,3553,3879,3467],"product_tag":[2342,3427,3618],"class_list":{"0":"post-20055","1":"product","2":"type-product","3":"status-publish","4":"has-post-thumbnail","6":"product_brand-ehs-2","7":"product_brand-evo","8":"product_brand-skate-tec","9":"product_brand-viking","10":"product_cat-accessoires-longue-piste","11":"product_cat-accessoires-pour-la-longue-piste","12":"product_cat-accessoires-short-track","13":"product_cat-aides-a-lentrainement-et-a-la-formation","14":"product_cat-aides-a-la-formation","15":"product_cat-patinage-de-vitesse","16":"product_tag-coaches-lapboard","17":"product_tag-equipement-de-patinage-de-vitesse","18":"product_tag-piste-longue","19":"desktop-align-left","20":"tablet-align-left","21":"mobile-align-left","23":"first","24":"instock","25":"taxable","26":"shipping-taxable","27":"purchasable","28":"product-type-simple"},"acf":[],"_links":{"self":[{"href":"https:\/\/ztsports.com\/fr\/wp-json\/wp\/v2\/product\/20055","targetHints":{"allow":["GET"]}}],"collection":[{"href":"https:\/\/ztsports.com\/fr\/wp-json\/wp\/v2\/product"}],"about":[{"href":"https:\/\/ztsports.com\/fr\/wp-json\/wp\/v2\/types\/product"}],"replies":[{"embeddable":true,"href":"https:\/\/ztsports.com\/fr\/wp-json\/wp\/v2\/comments?post=20055"}],"version-history":[{"count":3,"href":"https:\/\/ztsports.com\/fr\/wp-json\/wp\/v2\/product\/20055\/revisions"}],"predecessor-version":[{"id":25464,"href":"https:\/\/ztsports.com\/fr\/wp-json\/wp\/v2\/product\/20055\/revisions\/25464"}],"wp:featuredmedia":[{"embeddable":true,"href":"https:\/\/ztsports.com\/fr\/wp-json\/wp\/v2\/media\/20057"}],"wp:attachment":[{"href":"https:\/\/ztsports.com\/fr\/wp-json\/wp\/v2\/media?parent=20055"}],"wp:term":[{"taxonomy":"product_brand","embeddable":true,"href":"https:\/\/ztsports.com\/fr\/wp-json\/wp\/v2\/product_brand?post=20055"},{"taxonomy":"product_cat","embeddable":true,"href":"https:\/\/ztsports.com\/fr\/wp-json\/wp\/v2\/product_cat?post=20055"},{"taxonomy":"product_tag","embeddable":true,"href":"https:\/\/ztsports.com\/fr\/wp-json\/wp\/v2\/product_tag?post=20055"}],"curies":[{"name":"wp","href":"https:\/\/api.w.org\/{rel}","templated":true}]}}