{"id":20044,"date":"2021-12-24T12:09:51","date_gmt":"2021-12-24T12:09:51","guid":{"rendered":"https:\/\/ztsports.com\/?post_type=product&#038;p=20044"},"modified":"2026-02-02T19:23:58","modified_gmt":"2026-02-02T19:23:58","slug":"golden-rocker","status":"publish","type":"product","link":"https:\/\/ztsports.com\/fr\/store\/golden-rocker\/","title":{"rendered":"GOLDEN ROCKER 2.1 | MACHINE \u00c0 BASCULE"},"content":{"rendered":"<h1>GOLDEN ROCKER 2.1 | MACHINE \u00c0 BASCULE<\/h1>\n<p>New Universal Golden Rocker Machine 2.1, powered by <strong>MAKITA<\/strong>. Notre nouvelle version est maintenant plus rapide, plus forte et universelle sur 110v, 220v ou batterie. The complete Golden Rocker set includes:<\/p>\n<ul>\n<li>Support d&#8217;aff\u00fbtage Nagano Skate Gold Jig modifi\u00e9 pour le Golden Rocker<\/li>\n<li>T\u00eate de coupe Borazon, bonne pour env. 100 paires<\/li>\n<li>Un double jeu de gabarits Nagano Skate (il est possible de personnaliser les gabarits sur demande pour une somme modique).<\/li>\n<li>Puissante d\u00e9fonceuse compacte Makita\n<ul>\n<li>Outil tr\u00e8s puissant et r\u00e9sistant<\/li>\n<li>Bien mieux que notre version 1.1<\/li>\n<li>Fonctionne sur 110V, 220V et sans fil\n<ul>\n<li>Batterie et chargeur vendus s\u00e9par\u00e9ment pour le mod\u00e8le sans fil<\/li>\n<\/ul>\n<\/li>\n<li>Capacit\u00e9 de basculement accrue<\/li>\n<\/ul>\n<\/li>\n<\/ul>\n<p>La machine Golden Rocker est con\u00e7ue et fabriqu\u00e9e avec fiert\u00e9 au Canada.<\/p>\n<p>ROCKERING MACHINE La nouvelle machine \u00e0 berceau Golden Rocker rend les courbes de pr\u00e9cision et de performance (berceaux) accessibles \u00e0 tous les patineurs de vitesse. An innovation of the Nagano Skate company. Mounted on a Nagano Skate Gold Sharpening Jig, this machine is light and portable and gives very precise curves. De plus, il permet de r\u00e9aliser les courbes des patineurs courte et longue piste et constitue un outil appropri\u00e9 pour tous les niveaux de patineurs. Offering unmatched precision with exclusive curves at Nagano Skate, this tool has enjoyed instant popularity.<\/p>\n<p>Already, many Canada clubs and national teams use the Golden Rocker. The new cradle machine makes precision and performance curves (cradles) accessible for all speed skaters.<\/p>\n<p>An innovation of the Nagano Skate company. Le set complet Golden Rocker comprend : -un double jeu de gabarits<\/p>\n<p>Franks Signature (il est possible de personnaliser les gabarits sur demande moyennant un l\u00e9ger suppl\u00e9ment) &#8211; un puissant outil rotatif Rotozip (fabriqu\u00e9 par la soci\u00e9t\u00e9 Bosch). Con\u00e7u et fabriqu\u00e9 avec fiert\u00e9 au Canada.<\/p>\n<p><strong>Enfin, une vid\u00e9o en anglais du <a href=\"https:\/\/www.youtube.com\/watch?v=js3WqbG8Eic&amp;t=30s\" target=\"_blank\" rel=\"noopener\">Golden Rocker en action<\/a>.<\/strong><strong>En outre, vous pouvez voir toutes nos <a href=\"https:\/\/ztsports.com\/product-category\/sharpening\/rockering-machine\/\">machines \u00e0 bascule ici<\/a><\/strong>.<\/p>\n","protected":false},"excerpt":{"rendered":"<p>GOLDEN ROCKER 2.1 | MACHINE \u00c0 BASCULE New Universal Golden Rocker Machine 2.1, powered by MAKITA. Notre nouvelle version est maintenant plus rapide, plus forte et universelle sur 110v, 220v ou batterie. The complete Golden Rocker set includes: Support d&#8217;aff\u00fbtage Nagano Skate Gold Jig modifi\u00e9 pour le Golden Rocker T\u00eate de coupe Borazon, bonne pour [&hellip;]<\/p>\n","protected":false},"featured_media":20046,"comment_status":"open","ping_status":"closed","template":"","meta":{"_acf_changed":false,"_monsterinsights_skip_tracking":false,"_monsterinsights_sitenote_active":false,"_monsterinsights_sitenote_note":"","_monsterinsights_sitenote_category":0,"_uf_show_specific_survey":0,"_uf_disable_surveys":false,"site-sidebar-layout":"default","site-content-layout":"","ast-site-content-layout":"default","site-content-style":"default","site-sidebar-style":"default","ast-global-header-display":"","ast-banner-title-visibility":"","ast-main-header-display":"","ast-hfb-above-header-display":"","ast-hfb-below-header-display":"","ast-hfb-mobile-header-display":"","site-post-title":"","ast-breadcrumbs-content":"","ast-featured-img":"","footer-sml-layout":"","ast-disable-related-posts":"","theme-transparent-header-meta":"default","adv-header-id-meta":"","stick-header-meta":"","header-above-stick-meta":"","header-main-stick-meta":"","header-below-stick-meta":"","astra-migrate-meta-layouts":"set","ast-page-background-enabled":"default","ast-page-background-meta":{"desktop":{"background-color":"","background-image":"","background-repeat":"repeat","background-position":"center center","background-size":"auto","background-attachment":"scroll","background-type":"","background-media":"","overlay-type":"","overlay-color":"","overlay-opacity":"","overlay-gradient":""},"tablet":{"background-color":"","background-image":"","background-repeat":"repeat","background-position":"center center","background-size":"auto","background-attachment":"scroll","background-type":"","background-media":"","overlay-type":"","overlay-color":"","overlay-opacity":"","overlay-gradient":""},"mobile":{"background-color":"","background-image":"","background-repeat":"repeat","background-position":"center center","background-size":"auto","background-attachment":"scroll","background-type":"","background-media":"","overlay-type":"","overlay-color":"","overlay-opacity":"","overlay-gradient":""}},"ast-content-background-meta":{"desktop":{"background-color":"var(--ast-global-color-5)","background-image":"","background-repeat":"repeat","background-position":"center center","background-size":"auto","background-attachment":"scroll","background-type":"","background-media":"","overlay-type":"","overlay-color":"","overlay-opacity":"","overlay-gradient":""},"tablet":{"background-color":"var(--ast-global-color-5)","background-image":"","background-repeat":"repeat","background-position":"center center","background-size":"auto","background-attachment":"scroll","background-type":"","background-media":"","overlay-type":"","overlay-color":"","overlay-opacity":"","overlay-gradient":""},"mobile":{"background-color":"var(--ast-global-color-5)","background-image":"","background-repeat":"repeat","background-position":"center center","background-size":"auto","background-attachment":"scroll","background-type":"","background-media":"","overlay-type":"","overlay-color":"","overlay-opacity":"","overlay-gradient":""}}},"product_brand":[3326],"product_cat":[3542],"product_tag":[4167],"class_list":{"0":"post-20044","1":"product","2":"type-product","3":"status-publish","4":"has-post-thumbnail","6":"product_brand-nagano","7":"product_cat-machine-a-bascule","8":"product_tag-golden-rocker-2-1","9":"desktop-align-left","10":"tablet-align-left","11":"mobile-align-left","13":"first","14":"instock","15":"taxable","16":"shipping-taxable","17":"purchasable","18":"product-type-simple"},"acf":[],"_links":{"self":[{"href":"https:\/\/ztsports.com\/fr\/wp-json\/wp\/v2\/product\/20044","targetHints":{"allow":["GET"]}}],"collection":[{"href":"https:\/\/ztsports.com\/fr\/wp-json\/wp\/v2\/product"}],"about":[{"href":"https:\/\/ztsports.com\/fr\/wp-json\/wp\/v2\/types\/product"}],"replies":[{"embeddable":true,"href":"https:\/\/ztsports.com\/fr\/wp-json\/wp\/v2\/comments?post=20044"}],"version-history":[{"count":1,"href":"https:\/\/ztsports.com\/fr\/wp-json\/wp\/v2\/product\/20044\/revisions"}],"predecessor-version":[{"id":20045,"href":"https:\/\/ztsports.com\/fr\/wp-json\/wp\/v2\/product\/20044\/revisions\/20045"}],"wp:featuredmedia":[{"embeddable":true,"href":"https:\/\/ztsports.com\/fr\/wp-json\/wp\/v2\/media\/20046"}],"wp:attachment":[{"href":"https:\/\/ztsports.com\/fr\/wp-json\/wp\/v2\/media?parent=20044"}],"wp:term":[{"taxonomy":"product_brand","embeddable":true,"href":"https:\/\/ztsports.com\/fr\/wp-json\/wp\/v2\/product_brand?post=20044"},{"taxonomy":"product_cat","embeddable":true,"href":"https:\/\/ztsports.com\/fr\/wp-json\/wp\/v2\/product_cat?post=20044"},{"taxonomy":"product_tag","embeddable":true,"href":"https:\/\/ztsports.com\/fr\/wp-json\/wp\/v2\/product_tag?post=20044"}],"curies":[{"name":"wp","href":"https:\/\/api.w.org\/{rel}","templated":true}]}}