{"id":20038,"date":"2023-07-04T14:42:32","date_gmt":"2023-07-04T14:42:32","guid":{"rendered":"https:\/\/ztsports.com\/?post_type=product&#038;p=20038"},"modified":"2026-04-14T18:36:20","modified_gmt":"2026-04-14T18:36:20","slug":"machine-a-bascule-twin","status":"publish","type":"product","link":"https:\/\/ztsports.com\/fr\/store\/machine-a-bascule-twin\/","title":{"rendered":"Rayon de la machine \u00e0 bascule TWIN pour la piste courte"},"content":{"rendered":"<h1 class=\"product_title entry-title\">Machine \u00e0 bascule TWIN<\/h1>\n<p>La TWIN Rocker Machine est la machine \u00e0 aff\u00fbter les rayons la plus compacte et la plus pr\u00e9cise disponible sur le march\u00e9. <strong>Pour r\u00e9aliser les meilleures performances, les patineurs doivent pouvoir compter sur leur \u00e9quipement &#8211; et rien n&#8217;est plus important que des lames parfaitement rocailleuses. Avec le TWIN Rocker Machine, il est plus facile que jamais de conserver et d&#8217;entretenir vos lames en parfait \u00e9tat. <\/strong>Les \u00e9quipes de coupe du monde du monde entier font confiance \u00e0 la TWIN Rocker Machine pour le patinage de vitesse sur piste courte et longue.<\/p>\n<h3><strong>Facilit\u00e9 d&#8217;utilisation, r\u00e9sultat final parfait avec TWIN Rocker Machine<\/strong><\/h3>\n<p>La table d&#8217;aff\u00fbtage TWIN-LT est tr\u00e8s compacte et l\u00e9g\u00e8re. En position repli\u00e9e, la table d&#8217;aff\u00fbtage se glisse dans n&#8217;importe quel sac de sport ; elle ne p\u00e8se que 2 kg et se transporte tr\u00e8s facilement. Pour positionner la table, il suffit de d\u00e9plier ses quatre pieds et de r\u00e9gler sa longueur, ce qui garantit une surface de travail toujours stable, quel que soit le type de sol. Les deux patins sont serr\u00e9s en m\u00eame temps avec deux pinces par c\u00f4t\u00e9. Afin d&#8217;obtenir une disposition sym\u00e9trique, des leviers de hauteur courts ont \u00e9t\u00e9 install\u00e9s et un calibrage utile a \u00e9t\u00e9 appliqu\u00e9.<\/p>\n<p>Le microm\u00e8tre permet de d\u00e9tecter les \u00e9carts et de contr\u00f4ler les activit\u00e9s de polissage. Lorsque la table d&#8217;aff\u00fbtage est utilis\u00e9e avec la machine \u00e0 aff\u00fbter les rayons TWIN et les gabarits avec le profil de rayon d\u00e9sir\u00e9, l&#8217;aff\u00fbtage, le polissage et l&#8217;\u00e9bavurage sont tr\u00e8s faciles. Apr\u00e8s le serrage des gabarits, la machine \u00e0 aff\u00fbter DREMEL\u00ae avec t\u00eate diamant\u00e9e peut \u00eatre facilement positionn\u00e9e sur le guidage.<\/p>\n<p>Gr\u00e2ce \u00e0 la vis de r\u00e9glage, le r\u00e9glage de la hauteur de broyage n\u00e9cessite peu d&#8217;efforts. Ensuite, le TWIN fera le reste. D\u00e9placez la machine \u00e0 aff\u00fbter d&#8217;avant en arri\u00e8re en exer\u00e7ant une l\u00e9g\u00e8re pression, en suivant ainsi les gabarits du rayon. L&#8217;avantage des outils multifonctions standard (le DREMEL\u00ae est inclus dans la livraison) est que leur remplacement est facile et relativement bon march\u00e9, que l&#8217;utilisation de piles permet de travailler sans source d&#8217;\u00e9nergie proche et que l&#8217;\u00e9quipement est adapt\u00e9 \u00e0 une tension de r\u00e9seau de 110~230V et 50\/60Hz. O\u00f9 que vous soyez : \u00e0 Heerenveen, Hamar, Vancouver, Calgary, Montr\u00e9al ou Qu\u00e9bec.<\/p>\n<h4><strong>Transport compact, l\u00e9ger pour la machine \u00e0 bascule TWIN<\/strong><\/h4>\n<p>Apr\u00e8s utilisation, la table d&#8217;aff\u00fbtage TWIN peut \u00eatre facilement pli\u00e9e et transport\u00e9e dans une mallette de transport sp\u00e9ciale, dans laquelle plusieurs gabarits peuvent \u00eatre ins\u00e9r\u00e9s. La machine \u00e0 aff\u00fbter les rayons, ses accessoires, une batterie de rechange et les outils tiennent dans un sac \u00e0 bandouli\u00e8re. Le poids total est de 7 kg. Une vid\u00e9o de la machine \u00e0 bascule <a href=\"https:\/\/www.youtube.com\/watch?v=yHzQ6kuZpHw&amp;t=96s\" target=\"_blank\" rel=\"noopener\"><strong>TWIN Rocker Machine<\/strong><\/a>.<\/p>\n<p class=\"product_title entry-title\">Enfin, vous pouvez <a href=\"https:\/\/ztsports.com\/product-category\/sharpening\/rockering-machine\/\"><strong>comparer nos deux machines \u00e0 bascule<\/strong><\/a> ici.<\/p>\n","protected":false},"excerpt":{"rendered":"<p>Machine \u00e0 bascule TWIN La TWIN Rocker Machine est la machine \u00e0 aff\u00fbter les rayons la plus compacte et la plus pr\u00e9cise disponible sur le march\u00e9. Pour r\u00e9aliser les meilleures performances, les patineurs doivent pouvoir compter sur leur \u00e9quipement &#8211; et rien n&#8217;est plus important que des lames parfaitement rocailleuses. Avec le TWIN Rocker Machine, [&hellip;]<\/p>\n","protected":false},"featured_media":20040,"comment_status":"open","ping_status":"closed","template":"","meta":{"_acf_changed":false,"_monsterinsights_skip_tracking":false,"_monsterinsights_sitenote_active":false,"_monsterinsights_sitenote_note":"","_monsterinsights_sitenote_category":0,"_uf_show_specific_survey":0,"_uf_disable_surveys":false,"site-sidebar-layout":"default","site-content-layout":"","ast-site-content-layout":"default","site-content-style":"default","site-sidebar-style":"default","ast-global-header-display":"","ast-banner-title-visibility":"","ast-main-header-display":"","ast-hfb-above-header-display":"","ast-hfb-below-header-display":"","ast-hfb-mobile-header-display":"","site-post-title":"","ast-breadcrumbs-content":"","ast-featured-img":"","footer-sml-layout":"","ast-disable-related-posts":"","theme-transparent-header-meta":"default","adv-header-id-meta":"","stick-header-meta":"","header-above-stick-meta":"","header-main-stick-meta":"","header-below-stick-meta":"","astra-migrate-meta-layouts":"set","ast-page-background-enabled":"default","ast-page-background-meta":{"desktop":{"background-color":"","background-image":"","background-repeat":"repeat","background-position":"center center","background-size":"auto","background-attachment":"scroll","background-type":"","background-media":"","overlay-type":"","overlay-color":"","overlay-opacity":"","overlay-gradient":""},"tablet":{"background-color":"","background-image":"","background-repeat":"repeat","background-position":"center center","background-size":"auto","background-attachment":"scroll","background-type":"","background-media":"","overlay-type":"","overlay-color":"","overlay-opacity":"","overlay-gradient":""},"mobile":{"background-color":"","background-image":"","background-repeat":"repeat","background-position":"center center","background-size":"auto","background-attachment":"scroll","background-type":"","background-media":"","overlay-type":"","overlay-color":"","overlay-opacity":"","overlay-gradient":""}},"ast-content-background-meta":{"desktop":{"background-color":"var(--ast-global-color-5)","background-image":"","background-repeat":"repeat","background-position":"center center","background-size":"auto","background-attachment":"scroll","background-type":"","background-media":"","overlay-type":"","overlay-color":"","overlay-opacity":"","overlay-gradient":""},"tablet":{"background-color":"var(--ast-global-color-5)","background-image":"","background-repeat":"repeat","background-position":"center center","background-size":"auto","background-attachment":"scroll","background-type":"","background-media":"","overlay-type":"","overlay-color":"","overlay-opacity":"","overlay-gradient":""},"mobile":{"background-color":"var(--ast-global-color-5)","background-image":"","background-repeat":"repeat","background-position":"center center","background-size":"auto","background-attachment":"scroll","background-type":"","background-media":"","overlay-type":"","overlay-color":"","overlay-opacity":"","overlay-gradient":""}}},"product_brand":[3352],"product_cat":[3393,3514,3542],"product_tag":[4166,2838],"class_list":{"0":"post-20038","1":"product","2":"type-product","3":"status-publish","4":"has-post-thumbnail","6":"product_brand-twin","7":"product_cat-aiguisage","8":"product_cat-entretien-des-lames","9":"product_cat-machine-a-bascule","10":"product_tag-machine-a-bascule","11":"product_tag-twin","12":"desktop-align-left","13":"tablet-align-left","14":"mobile-align-left","16":"first","17":"instock","18":"taxable","19":"shipping-taxable","20":"purchasable","21":"product-type-simple"},"acf":[],"_links":{"self":[{"href":"https:\/\/ztsports.com\/fr\/wp-json\/wp\/v2\/product\/20038","targetHints":{"allow":["GET"]}}],"collection":[{"href":"https:\/\/ztsports.com\/fr\/wp-json\/wp\/v2\/product"}],"about":[{"href":"https:\/\/ztsports.com\/fr\/wp-json\/wp\/v2\/types\/product"}],"replies":[{"embeddable":true,"href":"https:\/\/ztsports.com\/fr\/wp-json\/wp\/v2\/comments?post=20038"}],"version-history":[{"count":5,"href":"https:\/\/ztsports.com\/fr\/wp-json\/wp\/v2\/product\/20038\/revisions"}],"predecessor-version":[{"id":25459,"href":"https:\/\/ztsports.com\/fr\/wp-json\/wp\/v2\/product\/20038\/revisions\/25459"}],"wp:featuredmedia":[{"embeddable":true,"href":"https:\/\/ztsports.com\/fr\/wp-json\/wp\/v2\/media\/20040"}],"wp:attachment":[{"href":"https:\/\/ztsports.com\/fr\/wp-json\/wp\/v2\/media?parent=20038"}],"wp:term":[{"taxonomy":"product_brand","embeddable":true,"href":"https:\/\/ztsports.com\/fr\/wp-json\/wp\/v2\/product_brand?post=20038"},{"taxonomy":"product_cat","embeddable":true,"href":"https:\/\/ztsports.com\/fr\/wp-json\/wp\/v2\/product_cat?post=20038"},{"taxonomy":"product_tag","embeddable":true,"href":"https:\/\/ztsports.com\/fr\/wp-json\/wp\/v2\/product_tag?post=20038"}],"curies":[{"name":"wp","href":"https:\/\/api.w.org\/{rel}","templated":true}]}}