{"id":20025,"date":"2023-06-27T03:50:06","date_gmt":"2023-06-27T03:50:06","guid":{"rendered":"https:\/\/ztsports.com\/?post_type=product&#038;p=20025"},"modified":"2026-04-14T18:34:37","modified_gmt":"2026-04-14T18:34:37","slug":"bk-junior-stiletto-protective-eyewear","status":"publish","type":"product","link":"https:\/\/ztsports.com\/fr\/store\/bk-junior-stiletto-protective-eyewear\/","title":{"rendered":"Lunettes de protection BK Junior Stiletto"},"content":{"rendered":"<h1>Lunettes de protection BK Junior Stiletto<\/h1>\n<p>Les lunettes de protection BK Junior Stiletto sont l&#8217;<span class=\"Y2IQFc\" lang=\"en\">un des \u00e9l\u00e9ments de s\u00e9curit\u00e9 obligatoires pour le patinage de vitesse <\/span>. Les lunettes <strong>Black Knight Junior Stiletto<\/strong> sont propos\u00e9es dans les tailles jeune et adulte.<\/p>\n<p><span class=\"Y2IQFc\" lang=\"en\">Forme arrondie assurant un confort in\u00e9gal\u00e9. Le site<\/span> les lunettes les plus \u00e9l\u00e9gantes propos\u00e9es. En outre, ils ont<span class=\"Y2IQFc\" lang=\"en\">Lentilles en polycarbonate \u00e0 haute r\u00e9silience, r\u00e9sistantes aux \u00e9raflures. En outre, les lentilles optiques neutres ne pr\u00e9sentent aucune distorsion. En outre, il est dot\u00e9 d&#8217;un rev\u00eatement antibu\u00e9e, d&#8217;un \u00e9tui en verre souple et d&#8217;une courroie.<\/span><\/p>\n<p>Le prot\u00e8ge-\u0153il Black Knight Stiletto &#8211; Small Eye-guard offre une qualit\u00e9 et une protection exceptionnelles contre les impacts accidentels de la balle ou de la raquette d&#8217;un autre joueur. Ils sont con\u00e7us pour les visages plus petits et sont plus petits que la s\u00e9rie Turbo. Il s&#8217;agit de la petite taille, qui mesure 13 cm sur la largeur du cadre (pour les jeunes juniors).<\/p>\n<p>Black Knight Stiletto &#8211; Petit prot\u00e8ge-\u0153il Specs :<\/p>\n<ul>\n<li>Verres r\u00e9sistants aux rayures en polycarbonate \u00e0 haute r\u00e9sistance aux chocs<\/li>\n<li>Lentilles optiquement correctes sans distorsion<\/li>\n<li>Branches \u00e0 ba\u00efonnette pour un ajustement confortable<\/li>\n<li>Rev\u00eatement antibu\u00e9e et ventilation pour \u00e9viter la formation de bu\u00e9e<\/li>\n<li>Livr\u00e9 avec une pochette de protection et une sangle pour maintenir les protections oculaires en place.<\/li>\n<li>Conforme aux normes d&#8217;impact ASTM F803 pour les sports de raquette (squash, badminton, racquetball, paddleball, tennis).<\/li>\n<li>Taille : 13 cm sur la largeur du cadre<\/li>\n<\/ul>\n<p dir=\"ltr\" data-placeholder=\"Translation\"><strong><span class=\"Y2IQFc\" lang=\"en\">FPVQ ET <a href=\"https:\/\/www.ontariospeedskating.ca\/safety-equipment\" target=\"_blank\" rel=\"noopener\">OSSA : Accessoire obligatoire<\/a> en comp\u00e9tition.<\/span><\/strong><\/p>\n<p dir=\"ltr\" data-placeholder=\"Translation\">Enfin, veuillez consulter toutes nos lunettes de protection pour le patinage de vitesse. <a href=\"https:\/\/ztsports.com\/categorie-produit\/protection\/lunettes\/?lang=fr\"><strong>lunettes de protection pour le patinage de vitesse<\/strong><\/a> ici.<\/p>\n","protected":false},"excerpt":{"rendered":"<p>Lunettes de protection BK Junior Stiletto Les lunettes de protection BK Junior Stiletto sont l&#8217;un des \u00e9l\u00e9ments de s\u00e9curit\u00e9 obligatoires pour le patinage de vitesse . Les lunettes Black Knight Junior Stiletto sont propos\u00e9es dans les tailles jeune et adulte. Forme arrondie assurant un confort in\u00e9gal\u00e9. Le site les lunettes les plus \u00e9l\u00e9gantes propos\u00e9es. En [&hellip;]<\/p>\n","protected":false},"featured_media":20027,"comment_status":"open","ping_status":"closed","template":"","meta":{"_acf_changed":false,"_monsterinsights_skip_tracking":false,"_monsterinsights_sitenote_active":false,"_monsterinsights_sitenote_note":"","_monsterinsights_sitenote_category":0,"_uf_show_specific_survey":0,"_uf_disable_surveys":false,"site-sidebar-layout":"default","site-content-layout":"","ast-site-content-layout":"default","site-content-style":"default","site-sidebar-style":"default","ast-global-header-display":"","ast-banner-title-visibility":"","ast-main-header-display":"","ast-hfb-above-header-display":"","ast-hfb-below-header-display":"","ast-hfb-mobile-header-display":"","site-post-title":"","ast-breadcrumbs-content":"","ast-featured-img":"","footer-sml-layout":"","ast-disable-related-posts":"","theme-transparent-header-meta":"default","adv-header-id-meta":"","stick-header-meta":"","header-above-stick-meta":"","header-main-stick-meta":"","header-below-stick-meta":"","astra-migrate-meta-layouts":"set","ast-page-background-enabled":"default","ast-page-background-meta":{"desktop":{"background-color":"","background-image":"","background-repeat":"repeat","background-position":"center center","background-size":"auto","background-attachment":"scroll","background-type":"","background-media":"","overlay-type":"","overlay-color":"","overlay-opacity":"","overlay-gradient":""},"tablet":{"background-color":"","background-image":"","background-repeat":"repeat","background-position":"center center","background-size":"auto","background-attachment":"scroll","background-type":"","background-media":"","overlay-type":"","overlay-color":"","overlay-opacity":"","overlay-gradient":""},"mobile":{"background-color":"","background-image":"","background-repeat":"repeat","background-position":"center center","background-size":"auto","background-attachment":"scroll","background-type":"","background-media":"","overlay-type":"","overlay-color":"","overlay-opacity":"","overlay-gradient":""}},"ast-content-background-meta":{"desktop":{"background-color":"var(--ast-global-color-5)","background-image":"","background-repeat":"repeat","background-position":"center center","background-size":"auto","background-attachment":"scroll","background-type":"","background-media":"","overlay-type":"","overlay-color":"","overlay-opacity":"","overlay-gradient":""},"tablet":{"background-color":"var(--ast-global-color-5)","background-image":"","background-repeat":"repeat","background-position":"center center","background-size":"auto","background-attachment":"scroll","background-type":"","background-media":"","overlay-type":"","overlay-color":"","overlay-opacity":"","overlay-gradient":""},"mobile":{"background-color":"var(--ast-global-color-5)","background-image":"","background-repeat":"repeat","background-position":"center center","background-size":"auto","background-attachment":"scroll","background-type":"","background-media":"","overlay-type":"","overlay-color":"","overlay-opacity":"","overlay-gradient":""}}},"product_brand":[3281],"product_cat":[3389,3392,3396,3395,3750,3587,3825,4209,4279,4155],"product_tag":[2831,4160,4161,2156,4162,4163,1752,2835],"class_list":{"0":"post-20025","1":"product","2":"type-product","3":"status-publish","4":"has-post-thumbnail","6":"product_brand-black-knight","7":"product_cat-accessoires-longue-piste","8":"product_cat-accessoires-short-track","9":"product_cat-accessories","10":"product_cat-courte-piste","11":"product_cat-equipement-de-protection-pour-le-patinage-de-vitesse","12":"product_cat-lunettes","13":"product_cat-lunettes-de-protection","14":"product_cat-lunettes-de-protection-short-track","15":"product_cat-lunettes-de-sport","16":"product_cat-lunettes-short-track","17":"product_tag-black-knight-stiletto","18":"product_tag-lunettes-de-securite","19":"product_tag-lunettes-de-sport","20":"product_tag-protection","21":"product_tag-protege-oeil-junior","22":"product_tag-protege-oeil-sport","23":"product_tag-speed-skating-equipment","24":"product_tag-sport-glasses","25":"desktop-align-left","26":"tablet-align-left","27":"mobile-align-left","29":"first","30":"instock","31":"taxable","32":"shipping-taxable","33":"purchasable","34":"product-type-simple"},"acf":[],"_links":{"self":[{"href":"https:\/\/ztsports.com\/fr\/wp-json\/wp\/v2\/product\/20025","targetHints":{"allow":["GET"]}}],"collection":[{"href":"https:\/\/ztsports.com\/fr\/wp-json\/wp\/v2\/product"}],"about":[{"href":"https:\/\/ztsports.com\/fr\/wp-json\/wp\/v2\/types\/product"}],"replies":[{"embeddable":true,"href":"https:\/\/ztsports.com\/fr\/wp-json\/wp\/v2\/comments?post=20025"}],"version-history":[{"count":2,"href":"https:\/\/ztsports.com\/fr\/wp-json\/wp\/v2\/product\/20025\/revisions"}],"predecessor-version":[{"id":25458,"href":"https:\/\/ztsports.com\/fr\/wp-json\/wp\/v2\/product\/20025\/revisions\/25458"}],"wp:featuredmedia":[{"embeddable":true,"href":"https:\/\/ztsports.com\/fr\/wp-json\/wp\/v2\/media\/20027"}],"wp:attachment":[{"href":"https:\/\/ztsports.com\/fr\/wp-json\/wp\/v2\/media?parent=20025"}],"wp:term":[{"taxonomy":"product_brand","embeddable":true,"href":"https:\/\/ztsports.com\/fr\/wp-json\/wp\/v2\/product_brand?post=20025"},{"taxonomy":"product_cat","embeddable":true,"href":"https:\/\/ztsports.com\/fr\/wp-json\/wp\/v2\/product_cat?post=20025"},{"taxonomy":"product_tag","embeddable":true,"href":"https:\/\/ztsports.com\/fr\/wp-json\/wp\/v2\/product_tag?post=20025"}],"curies":[{"name":"wp","href":"https:\/\/api.w.org\/{rel}","templated":true}]}}