{"id":20020,"date":"2023-06-26T22:29:02","date_gmt":"2023-06-26T22:29:02","guid":{"rendered":"https:\/\/ztsports.com\/?post_type=product&#038;p=20020"},"modified":"2026-04-14T18:28:18","modified_gmt":"2026-04-14T18:28:18","slug":"lunettes-de-protection-pour-enfants","status":"publish","type":"product","link":"https:\/\/ztsports.com\/fr\/store\/lunettes-de-protection-pour-enfants\/","title":{"rendered":"Lunettes de protection pour enfants Short Track"},"content":{"rendered":"<h1 class=\"product_title entry-title wd-entities-title\">Lunettes de protection pour enfants sur piste courte<\/h1>\n<p>Ces lunettes de protection pour enfants ont une monture en nylon. R\u00e9pond aux normes de r\u00e9sistance aux chocs ASTM F803. Lentilles en polycarbonate garanties incassables !<\/p>\n<p>Convenant aux enfants de 6 \u00e0 12 ans, ces lunettes de protection offrent une protection contre les UV 400. Comprend une monture enveloppante en nylon noir et des plaquettes de nez confortables en TPR.<\/p>\n<p>Test\u00e9 et pass\u00e9 avec succ\u00e8s les sp\u00e9cifications de l&#8217;ASTM F803. En outre, ces lunettes de s\u00e9curit\u00e9 ont une <strong>monture de taille r\u00e9duite<\/strong> pour s&#8217;adapter \u00e0 la taille du visage des enfants.<\/p>\n<p>Les lentilles de sport contiennent du polycarbonate. Il s&#8217;agit d&#8217;un mat\u00e9riau r\u00e9sistant aux chocs qui prot\u00e8ge vos yeux des objets se d\u00e9pla\u00e7ant rapidement. <b>Ce mat\u00e9riau est incassable et dix fois plus solide que les verres des lunettes ordinaires<\/b>. Il est plus souple mais plus r\u00e9sistant aux chocs.<\/p>\n<p>Choisissez toujours des <b>verres en polycarbonate ou en Trivex r\u00e9sistants aux chocs<\/b><strong>. <\/strong> <a href=\"https:\/\/ztsports.com\/product\/adult-protective-glasses-for-short-track\/\"><strong>taille adulte se trouve ici.<\/strong><\/a><\/p>\n<p><strong><span class=\"Y2IQFc\" lang=\"en\">FPVQ ET <a href=\"https:\/\/www.ontariospeedskating.ca\/safety-equipment\" target=\"_blank\" rel=\"noopener\">OSSA : Accessoire obligatoire<\/a> en comp\u00e9tition. <\/span><\/strong><\/p>\n<pre id=\"tw-target-text\" class=\"tw-data-text tw-text-large tw-ta\" dir=\"ltr\" data-placeholder=\"Translation\"><span class=\"Y2IQFc\" lang=\"en\"><strong>Lastly you can view a large selection of <a href=\"https:\/\/ztsports.com\/product-category\/protection\/glasses\/\">Speed Skating Glasses<\/a> here.<\/strong><\/span><\/pre>\n","protected":false},"excerpt":{"rendered":"<p>Lunettes de protection pour enfants sur piste courte Ces lunettes de protection pour enfants ont une monture en nylon. R\u00e9pond aux normes de r\u00e9sistance aux chocs ASTM F803. Lentilles en polycarbonate garanties incassables ! Convenant aux enfants de 6 \u00e0 12 ans, ces lunettes de protection offrent une protection contre les UV 400. Comprend une [&hellip;]<\/p>\n","protected":false},"featured_media":20022,"comment_status":"open","ping_status":"closed","template":"","meta":{"_acf_changed":false,"_monsterinsights_skip_tracking":false,"_monsterinsights_sitenote_active":false,"_monsterinsights_sitenote_note":"","_monsterinsights_sitenote_category":0,"_uf_show_specific_survey":0,"_uf_disable_surveys":false,"site-sidebar-layout":"default","site-content-layout":"","ast-site-content-layout":"default","site-content-style":"default","site-sidebar-style":"default","ast-global-header-display":"","ast-banner-title-visibility":"","ast-main-header-display":"","ast-hfb-above-header-display":"","ast-hfb-below-header-display":"","ast-hfb-mobile-header-display":"","site-post-title":"","ast-breadcrumbs-content":"","ast-featured-img":"","footer-sml-layout":"","ast-disable-related-posts":"","theme-transparent-header-meta":"default","adv-header-id-meta":"","stick-header-meta":"","header-above-stick-meta":"","header-main-stick-meta":"","header-below-stick-meta":"","astra-migrate-meta-layouts":"set","ast-page-background-enabled":"default","ast-page-background-meta":{"desktop":{"background-color":"","background-image":"","background-repeat":"repeat","background-position":"center center","background-size":"auto","background-attachment":"scroll","background-type":"","background-media":"","overlay-type":"","overlay-color":"","overlay-opacity":"","overlay-gradient":""},"tablet":{"background-color":"","background-image":"","background-repeat":"repeat","background-position":"center center","background-size":"auto","background-attachment":"scroll","background-type":"","background-media":"","overlay-type":"","overlay-color":"","overlay-opacity":"","overlay-gradient":""},"mobile":{"background-color":"","background-image":"","background-repeat":"repeat","background-position":"center center","background-size":"auto","background-attachment":"scroll","background-type":"","background-media":"","overlay-type":"","overlay-color":"","overlay-opacity":"","overlay-gradient":""}},"ast-content-background-meta":{"desktop":{"background-color":"var(--ast-global-color-5)","background-image":"","background-repeat":"repeat","background-position":"center center","background-size":"auto","background-attachment":"scroll","background-type":"","background-media":"","overlay-type":"","overlay-color":"","overlay-opacity":"","overlay-gradient":""},"tablet":{"background-color":"var(--ast-global-color-5)","background-image":"","background-repeat":"repeat","background-position":"center center","background-size":"auto","background-attachment":"scroll","background-type":"","background-media":"","overlay-type":"","overlay-color":"","overlay-opacity":"","overlay-gradient":""},"mobile":{"background-color":"var(--ast-global-color-5)","background-image":"","background-repeat":"repeat","background-position":"center center","background-size":"auto","background-attachment":"scroll","background-type":"","background-media":"","overlay-type":"","overlay-color":"","overlay-opacity":"","overlay-gradient":""}}},"product_brand":[],"product_cat":[3395,3587,3825,4209,4279,3467],"product_tag":[4158,4159,3979,2829],"class_list":{"0":"post-20020","1":"product","2":"type-product","3":"status-publish","4":"has-post-thumbnail","6":"product_cat-courte-piste","7":"product_cat-lunettes","8":"product_cat-lunettes-de-protection","9":"product_cat-lunettes-de-protection-short-track","10":"product_cat-lunettes-de-sport","11":"product_cat-patinage-de-vitesse","12":"product_tag-lunettes-de-protection-pour-enfants","13":"product_tag-lunettes-de-sport-pour-jeunes","14":"product_tag-lunettes-short-track","15":"product_tag-sport-glssses","16":"desktop-align-left","17":"tablet-align-left","18":"mobile-align-left","20":"first","21":"instock","22":"sale","23":"taxable","24":"shipping-taxable","25":"purchasable","26":"product-type-simple"},"acf":[],"_links":{"self":[{"href":"https:\/\/ztsports.com\/fr\/wp-json\/wp\/v2\/product\/20020","targetHints":{"allow":["GET"]}}],"collection":[{"href":"https:\/\/ztsports.com\/fr\/wp-json\/wp\/v2\/product"}],"about":[{"href":"https:\/\/ztsports.com\/fr\/wp-json\/wp\/v2\/types\/product"}],"replies":[{"embeddable":true,"href":"https:\/\/ztsports.com\/fr\/wp-json\/wp\/v2\/comments?post=20020"}],"version-history":[{"count":2,"href":"https:\/\/ztsports.com\/fr\/wp-json\/wp\/v2\/product\/20020\/revisions"}],"predecessor-version":[{"id":25457,"href":"https:\/\/ztsports.com\/fr\/wp-json\/wp\/v2\/product\/20020\/revisions\/25457"}],"wp:featuredmedia":[{"embeddable":true,"href":"https:\/\/ztsports.com\/fr\/wp-json\/wp\/v2\/media\/20022"}],"wp:attachment":[{"href":"https:\/\/ztsports.com\/fr\/wp-json\/wp\/v2\/media?parent=20020"}],"wp:term":[{"taxonomy":"product_brand","embeddable":true,"href":"https:\/\/ztsports.com\/fr\/wp-json\/wp\/v2\/product_brand?post=20020"},{"taxonomy":"product_cat","embeddable":true,"href":"https:\/\/ztsports.com\/fr\/wp-json\/wp\/v2\/product_cat?post=20020"},{"taxonomy":"product_tag","embeddable":true,"href":"https:\/\/ztsports.com\/fr\/wp-json\/wp\/v2\/product_tag?post=20020"}],"curies":[{"name":"wp","href":"https:\/\/api.w.org\/{rel}","templated":true}]}}