{"id":20010,"date":"2023-06-26T20:40:28","date_gmt":"2023-06-26T20:40:28","guid":{"rendered":"https:\/\/ztsports.com\/?post_type=product&#038;p=20010"},"modified":"2026-04-14T18:36:37","modified_gmt":"2026-04-14T18:36:37","slug":"victor-adultes-lunettes-de-protection","status":"publish","type":"product","link":"https:\/\/ztsports.com\/fr\/store\/victor-adultes-lunettes-de-protection\/","title":{"rendered":"VICTOR ADULTES Lunettes de protection"},"content":{"rendered":"<h3>VICTOR ADULTES Lunettes de protection<\/h3>\n<p>Les lunettes de protection Victor pour adultes vous offrent des lunettes de sport sans distorsion et r\u00e9sistantes aux chocs. De plus, un traitement antibu\u00e9e sur la lentille \u00e9limine la formation de bu\u00e9e. Une barrette nasale souple absorbe les chocs et augmente le confort. Offre une protection ultime pour les activit\u00e9s sportives. Les normes d&#8217;impact pour les sports de patinage sont tout aussi importantes.<\/p>\n<h4>Protection des yeux pour le sport\/VICTOR ADULTES Lunettes de protection<\/h4>\n<ul>\n<li>Sans distorsion et r\u00e9sistant aux chocs<\/li>\n<li>Traitement antibu\u00e9e sur la lentille pour \u00e9viter la formation de bu\u00e9e<\/li>\n<li>La barrette nasale souple absorbe les chocs et augmente le confort<\/li>\n<li>Offre une protection ultime pour les activit\u00e9s sportives<\/li>\n<li>R\u00e9pond aux normes d&#8217;impact pour les sports de patinage<\/li>\n<\/ul>\n<p><strong><span class=\"Y2IQFc\" lang=\"en\">FPVQ ET <a href=\"https:\/\/www.ontariospeedskating.ca\/safety-equipment\" target=\"_blank\" rel=\"noopener\">OSSA : Accessoire obligatoire<\/a> en comp\u00e9tition.<\/span><\/strong><\/p>\n<p>Enfin, voyez toutes les <a href=\"https:\/\/ztsports.com\/product-category\/protection\/glasses\/\"><strong>Short Track et les lunettes de protection<\/strong><\/a><b> de<\/b>protection ici.<\/p>\n","protected":false},"excerpt":{"rendered":"<p>VICTOR ADULTES Lunettes de protection Les lunettes de protection Victor pour adultes vous offrent des lunettes de sport sans distorsion et r\u00e9sistantes aux chocs. De plus, un traitement antibu\u00e9e sur la lentille \u00e9limine la formation de bu\u00e9e. Une barrette nasale souple absorbe les chocs et augmente le confort. Offre une protection ultime pour les activit\u00e9s [&hellip;]<\/p>\n","protected":false},"featured_media":20012,"comment_status":"open","ping_status":"closed","template":"","meta":{"_acf_changed":false,"_monsterinsights_skip_tracking":false,"_monsterinsights_sitenote_active":false,"_monsterinsights_sitenote_note":"","_monsterinsights_sitenote_category":0,"_uf_show_specific_survey":0,"_uf_disable_surveys":false,"site-sidebar-layout":"default","site-content-layout":"","ast-site-content-layout":"default","site-content-style":"default","site-sidebar-style":"default","ast-global-header-display":"","ast-banner-title-visibility":"","ast-main-header-display":"","ast-hfb-above-header-display":"","ast-hfb-below-header-display":"","ast-hfb-mobile-header-display":"","site-post-title":"","ast-breadcrumbs-content":"","ast-featured-img":"","footer-sml-layout":"","ast-disable-related-posts":"","theme-transparent-header-meta":"default","adv-header-id-meta":"","stick-header-meta":"","header-above-stick-meta":"","header-main-stick-meta":"","header-below-stick-meta":"","astra-migrate-meta-layouts":"set","ast-page-background-enabled":"default","ast-page-background-meta":{"desktop":{"background-color":"","background-image":"","background-repeat":"repeat","background-position":"center center","background-size":"auto","background-attachment":"scroll","background-type":"","background-media":"","overlay-type":"","overlay-color":"","overlay-opacity":"","overlay-gradient":""},"tablet":{"background-color":"","background-image":"","background-repeat":"repeat","background-position":"center center","background-size":"auto","background-attachment":"scroll","background-type":"","background-media":"","overlay-type":"","overlay-color":"","overlay-opacity":"","overlay-gradient":""},"mobile":{"background-color":"","background-image":"","background-repeat":"repeat","background-position":"center center","background-size":"auto","background-attachment":"scroll","background-type":"","background-media":"","overlay-type":"","overlay-color":"","overlay-opacity":"","overlay-gradient":""}},"ast-content-background-meta":{"desktop":{"background-color":"var(--ast-global-color-5)","background-image":"","background-repeat":"repeat","background-position":"center center","background-size":"auto","background-attachment":"scroll","background-type":"","background-media":"","overlay-type":"","overlay-color":"","overlay-opacity":"","overlay-gradient":""},"tablet":{"background-color":"var(--ast-global-color-5)","background-image":"","background-repeat":"repeat","background-position":"center center","background-size":"auto","background-attachment":"scroll","background-type":"","background-media":"","overlay-type":"","overlay-color":"","overlay-opacity":"","overlay-gradient":""},"mobile":{"background-color":"var(--ast-global-color-5)","background-image":"","background-repeat":"repeat","background-position":"center center","background-size":"auto","background-attachment":"scroll","background-type":"","background-media":"","overlay-type":"","overlay-color":"","overlay-opacity":"","overlay-gradient":""}}},"product_brand":[3354],"product_cat":[3392,3395,3750,3587,3825,4209,4279,4155],"product_tag":[4156,3979,4157],"class_list":{"0":"post-20010","1":"product","2":"type-product","3":"status-publish","4":"has-post-thumbnail","6":"product_brand-victor","7":"product_cat-accessoires-short-track","8":"product_cat-courte-piste","9":"product_cat-equipement-de-protection-pour-le-patinage-de-vitesse","10":"product_cat-lunettes","11":"product_cat-lunettes-de-protection","12":"product_cat-lunettes-de-protection-short-track","13":"product_cat-lunettes-de-sport","14":"product_cat-lunettes-short-track","15":"product_tag-lunettes-de-protection","16":"product_tag-lunettes-short-track","17":"product_tag-victor-adultes","18":"desktop-align-left","19":"tablet-align-left","20":"mobile-align-left","22":"first","23":"instock","24":"sale","25":"taxable","26":"shipping-taxable","27":"purchasable","28":"product-type-simple"},"acf":[],"_links":{"self":[{"href":"https:\/\/ztsports.com\/fr\/wp-json\/wp\/v2\/product\/20010","targetHints":{"allow":["GET"]}}],"collection":[{"href":"https:\/\/ztsports.com\/fr\/wp-json\/wp\/v2\/product"}],"about":[{"href":"https:\/\/ztsports.com\/fr\/wp-json\/wp\/v2\/types\/product"}],"replies":[{"embeddable":true,"href":"https:\/\/ztsports.com\/fr\/wp-json\/wp\/v2\/comments?post=20010"}],"version-history":[{"count":2,"href":"https:\/\/ztsports.com\/fr\/wp-json\/wp\/v2\/product\/20010\/revisions"}],"predecessor-version":[{"id":25463,"href":"https:\/\/ztsports.com\/fr\/wp-json\/wp\/v2\/product\/20010\/revisions\/25463"}],"wp:featuredmedia":[{"embeddable":true,"href":"https:\/\/ztsports.com\/fr\/wp-json\/wp\/v2\/media\/20012"}],"wp:attachment":[{"href":"https:\/\/ztsports.com\/fr\/wp-json\/wp\/v2\/media?parent=20010"}],"wp:term":[{"taxonomy":"product_brand","embeddable":true,"href":"https:\/\/ztsports.com\/fr\/wp-json\/wp\/v2\/product_brand?post=20010"},{"taxonomy":"product_cat","embeddable":true,"href":"https:\/\/ztsports.com\/fr\/wp-json\/wp\/v2\/product_cat?post=20010"},{"taxonomy":"product_tag","embeddable":true,"href":"https:\/\/ztsports.com\/fr\/wp-json\/wp\/v2\/product_tag?post=20010"}],"curies":[{"name":"wp","href":"https:\/\/api.w.org\/{rel}","templated":true}]}}