{"id":19998,"date":"2023-06-25T22:24:56","date_gmt":"2023-06-25T22:24:56","guid":{"rendered":"https:\/\/ztsports.com\/?post_type=product&#038;p=19998"},"modified":"2026-04-14T18:09:25","modified_gmt":"2026-04-14T18:09:25","slug":"lunettes-de-sport-de-protection","status":"publish","type":"product","link":"https:\/\/ztsports.com\/fr\/store\/lunettes-de-sport-de-protection\/","title":{"rendered":"Lunettes de sport de protection 3 lentilles Kit"},"content":{"rendered":"<section>\n<div>\n<div>\n<div>\n<div>\n<h1>lunettes de sport de protectrices Le Kit<\/h1>\n<p>Le kit de lunettes de sport protectrices convient \u00e0 divers sports de glace et de route. capable de r\u00e9sister \u00e0 la lumi\u00e8re vive du soleil et \u00e0 toutes les conditions m\u00e9t\u00e9orologiques. Ceci gr\u00e2ce \u00e0 3 objectifs interchangeables. Chaque lentille de ce kit de police est conforme aux normes balistiques de l&#8217;arm\u00e9e am\u00e9ricaine. Personnalisez l&#8217;ajustement \u00e0 votre visage gr\u00e2ce au pont de nez et aux tiges en polym\u00e8re TPR r\u00e9glables. En outre, un <strong>adaptateur de prescription est inclus, ainsi qu&#8217;un \u00e9tui souple <\/strong>pour prot\u00e9ger les lunettes et les lentilles.<br \/>\nNos verres en nylon Grilamid TR-90 sont l\u00e9gers et comp\u00e9titifs. Elles sont livr\u00e9es avec<strong> 3 lentilles balistiques<\/strong> qui ont \u00e9t\u00e9 test\u00e9es. Il n&#8217;y a pas mieux en termes de qualit\u00e9. Un adaptateur RX pour les verres correcteurs est \u00e9galement inclus.<\/p>\n<p><b>Lunettes de sport de protection En forme :<\/b><br \/>\nAjustement standard<br \/>\n<b>Caract\u00e9ristiques Lunettes de sport de protection \u00a0:<\/b><br \/>\nCadre en polym\u00e8re<br \/>\nForme de la lentille N3, PC, base 7,5 (courbe r\u00e9elle)<br \/>\nPont de nez et tiges r\u00e9glables en polym\u00e8re TPR<br \/>\nNylon Grilamid TR-90 sans cadre<br \/>\nANSI Z87.1 : 150 ft\/sec<br \/>\nMIL-PRF 32432A : 700-725 ft\/sec<br \/>\n<strong>3 lentilles de protection interchangeables : fum\u00e9e \/ jaune \/ claire <span style=\"font-size: 14px;\">Plus Adaptateur de prescription inclus<\/span>.<\/strong><\/p>\n<p>Lentilles balistiques test\u00e9es selon la norme de l&#8217;arm\u00e9e am\u00e9ricaine<br \/>\nANSI Z87.1 : 150ft\/sec, MIL-PRF 32432A : 700-725 ft\/sec<\/p>\n<p>Lunettes de sport de protection Couleur : NOIR<\/p>\n<p><strong><span class=\"Y2IQFc\" lang=\"en\">FPVQ ET <a href=\"https:\/\/www.ontariospeedskating.ca\/safety-equipment\" target=\"_blank\" rel=\"noopener\">OSSA : Accessoire obligatoire<\/a> en comp\u00e9tition.<\/span><\/strong><\/p>\n<\/div>\n<\/div>\n<\/div>\n<\/div>\n<\/section>\n<section>\n<dl data-test=\"item-details\">\n<dt>\n<div>Enfin, voir tous nos <a href=\"https:\/\/ztsports.com\/product-category\/protection\/glasses\/\"><strong>Lunettes de protection pour le sport<\/strong><\/a> ici.<\/div>\n<\/dt>\n<\/dl>\n<\/section>\n","protected":false},"excerpt":{"rendered":"<p>lunettes de sport de protectrices Le Kit Le kit de lunettes de sport protectrices convient \u00e0 divers sports de glace et de route. capable de r\u00e9sister \u00e0 la lumi\u00e8re vive du soleil et \u00e0 toutes les conditions m\u00e9t\u00e9orologiques. Ceci gr\u00e2ce \u00e0 3 objectifs interchangeables. Chaque lentille de ce kit de police est conforme aux normes [&hellip;]<\/p>\n","protected":false},"featured_media":20000,"comment_status":"open","ping_status":"closed","template":"","meta":{"_acf_changed":false,"_monsterinsights_skip_tracking":false,"_monsterinsights_sitenote_active":false,"_monsterinsights_sitenote_note":"","_monsterinsights_sitenote_category":0,"_uf_show_specific_survey":0,"_uf_disable_surveys":false,"site-sidebar-layout":"default","site-content-layout":"","ast-site-content-layout":"default","site-content-style":"default","site-sidebar-style":"default","ast-global-header-display":"","ast-banner-title-visibility":"","ast-main-header-display":"","ast-hfb-above-header-display":"","ast-hfb-below-header-display":"","ast-hfb-mobile-header-display":"","site-post-title":"","ast-breadcrumbs-content":"","ast-featured-img":"","footer-sml-layout":"","ast-disable-related-posts":"","theme-transparent-header-meta":"default","adv-header-id-meta":"","stick-header-meta":"","header-above-stick-meta":"","header-main-stick-meta":"","header-below-stick-meta":"","astra-migrate-meta-layouts":"set","ast-page-background-enabled":"default","ast-page-background-meta":{"desktop":{"background-color":"","background-image":"","background-repeat":"repeat","background-position":"center center","background-size":"auto","background-attachment":"scroll","background-type":"","background-media":"","overlay-type":"","overlay-color":"","overlay-opacity":"","overlay-gradient":""},"tablet":{"background-color":"","background-image":"","background-repeat":"repeat","background-position":"center center","background-size":"auto","background-attachment":"scroll","background-type":"","background-media":"","overlay-type":"","overlay-color":"","overlay-opacity":"","overlay-gradient":""},"mobile":{"background-color":"","background-image":"","background-repeat":"repeat","background-position":"center center","background-size":"auto","background-attachment":"scroll","background-type":"","background-media":"","overlay-type":"","overlay-color":"","overlay-opacity":"","overlay-gradient":""}},"ast-content-background-meta":{"desktop":{"background-color":"var(--ast-global-color-5)","background-image":"","background-repeat":"repeat","background-position":"center center","background-size":"auto","background-attachment":"scroll","background-type":"","background-media":"","overlay-type":"","overlay-color":"","overlay-opacity":"","overlay-gradient":""},"tablet":{"background-color":"var(--ast-global-color-5)","background-image":"","background-repeat":"repeat","background-position":"center center","background-size":"auto","background-attachment":"scroll","background-type":"","background-media":"","overlay-type":"","overlay-color":"","overlay-opacity":"","overlay-gradient":""},"mobile":{"background-color":"var(--ast-global-color-5)","background-image":"","background-repeat":"repeat","background-position":"center center","background-size":"auto","background-attachment":"scroll","background-type":"","background-media":"","overlay-type":"","overlay-color":"","overlay-opacity":"","overlay-gradient":""}}},"product_brand":[],"product_cat":[3396,3750,3587],"product_tag":[],"class_list":{"0":"post-19998","1":"product","2":"type-product","3":"status-publish","4":"has-post-thumbnail","6":"product_cat-accessories","7":"product_cat-equipement-de-protection-pour-le-patinage-de-vitesse","8":"product_cat-lunettes","9":"desktop-align-left","10":"tablet-align-left","11":"mobile-align-left","13":"first","14":"instock","15":"taxable","16":"shipping-taxable","17":"purchasable","18":"product-type-simple"},"acf":[],"_links":{"self":[{"href":"https:\/\/ztsports.com\/fr\/wp-json\/wp\/v2\/product\/19998","targetHints":{"allow":["GET"]}}],"collection":[{"href":"https:\/\/ztsports.com\/fr\/wp-json\/wp\/v2\/product"}],"about":[{"href":"https:\/\/ztsports.com\/fr\/wp-json\/wp\/v2\/types\/product"}],"replies":[{"embeddable":true,"href":"https:\/\/ztsports.com\/fr\/wp-json\/wp\/v2\/comments?post=19998"}],"version-history":[{"count":3,"href":"https:\/\/ztsports.com\/fr\/wp-json\/wp\/v2\/product\/19998\/revisions"}],"predecessor-version":[{"id":25454,"href":"https:\/\/ztsports.com\/fr\/wp-json\/wp\/v2\/product\/19998\/revisions\/25454"}],"wp:featuredmedia":[{"embeddable":true,"href":"https:\/\/ztsports.com\/fr\/wp-json\/wp\/v2\/media\/20000"}],"wp:attachment":[{"href":"https:\/\/ztsports.com\/fr\/wp-json\/wp\/v2\/media?parent=19998"}],"wp:term":[{"taxonomy":"product_brand","embeddable":true,"href":"https:\/\/ztsports.com\/fr\/wp-json\/wp\/v2\/product_brand?post=19998"},{"taxonomy":"product_cat","embeddable":true,"href":"https:\/\/ztsports.com\/fr\/wp-json\/wp\/v2\/product_cat?post=19998"},{"taxonomy":"product_tag","embeddable":true,"href":"https:\/\/ztsports.com\/fr\/wp-json\/wp\/v2\/product_tag?post=19998"}],"curies":[{"name":"wp","href":"https:\/\/api.w.org\/{rel}","templated":true}]}}