{"id":19987,"date":"2021-12-30T07:34:38","date_gmt":"2021-12-30T07:34:38","guid":{"rendered":"https:\/\/ztsports.com\/?post_type=product&#038;p=19987"},"modified":"2026-02-02T19:21:54","modified_gmt":"2026-02-02T19:21:54","slug":"corefx-adjustable-slide-board","status":"publish","type":"product","link":"https:\/\/ztsports.com\/fr\/store\/corefx-adjustable-slide-board\/","title":{"rendered":"COREFX ADJUSTABLE SLIDE BOARD Dryland Training New"},"content":{"rendered":"<h1 class=\"tw-data-text tw-text-large tw-ta\" dir=\"ltr\" data-placeholder=\"Translation\"><span class=\"Y2IQFc\" lang=\"en\">PLANCHE \u00c0 GLISSI\u00c8RE R\u00c9GLABLE COREFX<\/span><\/h1>\n<p>COREFX ADJUSTABLE SLIDE BOARD<\/p>\n<p>Le plateau coulissant ajustable COREFX <span class=\"Y2IQFc\" lang=\"en\">pour l&#8217;entra\u00eenement \u00e0 sec du patinage de vitesse et du hockey. U<\/span><span class=\"Y2IQFc\" lang=\"en\">utiliser comme outil de formation dans diff\u00e9rents types de formation. Cependant, il ne s&#8217;agit pas seulement d&#8217;un entra\u00eenement de patinage de vitesse ou de hockey en terrain sec.<\/span><\/p>\n<p>Faites l&#8217;exp\u00e9rience d&#8217;un niveau sup\u00e9rieur de d\u00e9veloppement des comp\u00e9tences avec le COREFX Slide Board !<br \/>\nLa surface de notre tapis et son fond antid\u00e9rapant sont parfaits pour une vari\u00e9t\u00e9 d&#8217;exercices.<\/p>\n<p>Alors lib\u00e8re le patineur professionnel qui sommeille en toi d\u00e8s aujourd&#8217;hui !<\/p>\n<p>Ensuite, la planche est personnalisable jusqu&#8217;\u00e0 8 pieds de long, et est parfaite pour tous les niveaux d&#8217;habilet\u00e9 !<\/p>\n<section class=\"page-product-box\">\n<div class=\"rte\">\n<div class=\"su-expand su-expand-link-style-default\">\n<div class=\"su-expand-content\">Enfin, une fois termin\u00e9, il s&#8217;enroule facilement et peut \u00eatre rang\u00e9 dans le sac de transport pratique avec les couvre-chaussures coulissants.<\/div>\n<div>COREFX ADJUSTABLE SLIDE BOARD<\/div>\n<\/div>\n<\/div>\n<\/section>\n<div>\n<h4 class=\"style-scope ytd-watch-metadata\">Suppl\u00e9mentaire <a href=\"https:\/\/www.youtube.com\/watch?v=G6mHym1S_p0\" target=\"_blank\" rel=\"noopener\"><strong>Exercices sur diapositives <\/strong><\/a><\/h4>\n<\/div>\n<pre id=\"tw-target-text\" class=\"tw-data-text tw-text-large tw-ta\" dir=\"ltr\" data-placeholder=\"Translation\"><strong><a href=\"https:\/\/ztsports.com\/product-category\/accessories\/training-aids\/\">Coaching and Training tools<\/a> are here.<\/strong><\/pre>\n","protected":false},"excerpt":{"rendered":"<p>PLANCHE \u00c0 GLISSI\u00c8RE R\u00c9GLABLE COREFX COREFX ADJUSTABLE SLIDE BOARD Le plateau coulissant ajustable COREFX pour l&#8217;entra\u00eenement \u00e0 sec du patinage de vitesse et du hockey. Uutiliser comme outil de formation dans diff\u00e9rents types de formation. Cependant, il ne s&#8217;agit pas seulement d&#8217;un entra\u00eenement de patinage de vitesse ou de hockey en terrain sec. Faites l&#8217;exp\u00e9rience [&hellip;]<\/p>\n","protected":false},"featured_media":19989,"comment_status":"open","ping_status":"closed","template":"","meta":{"_acf_changed":false,"_monsterinsights_skip_tracking":false,"_monsterinsights_sitenote_active":false,"_monsterinsights_sitenote_note":"","_monsterinsights_sitenote_category":0,"_uf_show_specific_survey":0,"_uf_disable_surveys":false,"site-sidebar-layout":"default","site-content-layout":"","ast-site-content-layout":"default","site-content-style":"default","site-sidebar-style":"default","ast-global-header-display":"","ast-banner-title-visibility":"","ast-main-header-display":"","ast-hfb-above-header-display":"","ast-hfb-below-header-display":"","ast-hfb-mobile-header-display":"","site-post-title":"","ast-breadcrumbs-content":"","ast-featured-img":"","footer-sml-layout":"","ast-disable-related-posts":"","theme-transparent-header-meta":"default","adv-header-id-meta":"","stick-header-meta":"","header-above-stick-meta":"","header-main-stick-meta":"","header-below-stick-meta":"","astra-migrate-meta-layouts":"set","ast-page-background-enabled":"default","ast-page-background-meta":{"desktop":{"background-color":"","background-image":"","background-repeat":"repeat","background-position":"center center","background-size":"auto","background-attachment":"scroll","background-type":"","background-media":"","overlay-type":"","overlay-color":"","overlay-opacity":"","overlay-gradient":""},"tablet":{"background-color":"","background-image":"","background-repeat":"repeat","background-position":"center center","background-size":"auto","background-attachment":"scroll","background-type":"","background-media":"","overlay-type":"","overlay-color":"","overlay-opacity":"","overlay-gradient":""},"mobile":{"background-color":"","background-image":"","background-repeat":"repeat","background-position":"center center","background-size":"auto","background-attachment":"scroll","background-type":"","background-media":"","overlay-type":"","overlay-color":"","overlay-opacity":"","overlay-gradient":""}},"ast-content-background-meta":{"desktop":{"background-color":"var(--ast-global-color-5)","background-image":"","background-repeat":"repeat","background-position":"center center","background-size":"auto","background-attachment":"scroll","background-type":"","background-media":"","overlay-type":"","overlay-color":"","overlay-opacity":"","overlay-gradient":""},"tablet":{"background-color":"var(--ast-global-color-5)","background-image":"","background-repeat":"repeat","background-position":"center center","background-size":"auto","background-attachment":"scroll","background-type":"","background-media":"","overlay-type":"","overlay-color":"","overlay-opacity":"","overlay-gradient":""},"mobile":{"background-color":"var(--ast-global-color-5)","background-image":"","background-repeat":"repeat","background-position":"center center","background-size":"auto","background-attachment":"scroll","background-type":"","background-media":"","overlay-type":"","overlay-color":"","overlay-opacity":"","overlay-gradient":""}}},"product_brand":[3292],"product_cat":[3391,3553,3879,3838,3467],"product_tag":[3598,2627,3427,3576,4149,4150],"class_list":{"0":"post-19987","1":"product","2":"type-product","3":"status-publish","4":"has-post-thumbnail","6":"product_brand-corefx","7":"product_cat-accessoires-pour-la-longue-piste","8":"product_cat-aides-a-lentrainement-et-a-la-formation","9":"product_cat-aides-a-la-formation","10":"product_cat-offres-de-club","11":"product_cat-patinage-de-vitesse","12":"product_tag-aide-a-la-formation","13":"product_tag-corefx","14":"product_tag-equipement-de-patinage-de-vitesse","15":"product_tag-formation-en-milieu-sec","16":"product_tag-planche-a-glissiere-reglable","17":"product_tag-tableau-a-diapositives","18":"desktop-align-left","19":"tablet-align-left","20":"mobile-align-left","22":"first","23":"instock","24":"sale","25":"taxable","26":"shipping-taxable","27":"purchasable","28":"product-type-simple"},"acf":[],"_links":{"self":[{"href":"https:\/\/ztsports.com\/fr\/wp-json\/wp\/v2\/product\/19987","targetHints":{"allow":["GET"]}}],"collection":[{"href":"https:\/\/ztsports.com\/fr\/wp-json\/wp\/v2\/product"}],"about":[{"href":"https:\/\/ztsports.com\/fr\/wp-json\/wp\/v2\/types\/product"}],"replies":[{"embeddable":true,"href":"https:\/\/ztsports.com\/fr\/wp-json\/wp\/v2\/comments?post=19987"}],"version-history":[{"count":1,"href":"https:\/\/ztsports.com\/fr\/wp-json\/wp\/v2\/product\/19987\/revisions"}],"predecessor-version":[{"id":19988,"href":"https:\/\/ztsports.com\/fr\/wp-json\/wp\/v2\/product\/19987\/revisions\/19988"}],"wp:featuredmedia":[{"embeddable":true,"href":"https:\/\/ztsports.com\/fr\/wp-json\/wp\/v2\/media\/19989"}],"wp:attachment":[{"href":"https:\/\/ztsports.com\/fr\/wp-json\/wp\/v2\/media?parent=19987"}],"wp:term":[{"taxonomy":"product_brand","embeddable":true,"href":"https:\/\/ztsports.com\/fr\/wp-json\/wp\/v2\/product_brand?post=19987"},{"taxonomy":"product_cat","embeddable":true,"href":"https:\/\/ztsports.com\/fr\/wp-json\/wp\/v2\/product_cat?post=19987"},{"taxonomy":"product_tag","embeddable":true,"href":"https:\/\/ztsports.com\/fr\/wp-json\/wp\/v2\/product_tag?post=19987"}],"curies":[{"name":"wp","href":"https:\/\/api.w.org\/{rel}","templated":true}]}}