{"id":19983,"date":"2023-06-14T04:55:34","date_gmt":"2023-06-14T04:55:34","guid":{"rendered":"https:\/\/ztsports.com\/?post_type=product&#038;p=19983"},"modified":"2026-04-14T16:31:09","modified_gmt":"2026-04-14T16:31:09","slug":"protecteurs-de-cheville","status":"publish","type":"product","link":"https:\/\/ztsports.com\/fr\/store\/protecteurs-de-cheville\/","title":{"rendered":"PROTECTEURS DE CHEVILLE R\u00c9SISTANTS AUX COUPURES"},"content":{"rendered":"<h1>PROTECTEURS DE CHEVILLE R\u00c9SISTANTS AUX COUPURES<\/h1>\n<p>Les protections de cheville r\u00e9sistantes aux coupures sont de taille unique. Un \u00e9l\u00e9ment obligatoire pour le patinage de vitesse sur courte piste. En outre, ils sont de taille unique et poss\u00e8dent des propri\u00e9t\u00e9s \u00e9lastiques avanc\u00e9es. Technologie de la &#8220;fibre creuse&#8221;, antiallergique. Super fibre combin\u00e9e avec du polyester et de l&#8217;\u00e9lastine Niveau de coupe 2 EN38<\/p>\n<p>PROTECTEURS DE CHEVILLE<\/p>\n<h4 class=\"h-feature-headline right-text h6\">CUT Protection r\u00e9sistante contre les lac\u00e9rations PROTECTION DE LA CHEVILLE<\/h4>\n<p><strong>Pourquoi : <\/strong>Pour \u00e9viter les coupures et les perforations du tendon d&#8217;Achille par les lames lors de la phase de pouss\u00e9e de la foul\u00e9e. Aucune peau ne doit \u00eatre visible entre la botte du patineur et la combinaison. Le port d&#8217;un bracelet de cheville antiperforation en Kevlar ou en Dyneema est obligatoire sur les deux jambes, couvrant les jambes depuis le haut des bottes jusqu&#8217;\u00e0 10 cm au-dessus du haut des bottes. Conforme au r\u00e8glement 1265 de l&#8217;ISU. Tout aussi important :<\/p>\n<p><strong>plus \u00e9lastique, plus confortable, tr\u00e8s bien ajust\u00e9 !<\/strong><span class=\"Y2IQFc\" lang=\"en\"><b>De plus, c&#8217;est un article de s\u00e9curit\u00e9 obligatoire pour le Short Track. <\/b><\/span><\/p>\n<p><span class=\"Y2IQFc\" lang=\"en\"><b>V\u00e9rifiez FPVQ <\/b><a style=\"font-weight: bold;\" href=\"https:\/\/www.ontariospeedskating.ca\/safety-equipment\" target=\"_blank\" rel=\"noopener\">OSSA : Accessoire obligatoire<\/a><b> en comp\u00e9tition.<\/b><\/span><\/p>\n<p>Enfin, voyez tout <a href=\"https:\/\/ztsports.com\/product-category\/protection\/lower-body-protection\/\"><strong>Protection du bas du corps<\/strong><\/a> ici.<\/p>\n<p>PROTECTEURS DE CHEVILLE<\/p>\n","protected":false},"excerpt":{"rendered":"<p>PROTECTEURS DE CHEVILLE R\u00c9SISTANTS AUX COUPURES Les protections de cheville r\u00e9sistantes aux coupures sont de taille unique. Un \u00e9l\u00e9ment obligatoire pour le patinage de vitesse sur courte piste. En outre, ils sont de taille unique et poss\u00e8dent des propri\u00e9t\u00e9s \u00e9lastiques avanc\u00e9es. Technologie de la &#8220;fibre creuse&#8221;, antiallergique. Super fibre combin\u00e9e avec du polyester et de [&hellip;]<\/p>\n","protected":false},"featured_media":19985,"comment_status":"open","ping_status":"closed","template":"","meta":{"_acf_changed":false,"_monsterinsights_skip_tracking":false,"_monsterinsights_sitenote_active":false,"_monsterinsights_sitenote_note":"","_monsterinsights_sitenote_category":0,"_uf_show_specific_survey":0,"_uf_disable_surveys":false,"site-sidebar-layout":"default","site-content-layout":"","ast-site-content-layout":"default","site-content-style":"default","site-sidebar-style":"default","ast-global-header-display":"","ast-banner-title-visibility":"","ast-main-header-display":"","ast-hfb-above-header-display":"","ast-hfb-below-header-display":"","ast-hfb-mobile-header-display":"","site-post-title":"","ast-breadcrumbs-content":"","ast-featured-img":"","footer-sml-layout":"","ast-disable-related-posts":"","theme-transparent-header-meta":"default","adv-header-id-meta":"","stick-header-meta":"","header-above-stick-meta":"","header-main-stick-meta":"","header-below-stick-meta":"","astra-migrate-meta-layouts":"set","ast-page-background-enabled":"default","ast-page-background-meta":{"desktop":{"background-color":"","background-image":"","background-repeat":"repeat","background-position":"center center","background-size":"auto","background-attachment":"scroll","background-type":"","background-media":"","overlay-type":"","overlay-color":"","overlay-opacity":"","overlay-gradient":""},"tablet":{"background-color":"","background-image":"","background-repeat":"repeat","background-position":"center center","background-size":"auto","background-attachment":"scroll","background-type":"","background-media":"","overlay-type":"","overlay-color":"","overlay-opacity":"","overlay-gradient":""},"mobile":{"background-color":"","background-image":"","background-repeat":"repeat","background-position":"center center","background-size":"auto","background-attachment":"scroll","background-type":"","background-media":"","overlay-type":"","overlay-color":"","overlay-opacity":"","overlay-gradient":""}},"ast-content-background-meta":{"desktop":{"background-color":"var(--ast-global-color-5)","background-image":"","background-repeat":"repeat","background-position":"center center","background-size":"auto","background-attachment":"scroll","background-type":"","background-media":"","overlay-type":"","overlay-color":"","overlay-opacity":"","overlay-gradient":""},"tablet":{"background-color":"var(--ast-global-color-5)","background-image":"","background-repeat":"repeat","background-position":"center center","background-size":"auto","background-attachment":"scroll","background-type":"","background-media":"","overlay-type":"","overlay-color":"","overlay-opacity":"","overlay-gradient":""},"mobile":{"background-color":"var(--ast-global-color-5)","background-image":"","background-repeat":"repeat","background-position":"center center","background-size":"auto","background-attachment":"scroll","background-type":"","background-media":"","overlay-type":"","overlay-color":"","overlay-opacity":"","overlay-gradient":""}}},"product_brand":[],"product_cat":[3389,3479,3392,3396,3395,3645,3421],"product_tag":[3427,3673,4148,3597,3959,3535],"class_list":{"0":"post-19983","1":"product","2":"type-product","3":"status-publish","4":"has-post-thumbnail","6":"product_cat-accessoires-longue-piste","7":"product_cat-accessoires-pour-le-short-track","8":"product_cat-accessoires-short-track","9":"product_cat-accessories","10":"product_cat-courte-piste","11":"product_cat-protection","12":"product_cat-protection-bebe-inferieure","13":"product_tag-equipement-de-patinage-de-vitesse","14":"product_tag-equipement-de-protection","15":"product_tag-materiel-de-piste-courte","16":"product_tag-protection-contre-les-lacerations","17":"product_tag-protege-chevilles","18":"product_tag-resistant-aux-coupures","19":"desktop-align-left","20":"tablet-align-left","21":"mobile-align-left","23":"first","24":"instock","25":"sale","26":"taxable","27":"shipping-taxable","28":"purchasable","29":"product-type-simple"},"acf":[],"_links":{"self":[{"href":"https:\/\/ztsports.com\/fr\/wp-json\/wp\/v2\/product\/19983","targetHints":{"allow":["GET"]}}],"collection":[{"href":"https:\/\/ztsports.com\/fr\/wp-json\/wp\/v2\/product"}],"about":[{"href":"https:\/\/ztsports.com\/fr\/wp-json\/wp\/v2\/types\/product"}],"replies":[{"embeddable":true,"href":"https:\/\/ztsports.com\/fr\/wp-json\/wp\/v2\/comments?post=19983"}],"version-history":[{"count":3,"href":"https:\/\/ztsports.com\/fr\/wp-json\/wp\/v2\/product\/19983\/revisions"}],"predecessor-version":[{"id":25450,"href":"https:\/\/ztsports.com\/fr\/wp-json\/wp\/v2\/product\/19983\/revisions\/25450"}],"wp:featuredmedia":[{"embeddable":true,"href":"https:\/\/ztsports.com\/fr\/wp-json\/wp\/v2\/media\/19985"}],"wp:attachment":[{"href":"https:\/\/ztsports.com\/fr\/wp-json\/wp\/v2\/media?parent=19983"}],"wp:term":[{"taxonomy":"product_brand","embeddable":true,"href":"https:\/\/ztsports.com\/fr\/wp-json\/wp\/v2\/product_brand?post=19983"},{"taxonomy":"product_cat","embeddable":true,"href":"https:\/\/ztsports.com\/fr\/wp-json\/wp\/v2\/product_cat?post=19983"},{"taxonomy":"product_tag","embeddable":true,"href":"https:\/\/ztsports.com\/fr\/wp-json\/wp\/v2\/product_tag?post=19983"}],"curies":[{"name":"wp","href":"https:\/\/api.w.org\/{rel}","templated":true}]}}