{"id":19977,"date":"2023-06-12T14:29:58","date_gmt":"2023-06-12T14:29:58","guid":{"rendered":"https:\/\/ztsports.com\/?post_type=product&#038;p=19977"},"modified":"2026-04-14T16:25:30","modified_gmt":"2026-04-14T16:25:30","slug":"ehs-cyclone-lt-boot","status":"publish","type":"product","link":"https:\/\/ztsports.com\/fr\/store\/ehs-cyclone-lt-boot\/","title":{"rendered":"EHS CYCLONE LT BOOT Long Track"},"content":{"rendered":"<h1>EHS CYCLONE LT BOOT<\/h1>\n<p>La botte EHS CYCLONE LT BOOT est la <span class=\"color_11\">botte la plus performante pour les longues pistes<\/span>.<\/p>\n<p class=\"font_8\"><span class=\"color_11\">&#8211; La nouvelle coque en carbone est ultra-l\u00e9g\u00e8re et hautement thermoformable.<\/span><\/p>\n<p class=\"font_8\"><span class=\"color_11\">&#8211; La tige du Cyclone utilise des cuirs de vachette souples qui offrent une excellente durabilit\u00e9 et de bonnes performances.<\/span><\/p>\n<p class=\"font_8\"><span class=\"color_11\">&#8211; Le support en nylon offre un soutien suppl\u00e9mentaire et porte le confort \u00e0 un niveau sup\u00e9rieur.<\/span><\/p>\n<p class=\"font_2\"><span class=\"color_11\">&#8211; <strong> Doublure en cuir de veau 100% naturel qui offre la sensation la plus directe lors du patinage<\/strong>.<\/span><\/p>\n<p class=\"font_8\"><span class=\"color_11\">&#8211; La languette profil\u00e9e offre un confort et un verrouillage suppl\u00e9mentaires pour vos pieds.<\/span><\/p>\n<p class=\"font_8\"><span class=\"color_11\">&#8211; En outre, les lacets en cire canadienne et la fermeture \u00e0 glissi\u00e8re YKK sport sont des caract\u00e9ristiques suppl\u00e9mentaires.<\/span><\/p>\n<p class=\"font_8\"><span class=\"color_11\">&#8211; Le Cyclone EHS peut \u00eatre install\u00e9 avec toutes nos lames de clapet EHS, mais nous sugg\u00e9rons notre lame de clapet <strong><a href=\"https:\/\/ztsports.com\/product\/ehs-superior-long-track-blade\/\">Superior Clap<\/a><\/strong>pour offrir<\/span><\/p>\n<p class=\"font_8\"><span class=\"color_11\"> l&#8217;exp\u00e9rience ultime du patinage.<\/span><\/p>\n<p class=\"font_8\"><span class=\"color_11\">&#8211; Tailles disponibles : 35 \u00e0 46<\/span><\/p>\n<p class=\"font_8\"><span class=\"color_11\">&#8211; <strong>Tout aussi important, il est propos\u00e9 en version standard et en version large<\/strong>.<\/span><\/p>\n<p class=\"font_8\"><span class=\"color_11\">&#8211; Fixations rectifi\u00e9es \u00e0 plat pour un positionnement tr\u00e8s pr\u00e9cis sans tension.<\/span><\/p>\n<p>Enfin, vous pouvez comparer toutes nos <a href=\"https:\/\/ztsports.com\/product-category\/long-track\/boots1\/\"><strong>Bottes Long Track<\/strong><\/a> ici.<\/p>\n","protected":false},"excerpt":{"rendered":"<p>EHS CYCLONE LT BOOT La botte EHS CYCLONE LT BOOT est la botte la plus performante pour les longues pistes. &#8211; La nouvelle coque en carbone est ultra-l\u00e9g\u00e8re et hautement thermoformable. &#8211; La tige du Cyclone utilise des cuirs de vachette souples qui offrent une excellente durabilit\u00e9 et de bonnes performances. &#8211; Le support en [&hellip;]<\/p>\n","protected":false},"featured_media":19979,"comment_status":"open","ping_status":"closed","template":"","meta":{"_acf_changed":false,"_monsterinsights_skip_tracking":false,"_monsterinsights_sitenote_active":false,"_monsterinsights_sitenote_note":"","_monsterinsights_sitenote_category":0,"_uf_show_specific_survey":0,"_uf_disable_surveys":false,"site-sidebar-layout":"default","site-content-layout":"","ast-site-content-layout":"default","site-content-style":"default","site-sidebar-style":"default","ast-global-header-display":"","ast-banner-title-visibility":"","ast-main-header-display":"","ast-hfb-above-header-display":"","ast-hfb-below-header-display":"","ast-hfb-mobile-header-display":"","site-post-title":"","ast-breadcrumbs-content":"","ast-featured-img":"","footer-sml-layout":"","ast-disable-related-posts":"","theme-transparent-header-meta":"default","adv-header-id-meta":"","stick-header-meta":"","header-above-stick-meta":"","header-main-stick-meta":"","header-below-stick-meta":"","astra-migrate-meta-layouts":"set","ast-page-background-enabled":"default","ast-page-background-meta":{"desktop":{"background-color":"","background-image":"","background-repeat":"repeat","background-position":"center center","background-size":"auto","background-attachment":"scroll","background-type":"","background-media":"","overlay-type":"","overlay-color":"","overlay-opacity":"","overlay-gradient":""},"tablet":{"background-color":"","background-image":"","background-repeat":"repeat","background-position":"center center","background-size":"auto","background-attachment":"scroll","background-type":"","background-media":"","overlay-type":"","overlay-color":"","overlay-opacity":"","overlay-gradient":""},"mobile":{"background-color":"","background-image":"","background-repeat":"repeat","background-position":"center center","background-size":"auto","background-attachment":"scroll","background-type":"","background-media":"","overlay-type":"","overlay-color":"","overlay-opacity":"","overlay-gradient":""}},"ast-content-background-meta":{"desktop":{"background-color":"var(--ast-global-color-5)","background-image":"","background-repeat":"repeat","background-position":"center center","background-size":"auto","background-attachment":"scroll","background-type":"","background-media":"","overlay-type":"","overlay-color":"","overlay-opacity":"","overlay-gradient":""},"tablet":{"background-color":"var(--ast-global-color-5)","background-image":"","background-repeat":"repeat","background-position":"center center","background-size":"auto","background-attachment":"scroll","background-type":"","background-media":"","overlay-type":"","overlay-color":"","overlay-opacity":"","overlay-gradient":""},"mobile":{"background-color":"var(--ast-global-color-5)","background-image":"","background-repeat":"repeat","background-position":"center center","background-size":"auto","background-attachment":"scroll","background-type":"","background-media":"","overlay-type":"","overlay-color":"","overlay-opacity":"","overlay-gradient":""}}},"product_brand":[3347,3344,3346],"product_cat":[3495,3494,3390],"product_tag":[],"class_list":{"0":"post-19977","1":"product","2":"type-product","3":"status-publish","4":"has-post-thumbnail","6":"product_brand-ehs","7":"product_brand-stay-bent","8":"product_brand-staybent-by-ehs","9":"product_cat-bottes","10":"product_cat-bottes-de-piste-longues","11":"product_cat-longue-piste","12":"desktop-align-left","13":"tablet-align-left","14":"mobile-align-left","16":"first","17":"instock","18":"taxable","19":"shipping-taxable","20":"purchasable","21":"product-type-simple"},"acf":[],"_links":{"self":[{"href":"https:\/\/ztsports.com\/fr\/wp-json\/wp\/v2\/product\/19977","targetHints":{"allow":["GET"]}}],"collection":[{"href":"https:\/\/ztsports.com\/fr\/wp-json\/wp\/v2\/product"}],"about":[{"href":"https:\/\/ztsports.com\/fr\/wp-json\/wp\/v2\/types\/product"}],"replies":[{"embeddable":true,"href":"https:\/\/ztsports.com\/fr\/wp-json\/wp\/v2\/comments?post=19977"}],"version-history":[{"count":1,"href":"https:\/\/ztsports.com\/fr\/wp-json\/wp\/v2\/product\/19977\/revisions"}],"predecessor-version":[{"id":19978,"href":"https:\/\/ztsports.com\/fr\/wp-json\/wp\/v2\/product\/19977\/revisions\/19978"}],"wp:featuredmedia":[{"embeddable":true,"href":"https:\/\/ztsports.com\/fr\/wp-json\/wp\/v2\/media\/19979"}],"wp:attachment":[{"href":"https:\/\/ztsports.com\/fr\/wp-json\/wp\/v2\/media?parent=19977"}],"wp:term":[{"taxonomy":"product_brand","embeddable":true,"href":"https:\/\/ztsports.com\/fr\/wp-json\/wp\/v2\/product_brand?post=19977"},{"taxonomy":"product_cat","embeddable":true,"href":"https:\/\/ztsports.com\/fr\/wp-json\/wp\/v2\/product_cat?post=19977"},{"taxonomy":"product_tag","embeddable":true,"href":"https:\/\/ztsports.com\/fr\/wp-json\/wp\/v2\/product_tag?post=19977"}],"curies":[{"name":"wp","href":"https:\/\/api.w.org\/{rel}","templated":true}]}}