{"id":19970,"date":"2023-06-11T14:58:06","date_gmt":"2023-06-11T14:58:06","guid":{"rendered":"https:\/\/ztsports.com\/?post_type=product&#038;p=19970"},"modified":"2026-04-14T16:22:36","modified_gmt":"2026-04-14T16:22:36","slug":"technicordes","status":"publish","type":"product","link":"https:\/\/ztsports.com\/fr\/store\/technicordes\/","title":{"rendered":"CEINTURES DE S\u00c9CURIT\u00c9 TECHNICORDES ENTRA\u00ceNEMENT AU PATINAGE DE VITESSE"},"content":{"rendered":"<h1>COURROIES DE COIN TECHNICORDS<\/h1>\n<p>Les ceintures Corner Belts TECHNICORDS vous aideront \u00e0 am\u00e9liorer votre position corporelle, votre stabilit\u00e9 et votre puissance.<br \/>\nNotre ceinture est suffisamment petite pour que votre sac de patinage de vitesse vous accompagne partout. Pour vous aider \u00e0 am\u00e9liorer vos performances, faites confiance aux bandes d&#8217;entra\u00eenement TECHNICORDS Speedskating&#8230;<\/p>\n<p>Le mat\u00e9riel d&#8217;entra\u00eenement recommand\u00e9 par le champion du monde 2018, <a href=\"https:\/\/olympic.ca\/team-canada\/charles-hamelin\/\" target=\"_blank\" rel=\"noopener\">Charles Hamelin <\/a><\/p>\n<h3>COURROIES DE COIN TECHNICORDS COURROIES D&#8217;ENTRA\u00ceNEMENT POUR LE PATINAGE DE VITESSE<\/h3>\n<p>Que vous travailliez les croisements ou les mont\u00e9es-descentes, les Technicordes vous aideront \u00e0 perfectionner la position de votre corps. En outre, ils veillent \u00e0 ce que vous exerciez une plus grande pression sur la glace. Sans oublier qu&#8217;ils sont suffisamment petits pour tenir dans votre sac de patinage de vitesse et vous accompagner partout, tout en \u00e9tant suffisamment puissants pour vous aider \u00e0 passer au niveau sup\u00e9rieur.<\/p>\n<p>Dimensions : 118\u2033 X 2\u2033 (300 cm X 5 cm)<\/p>\n<p>D\u00e9couvrez ces <a href=\"https:\/\/www.youtube.com\/watch?v=lLMWAMaCTKs&amp;t=24s\" target=\"_blank\" rel=\"noopener\"><strong>exercices g\u00e9niaux que vous pouvez faire avec juste une ceinture et une barre !<\/strong><\/a> Retrouvez-nous sur Instagram @Elite_Performance_Training pour une tonne d&#8217;autres s\u00e9ances d&#8217;entra\u00eenement et d&#8217;exercices !<\/p>\n<p>Voyez comment vous pouvez utiliser vos <a href=\"https:\/\/www.facebook.com\/watch\/?v=1039922526898595\" target=\"_blank\" rel=\"noopener\"><strong>Ceinture d&#8217;entra\u00eenement pour travailler vos croisements en ligne. <\/strong><\/a>Excellent exercice pour ralentir le croisement et se concentrer sur une pouss\u00e9e solide sur le c\u00f4t\u00e9&#8230; et avec une extension compl\u00e8te.<\/p>\n<p>Enfin, vous pouvez consulter toutes nos <a href=\"https:\/\/ztsports.com\/product-category\/coaching-training-aids\/\"><strong>aides \u00e0 l&#8217;entra\u00eenement et \u00e0 la formation ici<\/strong><\/a>.<\/p>\n","protected":false},"excerpt":{"rendered":"<p>COURROIES DE COIN TECHNICORDS Les ceintures Corner Belts TECHNICORDS vous aideront \u00e0 am\u00e9liorer votre position corporelle, votre stabilit\u00e9 et votre puissance. Notre ceinture est suffisamment petite pour que votre sac de patinage de vitesse vous accompagne partout. Pour vous aider \u00e0 am\u00e9liorer vos performances, faites confiance aux bandes d&#8217;entra\u00eenement TECHNICORDS Speedskating&#8230; Le mat\u00e9riel d&#8217;entra\u00eenement recommand\u00e9 [&hellip;]<\/p>\n","protected":false},"featured_media":19972,"comment_status":"open","ping_status":"closed","template":"","meta":{"_acf_changed":false,"_monsterinsights_skip_tracking":false,"_monsterinsights_sitenote_active":false,"_monsterinsights_sitenote_note":"","_monsterinsights_sitenote_category":0,"_uf_show_specific_survey":0,"_uf_disable_surveys":false,"site-sidebar-layout":"default","site-content-layout":"","ast-site-content-layout":"default","site-content-style":"default","site-sidebar-style":"default","ast-global-header-display":"","ast-banner-title-visibility":"","ast-main-header-display":"","ast-hfb-above-header-display":"","ast-hfb-below-header-display":"","ast-hfb-mobile-header-display":"","site-post-title":"","ast-breadcrumbs-content":"","ast-featured-img":"","footer-sml-layout":"","ast-disable-related-posts":"","theme-transparent-header-meta":"default","adv-header-id-meta":"","stick-header-meta":"","header-above-stick-meta":"","header-main-stick-meta":"","header-below-stick-meta":"","astra-migrate-meta-layouts":"set","ast-page-background-enabled":"default","ast-page-background-meta":{"desktop":{"background-color":"","background-image":"","background-repeat":"repeat","background-position":"center center","background-size":"auto","background-attachment":"scroll","background-type":"","background-media":"","overlay-type":"","overlay-color":"","overlay-opacity":"","overlay-gradient":""},"tablet":{"background-color":"","background-image":"","background-repeat":"repeat","background-position":"center center","background-size":"auto","background-attachment":"scroll","background-type":"","background-media":"","overlay-type":"","overlay-color":"","overlay-opacity":"","overlay-gradient":""},"mobile":{"background-color":"","background-image":"","background-repeat":"repeat","background-position":"center center","background-size":"auto","background-attachment":"scroll","background-type":"","background-media":"","overlay-type":"","overlay-color":"","overlay-opacity":"","overlay-gradient":""}},"ast-content-background-meta":{"desktop":{"background-color":"var(--ast-global-color-5)","background-image":"","background-repeat":"repeat","background-position":"center center","background-size":"auto","background-attachment":"scroll","background-type":"","background-media":"","overlay-type":"","overlay-color":"","overlay-opacity":"","overlay-gradient":""},"tablet":{"background-color":"var(--ast-global-color-5)","background-image":"","background-repeat":"repeat","background-position":"center center","background-size":"auto","background-attachment":"scroll","background-type":"","background-media":"","overlay-type":"","overlay-color":"","overlay-opacity":"","overlay-gradient":""},"mobile":{"background-color":"var(--ast-global-color-5)","background-image":"","background-repeat":"repeat","background-position":"center center","background-size":"auto","background-attachment":"scroll","background-type":"","background-media":"","overlay-type":"","overlay-color":"","overlay-opacity":"","overlay-gradient":""}}},"product_brand":[],"product_cat":[3422,3389,3391,3479,3392,3396,3433,3553,3879,3572,3395,3390,3838,3489,3467],"product_tag":[3598,4143,4144,4145,4146,4147,1752,2820],"class_list":{"0":"post-19970","1":"product","2":"type-product","3":"status-publish","4":"has-post-thumbnail","6":"product_cat-accessoires","7":"product_cat-accessoires-longue-piste","8":"product_cat-accessoires-pour-la-longue-piste","9":"product_cat-accessoires-pour-le-short-track","10":"product_cat-accessoires-short-track","11":"product_cat-accessories","13":"product_cat-aides-a-lentrainement-et-a-la-formation","14":"product_cat-aides-a-la-formation","15":"product_cat-cadeaux-pour-patineurs","16":"product_cat-courte-piste","17":"product_cat-longue-piste","18":"product_cat-offres-de-club","20":"product_cat-patinage-de-vitesse","21":"product_tag-aide-a-la-formation","22":"product_tag-ceintures-dentrainement-a-sec","23":"product_tag-ceintures-de-securite-technicordes-entrainement-au-patinage-de-vitesse","24":"product_tag-courroies-dangle","25":"product_tag-entrainement-au-patinage-de-vitesse","26":"product_tag-formation-de-base","27":"product_tag-speed-skating-equipment","28":"product_tag-technicords","29":"desktop-align-left","30":"tablet-align-left","31":"mobile-align-left","33":"first","34":"instock","35":"taxable","36":"shipping-taxable","37":"purchasable","38":"product-type-simple"},"acf":[],"_links":{"self":[{"href":"https:\/\/ztsports.com\/fr\/wp-json\/wp\/v2\/product\/19970","targetHints":{"allow":["GET"]}}],"collection":[{"href":"https:\/\/ztsports.com\/fr\/wp-json\/wp\/v2\/product"}],"about":[{"href":"https:\/\/ztsports.com\/fr\/wp-json\/wp\/v2\/types\/product"}],"replies":[{"embeddable":true,"href":"https:\/\/ztsports.com\/fr\/wp-json\/wp\/v2\/comments?post=19970"}],"version-history":[{"count":2,"href":"https:\/\/ztsports.com\/fr\/wp-json\/wp\/v2\/product\/19970\/revisions"}],"predecessor-version":[{"id":25448,"href":"https:\/\/ztsports.com\/fr\/wp-json\/wp\/v2\/product\/19970\/revisions\/25448"}],"wp:featuredmedia":[{"embeddable":true,"href":"https:\/\/ztsports.com\/fr\/wp-json\/wp\/v2\/media\/19972"}],"wp:attachment":[{"href":"https:\/\/ztsports.com\/fr\/wp-json\/wp\/v2\/media?parent=19970"}],"wp:term":[{"taxonomy":"product_brand","embeddable":true,"href":"https:\/\/ztsports.com\/fr\/wp-json\/wp\/v2\/product_brand?post=19970"},{"taxonomy":"product_cat","embeddable":true,"href":"https:\/\/ztsports.com\/fr\/wp-json\/wp\/v2\/product_cat?post=19970"},{"taxonomy":"product_tag","embeddable":true,"href":"https:\/\/ztsports.com\/fr\/wp-json\/wp\/v2\/product_tag?post=19970"}],"curies":[{"name":"wp","href":"https:\/\/api.w.org\/{rel}","templated":true}]}}