{"id":19961,"date":"2023-06-09T19:56:42","date_gmt":"2023-06-09T19:56:42","guid":{"rendered":"https:\/\/ztsports.com\/?post_type=product&#038;p=19961"},"modified":"2026-04-14T16:18:40","modified_gmt":"2026-04-14T16:18:40","slug":"electronic-bearing-cleaner","status":"publish","type":"product","link":"https:\/\/ztsports.com\/fr\/store\/electronic-bearing-cleaner\/","title":{"rendered":"Electronic Bearing Cleaner By Bont"},"content":{"rendered":"<h1 class=\"product_title entry-title\">Nettoyeur de roulements \u00e9lectroniques Bont<\/h1>\n<h3>electronic bearing cleaner<\/h3>\n<p>Le nettoyeur \u00e9lectronique de roulements fabriqu\u00e9 par Bont fait tourner le roulement et nettoie toutes les salet\u00e9s, l&#8217;huile et m\u00eame la rouille l\u00e9g\u00e8re. Par exemple, il suffit de glisser votre roulement de patinage de vitesse en ligne 688 ou 608 sur le nettoyeur. Plongez-le dans la solution de nettoyage de votre choix et appuyez sur le bouton rouge.<\/p>\n<h2>Bont&#8217;s Electronic Bearing Cleaner (Nettoyant pour roulements \u00e9lectroniques)<\/h2>\n<p>C&#8217;est la fa\u00e7on la plus simple de nettoyer les roulements de patins \u00e0 roulettes. Il faut environ 20 secondes par roulement pour les nettoyer. De plus, le nettoyeur de roulements fonctionne avec toutes les marques de roulements 608, 688 ou 167.<\/p>\n<p>Redonnez \u00e0 vos roulements de patins \u00e0 roues align\u00e9es l&#8217;aspect du neuf. De plus, si vous utilisez des roulements avec un trou int\u00e9rieur de 7 mm, nous avons fourni un arbre de 7 mm pour nettoyer les roulements de 7 mm \u00e9galement.<\/p>\n<h4>electronic bearing cleaner<\/h4>\n<p>Vous voulez voir le Electronic <a href=\"https:\/\/www.youtube.com\/watch?v=Pe69QoMyyGg\" target=\"_blank\" rel=\"noopener\"><strong>Bearing Cleaner en action<\/strong><\/a>?<\/p>\n<p>Enfin, j&#8217;adapterai <a href=\"https:\/\/ztsports.com\/product-category\/inline-speed-skating\/bearings\/\"><strong>tous les roulements de 7mm et 8mm<\/strong><\/a> que vous pouvez voir et comparer ici.<\/p>\n","protected":false},"excerpt":{"rendered":"<p>Nettoyeur de roulements \u00e9lectroniques Bont electronic bearing cleaner Le nettoyeur \u00e9lectronique de roulements fabriqu\u00e9 par Bont fait tourner le roulement et nettoie toutes les salet\u00e9s, l&#8217;huile et m\u00eame la rouille l\u00e9g\u00e8re. Par exemple, il suffit de glisser votre roulement de patinage de vitesse en ligne 688 ou 608 sur le nettoyeur. Plongez-le dans la solution [&hellip;]<\/p>\n","protected":false},"featured_media":19963,"comment_status":"open","ping_status":"closed","template":"","meta":{"_acf_changed":false,"_monsterinsights_skip_tracking":false,"_monsterinsights_sitenote_active":false,"_monsterinsights_sitenote_note":"","_monsterinsights_sitenote_category":0,"_uf_show_specific_survey":0,"_uf_disable_surveys":false,"site-sidebar-layout":"default","site-content-layout":"","ast-site-content-layout":"default","site-content-style":"default","site-sidebar-style":"default","ast-global-header-display":"","ast-banner-title-visibility":"","ast-main-header-display":"","ast-hfb-above-header-display":"","ast-hfb-below-header-display":"","ast-hfb-mobile-header-display":"","site-post-title":"","ast-breadcrumbs-content":"","ast-featured-img":"","footer-sml-layout":"","ast-disable-related-posts":"","theme-transparent-header-meta":"default","adv-header-id-meta":"","stick-header-meta":"","header-above-stick-meta":"","header-main-stick-meta":"","header-below-stick-meta":"","astra-migrate-meta-layouts":"set","ast-page-background-enabled":"default","ast-page-background-meta":{"desktop":{"background-color":"","background-image":"","background-repeat":"repeat","background-position":"center center","background-size":"auto","background-attachment":"scroll","background-type":"","background-media":"","overlay-type":"","overlay-color":"","overlay-opacity":"","overlay-gradient":""},"tablet":{"background-color":"","background-image":"","background-repeat":"repeat","background-position":"center center","background-size":"auto","background-attachment":"scroll","background-type":"","background-media":"","overlay-type":"","overlay-color":"","overlay-opacity":"","overlay-gradient":""},"mobile":{"background-color":"","background-image":"","background-repeat":"repeat","background-position":"center center","background-size":"auto","background-attachment":"scroll","background-type":"","background-media":"","overlay-type":"","overlay-color":"","overlay-opacity":"","overlay-gradient":""}},"ast-content-background-meta":{"desktop":{"background-color":"var(--ast-global-color-5)","background-image":"","background-repeat":"repeat","background-position":"center center","background-size":"auto","background-attachment":"scroll","background-type":"","background-media":"","overlay-type":"","overlay-color":"","overlay-opacity":"","overlay-gradient":""},"tablet":{"background-color":"var(--ast-global-color-5)","background-image":"","background-repeat":"repeat","background-position":"center center","background-size":"auto","background-attachment":"scroll","background-type":"","background-media":"","overlay-type":"","overlay-color":"","overlay-opacity":"","overlay-gradient":""},"mobile":{"background-color":"var(--ast-global-color-5)","background-image":"","background-repeat":"repeat","background-position":"center center","background-size":"auto","background-attachment":"scroll","background-type":"","background-media":"","overlay-type":"","overlay-color":"","overlay-opacity":"","overlay-gradient":""}}},"product_brand":[3285],"product_cat":[3422,3433,3402,3381,3408,3429,3407,3409],"product_tag":[4140,4141,4142],"class_list":{"0":"post-19961","1":"product","2":"type-product","3":"status-publish","4":"has-post-thumbnail","6":"product_brand-bont","7":"product_cat-accessoires","8":"product_cat-accessories","9":"product_cat-en-ligne","10":"product_cat-patinage-de-vitesse-en-ligne","11":"product_cat-patins-a-roulettes","12":"product_cat-pieces-et-outils","13":"product_cat-roulements","14":"product_cat-roulements-et-outils","15":"product_tag-nettoyeur-bont","16":"product_tag-nettoyeur-de-roulements-en-ligne","17":"product_tag-nettoyeur-electronique-de-roulements","18":"desktop-align-left","19":"tablet-align-left","20":"mobile-align-left","22":"first","23":"instock","24":"taxable","25":"shipping-taxable","26":"purchasable","27":"product-type-simple"},"acf":[],"_links":{"self":[{"href":"https:\/\/ztsports.com\/fr\/wp-json\/wp\/v2\/product\/19961","targetHints":{"allow":["GET"]}}],"collection":[{"href":"https:\/\/ztsports.com\/fr\/wp-json\/wp\/v2\/product"}],"about":[{"href":"https:\/\/ztsports.com\/fr\/wp-json\/wp\/v2\/types\/product"}],"replies":[{"embeddable":true,"href":"https:\/\/ztsports.com\/fr\/wp-json\/wp\/v2\/comments?post=19961"}],"version-history":[{"count":2,"href":"https:\/\/ztsports.com\/fr\/wp-json\/wp\/v2\/product\/19961\/revisions"}],"predecessor-version":[{"id":25447,"href":"https:\/\/ztsports.com\/fr\/wp-json\/wp\/v2\/product\/19961\/revisions\/25447"}],"wp:featuredmedia":[{"embeddable":true,"href":"https:\/\/ztsports.com\/fr\/wp-json\/wp\/v2\/media\/19963"}],"wp:attachment":[{"href":"https:\/\/ztsports.com\/fr\/wp-json\/wp\/v2\/media?parent=19961"}],"wp:term":[{"taxonomy":"product_brand","embeddable":true,"href":"https:\/\/ztsports.com\/fr\/wp-json\/wp\/v2\/product_brand?post=19961"},{"taxonomy":"product_cat","embeddable":true,"href":"https:\/\/ztsports.com\/fr\/wp-json\/wp\/v2\/product_cat?post=19961"},{"taxonomy":"product_tag","embeddable":true,"href":"https:\/\/ztsports.com\/fr\/wp-json\/wp\/v2\/product_tag?post=19961"}],"curies":[{"name":"wp","href":"https:\/\/api.w.org\/{rel}","templated":true}]}}