{"id":19959,"date":"2023-06-10T16:06:37","date_gmt":"2023-06-10T16:06:37","guid":{"rendered":"https:\/\/ztsports.com\/?post_type=product&#038;p=19959"},"modified":"2026-04-17T12:43:12","modified_gmt":"2026-04-17T12:43:12","slug":"ehs-acs-2","status":"publish","type":"product","link":"https:\/\/ztsports.com\/fr\/store\/ehs-acs-2\/","title":{"rendered":"Lames EHS ACS STAY BENT Short Track"},"content":{"rendered":"<h2 class=\"product_title entry-title show-product-nav\">EHS ACS<\/h2>\n<p>EHS ACS STAYBENT SHORT TRACK BLADE Le mod\u00e8le pr\u00e9-courb\u00e9 offre la plus grande rigidit\u00e9 des lames ESH tout en conservant une bonne adh\u00e9rence dans les virages.<\/p>\n<ul class=\"ul1\">\n<li>En outre, il est fabriqu\u00e9 \u00e0 partir d&#8217;aluminium de la plus haute qualit\u00e9 en provenance des Pays-Bas.<\/li>\n<li>Premium Austrian sourced PM or Bi-metal steel runners prepared to the industry\u2019s highest tolerances<\/li>\n<li>Sans oublier les poutres de renfort au niveau des supports de coupelles pour accro\u00eetre la stabilit\u00e9 et le contr\u00f4le.<\/li>\n<li>Et ensuite assembl\u00e9 en interne par les artisans de Hagen Techniek<\/li>\n<li>Enfin, les coupelles sont fabriqu\u00e9es \u00e0 partir d&#8217;aluminium plus l\u00e9ger et plus r\u00e9sistant pour une rigidit\u00e9 et une durabilit\u00e9 accrues.<\/li>\n<\/ul>\n<p class=\"font_9\">-Successeur de l&#8217;Argon<\/p>\n<p class=\"font_9\">-Mod\u00e8le de lame le plus ferme<\/p>\n<p class=\"font_9\">-Acier Kromkamp rectifi\u00e9 lisse<\/p>\n<p class=\"font_9\">-Disponible en bi-m\u00e9tal ou en PM<\/p>\n<p class=\"font_9\">-L&#8217;alliage d&#8217;aluminium dur et fiable maintient la courbure de l&#8217;appareil.<\/p>\n<p class=\"font_9\">-Pr\u00e9-courbure tr\u00e8s pr\u00e9cise<\/p>\n<p class=\"font_9\">-Qualit\u00e9 \u00e9prouv\u00e9e<\/p>\n<p>&nbsp;<\/p>\n<p><strong>Fabriqu\u00e9 aux <a href=\"https:\/\/www.ehskates.com\/technology\" target=\"_blank\" rel=\"noopener\">Pays-Bas !<\/a><\/strong><\/p>\n<p><strong>Kim Boutin<\/strong> et les dames du CDN 500m 1\/4 de finale P\u00e9kin 2022 <a href=\"https:\/\/www.youtube.com\/watch?v=8y_VvHYY7vY&amp;list=RDCMUCOGxnF5dWQtoEz6E-msabZA&amp;index=4\" target=\"_blank\" rel=\"noopener\"><strong>sur EHS Blades <\/strong><\/a><\/p>\n<p><a href=\"https:\/\/ztsports.com\/brand\/ehs\/\">En outre, vous pouvez consulter tous les <strong>produits EHS<\/strong> ici.<\/a><\/p>\n<p><a href=\"https:\/\/ztsports.com\/product-category\/short-track\/blades\/\">Enfin, pour conna\u00eetre toutes nos<strong> lames de short track<\/strong>, cliquez ici.<\/a><\/p>\n","protected":false},"excerpt":{"rendered":"<p>EHS ACS EHS ACS STAYBENT SHORT TRACK BLADE Le mod\u00e8le pr\u00e9-courb\u00e9 offre la plus grande rigidit\u00e9 des lames ESH tout en conservant une bonne adh\u00e9rence dans les virages. En outre, il est fabriqu\u00e9 \u00e0 partir d&#8217;aluminium de la plus haute qualit\u00e9 en provenance des Pays-Bas. Premium Austrian sourced PM or Bi-metal steel runners prepared to [&hellip;]<\/p>\n","protected":false},"featured_media":18498,"comment_status":"open","ping_status":"closed","template":"","meta":{"_acf_changed":false,"_monsterinsights_skip_tracking":false,"_monsterinsights_sitenote_active":false,"_monsterinsights_sitenote_note":"","_monsterinsights_sitenote_category":0,"_uf_show_specific_survey":0,"_uf_disable_surveys":false,"site-sidebar-layout":"default","site-content-layout":"","ast-site-content-layout":"default","site-content-style":"default","site-sidebar-style":"default","ast-global-header-display":"","ast-banner-title-visibility":"","ast-main-header-display":"","ast-hfb-above-header-display":"","ast-hfb-below-header-display":"","ast-hfb-mobile-header-display":"","site-post-title":"","ast-breadcrumbs-content":"","ast-featured-img":"","footer-sml-layout":"","ast-disable-related-posts":"","theme-transparent-header-meta":"default","adv-header-id-meta":"","stick-header-meta":"","header-above-stick-meta":"","header-main-stick-meta":"","header-below-stick-meta":"","astra-migrate-meta-layouts":"set","ast-page-background-enabled":"default","ast-page-background-meta":{"desktop":{"background-color":"","background-image":"","background-repeat":"repeat","background-position":"center center","background-size":"auto","background-attachment":"scroll","background-type":"","background-media":"","overlay-type":"","overlay-color":"","overlay-opacity":"","overlay-gradient":""},"tablet":{"background-color":"","background-image":"","background-repeat":"repeat","background-position":"center center","background-size":"auto","background-attachment":"scroll","background-type":"","background-media":"","overlay-type":"","overlay-color":"","overlay-opacity":"","overlay-gradient":""},"mobile":{"background-color":"","background-image":"","background-repeat":"repeat","background-position":"center center","background-size":"auto","background-attachment":"scroll","background-type":"","background-media":"","overlay-type":"","overlay-color":"","overlay-opacity":"","overlay-gradient":""}},"ast-content-background-meta":{"desktop":{"background-color":"var(--ast-global-color-5)","background-image":"","background-repeat":"repeat","background-position":"center center","background-size":"auto","background-attachment":"scroll","background-type":"","background-media":"","overlay-type":"","overlay-color":"","overlay-opacity":"","overlay-gradient":""},"tablet":{"background-color":"var(--ast-global-color-5)","background-image":"","background-repeat":"repeat","background-position":"center center","background-size":"auto","background-attachment":"scroll","background-type":"","background-media":"","overlay-type":"","overlay-color":"","overlay-opacity":"","overlay-gradient":""},"mobile":{"background-color":"var(--ast-global-color-5)","background-image":"","background-repeat":"repeat","background-position":"center center","background-size":"auto","background-attachment":"scroll","background-type":"","background-media":"","overlay-type":"","overlay-color":"","overlay-opacity":"","overlay-gradient":""}}},"product_brand":[],"product_cat":[3395,3508,3801,3619,3620,3621,3467],"product_tag":[2281,2282,3635,3623,3497],"class_list":{"0":"post-19959","1":"product","2":"type-product","3":"status-publish","4":"has-post-thumbnail","6":"product_cat-courte-piste","7":"product_cat-lame","9":"product_cat-lames-ehs","10":"product_cat-lames-pour-piste-courte","11":"product_cat-lames-stay-bent-ehs","12":"product_cat-patinage-de-vitesse","13":"product_tag-edward-hagan","14":"product_tag-ehs-acs","15":"product_tag-lames-acs-pm","16":"product_tag-lames-pour-piste-courte","17":"product_tag-patinage-de-vitesse","18":"desktop-align-left","19":"tablet-align-left","20":"mobile-align-left","22":"first","23":"instock","24":"taxable","25":"shipping-taxable","26":"purchasable","27":"product-type-simple"},"acf":[],"_links":{"self":[{"href":"https:\/\/ztsports.com\/fr\/wp-json\/wp\/v2\/product\/19959","targetHints":{"allow":["GET"]}}],"collection":[{"href":"https:\/\/ztsports.com\/fr\/wp-json\/wp\/v2\/product"}],"about":[{"href":"https:\/\/ztsports.com\/fr\/wp-json\/wp\/v2\/types\/product"}],"replies":[{"embeddable":true,"href":"https:\/\/ztsports.com\/fr\/wp-json\/wp\/v2\/comments?post=19959"}],"version-history":[{"count":1,"href":"https:\/\/ztsports.com\/fr\/wp-json\/wp\/v2\/product\/19959\/revisions"}],"predecessor-version":[{"id":19960,"href":"https:\/\/ztsports.com\/fr\/wp-json\/wp\/v2\/product\/19959\/revisions\/19960"}],"wp:featuredmedia":[{"embeddable":true,"href":"https:\/\/ztsports.com\/fr\/wp-json\/wp\/v2\/media\/18498"}],"wp:attachment":[{"href":"https:\/\/ztsports.com\/fr\/wp-json\/wp\/v2\/media?parent=19959"}],"wp:term":[{"taxonomy":"product_brand","embeddable":true,"href":"https:\/\/ztsports.com\/fr\/wp-json\/wp\/v2\/product_brand?post=19959"},{"taxonomy":"product_cat","embeddable":true,"href":"https:\/\/ztsports.com\/fr\/wp-json\/wp\/v2\/product_cat?post=19959"},{"taxonomy":"product_tag","embeddable":true,"href":"https:\/\/ztsports.com\/fr\/wp-json\/wp\/v2\/product_tag?post=19959"}],"curies":[{"name":"wp","href":"https:\/\/api.w.org\/{rel}","templated":true}]}}