{"id":19953,"date":"2023-06-08T21:13:30","date_gmt":"2023-06-08T21:13:30","guid":{"rendered":"https:\/\/ztsports.com\/?post_type=product&#038;p=19953"},"modified":"2026-04-14T15:47:48","modified_gmt":"2026-04-14T15:47:48","slug":"lame-bi-metal-nagano","status":"publish","type":"product","link":"https:\/\/ztsports.com\/fr\/store\/lame-bi-metal-nagano\/","title":{"rendered":"Lame bi-m\u00e9tal Nagano Short Track"},"content":{"rendered":"<h1 data-rm-block-id=\"block-1\">Lame Nagano bi-m\u00e9tal<\/h1>\n<p data-rm-block-id=\"block-2\">La lame Bi-Metal Nagano Blade de Skate Tec est la meilleure lame en termes de qualit\u00e9-prix. Cette lame rappelle la sensation des lames Maple&#8217;s Gold, mais avec un patin et un pr\u00e9-cintrage que l&#8217;on retrouve sur les mod\u00e8les M-Wave, Argon et QuarQ, ce qui signifie une glisse exceptionnelle et un pr\u00e9-cintrage constant.<\/p>\n<p data-rm-block-id=\"block-3\">A seulement 499.99$ Christmas Promo pour une paire contre 699$ + produits, vous ne pouvez pas vraiment prendre une mauvaise d\u00e9cision. Nous les recommandons vivement.<\/p>\n<p data-rm-block-id=\"block-4\">GENERAL PRODUCT INFORMATION<\/p>\n<hr \/>\n<div class=\"rte product-single__description\">\n<ul>\n<li>Nom de la lame : Nagano<\/li>\n<li>Tube : Tube anodis\u00e9 en aluminium 7000<\/li>\n<li>Pilier : hauteur 36 mm<\/li>\n<li>Hauteur du tube : 24 mm<\/li>\n<li>Lame 1,1mm tick : 62HRC BiMetal ou PM sur demande<\/li>\n<li>Le BiMetal 62HRC ou le PM sur demande maintient une excellente qualit\u00e9 de tranchant et d&#8217;aff\u00fbtage<\/li>\n<li>Lame bi-m\u00e9tal : bonne glisse et plus r\u00e9sistante au contact que les PM<\/li>\n<li>Type of bent: Pre-bent<\/li>\n<li>Solidit\u00e9 : Moyenne<\/li>\n<li>\n<h3>Tailles 16&#8243; et 16.5&#8243; Promo No\u00ebl<\/h3>\n<\/li>\n<li>Sensation rappelant les <strong>lames Gold de Maple<\/strong>, mais avec un patin et un pr\u00e9-cintrage que l&#8217;on retrouve sur les mod\u00e8les M-Wave, Argon et QuarQ, ce qui signifie une glisse exceptionnelle et un pr\u00e9-cintrage constant. Id\u00e9al pour les patineurs plus l\u00e9gers.<\/li>\n<\/ul>\n<\/div>\n<p data-rm-block-id=\"block-15\">For <a href=\"https:\/\/www.skate-tec.com\/nagano.html\" target=\"_blank\" rel=\"noopener\">more info on the Skate-Tec Nagano<\/a> blade.<\/p>\n<p data-rm-block-id=\"block-16\">Enfin, vous trouverez tous les <a href=\"https:\/\/ztsports.com\/categorie-produit\/courte-piste\/lame\/?lang=fr\"><strong>Lames Short Track<\/strong><\/a> ici<\/p>\n<h3>N&#8217;oubliez pas d&#8217;ajouter la <strong><a href=\"https:\/\/ztsports.com\/produit\/preparation-des-lames-pour-la-piste-courte\/?lang=fr\">Pr\u00e9paration de la lame.<\/a><\/strong><\/h3>\n","protected":false},"excerpt":{"rendered":"<h1>Lame Nagano bi-m\u00e9tal<\/h1>\n<p>La lame Bi-Metal Nagano Blade de Skate Tec est la meilleure lame en termes de qualit\u00e9-prix. Cette lame rappelle la sensation des lames Maple&#8217;s Gold, mais avec un patin et un pr\u00e9-cintrage que l&#8217;on retrouve sur les mod\u00e8les M-Wave, Argon et QuarQ, ce qui signifie une glisse exceptionnelle et un pr\u00e9-cintrage constant.<\/p>\n<p>A seulement 499.99$ Christmas Promo pour une paire contre 699$ + produits, vous ne pouvez pas vraiment prendre une mauvaise d\u00e9cision. Nous les recommandons vivement.<\/p>\n<p>GENERAL PRODUCT INFORMATION<\/p>\n<hr \/>\n<div class=\"rte product-single__description\">\n<ul>\n<li>Nom de la lame : Nagano<\/li>\n<li>Tube : Tube anodis\u00e9 en aluminium 7000<\/li>\n<li>Pilier : hauteur 36 mm<\/li>\n<li>Hauteur du tube : 24 mm<\/li>\n<li>Lame 1,1mm tick : 62HRC BiMetal ou PM sur demande<\/li>\n<li>Le BiMetal 62HRC ou le PM sur demande maintient une excellente qualit\u00e9 de tranchant et d&#8217;aff\u00fbtage<\/li>\n<li>Lame bi-m\u00e9tal : bonne glisse et plus r\u00e9sistante au contact que les PM<\/li>\n<li>Type of bent: Pre-bent<\/li>\n<li>Solidit\u00e9 : Moyenne<\/li>\n<li>\n<h3>Lame Nagano Bi-M\u00e9tal Tailles 16&#8243; et 16.5&#8243; Promo No\u00ebl<\/h3>\n<\/li>\n<li>Sensation rappelant les <strong>lames Gold de Maple<\/strong>, mais avec un patin et un pr\u00e9-cintrage que l&#8217;on retrouve sur les mod\u00e8les M-Wave, Argon et QuarQ, ce qui signifie une glisse exceptionnelle et un pr\u00e9-cintrage constant. Id\u00e9al pour les patineurs plus l\u00e9gers.<\/li>\n<\/ul>\n<\/div>\n<p>For <a href=\"https:\/\/www.skate-tec.com\/nagano.html\">more info on the Skate-Tec Nagano<\/a> blade.<\/p>\n<p>Enfin, vous trouverez tous les <a href=\"https:\/\/ztsports.com\/categorie-produit\/courte-piste\/lame\/?lang=fr\"><strong>Lames Short Track<\/strong><\/a> ici<\/p>\n<h3>N&#8217;oubliez pas d&#8217;ajouter la <strong><a href=\"https:\/\/ztsports.com\/produit\/preparation-des-lames-pour-la-piste-courte\/?lang=fr\">Pr\u00e9paration de la lame.<\/a><\/strong><\/h3>\n","protected":false},"featured_media":19955,"comment_status":"open","ping_status":"closed","template":"","meta":{"_acf_changed":false,"_monsterinsights_skip_tracking":false,"_monsterinsights_sitenote_active":false,"_monsterinsights_sitenote_note":"","_monsterinsights_sitenote_category":0,"_uf_show_specific_survey":0,"_uf_disable_surveys":false,"site-sidebar-layout":"default","site-content-layout":"","ast-site-content-layout":"default","site-content-style":"default","site-sidebar-style":"default","ast-global-header-display":"","ast-banner-title-visibility":"","ast-main-header-display":"","ast-hfb-above-header-display":"","ast-hfb-below-header-display":"","ast-hfb-mobile-header-display":"","site-post-title":"","ast-breadcrumbs-content":"","ast-featured-img":"","footer-sml-layout":"","ast-disable-related-posts":"","theme-transparent-header-meta":"default","adv-header-id-meta":"","stick-header-meta":"","header-above-stick-meta":"","header-main-stick-meta":"","header-below-stick-meta":"","astra-migrate-meta-layouts":"set","ast-page-background-enabled":"default","ast-page-background-meta":{"desktop":{"background-color":"","background-image":"","background-repeat":"repeat","background-position":"center center","background-size":"auto","background-attachment":"scroll","background-type":"","background-media":"","overlay-type":"","overlay-color":"","overlay-opacity":"","overlay-gradient":""},"tablet":{"background-color":"","background-image":"","background-repeat":"repeat","background-position":"center center","background-size":"auto","background-attachment":"scroll","background-type":"","background-media":"","overlay-type":"","overlay-color":"","overlay-opacity":"","overlay-gradient":""},"mobile":{"background-color":"","background-image":"","background-repeat":"repeat","background-position":"center center","background-size":"auto","background-attachment":"scroll","background-type":"","background-media":"","overlay-type":"","overlay-color":"","overlay-opacity":"","overlay-gradient":""}},"ast-content-background-meta":{"desktop":{"background-color":"var(--ast-global-color-5)","background-image":"","background-repeat":"repeat","background-position":"center center","background-size":"auto","background-attachment":"scroll","background-type":"","background-media":"","overlay-type":"","overlay-color":"","overlay-opacity":"","overlay-gradient":""},"tablet":{"background-color":"var(--ast-global-color-5)","background-image":"","background-repeat":"repeat","background-position":"center center","background-size":"auto","background-attachment":"scroll","background-type":"","background-media":"","overlay-type":"","overlay-color":"","overlay-opacity":"","overlay-gradient":""},"mobile":{"background-color":"var(--ast-global-color-5)","background-image":"","background-repeat":"repeat","background-position":"center center","background-size":"auto","background-attachment":"scroll","background-type":"","background-media":"","overlay-type":"","overlay-color":"","overlay-opacity":"","overlay-gradient":""}}},"product_brand":[3326,3338],"product_cat":[3395,3508,3816,3620],"product_tag":[2809,4138,4139,2071],"class_list":{"0":"post-19953","1":"product","2":"type-product","3":"status-publish","4":"has-post-thumbnail","6":"product_brand-nagano","7":"product_brand-skate-tec","8":"product_cat-courte-piste","9":"product_cat-lame","10":"product_cat-lame-bi-metallique","11":"product_cat-lames-pour-piste-courte","12":"product_tag-bi-metal","13":"product_tag-comme-de-lor-derable","14":"product_tag-lame-bi-metal","15":"product_tag-nagano","16":"desktop-align-left","17":"tablet-align-left","18":"mobile-align-left","20":"first","21":"instock","22":"featured","23":"taxable","24":"shipping-taxable","25":"purchasable","26":"product-type-simple"},"acf":[],"_links":{"self":[{"href":"https:\/\/ztsports.com\/fr\/wp-json\/wp\/v2\/product\/19953","targetHints":{"allow":["GET"]}}],"collection":[{"href":"https:\/\/ztsports.com\/fr\/wp-json\/wp\/v2\/product"}],"about":[{"href":"https:\/\/ztsports.com\/fr\/wp-json\/wp\/v2\/types\/product"}],"replies":[{"embeddable":true,"href":"https:\/\/ztsports.com\/fr\/wp-json\/wp\/v2\/comments?post=19953"}],"version-history":[{"count":2,"href":"https:\/\/ztsports.com\/fr\/wp-json\/wp\/v2\/product\/19953\/revisions"}],"predecessor-version":[{"id":25443,"href":"https:\/\/ztsports.com\/fr\/wp-json\/wp\/v2\/product\/19953\/revisions\/25443"}],"wp:featuredmedia":[{"embeddable":true,"href":"https:\/\/ztsports.com\/fr\/wp-json\/wp\/v2\/media\/19955"}],"wp:attachment":[{"href":"https:\/\/ztsports.com\/fr\/wp-json\/wp\/v2\/media?parent=19953"}],"wp:term":[{"taxonomy":"product_brand","embeddable":true,"href":"https:\/\/ztsports.com\/fr\/wp-json\/wp\/v2\/product_brand?post=19953"},{"taxonomy":"product_cat","embeddable":true,"href":"https:\/\/ztsports.com\/fr\/wp-json\/wp\/v2\/product_cat?post=19953"},{"taxonomy":"product_tag","embeddable":true,"href":"https:\/\/ztsports.com\/fr\/wp-json\/wp\/v2\/product_tag?post=19953"}],"curies":[{"name":"wp","href":"https:\/\/api.w.org\/{rel}","templated":true}]}}