{"id":19948,"date":"2023-05-31T11:55:34","date_gmt":"2023-05-31T11:55:34","guid":{"rendered":"https:\/\/ztsports.com\/?post_type=product&#038;p=19948"},"modified":"2026-04-14T15:52:00","modified_gmt":"2026-04-14T15:52:00","slug":"ball-and-ring-skate-stretcher","status":"publish","type":"product","link":"https:\/\/ztsports.com\/fr\/store\/ball-and-ring-skate-stretcher\/","title":{"rendered":"Ball and Ring Skate Stretcher\/Boule et anneau pour patin \u00e9tireur de bottes Punch"},"content":{"rendered":"<h2 class=\"a-size-base-plus a-text-bold\">Boule et anneau pour patin \u00e9tireur de bottes Punch (Ball and Ring Skate Stretcher)<\/h2>\n<p>Le poin\u00e7on Ball and Ring Skate Stretcher Boot Punch a une construction en fonte durable. Il s&#8217;agit d&#8217;un outil indispensable pour les <strong>clubs, les entra\u00eeneurs et les responsables de l&#8217;\u00e9quipement<\/strong>.<\/p>\n<ul class=\"a-unordered-list a-vertical a-spacing-mini\">\n<li class=\"a-spacing-small\"><span class=\"a-list-item\">CONSTRUCTION DURABLE : Cr\u00e9\u00e9e \u00e0 partir de fonte, la force et la durabilit\u00e9 sont connues \u00e0 travers son processus de cr\u00e9ation. Notre appareil de traction \u00e0 billes et anneaux a \u00e9t\u00e9 con\u00e7u pour durer. La construction est de premier ordre et, gr\u00e2ce au processus de moulage, elle est suffisamment solide pour alt\u00e9rer des mat\u00e9riaux r\u00e9sistants tels que le cuir \u00e9pais. La qualit\u00e9 est l&#8217;objectif que nous nous sommes fix\u00e9 avec notre \u00e9tireur de chaussures \u00e0 billes et \u00e0 anneaux.<\/span><\/li>\n<li>Ball and Ring Skate Stretcher<\/li>\n<li class=\"a-spacing-small\"><span class=\"a-list-item\">\u00c9TIRAGE DE BUNION : Form\u00e9 par le processus de moulage, notre \u00e9tireur de boules et d&#8217;anneaux offre des traitements ponctuels cibl\u00e9s. L&#8217;\u00e9tirement ponctuel se fait par l&#8217;interm\u00e9diaire de la boule et de l&#8217;anneau de l&#8217;outil. Ils travaillent \u00e0 l&#8217;unisson ; l&#8217;extr\u00e9mit\u00e9 de l&#8217;anneau montre la zone cibl\u00e9e, tandis que la bille modifie le mat\u00e9riau. L&#8217;autre extr\u00e9mit\u00e9 de l&#8217;outil est munie d&#8217;un dispositif de verrouillage qui permet de maintenir la zone cibl\u00e9e pour des traitements cibl\u00e9s.<\/span><\/li>\n<li class=\"a-spacing-small\"><span class=\"a-list-item\">UTILISATION CIBL\u00c9E : Le stretcher \u00e0 billes et \u00e0 anneaux, que nous appelons aussi le dispositif d&#8217;\u00e9tirement ponctuel, a \u00e9t\u00e9 con\u00e7u pour les personnes qui ont besoin d&#8217;un soulagement cibl\u00e9 au niveau de leurs chaussures. Il est id\u00e9al pour modifier vos chaussures ou bottes actuelles, qu&#8217;elles soient neuves ou anciennes. Notre outil vous permet de soulager les douleurs dues aux oignons, aux cors et m\u00eame aux orteils en marteau. N&#8217;attendez pas, soyez \u00e0 l&#8217;aise la prochaine fois que vous mettrez vos chaussures ou vos bottes.<\/span><\/li>\n<li class=\"a-spacing-small\"><span class=\"a-list-item\">APPLICATIONS : Con\u00e7u pour \u00eatre \u00e0 la fois solide et durable, le tendeur de boules et d&#8217;anneaux a \u00e9t\u00e9 construit pour durer. Cet outil d&#8217;\u00e9tirement est id\u00e9al pour les chaussures en cuir comme les chaussures de ville. Il peut convenir \u00e0 certains types de bottes (si elles ne sont pas lac\u00e9es), mais il a \u00e9t\u00e9 con\u00e7u \u00e0 l&#8217;origine pour des chaussures de ville. L&#8217;extr\u00e9mit\u00e9 de la boule et de l&#8217;anneau, qui s&#8217;ins\u00e8re dans la chaussure, est courte, de sorte qu&#8217;il sera plus difficile d&#8217;ins\u00e9rer le brancard dans les chaussures qui ont plus de quatre \u0153illets.<\/span><\/li>\n<li class=\"a-spacing-small\"><span class=\"a-list-item\">CONSEILS : Nous vous recommandons d&#8217;utiliser notre chaleur et, si vous en avez, notre Spray d&#8217;\u00e9tirement en m\u00eame temps que notre Stretcher \u00e0 billes et \u00e0 anneaux. La chaleur et le spray assouplissent vos cuirs et facilitent l&#8217;\u00e9tirement cibl\u00e9 tout en hydratant vos chaussures ou bottes.<\/span><\/li>\n<li>Ball and Ring Skate Stretcher<\/li>\n<li class=\"a-spacing-small\"><span class=\"a-list-item\"><strong>Prenez votre temps<\/strong> lorsque vous utilisez tout type de dispositif d&#8217;\u00e9tirement des chaussures. Pourquoi ? Toutes les chaussures et les bottes sont construites diff\u00e9remment et vous ne devez pas risquer de casser des points de suture ou de d\u00e9chirer vos chaussures. Allez-y lentement et il faudra du temps pour \u00e9tirer des cuirs de qualit\u00e9.<\/span><\/li>\n<li><span id=\"productTitle\" class=\"a-size-large product-title-word-break\">Dispositif d&#8217;\u00e9tirement ponctuel, \u00e9tirement cibl\u00e9 pour les oignons, le ma\u00efs et les orteils en marteau<\/span><\/li>\n<li>Bien qu&#8217;il ait \u00e9t\u00e9 con\u00e7u \u00e0 l&#8217;origine pour les chaussures, il fonctionne tout aussi bien sur les chaussures de skate.<\/li>\n<li>Ball and Ring Skate Stretcher<\/li>\n<li>Voici un <a href=\"https:\/\/www.google.com\/search?q=FootFitter+Cast+Iron+Ball+%26+Ring&amp;rlz=1C1ONGR_enCA951CA951&amp;sxsrf=APwXEddRGVXmCssKY63OL3ZP8OT9mtUUhg:1685533125609&amp;source=lnms&amp;tbm=vid&amp;sa=X&amp;ved=2ahUKEwij4tWZvJ__AhW-MDQIHdLwCVwQ_AUoA3oECAIQBQ&amp;biw=1366&amp;bih=568&amp;dpr=1#fpstate=ive&amp;vld=cid:a0473700,vid:U5HL2LhhXg0\" target=\"_blank\" rel=\"noopener\"><strong>court extrait<\/strong> de son utilisation<\/a>.<\/li>\n<\/ul>\n<p><strong>Consultez \u00e9galement le site The <a href=\"https:\/\/ztsports.com\/product\/bont-skate-rip-jaws\/\">Bont <span class=\"il\">Rip<\/span> <span class=\"il\">Jaws<\/span>, qui est un outil de suppression des points chauds<\/a>.<\/strong><\/p>\n","protected":false},"excerpt":{"rendered":"<p>Boule et anneau pour patin \u00e9tireur de bottes Punch (Ball and Ring Skate Stretcher) Le poin\u00e7on Ball and Ring Skate Stretcher Boot Punch a une construction en fonte durable. Il s&#8217;agit d&#8217;un outil indispensable pour les clubs, les entra\u00eeneurs et les responsables de l&#8217;\u00e9quipement. CONSTRUCTION DURABLE : Cr\u00e9\u00e9e \u00e0 partir de fonte, la force et [&hellip;]<\/p>\n","protected":false},"featured_media":19950,"comment_status":"open","ping_status":"closed","template":"","meta":{"_acf_changed":false,"_monsterinsights_skip_tracking":false,"_monsterinsights_sitenote_active":false,"_monsterinsights_sitenote_note":"","_monsterinsights_sitenote_category":0,"_uf_show_specific_survey":0,"_uf_disable_surveys":false,"site-sidebar-layout":"default","site-content-layout":"","ast-site-content-layout":"default","site-content-style":"default","site-sidebar-style":"default","ast-global-header-display":"","ast-banner-title-visibility":"","ast-main-header-display":"","ast-hfb-above-header-display":"","ast-hfb-below-header-display":"","ast-hfb-mobile-header-display":"","site-post-title":"","ast-breadcrumbs-content":"","ast-featured-img":"","footer-sml-layout":"","ast-disable-related-posts":"","theme-transparent-header-meta":"default","adv-header-id-meta":"","stick-header-meta":"","header-above-stick-meta":"","header-main-stick-meta":"","header-below-stick-meta":"","astra-migrate-meta-layouts":"set","ast-page-background-enabled":"default","ast-page-background-meta":{"desktop":{"background-color":"","background-image":"","background-repeat":"repeat","background-position":"center center","background-size":"auto","background-attachment":"scroll","background-type":"","background-media":"","overlay-type":"","overlay-color":"","overlay-opacity":"","overlay-gradient":""},"tablet":{"background-color":"","background-image":"","background-repeat":"repeat","background-position":"center center","background-size":"auto","background-attachment":"scroll","background-type":"","background-media":"","overlay-type":"","overlay-color":"","overlay-opacity":"","overlay-gradient":""},"mobile":{"background-color":"","background-image":"","background-repeat":"repeat","background-position":"center center","background-size":"auto","background-attachment":"scroll","background-type":"","background-media":"","overlay-type":"","overlay-color":"","overlay-opacity":"","overlay-gradient":""}},"ast-content-background-meta":{"desktop":{"background-color":"var(--ast-global-color-5)","background-image":"","background-repeat":"repeat","background-position":"center center","background-size":"auto","background-attachment":"scroll","background-type":"","background-media":"","overlay-type":"","overlay-color":"","overlay-opacity":"","overlay-gradient":""},"tablet":{"background-color":"var(--ast-global-color-5)","background-image":"","background-repeat":"repeat","background-position":"center center","background-size":"auto","background-attachment":"scroll","background-type":"","background-media":"","overlay-type":"","overlay-color":"","overlay-opacity":"","overlay-gradient":""},"mobile":{"background-color":"var(--ast-global-color-5)","background-image":"","background-repeat":"repeat","background-position":"center center","background-size":"auto","background-attachment":"scroll","background-type":"","background-media":"","overlay-type":"","overlay-color":"","overlay-opacity":"","overlay-gradient":""}}},"product_brand":[3338,3365],"product_cat":[3422,3389,3391,3479,3392,3396,3489,3429],"product_tag":[],"class_list":{"0":"post-19948","1":"product","2":"type-product","3":"status-publish","4":"has-post-thumbnail","6":"product_brand-skate-tec","7":"product_brand-zt-sports","8":"product_cat-accessoires","9":"product_cat-accessoires-longue-piste","10":"product_cat-accessoires-pour-la-longue-piste","11":"product_cat-accessoires-pour-le-short-track","12":"product_cat-accessoires-short-track","13":"product_cat-accessories","14":"product_cat-offres-de-club","15":"product_cat-pieces-et-outils","16":"desktop-align-left","17":"tablet-align-left","18":"mobile-align-left","20":"first","21":"instock","22":"featured","23":"taxable","24":"shipping-taxable","25":"purchasable","26":"product-type-simple"},"acf":[],"_links":{"self":[{"href":"https:\/\/ztsports.com\/fr\/wp-json\/wp\/v2\/product\/19948","targetHints":{"allow":["GET"]}}],"collection":[{"href":"https:\/\/ztsports.com\/fr\/wp-json\/wp\/v2\/product"}],"about":[{"href":"https:\/\/ztsports.com\/fr\/wp-json\/wp\/v2\/types\/product"}],"replies":[{"embeddable":true,"href":"https:\/\/ztsports.com\/fr\/wp-json\/wp\/v2\/comments?post=19948"}],"version-history":[{"count":3,"href":"https:\/\/ztsports.com\/fr\/wp-json\/wp\/v2\/product\/19948\/revisions"}],"predecessor-version":[{"id":25445,"href":"https:\/\/ztsports.com\/fr\/wp-json\/wp\/v2\/product\/19948\/revisions\/25445"}],"wp:featuredmedia":[{"embeddable":true,"href":"https:\/\/ztsports.com\/fr\/wp-json\/wp\/v2\/media\/19950"}],"wp:attachment":[{"href":"https:\/\/ztsports.com\/fr\/wp-json\/wp\/v2\/media?parent=19948"}],"wp:term":[{"taxonomy":"product_brand","embeddable":true,"href":"https:\/\/ztsports.com\/fr\/wp-json\/wp\/v2\/product_brand?post=19948"},{"taxonomy":"product_cat","embeddable":true,"href":"https:\/\/ztsports.com\/fr\/wp-json\/wp\/v2\/product_cat?post=19948"},{"taxonomy":"product_tag","embeddable":true,"href":"https:\/\/ztsports.com\/fr\/wp-json\/wp\/v2\/product_tag?post=19948"}],"curies":[{"name":"wp","href":"https:\/\/api.w.org\/{rel}","templated":true}]}}