{"id":19942,"date":"2023-05-31T10:30:25","date_gmt":"2023-05-31T10:30:25","guid":{"rendered":"https:\/\/ztsports.com\/?post_type=product&#038;p=19942"},"modified":"2026-04-14T15:37:38","modified_gmt":"2026-04-14T15:37:38","slug":"mpc-street-fight-125mm","status":"publish","type":"product","link":"https:\/\/ztsports.com\/fr\/store\/mpc-street-fight-125mm\/","title":{"rendered":"MPC Street Fight 125mm Inline Skate Wheel"},"content":{"rendered":"<h1><strong>MPC Street Fight 125mm Inline Skate Wheel<\/strong><\/h1>\n<p>MPC Street Fight 125mm Inline Skate Wheel<br \/>\nLe volant MPC 125mm Street Fight pour le roller en ligne offre plus d&#8217;avanc\u00e9es en termes de vitesse et de performance. De plus, la Street Fight apporte des variations de rigidit\u00e9 pour ceux qui aiment m\u00e9langer les empattements afin d&#8217;optimiser leur rapport vitesse\/adh\u00e9rence.<\/p>\n<p>La roue Big 125mm Street Fight est l&#8217;alternative \u00e0 bande unique aux autres roues du march\u00e9. En outre, ils vous offriront un long roulement, une adh\u00e9rence r\u00e9active et un grand confort. Exactement ce dont vous avez besoin pour maximiser vos r\u00e9sultats et rester comp\u00e9titif, alors que le sport \u00e9volue vers ce format de roue plus grand de 125 mm.<\/p>\n<p>De plus, la Big 125 Street Fight Orange offre plus de flex alors que la Big Street Fight Black vous donne l&#8217;avantage de la rigidit\u00e9 et du roulis. Responsive and stable in the turns and rigid in the straights, the right hub mix is truly a crucial element of your speed strategy.<\/p>\n<p>Street Fight 125mm Extra Firm &#8211; il n&#8217;y a pas de place pour autre chose<\/p>\n<p>Partout, vous entendez le bruit de pieds qui marchent, qui glissent, et qui roulent plus vite et plus fort que vous ! Vous devez suivre le rythme, mais vous \u00eates fatigu\u00e9 de l&#8217;augmentation du prix des roues. Le Big Street Fight de MPC est ce que vous attendiez.<\/p>\n<p>La vitesse de pointe est plus facile \u00e0 maintenir sur le long terme avec moins d&#8217;effort sur ces roues, et le prix est correct. Les roues Big Street Fight 125mm de MPC sont des technologies performantes qui s&#8217;adaptent \u00e0 votre budget.<\/p>\n<p>La Big Street Fight 125 mm est l&#8217;alternative monobande aux autres roues du march\u00e9 qui vous offre un long roulement, une adh\u00e9rence r\u00e9active et le confort dont vous avez besoin pour maximiser vos r\u00e9sultats et rester comp\u00e9titif \u00e0 mesure que le sport \u00e9volue vers ce format de roue plus grand.<\/p>\n<p>La MPC Street Fight apporte \u00e9galement des variations de rigidit\u00e9 pour ceux qui ont besoin de varier leur empattement afin d&#8217;optimiser leur rapport vitesse\/adh\u00e9rence. Les Big Street Fight Orange offrent plus de flexibilit\u00e9 tandis que les Big Street Fight Black vous donnent l&#8217;avantage de la rigidit\u00e9 et du roulis.<\/p>\n<p>Responsive and stable in the turns and rigid in the straights, the right hub mix is truly a crucial element of your speed strategy. Levez-vous, retournez dans la rue, vous avez fait votre temps, ne prenez pas de risque ! Equipez-vous de roues MPC Big Street Fight de 125 mm pour le prix d&#8217;un jeu de roues de 110 mm \u00e9prouv\u00e9 en comp\u00e9tition !<\/p>\n<p>Vous irez jusqu&#8217;au bout, sans jamais faire de compromis ni \u00e9changer votre passion contre la gloire, les chances de r\u00e9ussite \u00e9tant de votre c\u00f4t\u00e9 sur ces roues.<\/p>\n<p>&#8211; Lorsque vous commandez des roues, le prix indiqu\u00e9 est par roue (et non par jeu). Vous avez ainsi la possibilit\u00e9 de m\u00e9langer les tailles et\/ou les duret\u00e9s des roues. Par cons\u00e9quent, si vous souhaitez acheter un jeu de 8 roues identiques, veuillez s\u00e9lectionner une quantit\u00e9 de 8.<\/p>\n<p>Fabriqu\u00e9 en : USA<br \/>\nApplication : Route ou piste<br \/>\nDiam\u00e8tre : 125 mm<br \/>\nHardness: X-Firm<br \/>\nBearing size: 608<\/p>\n<p>*Le prix s&#8217;entend par roue.<\/p>\n<p>MPC Street Fight utilise le m\u00eame compos\u00e9 que le <strong><a href=\"https:\/\/ztsports.com\/product\/bont-red-magic-125mm-wheels\/\">Bont Red Magic<\/a><\/strong>mais il n&#8217;y a pas de bande flexible \u00e0 l&#8217;int\u00e9rieur. De plus, le Street Fight n&#8217;est pas \u00e9quip\u00e9 du moyeu en aluminium rigide, ce qui permet de r\u00e9aliser des \u00e9conomies.<\/p>\n<p><strong><a href=\"https:\/\/www.rollerenligne.com\/en\/skating-hardware\/testing-the-mpc-big-black-magic-125-mm-speed-skating-wheels\/\" target=\"_blank\" rel=\"noopener\">Revue des roues MPC 125mm Bl<\/a>ack Magic, le pr\u00e9d\u00e9cesseur des Street Fight.<\/strong><\/p>\n<p><strong>Enfin, vous pouvez voir toutes nos <a href=\"https:\/\/ztsports.com\/product-category\/inline-speed-skating\/wheels\/\">roues Inline<\/a> ici.<\/strong><\/p>\n","protected":false},"excerpt":{"rendered":"<p>MPC Street Fight 125mm Inline Skate Wheel MPC Street Fight 125mm Inline Skate Wheel Le volant MPC 125mm Street Fight pour le roller en ligne offre plus d&#8217;avanc\u00e9es en termes de vitesse et de performance. De plus, la Street Fight apporte des variations de rigidit\u00e9 pour ceux qui aiment m\u00e9langer les empattements afin d&#8217;optimiser leur [&hellip;]<\/p>\n","protected":false},"featured_media":19944,"comment_status":"open","ping_status":"closed","template":"","meta":{"_acf_changed":false,"_monsterinsights_skip_tracking":false,"_monsterinsights_sitenote_active":false,"_monsterinsights_sitenote_note":"","_monsterinsights_sitenote_category":0,"_uf_show_specific_survey":0,"_uf_disable_surveys":false,"site-sidebar-layout":"default","site-content-layout":"","ast-site-content-layout":"default","site-content-style":"default","site-sidebar-style":"default","ast-global-header-display":"","ast-banner-title-visibility":"","ast-main-header-display":"","ast-hfb-above-header-display":"","ast-hfb-below-header-display":"","ast-hfb-mobile-header-display":"","site-post-title":"","ast-breadcrumbs-content":"","ast-featured-img":"","footer-sml-layout":"","ast-disable-related-posts":"","theme-transparent-header-meta":"default","adv-header-id-meta":"","stick-header-meta":"","header-above-stick-meta":"","header-main-stick-meta":"","header-below-stick-meta":"","astra-migrate-meta-layouts":"set","ast-page-background-enabled":"default","ast-page-background-meta":{"desktop":{"background-color":"","background-image":"","background-repeat":"repeat","background-position":"center center","background-size":"auto","background-attachment":"scroll","background-type":"","background-media":"","overlay-type":"","overlay-color":"","overlay-opacity":"","overlay-gradient":""},"tablet":{"background-color":"","background-image":"","background-repeat":"repeat","background-position":"center center","background-size":"auto","background-attachment":"scroll","background-type":"","background-media":"","overlay-type":"","overlay-color":"","overlay-opacity":"","overlay-gradient":""},"mobile":{"background-color":"","background-image":"","background-repeat":"repeat","background-position":"center center","background-size":"auto","background-attachment":"scroll","background-type":"","background-media":"","overlay-type":"","overlay-color":"","overlay-opacity":"","overlay-gradient":""}},"ast-content-background-meta":{"desktop":{"background-color":"var(--ast-global-color-5)","background-image":"","background-repeat":"repeat","background-position":"center center","background-size":"auto","background-attachment":"scroll","background-type":"","background-media":"","overlay-type":"","overlay-color":"","overlay-opacity":"","overlay-gradient":""},"tablet":{"background-color":"var(--ast-global-color-5)","background-image":"","background-repeat":"repeat","background-position":"center center","background-size":"auto","background-attachment":"scroll","background-type":"","background-media":"","overlay-type":"","overlay-color":"","overlay-opacity":"","overlay-gradient":""},"mobile":{"background-color":"var(--ast-global-color-5)","background-image":"","background-repeat":"repeat","background-position":"center center","background-size":"auto","background-attachment":"scroll","background-type":"","background-media":"","overlay-type":"","overlay-color":"","overlay-opacity":"","overlay-gradient":""}}},"product_brand":[],"product_cat":[3402,3467,3381,3382,3403],"product_tag":[4134,4135,2803,2804,2806,4136,4137],"class_list":{"0":"post-19942","1":"product","2":"type-product","3":"status-publish","4":"has-post-thumbnail","6":"product_cat-en-ligne","7":"product_cat-patinage-de-vitesse","8":"product_cat-patinage-de-vitesse-en-ligne","9":"product_cat-roues","10":"product_cat-wheels","11":"product_tag-combat-de-rue","12":"product_tag-combat-de-rue-mpc","13":"product_tag-junk-wheels","14":"product_tag-mpc","15":"product_tag-mpc-street-fight-125mm","16":"product_tag-roues-bont","17":"product_tag-vitesse-en-ligne-roue","18":"desktop-align-left","19":"tablet-align-left","20":"mobile-align-left","22":"first","23":"instock","24":"taxable","25":"shipping-taxable","26":"purchasable","27":"product-type-simple"},"acf":[],"_links":{"self":[{"href":"https:\/\/ztsports.com\/fr\/wp-json\/wp\/v2\/product\/19942","targetHints":{"allow":["GET"]}}],"collection":[{"href":"https:\/\/ztsports.com\/fr\/wp-json\/wp\/v2\/product"}],"about":[{"href":"https:\/\/ztsports.com\/fr\/wp-json\/wp\/v2\/types\/product"}],"replies":[{"embeddable":true,"href":"https:\/\/ztsports.com\/fr\/wp-json\/wp\/v2\/comments?post=19942"}],"version-history":[{"count":1,"href":"https:\/\/ztsports.com\/fr\/wp-json\/wp\/v2\/product\/19942\/revisions"}],"predecessor-version":[{"id":19943,"href":"https:\/\/ztsports.com\/fr\/wp-json\/wp\/v2\/product\/19942\/revisions\/19943"}],"wp:featuredmedia":[{"embeddable":true,"href":"https:\/\/ztsports.com\/fr\/wp-json\/wp\/v2\/media\/19944"}],"wp:attachment":[{"href":"https:\/\/ztsports.com\/fr\/wp-json\/wp\/v2\/media?parent=19942"}],"wp:term":[{"taxonomy":"product_brand","embeddable":true,"href":"https:\/\/ztsports.com\/fr\/wp-json\/wp\/v2\/product_brand?post=19942"},{"taxonomy":"product_cat","embeddable":true,"href":"https:\/\/ztsports.com\/fr\/wp-json\/wp\/v2\/product_cat?post=19942"},{"taxonomy":"product_tag","embeddable":true,"href":"https:\/\/ztsports.com\/fr\/wp-json\/wp\/v2\/product_tag?post=19942"}],"curies":[{"name":"wp","href":"https:\/\/api.w.org\/{rel}","templated":true}]}}