{"id":19936,"date":"2023-05-29T00:37:54","date_gmt":"2023-05-29T00:37:54","guid":{"rendered":"https:\/\/ztsports.com\/?post_type=product&#038;p=19936"},"modified":"2026-04-14T15:35:30","modified_gmt":"2026-04-14T15:35:30","slug":"savons-a-lame-happy-face","status":"publish","type":"product","link":"https:\/\/ztsports.com\/fr\/store\/savons-a-lame-happy-face\/","title":{"rendered":"Savons \u00e0 lame Happy Face RAVITAILLEURS DE VISAGE HAPPY FACE"},"content":{"rendered":"<h1><strong>TREMPETTES \u00c0 LAME &#8220;HAPPY FACE&#8221; (VISAGE HEUREUX)<\/strong><\/h1>\n<p><strong>Savons \u00e0 lame Happy Face<\/strong><\/p>\n<p>Les Blade Soakers de HAPPY FACE sont dot\u00e9s d&#8217;un bout renforc\u00e9 r\u00e9sistant aux coupures.<\/p>\n<div data-hveid=\"CBIQAQ\" data-ved=\"2ahUKEwiJ2M-h8-yGAxWmFTQIHfyWD84Qj7gIegQIEhAB\">\n<div class=\"dnXCYb\" tabindex=\"0\" role=\"button\" aria-controls=\"_W411Zsm-KKar0PEP_K2-8Aw_30\" aria-expanded=\"true\">\n<div class=\"JlqpRe\"><span class=\"JCzEY tNxQIb\"><span class=\"CSkcDe\">Est-il n\u00e9cessaire d&#8217;utiliser des trempes \u00e0 lame ? La r\u00e9ponse est simple : oui.<\/span><\/span><\/div>\n<div class=\"L3Ezfd\" data-ved=\"2ahUKEwiJ2M-h8-yGAxWmFTQIHfyWD84Quk56BAgSEAI\"><\/div>\n<\/div>\n<\/div>\n<div id=\"_W411Zsm-KKar0PEP_K2-8Aw_30\" class=\"bCOlv\" data-ved=\"2ahUKEwiJ2M-h8-yGAxWmFTQIHfyWD84Q7NUEegQIEhAE\">\n<div class=\"IZE3Td\">\n<div class=\"r2fjmd t0bRye\" data-hveid=\"CBIQBQ\" data-ved=\"2ahUKEwiJ2M-h8-yGAxWmFTQIHfyWD84Qu04oAHoECBIQBQ\">\n<div id=\"W411Zsm-KKar0PEP_K2-8Aw__16\">\n<div class=\"wDYxhc\" data-md=\"61\">\n<div class=\"LGOjhe\" role=\"heading\" data-attrid=\"wa:\/description\" aria-level=\"3\" data-hveid=\"CBcQAA\"><span class=\"ILfuVd\" lang=\"en\"><span class=\"hgKElc\">Ils permettent de garder les lames en s\u00e9curit\u00e9 dans votre <a href=\"https:\/\/ztsports.com\/product-category\/accessories\/backpacks-bags\/\"><strong>sac ou votre sac \u00e0 dos<\/strong><\/a> pendant le transport, les treillis \u00e0 bouts renforc\u00e9s prot\u00e8gent \u00e9galement les lames et les objets contenus dans le sac. De plus, les orteils renforc\u00e9s prolongent la dur\u00e9e de vie de votre lame. tous les patineurs devraient poss\u00e9der une paire de &#8220;soakers&#8221;. Les <b>soakers absorbent l&#8217;humidit\u00e9 sur vos lames et les emp\u00eachent de rouiller<\/b>. La rouille sur les lames a un aspect brun et \u00e9caill\u00e9. Elle \u00e9mousse vos patins et les rend dangereux \u00e0 utiliser.<\/span><\/span><\/div>\n<div role=\"heading\" data-attrid=\"wa:\/description\" aria-level=\"3\" data-hveid=\"CBcQAA\">Il est \u00e9galement recommand\u00e9, \u00e0 votre retour de la patinoire, de sortir vos patins du sac, d&#8217;enlever les chaussons et de les laisser s\u00e9cher \u00e0 l&#8217;air libre.<\/div>\n<\/div>\n<\/div>\n<\/div>\n<\/div>\n<\/div>\n<p><strong>Vous pouvez trouver tous nos <a href=\"https:\/\/ztsports.com\/product-category\/long-track\/blade-protection\/\">produits de protection de la lame ici<\/a>.<\/strong><\/p>\n","protected":false},"excerpt":{"rendered":"<p>TREMPETTES \u00c0 LAME &#8220;HAPPY FACE&#8221; (VISAGE HEUREUX) Savons \u00e0 lame Happy Face Les Blade Soakers de HAPPY FACE sont dot\u00e9s d&#8217;un bout renforc\u00e9 r\u00e9sistant aux coupures. Est-il n\u00e9cessaire d&#8217;utiliser des trempes \u00e0 lame ? La r\u00e9ponse est simple : oui. Ils permettent de garder les lames en s\u00e9curit\u00e9 dans votre sac ou votre sac \u00e0 [&hellip;]<\/p>\n","protected":false},"featured_media":19938,"comment_status":"open","ping_status":"closed","template":"","meta":{"_acf_changed":false,"_monsterinsights_skip_tracking":false,"_monsterinsights_sitenote_active":false,"_monsterinsights_sitenote_note":"","_monsterinsights_sitenote_category":0,"_uf_show_specific_survey":0,"_uf_disable_surveys":false,"site-sidebar-layout":"default","site-content-layout":"","ast-site-content-layout":"default","site-content-style":"default","site-sidebar-style":"default","ast-global-header-display":"","ast-banner-title-visibility":"","ast-main-header-display":"","ast-hfb-above-header-display":"","ast-hfb-below-header-display":"","ast-hfb-mobile-header-display":"","site-post-title":"","ast-breadcrumbs-content":"","ast-featured-img":"","footer-sml-layout":"","ast-disable-related-posts":"","theme-transparent-header-meta":"default","adv-header-id-meta":"","stick-header-meta":"","header-above-stick-meta":"","header-main-stick-meta":"","header-below-stick-meta":"","astra-migrate-meta-layouts":"set","ast-page-background-enabled":"default","ast-page-background-meta":{"desktop":{"background-color":"","background-image":"","background-repeat":"repeat","background-position":"center center","background-size":"auto","background-attachment":"scroll","background-type":"","background-media":"","overlay-type":"","overlay-color":"","overlay-opacity":"","overlay-gradient":""},"tablet":{"background-color":"","background-image":"","background-repeat":"repeat","background-position":"center center","background-size":"auto","background-attachment":"scroll","background-type":"","background-media":"","overlay-type":"","overlay-color":"","overlay-opacity":"","overlay-gradient":""},"mobile":{"background-color":"","background-image":"","background-repeat":"repeat","background-position":"center center","background-size":"auto","background-attachment":"scroll","background-type":"","background-media":"","overlay-type":"","overlay-color":"","overlay-opacity":"","overlay-gradient":""}},"ast-content-background-meta":{"desktop":{"background-color":"var(--ast-global-color-5)","background-image":"","background-repeat":"repeat","background-position":"center center","background-size":"auto","background-attachment":"scroll","background-type":"","background-media":"","overlay-type":"","overlay-color":"","overlay-opacity":"","overlay-gradient":""},"tablet":{"background-color":"var(--ast-global-color-5)","background-image":"","background-repeat":"repeat","background-position":"center center","background-size":"auto","background-attachment":"scroll","background-type":"","background-media":"","overlay-type":"","overlay-color":"","overlay-opacity":"","overlay-gradient":""},"mobile":{"background-color":"var(--ast-global-color-5)","background-image":"","background-repeat":"repeat","background-position":"center center","background-size":"auto","background-attachment":"scroll","background-type":"","background-media":"","overlay-type":"","overlay-color":"","overlay-opacity":"","overlay-gradient":""}}},"product_brand":[3337],"product_cat":[3389,3392,3455,3514,3508,3467,3502,3501,3877],"product_tag":[4128,4129,4130,4131,4132,4096,1752,3512,4133],"class_list":{"0":"post-19936","1":"product","2":"type-product","3":"status-publish","4":"has-post-thumbnail","6":"product_brand-sherbatov","7":"product_cat-accessoires-longue-piste","8":"product_cat-accessoires-short-track","9":"product_cat-accessories","10":"product_cat-entretien-des-lames","11":"product_cat-lame","12":"product_cat-patinage-de-vitesse","13":"product_cat-protection-de-la-lame","16":"product_tag-cadeau-patineur","17":"product_tag-couvercles-de-lames","18":"product_tag-couvertures-de-lames-de-patins-a-glace","19":"product_tag-patins-a-glace-soakers","20":"product_tag-protecteur-de-lames","21":"product_tag-protege-lame","22":"product_tag-speed-skating-equipment","23":"product_tag-trempes-a-lames","24":"product_tag-visage-heureux","25":"desktop-align-left","26":"tablet-align-left","27":"mobile-align-left","29":"first","30":"instock","31":"taxable","32":"shipping-taxable","33":"purchasable","34":"product-type-simple"},"acf":[],"_links":{"self":[{"href":"https:\/\/ztsports.com\/fr\/wp-json\/wp\/v2\/product\/19936","targetHints":{"allow":["GET"]}}],"collection":[{"href":"https:\/\/ztsports.com\/fr\/wp-json\/wp\/v2\/product"}],"about":[{"href":"https:\/\/ztsports.com\/fr\/wp-json\/wp\/v2\/types\/product"}],"replies":[{"embeddable":true,"href":"https:\/\/ztsports.com\/fr\/wp-json\/wp\/v2\/comments?post=19936"}],"version-history":[{"count":1,"href":"https:\/\/ztsports.com\/fr\/wp-json\/wp\/v2\/product\/19936\/revisions"}],"predecessor-version":[{"id":19937,"href":"https:\/\/ztsports.com\/fr\/wp-json\/wp\/v2\/product\/19936\/revisions\/19937"}],"wp:featuredmedia":[{"embeddable":true,"href":"https:\/\/ztsports.com\/fr\/wp-json\/wp\/v2\/media\/19938"}],"wp:attachment":[{"href":"https:\/\/ztsports.com\/fr\/wp-json\/wp\/v2\/media?parent=19936"}],"wp:term":[{"taxonomy":"product_brand","embeddable":true,"href":"https:\/\/ztsports.com\/fr\/wp-json\/wp\/v2\/product_brand?post=19936"},{"taxonomy":"product_cat","embeddable":true,"href":"https:\/\/ztsports.com\/fr\/wp-json\/wp\/v2\/product_cat?post=19936"},{"taxonomy":"product_tag","embeddable":true,"href":"https:\/\/ztsports.com\/fr\/wp-json\/wp\/v2\/product_tag?post=19936"}],"curies":[{"name":"wp","href":"https:\/\/api.w.org\/{rel}","templated":true}]}}