{"id":19932,"date":"2023-05-24T21:22:29","date_gmt":"2023-05-24T21:22:29","guid":{"rendered":"https:\/\/ztsports.com\/?post_type=product&#038;p=19932"},"modified":"2026-02-02T18:59:49","modified_gmt":"2026-02-02T18:59:49","slug":"bont-patriot-carbon-boa-evo-krypton","status":"publish","type":"product","link":"https:\/\/ztsports.com\/fr\/store\/bont-patriot-carbon-boa-evo-krypton\/","title":{"rendered":"BONT Patriot Carbon BOA\/EVO Krypton SE Package"},"content":{"rendered":"<h2 class=\"product_title entry-title show-product-nav\">BONT PATRIOT CARBON BOA\/\u00c9dition sp\u00e9ciale12c27 paquet<\/h2>\n<p>La BOA Bont Patriot Carbon a une nouvelle couleur vibrante.<\/p>\n<p>Plus rigide que la Patriot, la Bont Patriot Carbon BOA offre plus de soutien aux patineurs qui cherchent \u00e0 atteindre des vitesses plus \u00e9lev\u00e9es.<\/p>\n<p>Enfin, nous avons ajout\u00e9 un cadran BOA pour affiner le serrage de votre chaussure entre les s\u00e9ries.<\/p>\n<p><strong>Une extension naturelle de votre corps<\/strong><\/p>\n<p><strong>Specifications:<\/strong><\/p>\n<p>Base : Base en composite carbone pos\u00e9e \u00e0 la main<\/p>\n<p>Peau ext\u00e9rieure : Microfibre<\/p>\n<p>Doublure : Microfibre<\/p>\n<p>Semelle int\u00e9rieure : Cuir<\/p>\n<p>Moulable \u00e0 chaud : Base enti\u00e8rement moulable \u00e0 chaud utilisant une r\u00e9sine \u00e9poxy thermodurcissable.<\/p>\n<p>Rembourrage : Mousse \u00e0 m\u00e9moire de forme haute densit\u00e9<\/p>\n<p>Options de fermeture : Dual Boa dial + Lace Cover<\/p>\n<h2><strong>Lames EVO Krypton EDITION SPECIALE<\/strong> con\u00e7ues au Canada !<\/h2>\n<p>Con\u00e7ue comme une lame agile, r\u00e9active et durable, un produit de grande valeur offrant une excellente qualit\u00e9 \u00e0 un prix plus abordable, la technologie du tube Krypton a \u00e9t\u00e9 mise en \u0153uvre dans le mod\u00e8le 12C27.<\/p>\n<p>En outre, le 12C27 est un acier durable, qui conserve un tranchant et une qualit\u00e9 d&#8217;ar\u00eate excellents.<\/p>\n<p>Le 12C27 est fabriqu\u00e9 selon les m\u00eames sp\u00e9cifications et tol\u00e9rances que nos patins PM et bi-m\u00e9tal.<\/p>\n<p>Con\u00e7u au Canada et fabriqu\u00e9 en Hollande.<\/p>\n<p>Aluminium de premi\u00e8re qualit\u00e9 d&#8217;origine n\u00e9erlandaise et acier 12C27.<\/p>\n<p>Le syst\u00e8me de coupelles innovant d&#8217;Evo offre une interface de montage solide avec une mise en place et un r\u00e9glage simples et efficaces.<\/p>\n<p>Des coupelles plus hautes de 5 mm sont \u00e9galement disponibles sur demande sp\u00e9ciale.<\/p>\n<p>Cintrage : Cintrage \u00e0 la machine<\/p>\n<p><strong>Enfin l&#8217;avantage BOA<\/strong><\/p>\n<ul>\n<li>Ajustement semblable \u00e0 un gant<\/li>\n<li>Le syst\u00e8me de fermeture Boa offre un confort personnalis\u00e9 avec une fermeture r\u00e9guli\u00e8re et sans points de pression.<\/li>\n<li>\u00c0 la vol\u00e9e<\/li>\n<li>Ajustement facile d&#8217;une seule main par un tour rapide de la molette Boa. Plus besoin de s&#8217;agenouiller sur de la glace mouill\u00e9e.<\/li>\n<li>Une fermeture efficace<\/li>\n<li>Une fois verrouill\u00e9s, les moulinets et lacets Boa restent en place. Alors que les lacets de skate normaux s&#8217;\u00e9tirent de 7 \u00e0 10 %, ce qui explique pourquoi vous devez resserrer vos lacets encore et encore et encore.<\/li>\n<li>Tr\u00e8s durable<\/li>\n<li>Fabriqu\u00e9s en acier inoxydable de qualit\u00e9 a\u00e9ronautique, les lacets Boa sont plus r\u00e9sistants au gramme qu&#8217;un blindage de char d&#8217;assaut.<\/li>\n<li>Micro-ajustement<\/li>\n<li>Les moulinets Boa offrent des possibilit\u00e9s de r\u00e9glage infinies.<\/li>\n<li>Lightweight<\/li>\n<li>Les fermetures Boa \u00e9vacuent l&#8217;eau et la glace, ce qui permet de gagner un poids pr\u00e9cieux.<\/li>\n<li>Rapide<\/li>\n<li>Rapidement. Rapidement. Le boa permet de gagner du temps lors de l&#8217;enfilage des patins.<\/li>\n<li>les avantages ne manquent pas.<\/li>\n<\/ul>\n<h3><strong>\u00c9DITION SP\u00c9CIALE DE LA SAISON <\/strong><\/h3>\n<h3><strong>COMMANDEZ LE V\u00d4TRE AUJOURD&#8217;HUI ET SOYEZ PR\u00caT POUR LA SAISON 2023\/2024<\/strong><\/h3>\n<p><strong>Consultez tous nos <a href=\"https:\/\/ztsports.com\/categorie-produit\/courte-piste\/packages\/?lang=fr\">forfaits<\/a> ici.<\/strong><\/p>\n<h5 class=\"tw-data-text tw-text-large tw-ta\" dir=\"ltr\" data-placeholder=\"Translation\">Maintenant une vid\u00e9o sur <a href=\"https:\/\/www.youtube.com\/watch?v=2AfKfzVSCWk\" target=\"_blank\" rel=\"noopener\"><strong>Le moulage \u00e0 chaud des bottes Bont.<\/strong><\/a><\/h5>\n<p><a href=\"https:\/\/ztsports.com\/brand\/bont\/\"><strong>Voir tous les produits Bont ici.<\/strong><\/a><\/p>\n","protected":false},"excerpt":{"rendered":"<p>BONT PATRIOT CARBON BOA\/\u00c9dition sp\u00e9ciale12c27 paquet La BOA Bont Patriot Carbon a une nouvelle couleur vibrante. Plus rigide que la Patriot, la Bont Patriot Carbon BOA offre plus de soutien aux patineurs qui cherchent \u00e0 atteindre des vitesses plus \u00e9lev\u00e9es. Enfin, nous avons ajout\u00e9 un cadran BOA pour affiner le serrage de votre chaussure entre [&hellip;]<\/p>\n","protected":false},"featured_media":19934,"comment_status":"open","ping_status":"closed","template":"","meta":{"_acf_changed":false,"_monsterinsights_skip_tracking":false,"_monsterinsights_sitenote_active":false,"_monsterinsights_sitenote_note":"","_monsterinsights_sitenote_category":0,"_uf_show_specific_survey":0,"_uf_disable_surveys":false,"site-sidebar-layout":"default","site-content-layout":"","ast-site-content-layout":"default","site-content-style":"default","site-sidebar-style":"default","ast-global-header-display":"","ast-banner-title-visibility":"","ast-main-header-display":"","ast-hfb-above-header-display":"","ast-hfb-below-header-display":"","ast-hfb-mobile-header-display":"","site-post-title":"","ast-breadcrumbs-content":"","ast-featured-img":"","footer-sml-layout":"","ast-disable-related-posts":"","theme-transparent-header-meta":"default","adv-header-id-meta":"","stick-header-meta":"","header-above-stick-meta":"","header-main-stick-meta":"","header-below-stick-meta":"","astra-migrate-meta-layouts":"set","ast-page-background-enabled":"default","ast-page-background-meta":{"desktop":{"background-color":"","background-image":"","background-repeat":"repeat","background-position":"center center","background-size":"auto","background-attachment":"scroll","background-type":"","background-media":"","overlay-type":"","overlay-color":"","overlay-opacity":"","overlay-gradient":""},"tablet":{"background-color":"","background-image":"","background-repeat":"repeat","background-position":"center center","background-size":"auto","background-attachment":"scroll","background-type":"","background-media":"","overlay-type":"","overlay-color":"","overlay-opacity":"","overlay-gradient":""},"mobile":{"background-color":"","background-image":"","background-repeat":"repeat","background-position":"center center","background-size":"auto","background-attachment":"scroll","background-type":"","background-media":"","overlay-type":"","overlay-color":"","overlay-opacity":"","overlay-gradient":""}},"ast-content-background-meta":{"desktop":{"background-color":"var(--ast-global-color-5)","background-image":"","background-repeat":"repeat","background-position":"center center","background-size":"auto","background-attachment":"scroll","background-type":"","background-media":"","overlay-type":"","overlay-color":"","overlay-opacity":"","overlay-gradient":""},"tablet":{"background-color":"var(--ast-global-color-5)","background-image":"","background-repeat":"repeat","background-position":"center center","background-size":"auto","background-attachment":"scroll","background-type":"","background-media":"","overlay-type":"","overlay-color":"","overlay-opacity":"","overlay-gradient":""},"mobile":{"background-color":"var(--ast-global-color-5)","background-image":"","background-repeat":"repeat","background-position":"center center","background-size":"auto","background-attachment":"scroll","background-type":"","background-media":"","overlay-type":"","overlay-color":"","overlay-opacity":"","overlay-gradient":""}}},"product_brand":[3285],"product_cat":[3395,3624,3627,3467,3625],"product_tag":[2041,2781,2782,3634],"class_list":{"0":"post-19932","1":"product","2":"type-product","3":"status-publish","4":"has-post-thumbnail","6":"product_brand-bont","7":"product_cat-courte-piste","8":"product_cat-forfait-courte-piste","9":"product_cat-packages","10":"product_cat-patinage-de-vitesse","11":"product_cat-patins-de-vitesse","12":"product_tag-bont-patriot-carbon-boa","13":"product_tag-bont-patriot-carbon-boa-evo-krypton-se","14":"product_tag-evo-krypton-se","15":"product_tag-patins-de-vitesse-sur-piste-courte","16":"desktop-align-left","17":"tablet-align-left","18":"mobile-align-left","20":"first","21":"instock","22":"sale","23":"taxable","24":"shipping-taxable","25":"purchasable","26":"product-type-simple"},"acf":[],"_links":{"self":[{"href":"https:\/\/ztsports.com\/fr\/wp-json\/wp\/v2\/product\/19932","targetHints":{"allow":["GET"]}}],"collection":[{"href":"https:\/\/ztsports.com\/fr\/wp-json\/wp\/v2\/product"}],"about":[{"href":"https:\/\/ztsports.com\/fr\/wp-json\/wp\/v2\/types\/product"}],"replies":[{"embeddable":true,"href":"https:\/\/ztsports.com\/fr\/wp-json\/wp\/v2\/comments?post=19932"}],"version-history":[{"count":1,"href":"https:\/\/ztsports.com\/fr\/wp-json\/wp\/v2\/product\/19932\/revisions"}],"predecessor-version":[{"id":19933,"href":"https:\/\/ztsports.com\/fr\/wp-json\/wp\/v2\/product\/19932\/revisions\/19933"}],"wp:featuredmedia":[{"embeddable":true,"href":"https:\/\/ztsports.com\/fr\/wp-json\/wp\/v2\/media\/19934"}],"wp:attachment":[{"href":"https:\/\/ztsports.com\/fr\/wp-json\/wp\/v2\/media?parent=19932"}],"wp:term":[{"taxonomy":"product_brand","embeddable":true,"href":"https:\/\/ztsports.com\/fr\/wp-json\/wp\/v2\/product_brand?post=19932"},{"taxonomy":"product_cat","embeddable":true,"href":"https:\/\/ztsports.com\/fr\/wp-json\/wp\/v2\/product_cat?post=19932"},{"taxonomy":"product_tag","embeddable":true,"href":"https:\/\/ztsports.com\/fr\/wp-json\/wp\/v2\/product_tag?post=19932"}],"curies":[{"name":"wp","href":"https:\/\/api.w.org\/{rel}","templated":true}]}}