{"id":19921,"date":"2023-05-25T04:15:31","date_gmt":"2023-05-25T04:15:31","guid":{"rendered":"https:\/\/ztsports.com\/?post_type=product&#038;p=19921"},"modified":"2026-02-02T18:58:49","modified_gmt":"2026-02-02T18:58:49","slug":"skate-tec-quick-tips-abs","status":"publish","type":"product","link":"https:\/\/ztsports.com\/fr\/store\/skate-tec-quick-tips-abs\/","title":{"rendered":"SKATE-TEC Quick Tips Doigts protecteurs en ABS"},"content":{"rendered":"<p><strong>Les embouts de protection des doigts SKATE-TEC Quick Tips short track sont un excellent moyen de prot\u00e9ger vos gants contre l&#8217;usure rapide.<\/strong> Les patineurs de vitesse sur piste courte posent leur main gauche sur la glace dans le virage, ce qui peut rapidement faire des trous dans vos gants. Ces embouts permettent d&#8217;\u00e9viter cela.<\/p>\n<p>Enfin, ils sont disponibles dans de nombreuses couleurs vives.<\/p>\n<p>Il y a 7 embouts dans le pack, vous pouvez donc choisir les 5 qui conviennent le mieux \u00e0 la forme de vos doigts. Utilisez de la super colle en gel pour les fixer \u00e0 vos gants. <span class=\"Y2IQFc\" lang=\"en\">En outre, nous fournissons \u00e0 la colle tous nos conseils rapides.<\/span><\/p>\n<h3><strong>Features<\/strong><\/h3>\n<p>&#8211; Fabriqu\u00e9 en ABS<br \/>\n&#8211; Longue dur\u00e9e<br \/>\n&#8211; Facile \u00e0 coller<\/p>\n<p><span class=\"Y2IQFc\" lang=\"en\">En outre, nous fournissons \u00e0 la colle tous nos conseils rapides.<\/span><\/p>\n<h4 class=\"tw-data-text tw-text-large tw-ta\" dir=\"ltr\" data-placeholder=\"Translation\">Comment mettre des pointes sur des gants de patinage de vitesse ?<\/h4>\n<div>\n<div class=\"dnXCYb\" tabindex=\"0\" role=\"button\" aria-controls=\"_t6-uZKD1JPeAqtsPyd6pyAo_33\" aria-expanded=\"true\" data-hveid=\"CDkQAQ\">\n<h4 class=\"JlqpRe\"><b>Instructions de collage<\/b><\/h4>\n<\/div>\n<\/div>\n<div id=\"_t6-uZKD1JPeAqtsPyd6pyAo_33\" class=\"bCOlv\" data-ved=\"2ahUKEwjgrO2FqImAAxV3gGoFHUlvCqkQ7NUEegQIORAE\">\n<div class=\"IZE3Td\">\n<div class=\"t0bRye r2fjmd\" data-hveid=\"CDkQBQ\" data-ved=\"2ahUKEwjgrO2FqImAAxV3gGoFHUlvCqkQu04oAHoECDkQBQ\">\n<div id=\"t6-uZKD1JPeAqtsPyd6pyAo__50\">\n<div class=\"wDYxhc\" data-md=\"83\">\n<div class=\"di3YZe\">\n<div class=\"RqBzHd\">\n<ol class=\"X5LH0c\">\n<li>Commencez par des <strong>gants propres et secs<\/strong><\/li>\n<li class=\"TrT0Xe\">Le paquet contient 5 ou 7 pointes de diff\u00e9rentes tailles. Choisissez les cinq pointes qui correspondent le mieux \u00e0 la taille de vos doigts. Adaptez les embouts de protection \u00e0 votre gant.<\/li>\n<li class=\"TrT0Xe\">Appliquez de la colle sur le bord, puis un petit point au centre de la pointe. Appliquer sur des gants propres et secs. Appuyer fermement sur le gant avec la main dans le gant.<\/li>\n<li class=\"TrT0Xe\">Attendre au moins 30 minutes avant de l&#8217;utiliser.<\/li>\n<\/ol>\n<p>Finley un clip de <a href=\"https:\/\/olympics.com\/en\/video\/special-skates-and-gloves-for-short-track-speed-skaters\" target=\"_blank\" rel=\"noopener\"><strong>Olympian Skates Pivotant en utilisant leurs Quick Tips<\/strong><\/a>.<\/p>\n<\/div>\n<\/div>\n<\/div>\n<\/div>\n<\/div>\n<\/div>\n<\/div>\n<p><strong>Enfin, vous pouvez trouver toutes les couleurs et tous les styles de nos <a href=\"https:\/\/ztsports.com\/product-category\/short-track\/quick-tips\/\">Quick Tips<\/a> ici.<\/strong><\/p>\n","protected":false},"excerpt":{"rendered":"<p>Les embouts de protection des doigts SKATE-TEC Quick Tips short track sont un excellent moyen de prot\u00e9ger vos gants contre l&#8217;usure rapide. Les patineurs de vitesse sur piste courte posent leur main gauche sur la glace dans le virage, ce qui peut rapidement faire des trous dans vos gants. Ces embouts permettent d&#8217;\u00e9viter cela. Enfin, [&hellip;]<\/p>\n","protected":false},"featured_media":19923,"comment_status":"open","ping_status":"closed","template":"","meta":{"_acf_changed":false,"_monsterinsights_skip_tracking":false,"_monsterinsights_sitenote_active":false,"_monsterinsights_sitenote_note":"","_monsterinsights_sitenote_category":0,"_uf_show_specific_survey":0,"_uf_disable_surveys":false,"site-sidebar-layout":"default","site-content-layout":"","ast-site-content-layout":"default","site-content-style":"default","site-sidebar-style":"default","ast-global-header-display":"","ast-banner-title-visibility":"","ast-main-header-display":"","ast-hfb-above-header-display":"","ast-hfb-below-header-display":"","ast-hfb-mobile-header-display":"","site-post-title":"","ast-breadcrumbs-content":"","ast-featured-img":"","footer-sml-layout":"","ast-disable-related-posts":"","theme-transparent-header-meta":"default","adv-header-id-meta":"","stick-header-meta":"","header-above-stick-meta":"","header-main-stick-meta":"","header-below-stick-meta":"","astra-migrate-meta-layouts":"set","ast-page-background-enabled":"default","ast-page-background-meta":{"desktop":{"background-color":"","background-image":"","background-repeat":"repeat","background-position":"center center","background-size":"auto","background-attachment":"scroll","background-type":"","background-media":"","overlay-type":"","overlay-color":"","overlay-opacity":"","overlay-gradient":""},"tablet":{"background-color":"","background-image":"","background-repeat":"repeat","background-position":"center center","background-size":"auto","background-attachment":"scroll","background-type":"","background-media":"","overlay-type":"","overlay-color":"","overlay-opacity":"","overlay-gradient":""},"mobile":{"background-color":"","background-image":"","background-repeat":"repeat","background-position":"center center","background-size":"auto","background-attachment":"scroll","background-type":"","background-media":"","overlay-type":"","overlay-color":"","overlay-opacity":"","overlay-gradient":""}},"ast-content-background-meta":{"desktop":{"background-color":"var(--ast-global-color-5)","background-image":"","background-repeat":"repeat","background-position":"center center","background-size":"auto","background-attachment":"scroll","background-type":"","background-media":"","overlay-type":"","overlay-color":"","overlay-opacity":"","overlay-gradient":""},"tablet":{"background-color":"var(--ast-global-color-5)","background-image":"","background-repeat":"repeat","background-position":"center center","background-size":"auto","background-attachment":"scroll","background-type":"","background-media":"","overlay-type":"","overlay-color":"","overlay-opacity":"","overlay-gradient":""},"mobile":{"background-color":"var(--ast-global-color-5)","background-image":"","background-repeat":"repeat","background-position":"center center","background-size":"auto","background-attachment":"scroll","background-type":"","background-media":"","overlay-type":"","overlay-color":"","overlay-opacity":"","overlay-gradient":""}}},"product_brand":[3332,3338],"product_cat":[3479,3392,3396,4005,4003,4004,3483,3480,3481],"product_tag":[4006,3672,4008,4009,4035,3484,2785,2240,4127,1794,2426],"class_list":{"0":"post-19921","1":"product","2":"type-product","3":"status-publish","4":"has-post-thumbnail","6":"product_brand-quick-tips","7":"product_brand-skate-tec","8":"product_cat-accessoires-pour-le-short-track","9":"product_cat-accessoires-short-track","10":"product_cat-accessories","11":"product_cat-conseils-rapides","14":"product_cat-gants","15":"product_cat-gants-blancs","16":"product_cat-gants-pour-short-track","17":"product_tag-conseils-de-vitesse","18":"product_tag-conseils-pour-les-gants-de-patinage","19":"product_tag-conseils-pour-les-gants-de-patinage-de-vitesse","20":"product_tag-conseils-rapides","21":"product_tag-conseils-rapides-pour-nagano","22":"product_tag-equipement-de-protection-pour-le-patinage","23":"product_tag-quicktips","24":"product_tag-skate-tec","25":"product_tag-skate-tec-quick-tips-doigts-protecteurs-en-abs","26":"product_tag-speed-skating","27":"product_tag-zt-sports-skate-shop","28":"desktop-align-left","29":"tablet-align-left","30":"mobile-align-left","32":"first","33":"instock","34":"taxable","35":"shipping-taxable","36":"purchasable","37":"product-type-simple"},"acf":[],"_links":{"self":[{"href":"https:\/\/ztsports.com\/fr\/wp-json\/wp\/v2\/product\/19921","targetHints":{"allow":["GET"]}}],"collection":[{"href":"https:\/\/ztsports.com\/fr\/wp-json\/wp\/v2\/product"}],"about":[{"href":"https:\/\/ztsports.com\/fr\/wp-json\/wp\/v2\/types\/product"}],"replies":[{"embeddable":true,"href":"https:\/\/ztsports.com\/fr\/wp-json\/wp\/v2\/comments?post=19921"}],"version-history":[{"count":1,"href":"https:\/\/ztsports.com\/fr\/wp-json\/wp\/v2\/product\/19921\/revisions"}],"predecessor-version":[{"id":19922,"href":"https:\/\/ztsports.com\/fr\/wp-json\/wp\/v2\/product\/19921\/revisions\/19922"}],"wp:featuredmedia":[{"embeddable":true,"href":"https:\/\/ztsports.com\/fr\/wp-json\/wp\/v2\/media\/19923"}],"wp:attachment":[{"href":"https:\/\/ztsports.com\/fr\/wp-json\/wp\/v2\/media?parent=19921"}],"wp:term":[{"taxonomy":"product_brand","embeddable":true,"href":"https:\/\/ztsports.com\/fr\/wp-json\/wp\/v2\/product_brand?post=19921"},{"taxonomy":"product_cat","embeddable":true,"href":"https:\/\/ztsports.com\/fr\/wp-json\/wp\/v2\/product_cat?post=19921"},{"taxonomy":"product_tag","embeddable":true,"href":"https:\/\/ztsports.com\/fr\/wp-json\/wp\/v2\/product_tag?post=19921"}],"curies":[{"name":"wp","href":"https:\/\/api.w.org\/{rel}","templated":true}]}}