{"id":19912,"date":"2023-05-25T21:10:28","date_gmt":"2023-05-25T21:10:28","guid":{"rendered":"https:\/\/ztsports.com\/?post_type=product&#038;p=19912"},"modified":"2026-02-02T18:58:24","modified_gmt":"2026-02-02T18:58:24","slug":"bont-abs-quick-tips","status":"publish","type":"product","link":"https:\/\/ztsports.com\/fr\/store\/bont-abs-quick-tips\/","title":{"rendered":"Conseils rapides pour les bouts de doigts en ABS de Bont"},"content":{"rendered":"<h1 class=\"product_title entry-title wd-entities-title\">Conseils rapides pour les bouts de doigts en ABS de Bont<\/h1>\n<p>Le Bont ABS Quick Tips pour le doigt Des conseils pour prot\u00e9ger vos gants. Il permet aux patineurs de pivoter autour de l&#8217;Apex sans aucune tra\u00een\u00e9e.<\/p>\n<p>Embouts de protection des doigts en ABS BONT<\/p>\n<p>Prot\u00e9gez vos gants de l&#8217;usure<\/p>\n<p>Fabriqu\u00e9 en ABS<\/p>\n<p>Longue dur\u00e9e<\/p>\n<p>Facile \u00e0 coller<\/p>\n<p>Poids l\u00e9ger<\/p>\n<ul class=\"tabs wc-tabs\" role=\"tablist\">\n<li id=\"tab-title-description\" class=\"description_tab active\" role=\"tab\" aria-controls=\"tab-description\">Description<\/li>\n<\/ul>\n<div id=\"tab-description\" class=\"woocommerce-Tabs-panel woocommerce-Tabs-panel--description panel entry-content wc-tab\" role=\"tabpanel\" aria-labelledby=\"tab-title-description\">\n<div id=\"wsite-com-product-short-description\">\n<div class=\"paragraph\">\n<p>Les embouts de protection des doigts Bont short track sont un excellent moyen de prot\u00e9ger vos gants contre l&#8217;usure rapide. Les patineurs de vitesse sur piste courte posent leur main gauche sur la glace dans le virage, ce qui peut rapidement faire des trous dans vos gants. Ces embouts permettent d&#8217;\u00e9viter cela.<\/p>\n<p>Il y a 7 embouts dans le pack, vous pouvez donc choisir les 5 qui conviennent le mieux \u00e0 la forme de vos doigts. Utilisez de la super colle en gel pour les fixer \u00e0 vos gants.<\/p>\n<\/div>\n<\/div>\n<\/div>\n<pre class=\"tw-data-text tw-text-large tw-ta\" dir=\"ltr\" data-placeholder=\"Translation\"><span class=\"Y2IQFc\" lang=\"en\"><strong>In Addition all our Short Track Tips are SOLD WITH THE GLUE INCLUDED. <\/strong><\/span><\/pre>\n<h4 class=\"tw-data-text tw-text-large tw-ta\" dir=\"ltr\" data-placeholder=\"Translation\">Comment mettre des pointes sur des gants de patinage de vitesse ?<\/h4>\n<div>\n<div class=\"dnXCYb\" tabindex=\"0\" role=\"button\" aria-controls=\"_t6-uZKD1JPeAqtsPyd6pyAo_33\" aria-expanded=\"true\" data-hveid=\"CDkQAQ\">\n<h4 class=\"JlqpRe\"><b>Instructions de collage<\/b><\/h4>\n<\/div>\n<\/div>\n<div id=\"_t6-uZKD1JPeAqtsPyd6pyAo_33\" class=\"bCOlv\" data-ved=\"2ahUKEwjgrO2FqImAAxV3gGoFHUlvCqkQ7NUEegQIORAE\">\n<div class=\"IZE3Td\">\n<div class=\"t0bRye r2fjmd\" data-hveid=\"CDkQBQ\" data-ved=\"2ahUKEwjgrO2FqImAAxV3gGoFHUlvCqkQu04oAHoECDkQBQ\">\n<div id=\"t6-uZKD1JPeAqtsPyd6pyAo__50\">\n<div class=\"wDYxhc\" data-md=\"83\">\n<div class=\"di3YZe\">\n<div class=\"RqBzHd\">\n<ol class=\"X5LH0c\">\n<li>Commencez par des <strong>gants propres et secs<\/strong><\/li>\n<li class=\"TrT0Xe\">Le paquet contient 5 ou 7 pointes de diff\u00e9rentes tailles. Choisissez les cinq pointes qui correspondent le mieux \u00e0 la taille de vos doigts. Adaptez les embouts de protection \u00e0 votre gant.<\/li>\n<li class=\"TrT0Xe\">Appliquez de la colle sur le bord, puis un petit point au centre de la pointe. Appliquer sur des gants propres et secs. Appuyer fermement sur le gant avec la main dans le gant.<\/li>\n<li class=\"TrT0Xe\">Attendre au moins 30 minutes avant de l&#8217;utiliser.<\/li>\n<\/ol>\n<h3>Consultez notre s\u00e9lection de gants <a href=\"https:\/\/ztsports.com\/categorie-produit\/protection\/gants\/?lang=fr\">ici.<\/a><\/h3>\n<p>Finley un clip de <a href=\"https:\/\/olympics.com\/en\/video\/special-skates-and-gloves-for-short-track-speed-skaters\" target=\"_blank\" rel=\"noopener\"><strong>Olympian Skates Pivotant en utilisant leurs Quick Tips<\/strong><\/a>.<\/p>\n<\/div>\n<\/div>\n<\/div>\n<\/div>\n<\/div>\n<\/div>\n<\/div>\n<p><strong>Enfin, vous pouvez trouver toutes les couleurs et tous les styles de nos <a href=\"https:\/\/ztsports.com\/categorie-produit\/courte-piste\/conseils-rapides\/?lang=fr\">Quick Tips<\/a> ici.<\/strong><\/p>\n","protected":false},"excerpt":{"rendered":"<p>Conseils rapides pour les bouts de doigts en ABS de Bont Le Bont ABS Quick Tips pour le doigt Des conseils pour prot\u00e9ger vos gants. Il permet aux patineurs de pivoter autour de l&#8217;Apex sans aucune tra\u00een\u00e9e. Embouts de protection des doigts en ABS BONT Prot\u00e9gez vos gants de l&#8217;usure Fabriqu\u00e9 en ABS Longue dur\u00e9e [&hellip;]<\/p>\n","protected":false},"featured_media":19914,"comment_status":"open","ping_status":"closed","template":"","meta":{"_acf_changed":false,"_monsterinsights_skip_tracking":false,"_monsterinsights_sitenote_active":false,"_monsterinsights_sitenote_note":"","_monsterinsights_sitenote_category":0,"_uf_show_specific_survey":0,"_uf_disable_surveys":false,"site-sidebar-layout":"default","site-content-layout":"","ast-site-content-layout":"default","site-content-style":"default","site-sidebar-style":"default","ast-global-header-display":"","ast-banner-title-visibility":"","ast-main-header-display":"","ast-hfb-above-header-display":"","ast-hfb-below-header-display":"","ast-hfb-mobile-header-display":"","site-post-title":"","ast-breadcrumbs-content":"","ast-featured-img":"","footer-sml-layout":"","ast-disable-related-posts":"","theme-transparent-header-meta":"default","adv-header-id-meta":"","stick-header-meta":"","header-above-stick-meta":"","header-main-stick-meta":"","header-below-stick-meta":"","astra-migrate-meta-layouts":"set","ast-page-background-enabled":"default","ast-page-background-meta":{"desktop":{"background-color":"","background-image":"","background-repeat":"repeat","background-position":"center center","background-size":"auto","background-attachment":"scroll","background-type":"","background-media":"","overlay-type":"","overlay-color":"","overlay-opacity":"","overlay-gradient":""},"tablet":{"background-color":"","background-image":"","background-repeat":"repeat","background-position":"center center","background-size":"auto","background-attachment":"scroll","background-type":"","background-media":"","overlay-type":"","overlay-color":"","overlay-opacity":"","overlay-gradient":""},"mobile":{"background-color":"","background-image":"","background-repeat":"repeat","background-position":"center center","background-size":"auto","background-attachment":"scroll","background-type":"","background-media":"","overlay-type":"","overlay-color":"","overlay-opacity":"","overlay-gradient":""}},"ast-content-background-meta":{"desktop":{"background-color":"var(--ast-global-color-5)","background-image":"","background-repeat":"repeat","background-position":"center center","background-size":"auto","background-attachment":"scroll","background-type":"","background-media":"","overlay-type":"","overlay-color":"","overlay-opacity":"","overlay-gradient":""},"tablet":{"background-color":"var(--ast-global-color-5)","background-image":"","background-repeat":"repeat","background-position":"center center","background-size":"auto","background-attachment":"scroll","background-type":"","background-media":"","overlay-type":"","overlay-color":"","overlay-opacity":"","overlay-gradient":""},"mobile":{"background-color":"var(--ast-global-color-5)","background-image":"","background-repeat":"repeat","background-position":"center center","background-size":"auto","background-attachment":"scroll","background-type":"","background-media":"","overlay-type":"","overlay-color":"","overlay-opacity":"","overlay-gradient":""}}},"product_brand":[3352],"product_cat":[3392,4003,4004,4005,3395,3483,3480,3536],"product_tag":[2794,4008,4009,4010,4011,4012,2785],"class_list":{"0":"post-19912","1":"product","2":"type-product","3":"status-publish","4":"has-post-thumbnail","6":"product_brand-twin","7":"product_cat-accessoires-short-track","8":"product_cat-conseils-rapides","11":"product_cat-courte-piste","12":"product_cat-gants","13":"product_cat-gants-blancs","14":"product_cat-gants-de-patinage-de-vitesse","15":"product_tag-bont-abs","16":"product_tag-conseils-pour-les-gants-de-patinage-de-vitesse","17":"product_tag-conseils-rapides","18":"product_tag-conseils-rapides-sur-labs-de-bont","19":"product_tag-conseils-rapides-sur-lapa","20":"product_tag-conseils-sur-lapa","21":"product_tag-quicktips","22":"desktop-align-left","23":"tablet-align-left","24":"mobile-align-left","26":"first","27":"instock","28":"taxable","29":"shipping-taxable","30":"purchasable","31":"product-type-simple"},"acf":[],"_links":{"self":[{"href":"https:\/\/ztsports.com\/fr\/wp-json\/wp\/v2\/product\/19912","targetHints":{"allow":["GET"]}}],"collection":[{"href":"https:\/\/ztsports.com\/fr\/wp-json\/wp\/v2\/product"}],"about":[{"href":"https:\/\/ztsports.com\/fr\/wp-json\/wp\/v2\/types\/product"}],"replies":[{"embeddable":true,"href":"https:\/\/ztsports.com\/fr\/wp-json\/wp\/v2\/comments?post=19912"}],"version-history":[{"count":1,"href":"https:\/\/ztsports.com\/fr\/wp-json\/wp\/v2\/product\/19912\/revisions"}],"predecessor-version":[{"id":19913,"href":"https:\/\/ztsports.com\/fr\/wp-json\/wp\/v2\/product\/19912\/revisions\/19913"}],"wp:featuredmedia":[{"embeddable":true,"href":"https:\/\/ztsports.com\/fr\/wp-json\/wp\/v2\/media\/19914"}],"wp:attachment":[{"href":"https:\/\/ztsports.com\/fr\/wp-json\/wp\/v2\/media?parent=19912"}],"wp:term":[{"taxonomy":"product_brand","embeddable":true,"href":"https:\/\/ztsports.com\/fr\/wp-json\/wp\/v2\/product_brand?post=19912"},{"taxonomy":"product_cat","embeddable":true,"href":"https:\/\/ztsports.com\/fr\/wp-json\/wp\/v2\/product_cat?post=19912"},{"taxonomy":"product_tag","embeddable":true,"href":"https:\/\/ztsports.com\/fr\/wp-json\/wp\/v2\/product_tag?post=19912"}],"curies":[{"name":"wp","href":"https:\/\/api.w.org\/{rel}","templated":true}]}}