{"id":19882,"date":"2023-05-24T03:57:51","date_gmt":"2023-05-24T03:57:51","guid":{"rendered":"https:\/\/ztsports.com\/?post_type=product&#038;p=19882"},"modified":"2026-02-02T19:00:02","modified_gmt":"2026-02-02T19:00:02","slug":"bont-gt3-blades","status":"publish","type":"product","link":"https:\/\/ztsports.com\/fr\/store\/bont-gt3-blades\/","title":{"rendered":"BLADES BONT GT3 pour la piste courte"},"content":{"rendered":"<h1>LAMES BONT GT3<\/h1>\n<p>Les lames Bont GT3 pour le short track sont fabriqu\u00e9es \u00e0 partir du meilleur acier \u00e0 couteau japonais. En outre, le GT3 b\u00e9n\u00e9ficie de toute la technologie, y compris la recherche et le d\u00e9veloppement des lames Platinum.<\/p>\n<p>Il utilise les m\u00eames mat\u00e9riaux que le Platinum (\u00e0 l&#8217;exception du patin en acier). Enfin, l&#8217;acier de la GT3 est tremp\u00e9 gr\u00e2ce \u00e0 notre expertise de plus de 20 ans dans la fabrication de lames pour circuits courts.<\/p>\n<p>De plus, depuis son arriv\u00e9e sur le march\u00e9, la GT3 est devenue le premier choix dans la cat\u00e9gorie des lames de niveau moyen. Tr\u00e8s bonne qualit\u00e9, tr\u00e8s bon prix, et une couleur bleue tr\u00e8s rapide.<\/p>\n<div>\n<p><strong>Sp\u00e9cifications :<\/strong><br \/>\nMat\u00e9riau de la coupelle Aluminium 7075 T6<br \/>\nRayon 8m<br \/>\nLongueur 14\u2033, 14.5\u2033, 15\u2033, 15.5\u2033, 16\u2033, 16.5\u2033, 17\u2033, 17.5\u2033<br \/>\nEpaisseur de la lame 1.1mm<\/p>\n<p>Acier japonais 440A<br \/>\nDuret\u00e9 62 Rockwell<br \/>\nCintrage \u00e0 la machine<\/p>\n<p>Technologie &#8211; Pr\u00e9-courb\u00e9<\/p>\n<p class=\"txt\">Les tubes en aluminium n&#8217;aiment pas \u00eatre pli\u00e9s. Ils reviennent toujours \u00e0 la position droite. Pour r\u00e9soudre ce probl\u00e8me, nous avons deux solutions :  <\/p>\n<ul class=\"ul_list\">\n<li>Nous fabriquons le tube en aluminium qui est plus susceptible de rester pli\u00e9 que les autres marques de lames.<\/li>\n<li>Nous avons d\u00e9coup\u00e9 la fente pour la lame d&#8217;acier dans le tube d&#8217;aluminium sur une l\u00e9g\u00e8re courbure. Le tube est droit mais la lame d&#8217;acier est d\u00e9j\u00e0 l\u00e9g\u00e8rement courb\u00e9e. <\/li>\n<li>Cette courbe est l\u00e9g\u00e8re et vous devrez encore plier la lame pour obtenir la courbure optimale en fonction de votre rayon.<\/li>\n<li>Cependant, vous n&#8217;avez plus qu&#8217;\u00e0 plier tr\u00e8s l\u00e9g\u00e8rement le tube d&#8217;aluminium pour obtenir la courbure optimale. Cette faible flexion du tube n&#8217;est pas suffisante pour solliciter le tube et le r\u00e9sultat est une lame qui conserve sa courbure pendant une p\u00e9riode beaucoup plus longue. Certains patineurs n&#8217;auront jamais besoin de recourber leurs lames.  <\/li>\n<\/ul>\n<p><img decoding=\"async\" class=\" lazyloaded\" src=\"https:\/\/cdn.shopify.com\/s\/files\/1\/0048\/6242\/files\/bent_cut.jpg?v=1592384515\" alt=\"Pr\u00e9-courb\u00e9\" width=\"\" height=\"\" data-src=\"https:\/\/cdn.shopify.com\/s\/files\/1\/0048\/6242\/files\/bent_cut.jpg?v=1592384515\"><\/p>\n<\/div>\n<div>\n<p><a href=\"https:\/\/ztsports.com\/categorie-produit\/courte-piste\/lame\/?lang=fr\"><strong>Vous pouvez voir toutes nos lames Short Track ici.<\/strong><\/a><\/p>\n<p><a href=\"https:\/\/ztsports.com\/brand\/bont\/\"><strong>Vous pouvez trouver tous nos produits Bont ici. <\/strong><\/a><\/p>\n<h4>N&#8217;oubliez pas d&#8217;ajouter la <strong><a href=\"https:\/\/ztsports.com\/produit\/preparation-des-lames-pour-la-piste-courte\/?lang=fr\">Pr\u00e9paration de la lame.<\/a><\/strong><\/h4>\n<\/div>\n","protected":false},"excerpt":{"rendered":"<p>LAMES BONT GT3 Les lames Bont GT3 pour le short track sont fabriqu\u00e9es \u00e0 partir du meilleur acier \u00e0 couteau japonais. En outre, le GT3 b\u00e9n\u00e9ficie de toute la technologie, y compris la recherche et le d\u00e9veloppement des lames Platinum. Il utilise les m\u00eames mat\u00e9riaux que le Platinum (\u00e0 l&#8217;exception du patin en acier). Enfin, [&hellip;]<\/p>\n","protected":false},"featured_media":19884,"comment_status":"open","ping_status":"closed","template":"","meta":{"_acf_changed":false,"_monsterinsights_skip_tracking":false,"_monsterinsights_sitenote_active":false,"_monsterinsights_sitenote_note":"","_monsterinsights_sitenote_category":0,"_uf_show_specific_survey":0,"_uf_disable_surveys":false,"site-sidebar-layout":"default","site-content-layout":"","ast-site-content-layout":"default","site-content-style":"default","site-sidebar-style":"default","ast-global-header-display":"","ast-banner-title-visibility":"","ast-main-header-display":"","ast-hfb-above-header-display":"","ast-hfb-below-header-display":"","ast-hfb-mobile-header-display":"","site-post-title":"","ast-breadcrumbs-content":"","ast-featured-img":"","footer-sml-layout":"","ast-disable-related-posts":"","theme-transparent-header-meta":"default","adv-header-id-meta":"","stick-header-meta":"","header-above-stick-meta":"","header-main-stick-meta":"","header-below-stick-meta":"","astra-migrate-meta-layouts":"set","ast-page-background-enabled":"default","ast-page-background-meta":{"desktop":{"background-color":"","background-image":"","background-repeat":"repeat","background-position":"center center","background-size":"auto","background-attachment":"scroll","background-type":"","background-media":"","overlay-type":"","overlay-color":"","overlay-opacity":"","overlay-gradient":""},"tablet":{"background-color":"","background-image":"","background-repeat":"repeat","background-position":"center center","background-size":"auto","background-attachment":"scroll","background-type":"","background-media":"","overlay-type":"","overlay-color":"","overlay-opacity":"","overlay-gradient":""},"mobile":{"background-color":"","background-image":"","background-repeat":"repeat","background-position":"center center","background-size":"auto","background-attachment":"scroll","background-type":"","background-media":"","overlay-type":"","overlay-color":"","overlay-opacity":"","overlay-gradient":""}},"ast-content-background-meta":{"desktop":{"background-color":"var(--ast-global-color-5)","background-image":"","background-repeat":"repeat","background-position":"center center","background-size":"auto","background-attachment":"scroll","background-type":"","background-media":"","overlay-type":"","overlay-color":"","overlay-opacity":"","overlay-gradient":""},"tablet":{"background-color":"var(--ast-global-color-5)","background-image":"","background-repeat":"repeat","background-position":"center center","background-size":"auto","background-attachment":"scroll","background-type":"","background-media":"","overlay-type":"","overlay-color":"","overlay-opacity":"","overlay-gradient":""},"mobile":{"background-color":"var(--ast-global-color-5)","background-image":"","background-repeat":"repeat","background-position":"center center","background-size":"auto","background-attachment":"scroll","background-type":"","background-media":"","overlay-type":"","overlay-color":"","overlay-opacity":"","overlay-gradient":""}}},"product_brand":[3285],"product_cat":[3395,3508,3801,3712,3955,3620,3467],"product_tag":[2291,2780,3715,4121,3623],"class_list":{"0":"post-19882","1":"product","2":"type-product","3":"status-publish","4":"has-post-thumbnail","6":"product_brand-bont","7":"product_cat-courte-piste","8":"product_cat-lame","10":"product_cat-lame-bont-short-track","11":"product_cat-lames-bont","12":"product_cat-lames-pour-piste-courte","13":"product_cat-patinage-de-vitesse","14":"product_tag-bont-gt3","15":"product_tag-gt3","16":"product_tag-lames-bont","17":"product_tag-lames-bont-gt3","18":"product_tag-lames-pour-piste-courte","19":"desktop-align-left","20":"tablet-align-left","21":"mobile-align-left","23":"first","24":"instock","25":"taxable","26":"shipping-taxable","27":"purchasable","28":"product-type-simple"},"acf":[],"_links":{"self":[{"href":"https:\/\/ztsports.com\/fr\/wp-json\/wp\/v2\/product\/19882","targetHints":{"allow":["GET"]}}],"collection":[{"href":"https:\/\/ztsports.com\/fr\/wp-json\/wp\/v2\/product"}],"about":[{"href":"https:\/\/ztsports.com\/fr\/wp-json\/wp\/v2\/types\/product"}],"replies":[{"embeddable":true,"href":"https:\/\/ztsports.com\/fr\/wp-json\/wp\/v2\/comments?post=19882"}],"version-history":[{"count":1,"href":"https:\/\/ztsports.com\/fr\/wp-json\/wp\/v2\/product\/19882\/revisions"}],"predecessor-version":[{"id":19883,"href":"https:\/\/ztsports.com\/fr\/wp-json\/wp\/v2\/product\/19882\/revisions\/19883"}],"wp:featuredmedia":[{"embeddable":true,"href":"https:\/\/ztsports.com\/fr\/wp-json\/wp\/v2\/media\/19884"}],"wp:attachment":[{"href":"https:\/\/ztsports.com\/fr\/wp-json\/wp\/v2\/media?parent=19882"}],"wp:term":[{"taxonomy":"product_brand","embeddable":true,"href":"https:\/\/ztsports.com\/fr\/wp-json\/wp\/v2\/product_brand?post=19882"},{"taxonomy":"product_cat","embeddable":true,"href":"https:\/\/ztsports.com\/fr\/wp-json\/wp\/v2\/product_cat?post=19882"},{"taxonomy":"product_tag","embeddable":true,"href":"https:\/\/ztsports.com\/fr\/wp-json\/wp\/v2\/product_tag?post=19882"}],"curies":[{"name":"wp","href":"https:\/\/api.w.org\/{rel}","templated":true}]}}