{"id":19865,"date":"2023-05-22T16:24:25","date_gmt":"2023-05-22T16:24:25","guid":{"rendered":"https:\/\/ztsports.com\/?post_type=product&#038;p=19865"},"modified":"2026-02-02T19:01:19","modified_gmt":"2026-02-02T19:01:19","slug":"ehs-cosmic-long-track-blade","status":"publish","type":"product","link":"https:\/\/ztsports.com\/fr\/store\/ehs-cosmic-long-track-blade\/","title":{"rendered":"Lame de clapet EHS Cosmic Long Track"},"content":{"rendered":"<h1>Lames EHS Cosmic Long Track<\/h1>\n<p>La lame EHS Cosmic Long Track est notre mod\u00e8le de clap skate haut de gamme.<\/p>\n<ul class=\"font_9 color_11\">\n<li>\n<p class=\"font_9\"><span class=\"color_11\">Les lames bi-m\u00e9tal sont fabriqu\u00e9es dans le meilleur acier \u00e0 outils autrichien, puis tremp\u00e9es \u00e0 66hrc Rockwell.<\/span><\/p>\n<\/li>\n<li>\n<p class=\"font_9\"><span class=\"color_11\">Patins rectifi\u00e9s en surface, faciles \u00e0 \u00e9bavurer.<\/span><\/p>\n<\/li>\n<li>\n<p class=\"font_9\"><span class=\"color_11\">Roulements et ressorts en acier inoxydable.<\/span><\/p>\n<\/li>\n<li>\n<p class=\"font_9\"><span class=\"color_11\">Ponts en aluminium de haute qualit\u00e9 usin\u00e9s CNC.<\/span><\/p>\n<\/li>\n<li>\n<p class=\"font_9\"><span class=\"color_11\">En outre, les Bridges sont interchangeables avec les autres lames EHS.<\/span><\/p>\n<\/li>\n<li>\n<p class=\"font_9\">Les tubes sont plus rigides que le Superior pour donner encore plus de puissance dans les virages.<\/p>\n<\/li>\n<li>\n<p class=\"font_9\"><span class=\"color_11\">Syst\u00e8me de clapet absorbant les chocs.<\/span><\/p>\n<\/li>\n<li>\n<p class=\"font_9\"><span class=\"color_11\">Disponible dans les tailles 15.5&#8243; \u00e0 18.0&#8243;.<\/span><\/p>\n<\/li>\n<li>\n<p class=\"font_9\"><span class=\"color_11\">Convient aux tailles 35 \u00e0 48.<\/span><\/p>\n<\/li>\n<\/ul>\n<p><strong>Fabriqu\u00e9 aux Pays-Bas !<\/strong><\/p>\n<p><a href=\"https:\/\/www.ehskates.com\/technology\" target=\"_blank\" rel=\"noopener\"><strong>Staybent by EHS<\/strong><\/a>= Une technologie innovante con\u00e7ue pour capturer et convertir l&#8217;\u00e9nergie des mouvements du patineur en puissance utilisable tout en maintenant une posture de patinage stable.<\/p>\n<p><strong><a href=\"https:\/\/ztsports.com\/brand\/staybent-by-ehs\/ehs\/\">Vous pouvez voir tous les produits EHS ici.<\/a><\/strong><\/p>\n<p><a href=\"https:\/\/ztsports.com\/categorie-produit\/longue-piste\/blades-fr\/?lang=fr\"><strong>Vous pouvez voir toutes nos lames Long Track ici.<\/strong><\/a><\/p>\n","protected":false},"excerpt":{"rendered":"<p>Lames EHS Cosmic Long Track La lame EHS Cosmic Long Track est notre mod\u00e8le de clap skate haut de gamme. Les lames bi-m\u00e9tal sont fabriqu\u00e9es dans le meilleur acier \u00e0 outils autrichien, puis tremp\u00e9es \u00e0 66hrc Rockwell. Patins rectifi\u00e9s en surface, faciles \u00e0 \u00e9bavurer. Roulements et ressorts en acier inoxydable. Ponts en aluminium de haute [&hellip;]<\/p>\n","protected":false},"featured_media":19867,"comment_status":"open","ping_status":"closed","template":"","meta":{"_acf_changed":false,"_monsterinsights_skip_tracking":false,"_monsterinsights_sitenote_active":false,"_monsterinsights_sitenote_note":"","_monsterinsights_sitenote_category":0,"_uf_show_specific_survey":0,"_uf_disable_surveys":false,"site-sidebar-layout":"default","site-content-layout":"","ast-site-content-layout":"default","site-content-style":"default","site-sidebar-style":"default","ast-global-header-display":"","ast-banner-title-visibility":"","ast-main-header-display":"","ast-hfb-above-header-display":"","ast-hfb-below-header-display":"","ast-hfb-mobile-header-display":"","site-post-title":"","ast-breadcrumbs-content":"","ast-featured-img":"","footer-sml-layout":"","ast-disable-related-posts":"","theme-transparent-header-meta":"default","adv-header-id-meta":"","stick-header-meta":"","header-above-stick-meta":"","header-main-stick-meta":"","header-below-stick-meta":"","astra-migrate-meta-layouts":"set","ast-page-background-enabled":"default","ast-page-background-meta":{"desktop":{"background-color":"","background-image":"","background-repeat":"repeat","background-position":"center center","background-size":"auto","background-attachment":"scroll","background-type":"","background-media":"","overlay-type":"","overlay-color":"","overlay-opacity":"","overlay-gradient":""},"tablet":{"background-color":"","background-image":"","background-repeat":"repeat","background-position":"center center","background-size":"auto","background-attachment":"scroll","background-type":"","background-media":"","overlay-type":"","overlay-color":"","overlay-opacity":"","overlay-gradient":""},"mobile":{"background-color":"","background-image":"","background-repeat":"repeat","background-position":"center center","background-size":"auto","background-attachment":"scroll","background-type":"","background-media":"","overlay-type":"","overlay-color":"","overlay-opacity":"","overlay-gradient":""}},"ast-content-background-meta":{"desktop":{"background-color":"var(--ast-global-color-5)","background-image":"","background-repeat":"repeat","background-position":"center center","background-size":"auto","background-attachment":"scroll","background-type":"","background-media":"","overlay-type":"","overlay-color":"","overlay-opacity":"","overlay-gradient":""},"tablet":{"background-color":"var(--ast-global-color-5)","background-image":"","background-repeat":"repeat","background-position":"center center","background-size":"auto","background-attachment":"scroll","background-type":"","background-media":"","overlay-type":"","overlay-color":"","overlay-opacity":"","overlay-gradient":""},"mobile":{"background-color":"var(--ast-global-color-5)","background-image":"","background-repeat":"repeat","background-position":"center center","background-size":"auto","background-attachment":"scroll","background-type":"","background-media":"","overlay-type":"","overlay-color":"","overlay-opacity":"","overlay-gradient":""}}},"product_brand":[3296,3344],"product_cat":[3526,3801,3523,3390],"product_tag":[2616,2766,4117,3497,1752],"class_list":{"0":"post-19865","1":"product","2":"type-product","3":"status-publish","4":"has-post-thumbnail","6":"product_brand-ehs-2","7":"product_brand-stay-bent","8":"product_cat-blades","9":"product_cat-lame","10":"product_cat-lames-a-longue-voie","11":"product_cat-longue-piste","12":"product_tag-clapskate","13":"product_tag-ehs-cosmic","14":"product_tag-lames-a-longue-voie","15":"product_tag-patinage-de-vitesse","16":"product_tag-speed-skating-equipment","17":"desktop-align-left","18":"tablet-align-left","19":"mobile-align-left","21":"first","22":"instock","23":"taxable","24":"shipping-taxable","25":"purchasable","26":"product-type-simple"},"acf":[],"_links":{"self":[{"href":"https:\/\/ztsports.com\/fr\/wp-json\/wp\/v2\/product\/19865","targetHints":{"allow":["GET"]}}],"collection":[{"href":"https:\/\/ztsports.com\/fr\/wp-json\/wp\/v2\/product"}],"about":[{"href":"https:\/\/ztsports.com\/fr\/wp-json\/wp\/v2\/types\/product"}],"replies":[{"embeddable":true,"href":"https:\/\/ztsports.com\/fr\/wp-json\/wp\/v2\/comments?post=19865"}],"version-history":[{"count":1,"href":"https:\/\/ztsports.com\/fr\/wp-json\/wp\/v2\/product\/19865\/revisions"}],"predecessor-version":[{"id":19866,"href":"https:\/\/ztsports.com\/fr\/wp-json\/wp\/v2\/product\/19865\/revisions\/19866"}],"wp:featuredmedia":[{"embeddable":true,"href":"https:\/\/ztsports.com\/fr\/wp-json\/wp\/v2\/media\/19867"}],"wp:attachment":[{"href":"https:\/\/ztsports.com\/fr\/wp-json\/wp\/v2\/media?parent=19865"}],"wp:term":[{"taxonomy":"product_brand","embeddable":true,"href":"https:\/\/ztsports.com\/fr\/wp-json\/wp\/v2\/product_brand?post=19865"},{"taxonomy":"product_cat","embeddable":true,"href":"https:\/\/ztsports.com\/fr\/wp-json\/wp\/v2\/product_cat?post=19865"},{"taxonomy":"product_tag","embeddable":true,"href":"https:\/\/ztsports.com\/fr\/wp-json\/wp\/v2\/product_tag?post=19865"}],"curies":[{"name":"wp","href":"https:\/\/api.w.org\/{rel}","templated":true}]}}