{"id":19860,"date":"2023-05-22T16:46:09","date_gmt":"2023-05-22T16:46:09","guid":{"rendered":"https:\/\/ztsports.com\/?post_type=product&#038;p=19860"},"modified":"2026-02-02T19:01:07","modified_gmt":"2026-02-02T19:01:07","slug":"ehs-superior-long-track-blade","status":"publish","type":"product","link":"https:\/\/ztsports.com\/fr\/store\/ehs-superior-long-track-blade\/","title":{"rendered":"Lame de clapet EHS Superior Long Track"},"content":{"rendered":"<h1>Lame EHS Superior Long Track<\/h1>\n<p class=\"font_8\"><span class=\"color_11\">Le mod\u00e8le EHS Superior Long Track Blade, pour les patineurs qui visent une performance d&#8217;\u00e9lite. Avec La structure tubulaire en forme de V, fabriqu\u00e9e en acier extr\u00eamement fin \u00e0 haute r\u00e9sistance, donne une lame l\u00e9g\u00e8re et facile \u00e0 contr\u00f4ler.<\/span><\/p>\n<ul class=\"font_9 color_11\">\n<li>\n<p class=\"font_9\"><span class=\"color_11\">Lames bim\u00e9talliques fabriqu\u00e9es \u00e0 partir du meilleur acier \u00e0 outils autrichien.<\/span><\/p>\n<\/li>\n<li><span class=\"color_11\">Offrant un tube soud\u00e9 au laser et un design innovant en forme de V.<\/span><\/li>\n<li>Fabriqu\u00e9 \u00e0 partir d&#8217;un acier de premi\u00e8re qualit\u00e9 \u00e0 parois minces.<\/li>\n<li>Il offre ainsi un \u00e9quilibre optimal entre le contr\u00f4le et la force.<\/li>\n<li>\n<p class=\"font_8\"><span class=\"color_11\">In addition all runners are next manufactured to world class standards. <\/span><\/p>\n<\/li>\n<li>\n<p class=\"font_8\"><span class=\"color_11\">L&#8217;acier B<\/span><span class=\"color_11\">i-m\u00e9tal poss\u00e8de d&#8217;excellentes propri\u00e9t\u00e9s d&#8217;aff\u00fbtage et d&#8217;\u00e9barbage.<\/span><\/p>\n<\/li>\n<li>\n<p class=\"font_9\"><span class=\"color_11\">Roulements et ressorts en acier inoxydable inclus.<\/span><\/p>\n<\/li>\n<li>\n<p class=\"font_9\"><span class=\"color_11\">De plus, l&#8217;aluminium est de haute qualit\u00e9 et les ponts sont usin\u00e9s CNC.<\/span><\/p>\n<\/li>\n<li>\n<p class=\"font_9\"><span class=\"color_11\">En outre, et c&#8217;est tout aussi important, les ponts sont interchangeables avec d&#8217;autres lames EHS.<\/span><\/p>\n<\/li>\n<li>\n<p class=\"font_9\"><span class=\"color_11\">Enfin, le syst\u00e8me de clapet amortisseur.<\/span><\/p>\n<\/li>\n<li>\n<p class=\"font_9\"><span class=\"color_11\">Disponible dans les tailles 16.0&#8243; \u00e0 18.0\u2033. <\/span><\/p>\n<\/li>\n<li>\n<p class=\"font_9\"><span class=\"color_11\">et les tailles <\/span><span class=\"color_11\">35 \u00e0 48.<\/span><\/p>\n<\/li>\n<\/ul>\n<p><strong>Fabriqu\u00e9 aux Pays-Bas !<\/strong><\/p>\n<p><strong><a href=\"https:\/\/ztsports.com\/brand\/staybent-by-ehs\/ehs\/\">Vous pouvez consulter tous les produits EHS ici.<\/a><\/strong><\/p>\n<p><a href=\"https:\/\/www.ehskates.com\/technology\" target=\"_blank\" rel=\"noopener\"><strong>Staybent by EHS<\/strong><\/a>= Une technologie innovante con\u00e7ue pour capturer et convertir l&#8217;\u00e9nergie des mouvements du patineur en puissance utilisable tout en maintenant une posture de patinage stable.<\/p>\n<p><a href=\"https:\/\/ztsports.com\/categorie-produit\/longue-piste\/blades-fr\/?lang=fr\"><strong>Vous pouvez voir toutes les lames Long Track ici.<\/strong><\/a><\/p>\n<h3 data-rm-block-id=\"block-14\">N&#8217;oubliez pas d&#8217;ajouter la <strong><a href=\"https:\/\/ztsports.com\/produit\/preparation-des-lames-pour-la-piste-courte\/?lang=fr\">Pr\u00e9paration de la lame.<\/a><\/strong><\/h3>\n","protected":false},"excerpt":{"rendered":"<p>Lame EHS Superior Long Track Le mod\u00e8le EHS Superior Long Track Blade, pour les patineurs qui visent une performance d&#8217;\u00e9lite. Avec La structure tubulaire en forme de V, fabriqu\u00e9e en acier extr\u00eamement fin \u00e0 haute r\u00e9sistance, donne une lame l\u00e9g\u00e8re et facile \u00e0 contr\u00f4ler. Lames bim\u00e9talliques fabriqu\u00e9es \u00e0 partir du meilleur acier \u00e0 outils autrichien. [&hellip;]<\/p>\n","protected":false},"featured_media":19862,"comment_status":"open","ping_status":"closed","template":"","meta":{"_acf_changed":false,"_monsterinsights_skip_tracking":false,"_monsterinsights_sitenote_active":false,"_monsterinsights_sitenote_note":"","_monsterinsights_sitenote_category":0,"_uf_show_specific_survey":0,"_uf_disable_surveys":false,"site-sidebar-layout":"default","site-content-layout":"","ast-site-content-layout":"default","site-content-style":"default","site-sidebar-style":"default","ast-global-header-display":"","ast-banner-title-visibility":"","ast-main-header-display":"","ast-hfb-above-header-display":"","ast-hfb-below-header-display":"","ast-hfb-mobile-header-display":"","site-post-title":"","ast-breadcrumbs-content":"","ast-featured-img":"","footer-sml-layout":"","ast-disable-related-posts":"","theme-transparent-header-meta":"default","adv-header-id-meta":"","stick-header-meta":"","header-above-stick-meta":"","header-main-stick-meta":"","header-below-stick-meta":"","astra-migrate-meta-layouts":"set","ast-page-background-enabled":"default","ast-page-background-meta":{"desktop":{"background-color":"","background-image":"","background-repeat":"repeat","background-position":"center center","background-size":"auto","background-attachment":"scroll","background-type":"","background-media":"","overlay-type":"","overlay-color":"","overlay-opacity":"","overlay-gradient":""},"tablet":{"background-color":"","background-image":"","background-repeat":"repeat","background-position":"center center","background-size":"auto","background-attachment":"scroll","background-type":"","background-media":"","overlay-type":"","overlay-color":"","overlay-opacity":"","overlay-gradient":""},"mobile":{"background-color":"","background-image":"","background-repeat":"repeat","background-position":"center center","background-size":"auto","background-attachment":"scroll","background-type":"","background-media":"","overlay-type":"","overlay-color":"","overlay-opacity":"","overlay-gradient":""}},"ast-content-background-meta":{"desktop":{"background-color":"var(--ast-global-color-5)","background-image":"","background-repeat":"repeat","background-position":"center center","background-size":"auto","background-attachment":"scroll","background-type":"","background-media":"","overlay-type":"","overlay-color":"","overlay-opacity":"","overlay-gradient":""},"tablet":{"background-color":"var(--ast-global-color-5)","background-image":"","background-repeat":"repeat","background-position":"center center","background-size":"auto","background-attachment":"scroll","background-type":"","background-media":"","overlay-type":"","overlay-color":"","overlay-opacity":"","overlay-gradient":""},"mobile":{"background-color":"var(--ast-global-color-5)","background-image":"","background-repeat":"repeat","background-position":"center center","background-size":"auto","background-attachment":"scroll","background-type":"","background-media":"","overlay-type":"","overlay-color":"","overlay-opacity":"","overlay-gradient":""}}},"product_brand":[3296,3344],"product_cat":[3526,3523,3390,3626],"product_tag":[2616,4116,4117,3497,1752],"class_list":{"0":"post-19860","1":"product","2":"type-product","3":"status-publish","4":"has-post-thumbnail","6":"product_brand-ehs-2","7":"product_brand-stay-bent","8":"product_cat-blades","9":"product_cat-lames-a-longue-voie","10":"product_cat-longue-piste","11":"product_cat-super-vente","12":"product_tag-clapskate","13":"product_tag-ehs-superieur","14":"product_tag-lames-a-longue-voie","15":"product_tag-patinage-de-vitesse","16":"product_tag-speed-skating-equipment","17":"desktop-align-left","18":"tablet-align-left","19":"mobile-align-left","21":"first","22":"instock","23":"sale","24":"taxable","25":"shipping-taxable","26":"purchasable","27":"product-type-simple"},"acf":[],"_links":{"self":[{"href":"https:\/\/ztsports.com\/fr\/wp-json\/wp\/v2\/product\/19860","targetHints":{"allow":["GET"]}}],"collection":[{"href":"https:\/\/ztsports.com\/fr\/wp-json\/wp\/v2\/product"}],"about":[{"href":"https:\/\/ztsports.com\/fr\/wp-json\/wp\/v2\/types\/product"}],"replies":[{"embeddable":true,"href":"https:\/\/ztsports.com\/fr\/wp-json\/wp\/v2\/comments?post=19860"}],"version-history":[{"count":1,"href":"https:\/\/ztsports.com\/fr\/wp-json\/wp\/v2\/product\/19860\/revisions"}],"predecessor-version":[{"id":19861,"href":"https:\/\/ztsports.com\/fr\/wp-json\/wp\/v2\/product\/19860\/revisions\/19861"}],"wp:featuredmedia":[{"embeddable":true,"href":"https:\/\/ztsports.com\/fr\/wp-json\/wp\/v2\/media\/19862"}],"wp:attachment":[{"href":"https:\/\/ztsports.com\/fr\/wp-json\/wp\/v2\/media?parent=19860"}],"wp:term":[{"taxonomy":"product_brand","embeddable":true,"href":"https:\/\/ztsports.com\/fr\/wp-json\/wp\/v2\/product_brand?post=19860"},{"taxonomy":"product_cat","embeddable":true,"href":"https:\/\/ztsports.com\/fr\/wp-json\/wp\/v2\/product_cat?post=19860"},{"taxonomy":"product_tag","embeddable":true,"href":"https:\/\/ztsports.com\/fr\/wp-json\/wp\/v2\/product_tag?post=19860"}],"curies":[{"name":"wp","href":"https:\/\/api.w.org\/{rel}","templated":true}]}}