{"id":19852,"date":"2023-05-22T18:14:54","date_gmt":"2023-05-22T18:14:54","guid":{"rendered":"https:\/\/ztsports.com\/?post_type=product&#038;p=19852"},"modified":"2026-02-02T19:00:52","modified_gmt":"2026-02-02T19:00:52","slug":"ehs-chrome-long-track-blade","status":"publish","type":"product","link":"https:\/\/ztsports.com\/fr\/store\/ehs-chrome-long-track-blade\/","title":{"rendered":"EHS Chrome Long Track Clap Blade NEW"},"content":{"rendered":"<h1>EHS Chrome Long Track Blade<\/h1>\n<p>La lame longue piste EHS Chrome est une lame longue piste d&#8217;entr\u00e9e de gamme \u00e9conomique.<\/p>\n<p>Le clap d&#8217;entr\u00e9e de gamme d&#8217;EHS offre un ensemble de qualit\u00e9 \u00e0 un prix rentable avec l&#8217;option suppl\u00e9mentaire d&#8217;un espacement de 165\/195 pour s&#8217;adapter aux bottes de short track ou d&#8217;inline.<\/p>\n<ul>\n<li>\n<p class=\"font_8\"><span class=\"color_11\">Tout d&#8217;abord, le tube est fabriqu\u00e9 \u00e0 partir d&#8217;un aluminium de haute qualit\u00e9 utilis\u00e9 dans l&#8217;industrie a\u00e9ronautique.<\/span><\/p>\n<\/li>\n<li>\n<p class=\"font_8\"><span class=\"color_11\">Ensuite, la l\u00e8vre exclusive en forme d&#8217;arc cr\u00e9e une flexion sous la charni\u00e8re, ce qui se traduit par une direction naturelle et sans effort de la lame.<\/span><\/p>\n<\/li>\n<li>\n<p class=\"font_8\"><span class=\"color_11\">Les patins en acier inoxydable sont ensuite rectifi\u00e9s et tremp\u00e9s selon des tol\u00e9rances pr\u00e9cises.<\/span><\/p>\n<\/li>\n<li>\n<p class=\"font_8\"><span class=\"color_11\">En outre, les patins sont coup\u00e9s avec un rayon de bascule standard de 24 m\u00e8tres.<\/span><\/p>\n<\/li>\n<li>\n<p class=\"font_8\"><span class=\"color_11\">En outre, les ponts sont usin\u00e9s CNC \u00e0 partir d&#8217;un bloc d&#8217;aluminium de haute qualit\u00e9.<\/span><\/p>\n<\/li>\n<li>\n<p class=\"font_8\"><span class=\"color_11\">En plus d&#8217;un syst\u00e8me d&#8217;amortissement et de ressorts durable<\/span><\/p>\n<\/li>\n<li>\n<p class=\"font_8\"><span class=\"color_11\">Peut s&#8217;adapter aux bottes de taille 32-48 et aux lames de 16.0-18.0&#8243;.<\/span><\/p>\n<\/li>\n<li>\n<p class=\"font_8\"><span class=\"color_11\">Longueurs de lame disponibles 13.0-18.0&#8243;.<\/span><\/p>\n<\/li>\n<\/ul>\n<p><strong>Enfin, ils sont \u00e9galement disponibles avec des supports Bridge 165\/195 pour les chaussures Short track ou Inline.<\/strong><\/p>\n<p><strong>Fabriqu\u00e9 aux Pays-Bas <\/strong><a href=\"https:\/\/www.google.com\/maps\/place\/EHS-StayBent\/@52.5056104,4.7009933,15z\/data=!4m6!3m5!1s0x47c5fb3f2bbd5f6b:0x3ea90eb0e3a12d46!8m2!3d52.5056104!4d4.7009933!16s%2Fg%2F11fv1dw_1p?entry=ttu\" target=\"_blank\" rel=\"noopener\">Pays-Bas !<\/a><\/p>\n<p><strong><a href=\"https:\/\/ztsports.com\/brand\/ehs\/\">Vous pouvez consulter tous les produits EHS ici.<\/a><\/strong><\/p>\n<p><a href=\"https:\/\/ztsports.com\/product-category\/long-track\/blades1\/\"><strong>Vous pouvez voir toutes les lames Long Track ici.<\/strong><\/a><\/p>\n","protected":false},"excerpt":{"rendered":"<p>EHS Chrome Long Track Blade La lame longue piste EHS Chrome est une lame longue piste d&#8217;entr\u00e9e de gamme \u00e9conomique. Le clap d&#8217;entr\u00e9e de gamme d&#8217;EHS offre un ensemble de qualit\u00e9 \u00e0 un prix rentable avec l&#8217;option suppl\u00e9mentaire d&#8217;un espacement de 165\/195 pour s&#8217;adapter aux bottes de short track ou d&#8217;inline. Tout d&#8217;abord, le tube [&hellip;]<\/p>\n","protected":false},"featured_media":19854,"comment_status":"open","ping_status":"closed","template":"","meta":{"_acf_changed":false,"_monsterinsights_skip_tracking":false,"_monsterinsights_sitenote_active":false,"_monsterinsights_sitenote_note":"","_monsterinsights_sitenote_category":0,"_uf_show_specific_survey":0,"_uf_disable_surveys":false,"site-sidebar-layout":"default","site-content-layout":"","ast-site-content-layout":"default","site-content-style":"default","site-sidebar-style":"default","ast-global-header-display":"","ast-banner-title-visibility":"","ast-main-header-display":"","ast-hfb-above-header-display":"","ast-hfb-below-header-display":"","ast-hfb-mobile-header-display":"","site-post-title":"","ast-breadcrumbs-content":"","ast-featured-img":"","footer-sml-layout":"","ast-disable-related-posts":"","theme-transparent-header-meta":"default","adv-header-id-meta":"","stick-header-meta":"","header-above-stick-meta":"","header-main-stick-meta":"","header-below-stick-meta":"","astra-migrate-meta-layouts":"set","ast-page-background-enabled":"default","ast-page-background-meta":{"desktop":{"background-color":"","background-image":"","background-repeat":"repeat","background-position":"center center","background-size":"auto","background-attachment":"scroll","background-type":"","background-media":"","overlay-type":"","overlay-color":"","overlay-opacity":"","overlay-gradient":""},"tablet":{"background-color":"","background-image":"","background-repeat":"repeat","background-position":"center center","background-size":"auto","background-attachment":"scroll","background-type":"","background-media":"","overlay-type":"","overlay-color":"","overlay-opacity":"","overlay-gradient":""},"mobile":{"background-color":"","background-image":"","background-repeat":"repeat","background-position":"center center","background-size":"auto","background-attachment":"scroll","background-type":"","background-media":"","overlay-type":"","overlay-color":"","overlay-opacity":"","overlay-gradient":""}},"ast-content-background-meta":{"desktop":{"background-color":"var(--ast-global-color-5)","background-image":"","background-repeat":"repeat","background-position":"center center","background-size":"auto","background-attachment":"scroll","background-type":"","background-media":"","overlay-type":"","overlay-color":"","overlay-opacity":"","overlay-gradient":""},"tablet":{"background-color":"var(--ast-global-color-5)","background-image":"","background-repeat":"repeat","background-position":"center center","background-size":"auto","background-attachment":"scroll","background-type":"","background-media":"","overlay-type":"","overlay-color":"","overlay-opacity":"","overlay-gradient":""},"mobile":{"background-color":"var(--ast-global-color-5)","background-image":"","background-repeat":"repeat","background-position":"center center","background-size":"auto","background-attachment":"scroll","background-type":"","background-media":"","overlay-type":"","overlay-color":"","overlay-opacity":"","overlay-gradient":""}}},"product_brand":[3296,3344,3346],"product_cat":[3526,3523,3619,3621,3390],"product_tag":[4114,2650,2770,3385,4115],"class_list":{"0":"post-19852","1":"product","2":"type-product","3":"status-publish","4":"has-post-thumbnail","6":"product_brand-ehs-2","7":"product_brand-stay-bent","8":"product_brand-staybent-by-ehs","9":"product_cat-blades","10":"product_cat-lames-a-longue-voie","11":"product_cat-lames-ehs","12":"product_cat-lames-stay-bent-ehs","13":"product_cat-longue-piste","14":"product_tag-applaudir","15":"product_tag-edward-hagen","16":"product_tag-ehs-alu-chrome-clap","17":"product_tag-en-ligne","18":"product_tag-staybent-par-ehs-alu-chrome-clap","19":"desktop-align-left","20":"tablet-align-left","21":"mobile-align-left","23":"first","24":"instock","25":"featured","26":"taxable","27":"shipping-taxable","28":"purchasable","29":"product-type-simple"},"acf":[],"_links":{"self":[{"href":"https:\/\/ztsports.com\/fr\/wp-json\/wp\/v2\/product\/19852","targetHints":{"allow":["GET"]}}],"collection":[{"href":"https:\/\/ztsports.com\/fr\/wp-json\/wp\/v2\/product"}],"about":[{"href":"https:\/\/ztsports.com\/fr\/wp-json\/wp\/v2\/types\/product"}],"replies":[{"embeddable":true,"href":"https:\/\/ztsports.com\/fr\/wp-json\/wp\/v2\/comments?post=19852"}],"version-history":[{"count":1,"href":"https:\/\/ztsports.com\/fr\/wp-json\/wp\/v2\/product\/19852\/revisions"}],"predecessor-version":[{"id":19853,"href":"https:\/\/ztsports.com\/fr\/wp-json\/wp\/v2\/product\/19852\/revisions\/19853"}],"wp:featuredmedia":[{"embeddable":true,"href":"https:\/\/ztsports.com\/fr\/wp-json\/wp\/v2\/media\/19854"}],"wp:attachment":[{"href":"https:\/\/ztsports.com\/fr\/wp-json\/wp\/v2\/media?parent=19852"}],"wp:term":[{"taxonomy":"product_brand","embeddable":true,"href":"https:\/\/ztsports.com\/fr\/wp-json\/wp\/v2\/product_brand?post=19852"},{"taxonomy":"product_cat","embeddable":true,"href":"https:\/\/ztsports.com\/fr\/wp-json\/wp\/v2\/product_cat?post=19852"},{"taxonomy":"product_tag","embeddable":true,"href":"https:\/\/ztsports.com\/fr\/wp-json\/wp\/v2\/product_tag?post=19852"}],"curies":[{"name":"wp","href":"https:\/\/api.w.org\/{rel}","templated":true}]}}