{"id":19845,"date":"2023-05-22T18:38:54","date_gmt":"2023-05-22T18:38:54","guid":{"rendered":"https:\/\/ztsports.com\/?post_type=product&#038;p=19845"},"modified":"2026-02-02T19:00:40","modified_gmt":"2026-02-02T19:00:40","slug":"ehs-synergy-long-track-blade","status":"publish","type":"product","link":"https:\/\/ztsports.com\/fr\/store\/ehs-synergy-long-track-blade\/","title":{"rendered":"EHS SYNERGY Long Track Clap BLADE"},"content":{"rendered":"<p>La synergie EHS \u00e0 long terme Clapskate<\/p>\n<ul>\n<li class=\"wixui-rich-text__text\">\n<p class=\"font_8 wixui-rich-text__text\"><span class=\"wixui-rich-text__text\">Le Synergy est l&#8217;offre de clap de haute performance d&#8217;EHS.<\/span><\/p>\n<\/li>\n<li class=\"wixui-rich-text__text\">\n<p class=\"font_8 wixui-rich-text__text\"><span class=\"wixui-rich-text__text\">L&#8217;acier de coul\u00e9e bim\u00e9tallique d&#8217;EHS provient d&#8217;Autriche.<\/span><\/p>\n<\/li>\n<li class=\"wixui-rich-text__text\">\n<p class=\"font_8 wixui-rich-text__text\"><span class=\"wixui-rich-text__text\">Tous les coureurs sont fabriqu\u00e9s selon des normes de classe mondiale.<\/span><\/p>\n<\/li>\n<li class=\"wixui-rich-text__text\">\n<p class=\"font_8 wixui-rich-text__text\"><span class=\"wixui-rich-text__text\">Notre acier bim\u00e9tallique poss\u00e8de d&#8217;excellentes propri\u00e9t\u00e9s d&#8217;aff\u00fbtage.<\/span><\/p>\n<\/li>\n<li class=\"wixui-rich-text__text\">\n<p class=\"font_8 wixui-rich-text__text\"><span class=\"wixui-rich-text__text\">Ponts usin\u00e9s CNC en aluminium monobloc de haute qualit\u00e9<\/span><\/p>\n<\/li>\n<li class=\"wixui-rich-text__text\">\n<p class=\"font_8 wixui-rich-text__text\"><span class=\"wixui-rich-text__text\">Syst\u00e8mes d&#8217;amortissement et de ressorts durables<\/span><\/p>\n<\/li>\n<li class=\"wixui-rich-text__text\">\n<p class=\"font_8 wixui-rich-text__text\"><span class=\"wixui-rich-text__text\">Peut s&#8217;adapter \u00e0 des bottes de taille 32-48 et \u00e0 des lames de 16,0-18,0 pouces.<\/span><\/p>\n<\/li>\n<li class=\"wixui-rich-text__text\">\n<p class=\"font_8 wixui-rich-text__text\"><span class=\"wixui-rich-text__text\">Longueurs de lame disponibles 15.0-18.0&#8243;.<\/span><\/p>\n<\/li>\n<\/ul>\n<h1>LAME<\/h1>\n<p>La lame EHS Synergy Long Track est l&#8217;offre de clapet \u00e0 haute performance et \u00e0 valeur ajout\u00e9e d&#8217;EHS.<\/p>\n<ul>\n<li>L&#8217;acier de coul\u00e9e bim\u00e9tallique d&#8217;EHS provient d&#8217;Autriche.<\/li>\n<li>En outre, tous les coureurs sont fabriqu\u00e9s selon des normes de classe mondiale.<\/li>\n<li>En outre, notre acier bim\u00e9tallique poss\u00e8de d&#8217;excellentes propri\u00e9t\u00e9s d&#8217;aff\u00fbtage.<\/li>\n<li>Les ponts sont usin\u00e9s CNC \u00e0 partir d&#8217;un seul bloc d&#8217;aluminium de haute qualit\u00e9.<\/li>\n<li>Syst\u00e8mes d&#8217;amortissement et de ressorts durables<\/li>\n<li>Peut s&#8217;adapter \u00e0 des bottes de taille 32-48 et \u00e0 des lames de 16,0-18,0 pouces.<\/li>\n<li>Longueurs de lame disponibles 15.0-18.0&#8243;.<\/li>\n<li>\n<h4>La synergie EHS \u00e0 long terme Clapskate<\/h4>\n<ul>\n<li class=\"wixui-rich-text__text\">\n<p class=\"font_8 wixui-rich-text__text\"><span class=\"wixui-rich-text__text\">Le Synergy est l&#8217;offre de clap de haute performance d&#8217;EHS.<\/span><\/p>\n<\/li>\n<li class=\"wixui-rich-text__text\">\n<p class=\"font_8 wixui-rich-text__text\"><span class=\"wixui-rich-text__text\">L&#8217;acier de coul\u00e9e bim\u00e9tallique d&#8217;EHS provient d&#8217;Autriche.<\/span><\/p>\n<\/li>\n<li class=\"wixui-rich-text__text\">\n<p class=\"font_8 wixui-rich-text__text\"><span class=\"wixui-rich-text__text\">Tous les coureurs sont fabriqu\u00e9s selon des normes de classe mondiale.<\/span><\/p>\n<\/li>\n<li class=\"wixui-rich-text__text\">\n<p class=\"font_8 wixui-rich-text__text\"><span class=\"wixui-rich-text__text\">Notre acier bim\u00e9tallique poss\u00e8de d&#8217;excellentes propri\u00e9t\u00e9s d&#8217;aff\u00fbtage.<\/span><\/p>\n<\/li>\n<li class=\"wixui-rich-text__text\">\n<p class=\"font_8 wixui-rich-text__text\"><span class=\"wixui-rich-text__text\">Ponts usin\u00e9s CNC en aluminium monobloc de haute qualit\u00e9<\/span><\/p>\n<\/li>\n<li class=\"wixui-rich-text__text\">\n<p class=\"font_8 wixui-rich-text__text\"><span class=\"wixui-rich-text__text\">Syst\u00e8mes d&#8217;amortissement et de ressorts durables<\/span><\/p>\n<\/li>\n<li class=\"wixui-rich-text__text\">\n<p class=\"font_8 wixui-rich-text__text\"><span class=\"wixui-rich-text__text\">Peut s&#8217;adapter \u00e0 des bottes de taille 32-48 et \u00e0 des lames de 16,0-18,0 pouces.<\/span><\/p>\n<\/li>\n<li class=\"wixui-rich-text__text\">\n<p class=\"font_8 wixui-rich-text__text\"><span class=\"wixui-rich-text__text\">Longueurs de lame disponibles 15.0-18.0&#8243;.<\/span><\/p>\n<\/li>\n<\/ul>\n<\/li>\n<\/ul>\n<p><strong>Enfin, ils sont fabriqu\u00e9s aux Pays-Bas !<\/strong><\/p>\n<p><strong><a href=\"https:\/\/ztsports.com\/brand\/staybent-by-ehs\/ehs\/\">Vous pouvez consulter tous les produits EHS ici.<\/a><\/strong><\/p>\n<p><a href=\"https:\/\/ztsports.com\/categorie-produit\/longue-piste\/blades-fr\/?lang=fr\"><strong>Vous pouvez voir toutes les lames Long Track ici.<\/strong><\/a><\/p>\n","protected":false},"excerpt":{"rendered":"<p>La synergie EHS \u00e0 long terme Clapskate Le Synergy est l&#8217;offre de clap de haute performance d&#8217;EHS. L&#8217;acier de coul\u00e9e bim\u00e9tallique d&#8217;EHS provient d&#8217;Autriche. Tous les coureurs sont fabriqu\u00e9s selon des normes de classe mondiale. Notre acier bim\u00e9tallique poss\u00e8de d&#8217;excellentes propri\u00e9t\u00e9s d&#8217;aff\u00fbtage. Ponts usin\u00e9s CNC en aluminium monobloc de haute qualit\u00e9 Syst\u00e8mes d&#8217;amortissement et de [&hellip;]<\/p>\n","protected":false},"featured_media":19847,"comment_status":"open","ping_status":"closed","template":"","meta":{"_acf_changed":false,"_monsterinsights_skip_tracking":false,"_monsterinsights_sitenote_active":false,"_monsterinsights_sitenote_note":"","_monsterinsights_sitenote_category":0,"_uf_show_specific_survey":0,"_uf_disable_surveys":false,"site-sidebar-layout":"default","site-content-layout":"","ast-site-content-layout":"default","site-content-style":"default","site-sidebar-style":"default","ast-global-header-display":"","ast-banner-title-visibility":"","ast-main-header-display":"","ast-hfb-above-header-display":"","ast-hfb-below-header-display":"","ast-hfb-mobile-header-display":"","site-post-title":"","ast-breadcrumbs-content":"","ast-featured-img":"","footer-sml-layout":"","ast-disable-related-posts":"","theme-transparent-header-meta":"default","adv-header-id-meta":"","stick-header-meta":"","header-above-stick-meta":"","header-main-stick-meta":"","header-below-stick-meta":"","astra-migrate-meta-layouts":"set","ast-page-background-enabled":"default","ast-page-background-meta":{"desktop":{"background-color":"","background-image":"","background-repeat":"repeat","background-position":"center center","background-size":"auto","background-attachment":"scroll","background-type":"","background-media":"","overlay-type":"","overlay-color":"","overlay-opacity":"","overlay-gradient":""},"tablet":{"background-color":"","background-image":"","background-repeat":"repeat","background-position":"center center","background-size":"auto","background-attachment":"scroll","background-type":"","background-media":"","overlay-type":"","overlay-color":"","overlay-opacity":"","overlay-gradient":""},"mobile":{"background-color":"","background-image":"","background-repeat":"repeat","background-position":"center center","background-size":"auto","background-attachment":"scroll","background-type":"","background-media":"","overlay-type":"","overlay-color":"","overlay-opacity":"","overlay-gradient":""}},"ast-content-background-meta":{"desktop":{"background-color":"var(--ast-global-color-5)","background-image":"","background-repeat":"repeat","background-position":"center center","background-size":"auto","background-attachment":"scroll","background-type":"","background-media":"","overlay-type":"","overlay-color":"","overlay-opacity":"","overlay-gradient":""},"tablet":{"background-color":"var(--ast-global-color-5)","background-image":"","background-repeat":"repeat","background-position":"center center","background-size":"auto","background-attachment":"scroll","background-type":"","background-media":"","overlay-type":"","overlay-color":"","overlay-opacity":"","overlay-gradient":""},"mobile":{"background-color":"var(--ast-global-color-5)","background-image":"","background-repeat":"repeat","background-position":"center center","background-size":"auto","background-attachment":"scroll","background-type":"","background-media":"","overlay-type":"","overlay-color":"","overlay-opacity":"","overlay-gradient":""}}},"product_brand":[3296],"product_cat":[3526,3523,3390,3467],"product_tag":[2616,2772,3497,1794,1752],"class_list":{"0":"post-19845","1":"product","2":"type-product","3":"status-publish","4":"has-post-thumbnail","6":"product_brand-ehs-2","7":"product_cat-blades","8":"product_cat-lames-a-longue-voie","9":"product_cat-longue-piste","10":"product_cat-patinage-de-vitesse","11":"product_tag-clapskate","12":"product_tag-ehs-synergy","13":"product_tag-patinage-de-vitesse","14":"product_tag-speed-skating","15":"product_tag-speed-skating-equipment","16":"desktop-align-left","17":"tablet-align-left","18":"mobile-align-left","20":"first","21":"instock","22":"sale","23":"featured","24":"taxable","25":"shipping-taxable","26":"purchasable","27":"product-type-simple"},"acf":[],"_links":{"self":[{"href":"https:\/\/ztsports.com\/fr\/wp-json\/wp\/v2\/product\/19845","targetHints":{"allow":["GET"]}}],"collection":[{"href":"https:\/\/ztsports.com\/fr\/wp-json\/wp\/v2\/product"}],"about":[{"href":"https:\/\/ztsports.com\/fr\/wp-json\/wp\/v2\/types\/product"}],"replies":[{"embeddable":true,"href":"https:\/\/ztsports.com\/fr\/wp-json\/wp\/v2\/comments?post=19845"}],"version-history":[{"count":1,"href":"https:\/\/ztsports.com\/fr\/wp-json\/wp\/v2\/product\/19845\/revisions"}],"predecessor-version":[{"id":19846,"href":"https:\/\/ztsports.com\/fr\/wp-json\/wp\/v2\/product\/19845\/revisions\/19846"}],"wp:featuredmedia":[{"embeddable":true,"href":"https:\/\/ztsports.com\/fr\/wp-json\/wp\/v2\/media\/19847"}],"wp:attachment":[{"href":"https:\/\/ztsports.com\/fr\/wp-json\/wp\/v2\/media?parent=19845"}],"wp:term":[{"taxonomy":"product_brand","embeddable":true,"href":"https:\/\/ztsports.com\/fr\/wp-json\/wp\/v2\/product_brand?post=19845"},{"taxonomy":"product_cat","embeddable":true,"href":"https:\/\/ztsports.com\/fr\/wp-json\/wp\/v2\/product_cat?post=19845"},{"taxonomy":"product_tag","embeddable":true,"href":"https:\/\/ztsports.com\/fr\/wp-json\/wp\/v2\/product_tag?post=19845"}],"curies":[{"name":"wp","href":"https:\/\/api.w.org\/{rel}","templated":true}]}}