{"id":19839,"date":"2023-05-23T03:52:24","date_gmt":"2023-05-23T03:52:24","guid":{"rendered":"https:\/\/ztsports.com\/?post_type=product&#038;p=19839"},"modified":"2026-02-02T19:00:25","modified_gmt":"2026-02-02T19:00:25","slug":"ehs-short-track-boot","status":"publish","type":"product","link":"https:\/\/ztsports.com\/fr\/store\/ehs-short-track-boot\/","title":{"rendered":"EHS Short Track Boot Speed Skating"},"content":{"rendered":"<p>L<strong>a botte EHS Short Track est une botte dot\u00e9e de nombreuses caract\u00e9ristiques et d&#8217;un rapport qualit\u00e9-prix exceptionnel.<\/strong><\/p>\n<p class=\"font_8\"> <span class=\"color_11\"> Gr\u00e2ce \u00e0 leur construction l\u00e9g\u00e8re en fibres de carbone et de diol\u00e8ne, nos <\/span> formes ont \u00e9t\u00e9 con\u00e7ues dans un souci de confort optimal. <span class=\"color_11\">En outre, la coque en carbone est thermoformable et hautement personnalisable gr\u00e2ce \u00e0 sa r\u00e9sine \u00e9poxy thermoplastique et \u00e0 sa construction Rhenoflex. <\/span> <span class=\"color_11\">La tige et la doublure sont en similicuir pour une plus grande durabilit\u00e9. En outre, le <\/span>La languette s&#8217;adapte \u00e0 la forme du pied pour un meilleur confort. Enfin, toutes les<span class=\"color_11\"> bottes sont livr\u00e9es avec des lacets cir\u00e9s fabriqu\u00e9s au Canada<\/span>.<\/p>\n<p class=\"font_8\"><span class=\"color_11\">Available sizes 33-46<\/span><\/p>\n<p><a href=\"https:\/\/ztsports.com\/brand\/staybent-by-ehs\/ehs\/\"><strong>Vous pouvez trouver tous les produits EHS ici.<\/strong><\/a><\/p>\n<p><a href=\"https:\/\/ztsports.com\/categorie-produit\/bottes\/?lang=fr\"><strong>Vous pouvez trouver toutes nos bottes Short Track ici.<\/strong><\/a><\/p>\n","protected":false},"excerpt":{"rendered":"<p>La botte EHS Short Track est une botte dot\u00e9e de nombreuses caract\u00e9ristiques et d&#8217;un rapport qualit\u00e9-prix exceptionnel. Gr\u00e2ce \u00e0 leur construction l\u00e9g\u00e8re en fibres de carbone et de diol\u00e8ne, nos formes ont \u00e9t\u00e9 con\u00e7ues dans un souci de confort optimal. En outre, la coque en carbone est thermoformable et hautement personnalisable gr\u00e2ce \u00e0 sa r\u00e9sine [&hellip;]<\/p>\n","protected":false},"featured_media":19841,"comment_status":"open","ping_status":"closed","template":"","meta":{"_acf_changed":false,"_monsterinsights_skip_tracking":false,"_monsterinsights_sitenote_active":false,"_monsterinsights_sitenote_note":"","_monsterinsights_sitenote_category":0,"_uf_show_specific_survey":0,"_uf_disable_surveys":false,"site-sidebar-layout":"default","site-content-layout":"","ast-site-content-layout":"default","site-content-style":"default","site-sidebar-style":"default","ast-global-header-display":"","ast-banner-title-visibility":"","ast-main-header-display":"","ast-hfb-above-header-display":"","ast-hfb-below-header-display":"","ast-hfb-mobile-header-display":"","site-post-title":"","ast-breadcrumbs-content":"","ast-featured-img":"","footer-sml-layout":"","ast-disable-related-posts":"","theme-transparent-header-meta":"default","adv-header-id-meta":"","stick-header-meta":"","header-above-stick-meta":"","header-main-stick-meta":"","header-below-stick-meta":"","astra-migrate-meta-layouts":"set","ast-page-background-enabled":"default","ast-page-background-meta":{"desktop":{"background-color":"","background-image":"","background-repeat":"repeat","background-position":"center center","background-size":"auto","background-attachment":"scroll","background-type":"","background-media":"","overlay-type":"","overlay-color":"","overlay-opacity":"","overlay-gradient":""},"tablet":{"background-color":"","background-image":"","background-repeat":"repeat","background-position":"center center","background-size":"auto","background-attachment":"scroll","background-type":"","background-media":"","overlay-type":"","overlay-color":"","overlay-opacity":"","overlay-gradient":""},"mobile":{"background-color":"","background-image":"","background-repeat":"repeat","background-position":"center center","background-size":"auto","background-attachment":"scroll","background-type":"","background-media":"","overlay-type":"","overlay-color":"","overlay-opacity":"","overlay-gradient":""}},"ast-content-background-meta":{"desktop":{"background-color":"var(--ast-global-color-5)","background-image":"","background-repeat":"repeat","background-position":"center center","background-size":"auto","background-attachment":"scroll","background-type":"","background-media":"","overlay-type":"","overlay-color":"","overlay-opacity":"","overlay-gradient":""},"tablet":{"background-color":"var(--ast-global-color-5)","background-image":"","background-repeat":"repeat","background-position":"center center","background-size":"auto","background-attachment":"scroll","background-type":"","background-media":"","overlay-type":"","overlay-color":"","overlay-opacity":"","overlay-gradient":""},"mobile":{"background-color":"var(--ast-global-color-5)","background-image":"","background-repeat":"repeat","background-position":"center center","background-size":"auto","background-attachment":"scroll","background-type":"","background-media":"","overlay-type":"","overlay-color":"","overlay-opacity":"","overlay-gradient":""}}},"product_brand":[3296,3344],"product_cat":[3786,3721,3395,3467],"product_tag":[4113,3710,2689,2774,1794],"class_list":{"0":"post-19839","1":"product","2":"type-product","3":"status-publish","4":"has-post-thumbnail","6":"product_brand-ehs-2","7":"product_brand-stay-bent","8":"product_cat-bottes","9":"product_cat-bottes-de-patinage-de-vitesse","10":"product_cat-courte-piste","11":"product_cat-patinage-de-vitesse","12":"product_tag-botte-ehs","13":"product_tag-botte-pour-piste-courte","14":"product_tag-carbon-boot","15":"product_tag-ehs-short-track-boot","16":"product_tag-speed-skating","17":"desktop-align-left","18":"tablet-align-left","19":"mobile-align-left","21":"first","22":"instock","23":"taxable","24":"shipping-taxable","25":"purchasable","26":"product-type-simple"},"acf":[],"_links":{"self":[{"href":"https:\/\/ztsports.com\/fr\/wp-json\/wp\/v2\/product\/19839","targetHints":{"allow":["GET"]}}],"collection":[{"href":"https:\/\/ztsports.com\/fr\/wp-json\/wp\/v2\/product"}],"about":[{"href":"https:\/\/ztsports.com\/fr\/wp-json\/wp\/v2\/types\/product"}],"replies":[{"embeddable":true,"href":"https:\/\/ztsports.com\/fr\/wp-json\/wp\/v2\/comments?post=19839"}],"version-history":[{"count":1,"href":"https:\/\/ztsports.com\/fr\/wp-json\/wp\/v2\/product\/19839\/revisions"}],"predecessor-version":[{"id":19840,"href":"https:\/\/ztsports.com\/fr\/wp-json\/wp\/v2\/product\/19839\/revisions\/19840"}],"wp:featuredmedia":[{"embeddable":true,"href":"https:\/\/ztsports.com\/fr\/wp-json\/wp\/v2\/media\/19841"}],"wp:attachment":[{"href":"https:\/\/ztsports.com\/fr\/wp-json\/wp\/v2\/media?parent=19839"}],"wp:term":[{"taxonomy":"product_brand","embeddable":true,"href":"https:\/\/ztsports.com\/fr\/wp-json\/wp\/v2\/product_brand?post=19839"},{"taxonomy":"product_cat","embeddable":true,"href":"https:\/\/ztsports.com\/fr\/wp-json\/wp\/v2\/product_cat?post=19839"},{"taxonomy":"product_tag","embeddable":true,"href":"https:\/\/ztsports.com\/fr\/wp-json\/wp\/v2\/product_tag?post=19839"}],"curies":[{"name":"wp","href":"https:\/\/api.w.org\/{rel}","templated":true}]}}