{"id":19832,"date":"2023-05-23T04:19:59","date_gmt":"2023-05-23T04:19:59","guid":{"rendered":"https:\/\/ztsports.com\/?post_type=product&#038;p=19832"},"modified":"2026-02-02T19:00:13","modified_gmt":"2026-02-02T19:00:13","slug":"ehs-radon-long-track-boots","status":"publish","type":"product","link":"https:\/\/ztsports.com\/fr\/store\/ehs-radon-long-track-boots\/","title":{"rendered":"Bottes EHS Radon Long Track pour le patinage de vitesse"},"content":{"rendered":"<h1>EHS Radon Long Track boots<\/h1>\n<p>La botte EHS Radon Long Track Boot a un facteur de valeur \u00e9lev\u00e9 et inclut la technologie de nos bottes long track haut de gamme \u00e0 un prix d&#8217;entr\u00e9e de gamme. <span class=\"color_11\">La coque est construite avec de la diol\u00e9ine et de la fibre de verre et est l\u00e9g\u00e8rement plus souple que nos mod\u00e8les Cyclone, Helium et Hurricane. En outre, il est e<\/span>facilement thermoformable pour un confort et une personnalisation optimaux. En outre, notre dernier mod\u00e8le accorde une attention particuli\u00e8re \u00e0 la fixation correcte du talon et \u00e0 un soutien confortable dans la r\u00e9gion de la cheville.<\/p>\n<p><span class=\"color_11\">En outre, la tige est en cuir italien Nappa, connu pour sa souplesse et sa durabilit\u00e9. <\/span><span class=\"color_11\">La doublure est en microfibre absorbant l&#8217;humidit\u00e9. Plus d&#8217;informations <\/span>Le support en nylon offre un soutien suppl\u00e9mentaire et porte le confort \u00e0 un niveau sup\u00e9rieur. Comprend une languette profil\u00e9e qui offre un confort et un verrouillage suppl\u00e9mentaires pour vos pieds.<\/p>\n<p class=\"font_8\"><span class=\"color_11\">Les lacets en cire fabriqu\u00e9s au Canada font \u00e9galement partie des caract\u00e9ristiques de la chaussure. Whats More this Boot<\/span> peut \u00eatre associ\u00e9 \u00e0 toutes nos lames EHS Clap.<\/p>\n<p class=\"font_9\">Le Radon est la botte d&#8217;entr\u00e9e de gamme de l&#8217;EHS<span class=\"wixGuard\">.<\/span><\/p>\n<p class=\"font_9\">Les propri\u00e9t\u00e9s de notre chaussure de skate d&#8217;entr\u00e9e de gamme sont les suivantes<span class=\"wixGuard\">.<\/span><\/p>\n<ul class=\"font_9\">\n<li>\n<p class=\"font_9\">Cuir nappa italien souple<\/p>\n<\/li>\n<li>\n<p class=\"font_9\">doublure en cuir artificiel absorbant l&#8217;humidit\u00e9<\/p>\n<\/li>\n<li>\n<p class=\"font_9\">Tr\u00e8s bonne coquille de diol\u00e9ine moulable \u00e0 chaud<\/p>\n<\/li>\n<li>\n<p class=\"font_9\">La coque est plus souple que l&#8217;h\u00e9lium<\/p>\n<\/li>\n<li>\n<p class=\"font_9\">Pas de fermeture \u00e9clair<\/p>\n<\/li>\n<\/ul>\n<p class=\"font_9\">Fabriqu\u00e9 sur une forme avec une attention particuli\u00e8re pour :<\/p>\n<ul class=\"font_9\">\n<li>\n<p class=\"font_9\">fixation du talon<\/p>\n<\/li>\n<li>\n<p class=\"font_9\">soutien ferme de la cheville<\/p>\n<\/li>\n<li>\n<p class=\"font_9\">variation de l&#8217;anatomie du pied<\/p>\n<\/li>\n<\/ul>\n<p class=\"font_8\"><span class=\"color_11\">Disponible dans les tailles 32 \u00e0 48 en forme standard.<\/span><\/p>\n<p><a href=\"https:\/\/ztsports.com\/brand\/ehs\/\"><strong>Finley Vous pouvez trouver tous les produits EHS ici.<\/strong><\/a><\/p>\n<p><a href=\"https:\/\/ztsports.com\/product-category\/long-track\/boots1\/\"><strong>Enfin, vous pouvez trouver toutes nos bottes Long Track ici.<\/strong><\/a><\/p>\n","protected":false},"excerpt":{"rendered":"<p>EHS Radon Long Track boots La botte EHS Radon Long Track Boot a un facteur de valeur \u00e9lev\u00e9 et inclut la technologie de nos bottes long track haut de gamme \u00e0 un prix d&#8217;entr\u00e9e de gamme. La coque est construite avec de la diol\u00e9ine et de la fibre de verre et est l\u00e9g\u00e8rement plus souple [&hellip;]<\/p>\n","protected":false},"featured_media":19834,"comment_status":"open","ping_status":"closed","template":"","meta":{"_acf_changed":false,"_monsterinsights_skip_tracking":false,"_monsterinsights_sitenote_active":false,"_monsterinsights_sitenote_note":"","_monsterinsights_sitenote_category":0,"_uf_show_specific_survey":0,"_uf_disable_surveys":false,"site-sidebar-layout":"default","site-content-layout":"","ast-site-content-layout":"default","site-content-style":"default","site-sidebar-style":"default","ast-global-header-display":"","ast-banner-title-visibility":"","ast-main-header-display":"","ast-hfb-above-header-display":"","ast-hfb-below-header-display":"","ast-hfb-mobile-header-display":"","site-post-title":"","ast-breadcrumbs-content":"","ast-featured-img":"","footer-sml-layout":"","ast-disable-related-posts":"","theme-transparent-header-meta":"default","adv-header-id-meta":"","stick-header-meta":"","header-above-stick-meta":"","header-main-stick-meta":"","header-below-stick-meta":"","astra-migrate-meta-layouts":"set","ast-page-background-enabled":"default","ast-page-background-meta":{"desktop":{"background-color":"","background-image":"","background-repeat":"repeat","background-position":"center center","background-size":"auto","background-attachment":"scroll","background-type":"","background-media":"","overlay-type":"","overlay-color":"","overlay-opacity":"","overlay-gradient":""},"tablet":{"background-color":"","background-image":"","background-repeat":"repeat","background-position":"center center","background-size":"auto","background-attachment":"scroll","background-type":"","background-media":"","overlay-type":"","overlay-color":"","overlay-opacity":"","overlay-gradient":""},"mobile":{"background-color":"","background-image":"","background-repeat":"repeat","background-position":"center center","background-size":"auto","background-attachment":"scroll","background-type":"","background-media":"","overlay-type":"","overlay-color":"","overlay-opacity":"","overlay-gradient":""}},"ast-content-background-meta":{"desktop":{"background-color":"var(--ast-global-color-5)","background-image":"","background-repeat":"repeat","background-position":"center center","background-size":"auto","background-attachment":"scroll","background-type":"","background-media":"","overlay-type":"","overlay-color":"","overlay-opacity":"","overlay-gradient":""},"tablet":{"background-color":"var(--ast-global-color-5)","background-image":"","background-repeat":"repeat","background-position":"center center","background-size":"auto","background-attachment":"scroll","background-type":"","background-media":"","overlay-type":"","overlay-color":"","overlay-opacity":"","overlay-gradient":""},"mobile":{"background-color":"var(--ast-global-color-5)","background-image":"","background-repeat":"repeat","background-position":"center center","background-size":"auto","background-attachment":"scroll","background-type":"","background-media":"","overlay-type":"","overlay-color":"","overlay-opacity":"","overlay-gradient":""}}},"product_brand":[3296],"product_cat":[3495,3494,3390,3467],"product_tag":[4112,2775,2776,2778],"class_list":{"0":"post-19832","1":"product","2":"type-product","3":"status-publish","4":"has-post-thumbnail","6":"product_brand-ehs-2","7":"product_cat-bottes","8":"product_cat-bottes-de-piste-longues","9":"product_cat-longue-piste","10":"product_cat-patinage-de-vitesse","11":"product_tag-bottes-de-piste-longues","12":"product_tag-ehs-radon","13":"product_tag-ehs-radon-long-track","14":"product_tag-radon","15":"desktop-align-left","16":"tablet-align-left","17":"mobile-align-left","19":"first","20":"instock","21":"sale","22":"taxable","23":"shipping-taxable","24":"purchasable","25":"product-type-simple"},"acf":[],"_links":{"self":[{"href":"https:\/\/ztsports.com\/fr\/wp-json\/wp\/v2\/product\/19832","targetHints":{"allow":["GET"]}}],"collection":[{"href":"https:\/\/ztsports.com\/fr\/wp-json\/wp\/v2\/product"}],"about":[{"href":"https:\/\/ztsports.com\/fr\/wp-json\/wp\/v2\/types\/product"}],"replies":[{"embeddable":true,"href":"https:\/\/ztsports.com\/fr\/wp-json\/wp\/v2\/comments?post=19832"}],"version-history":[{"count":1,"href":"https:\/\/ztsports.com\/fr\/wp-json\/wp\/v2\/product\/19832\/revisions"}],"predecessor-version":[{"id":19833,"href":"https:\/\/ztsports.com\/fr\/wp-json\/wp\/v2\/product\/19832\/revisions\/19833"}],"wp:featuredmedia":[{"embeddable":true,"href":"https:\/\/ztsports.com\/fr\/wp-json\/wp\/v2\/media\/19834"}],"wp:attachment":[{"href":"https:\/\/ztsports.com\/fr\/wp-json\/wp\/v2\/media?parent=19832"}],"wp:term":[{"taxonomy":"product_brand","embeddable":true,"href":"https:\/\/ztsports.com\/fr\/wp-json\/wp\/v2\/product_brand?post=19832"},{"taxonomy":"product_cat","embeddable":true,"href":"https:\/\/ztsports.com\/fr\/wp-json\/wp\/v2\/product_cat?post=19832"},{"taxonomy":"product_tag","embeddable":true,"href":"https:\/\/ztsports.com\/fr\/wp-json\/wp\/v2\/product_tag?post=19832"}],"curies":[{"name":"wp","href":"https:\/\/api.w.org\/{rel}","templated":true}]}}