{"id":19827,"date":"2023-05-21T04:39:26","date_gmt":"2023-05-21T04:39:26","guid":{"rendered":"https:\/\/ztsports.com\/?post_type=product&#038;p=19827"},"modified":"2026-04-15T23:54:21","modified_gmt":"2026-04-15T23:54:21","slug":"ehs-x002-st-blades","status":"publish","type":"product","link":"https:\/\/ztsports.com\/fr\/store\/ehs-x002-st-blades\/","title":{"rendered":"EHS X002 ST BLADES MFD Pays-Bas"},"content":{"rendered":"<h1>EHS X002 ST BLADES 17.5&#8243;<\/h1>\n<p>Les lames EHS X002 ST sont le summum de la vitesse !<\/p>\n<h3 class=\"page-product-heading\">PLUS D&#8217;INFO<\/h3>\n<div class=\"rte\">\n<ul class=\"font_8 color_11\">\n<li>\n<p class=\"font_8\">L&#8217;un des mod\u00e8les phares les plus r\u00e9cents d&#8217;EHS.<\/p>\n<\/li>\n<li>\n<p class=\"font_8\">Pour les patineurs \u00e0 la recherche de la vitesse ultime, offrant une meilleure tenue dans les virages tout en conservant d&#8217;excellentes caract\u00e9ristiques de glisse et de virage.<\/p>\n<\/li>\n<li>\n<p class=\"font_8\">Il est ensuite con\u00e7u avec de l&#8217;aluminium de la plus haute qualit\u00e9 provenant des Pays-Bas.<\/p>\n<\/li>\n<li>\n<p class=\"font_8\">En outre, seuls les patins en acier PM et bi-m\u00e9tal de premi\u00e8re qualit\u00e9 s\u00e9lectionn\u00e9s \u00e0 la main sont utilis\u00e9s.<\/p>\n<\/li>\n<li>\n<p class=\"font_8\"><span class=\"color_11\">Features our proprietary <\/span>Precise Bend Technology<span class=\"color_11\"> allowing for highly accurate and smooth bend radiuses.<\/span><\/p>\n<\/li>\n<li>\n<p class=\"font_8\">Construit du d\u00e9but \u00e0 la fin en interne par les artisans Hagen Techniek aux Pays-Bas.<\/p>\n<\/li>\n<li>\n<p class=\"font_8\">Enfin, les coupes sont fabriqu\u00e9es \u00e0 partir d&#8217;un aluminium plus l\u00e9ger et plus r\u00e9sistant pour une plus grande rigidit\u00e9 et un poids r\u00e9duit, et peuvent \u00eatre command\u00e9es en diff\u00e9rentes hauteurs.<\/p>\n<\/li>\n<\/ul>\n<\/div>\n<p><strong>Fabriqu\u00e9 aux <a href=\"https:\/\/www.ehskates.com\/technology\" target=\"_blank\" rel=\"noopener\">Pays-Bas !<\/a><\/strong><\/p>\n<p><a href=\"https:\/\/ztsports.com\/brand\/ehs\/\">Vous pouvez voir tous les produits ESH ici.<\/a><\/p>\n<p><a href=\"https:\/\/ztsports.com\/product-category\/short-track\/blades\/\">Pour conna\u00eetre toutes nos lames de short track, cliquez ici.<\/a><\/p>\n","protected":false},"excerpt":{"rendered":"<p>EHS X002 ST BLADES 17.5&#8243; Les lames EHS X002 ST sont le summum de la vitesse ! PLUS D&#8217;INFO L&#8217;un des mod\u00e8les phares les plus r\u00e9cents d&#8217;EHS. Pour les patineurs \u00e0 la recherche de la vitesse ultime, offrant une meilleure tenue dans les virages tout en conservant d&#8217;excellentes caract\u00e9ristiques de glisse et de virage. Il [&hellip;]<\/p>\n","protected":false},"featured_media":19829,"comment_status":"open","ping_status":"closed","template":"","meta":{"_acf_changed":false,"_monsterinsights_skip_tracking":false,"_monsterinsights_sitenote_active":false,"_monsterinsights_sitenote_note":"","_monsterinsights_sitenote_category":0,"_uf_show_specific_survey":0,"_uf_disable_surveys":false,"site-sidebar-layout":"default","site-content-layout":"","ast-site-content-layout":"default","site-content-style":"default","site-sidebar-style":"default","ast-global-header-display":"","ast-banner-title-visibility":"","ast-main-header-display":"","ast-hfb-above-header-display":"","ast-hfb-below-header-display":"","ast-hfb-mobile-header-display":"","site-post-title":"","ast-breadcrumbs-content":"","ast-featured-img":"","footer-sml-layout":"","ast-disable-related-posts":"","theme-transparent-header-meta":"default","adv-header-id-meta":"","stick-header-meta":"","header-above-stick-meta":"","header-main-stick-meta":"","header-below-stick-meta":"","astra-migrate-meta-layouts":"set","ast-page-background-enabled":"default","ast-page-background-meta":{"desktop":{"background-color":"","background-image":"","background-repeat":"repeat","background-position":"center center","background-size":"auto","background-attachment":"scroll","background-type":"","background-media":"","overlay-type":"","overlay-color":"","overlay-opacity":"","overlay-gradient":""},"tablet":{"background-color":"","background-image":"","background-repeat":"repeat","background-position":"center center","background-size":"auto","background-attachment":"scroll","background-type":"","background-media":"","overlay-type":"","overlay-color":"","overlay-opacity":"","overlay-gradient":""},"mobile":{"background-color":"","background-image":"","background-repeat":"repeat","background-position":"center center","background-size":"auto","background-attachment":"scroll","background-type":"","background-media":"","overlay-type":"","overlay-color":"","overlay-opacity":"","overlay-gradient":""}},"ast-content-background-meta":{"desktop":{"background-color":"var(--ast-global-color-5)","background-image":"","background-repeat":"repeat","background-position":"center center","background-size":"auto","background-attachment":"scroll","background-type":"","background-media":"","overlay-type":"","overlay-color":"","overlay-opacity":"","overlay-gradient":""},"tablet":{"background-color":"var(--ast-global-color-5)","background-image":"","background-repeat":"repeat","background-position":"center center","background-size":"auto","background-attachment":"scroll","background-type":"","background-media":"","overlay-type":"","overlay-color":"","overlay-opacity":"","overlay-gradient":""},"mobile":{"background-color":"var(--ast-global-color-5)","background-image":"","background-repeat":"repeat","background-position":"center center","background-size":"auto","background-attachment":"scroll","background-type":"","background-media":"","overlay-type":"","overlay-color":"","overlay-opacity":"","overlay-gradient":""}}},"product_brand":[3296,3344,3346],"product_cat":[3395,3508,3801,3619,3620,3621,3467],"product_tag":[2650,3811,4110,4111,3623,3796,1794,3806,3805],"class_list":{"0":"post-19827","1":"product","2":"type-product","3":"status-publish","4":"has-post-thumbnail","6":"product_brand-ehs-2","7":"product_brand-stay-bent","8":"product_brand-staybent-by-ehs","9":"product_cat-courte-piste","10":"product_cat-lame","12":"product_cat-lames-ehs","13":"product_cat-lames-pour-piste-courte","14":"product_cat-lames-stay-bent-ehs","15":"product_cat-patinage-de-vitesse","16":"product_tag-edward-hagen","17":"product_tag-ehs","18":"product_tag-ehs-x002","19":"product_tag-lame-staybent-by-ehs-x002-st","20":"product_tag-lames-pour-piste-courte","21":"product_tag-short-track","22":"product_tag-speed-skating","23":"product_tag-staybent","24":"product_tag-staybent-by-ehs","25":"desktop-align-left","26":"tablet-align-left","27":"mobile-align-left","29":"first","30":"instock","31":"taxable","32":"shipping-taxable","33":"purchasable","34":"product-type-simple"},"acf":[],"_links":{"self":[{"href":"https:\/\/ztsports.com\/fr\/wp-json\/wp\/v2\/product\/19827","targetHints":{"allow":["GET"]}}],"collection":[{"href":"https:\/\/ztsports.com\/fr\/wp-json\/wp\/v2\/product"}],"about":[{"href":"https:\/\/ztsports.com\/fr\/wp-json\/wp\/v2\/types\/product"}],"replies":[{"embeddable":true,"href":"https:\/\/ztsports.com\/fr\/wp-json\/wp\/v2\/comments?post=19827"}],"version-history":[{"count":3,"href":"https:\/\/ztsports.com\/fr\/wp-json\/wp\/v2\/product\/19827\/revisions"}],"predecessor-version":[{"id":24528,"href":"https:\/\/ztsports.com\/fr\/wp-json\/wp\/v2\/product\/19827\/revisions\/24528"}],"wp:featuredmedia":[{"embeddable":true,"href":"https:\/\/ztsports.com\/fr\/wp-json\/wp\/v2\/media\/19829"}],"wp:attachment":[{"href":"https:\/\/ztsports.com\/fr\/wp-json\/wp\/v2\/media?parent=19827"}],"wp:term":[{"taxonomy":"product_brand","embeddable":true,"href":"https:\/\/ztsports.com\/fr\/wp-json\/wp\/v2\/product_brand?post=19827"},{"taxonomy":"product_cat","embeddable":true,"href":"https:\/\/ztsports.com\/fr\/wp-json\/wp\/v2\/product_cat?post=19827"},{"taxonomy":"product_tag","embeddable":true,"href":"https:\/\/ztsports.com\/fr\/wp-json\/wp\/v2\/product_tag?post=19827"}],"curies":[{"name":"wp","href":"https:\/\/api.w.org\/{rel}","templated":true}]}}