{"id":19821,"date":"2023-05-18T22:22:33","date_gmt":"2023-05-18T22:22:33","guid":{"rendered":"https:\/\/ztsports.com\/?post_type=product&#038;p=19821"},"modified":"2026-02-02T19:04:00","modified_gmt":"2026-02-02T19:04:00","slug":"bottes-bnt-long-track","status":"publish","type":"product","link":"https:\/\/ztsports.com\/fr\/store\/bottes-bnt-long-track\/","title":{"rendered":"Bottes BNT Long Track\/BNT Long Track Boots Bont LT"},"content":{"rendered":"<h1 class=\"product-title\" align=\"left\">Bottes BNT Long Track Bont<\/h1>\n<p class=\"product-title\" align=\"left\">Bottes BNT Long Track Bont sont compos\u00e9es \u00e0 100% de carbone unidirectionnel et ont une tige en Durolite. En outre, le BNT est extr\u00eamement l\u00e9ger et confortable. En outre, le BNT est disponible dans de nombreuses options de couleur, veuillez nous envoyer un e-mail pour obtenir une liste compl\u00e8te.<\/p>\n<div class=\"detailmodule_text-image\" data-spm-anchor-id=\"a2g0o.detail.1000023.i1.39271d0c8V4JaZ\">\n<p align=\"left\">*<strong>Note<\/strong>: cette botte sera fabriqu\u00e9e avec la <strong>s\u00e9paration de l&#8217;euro<\/strong>. Cela signifie que la s\u00e9paration du montage de la lame d\u00e9pend de la taille de la botte que vous commandez.<\/p>\n<p><strong>Features<\/strong><\/p>\n<div align=\"left\">\n<div>\n<ul>\n<li><strong>Base :<\/strong> 100% carbone avec carbone uni directionnel et finition mate<\/li>\n<li><strong>Rev\u00eatement ext\u00e9rieur :<\/strong> Durolite<\/li>\n<li><strong>Doublure :<\/strong> Daim-L<\/li>\n<li><strong>Pas :<\/strong> 12mm<\/li>\n<li><strong>Innersole:<\/strong> Leather<\/li>\n<li><strong>Heat <\/strong><b>moldable: Fully<\/b> heat moldable base utilizing epoxy thermoset resin<\/li>\n<li><strong>Padding:<\/strong> High density memory foam<\/li>\n<li><strong>Options de fermeture<\/strong>: lacets et cache-lacets \u00e0 fermeture \u00e9clair<\/li>\n<li><strong>Options d&#8217;ajustement :<\/strong>Standard, \u00e9troit et large<\/li>\n<li>Peut \u00eatre command\u00e9 sur mesure moyennant un co\u00fbt suppl\u00e9mentaire<\/li>\n<\/ul>\n<\/div>\n<\/div>\n<\/div>\n<p>Bottes BONT LT BNT<\/p>\n<p>Les bottes BONT BNT ont remplac\u00e9 les bottes Bont Z.<\/p>\n<p>Enfin, d\u00e9couvrez toutes nos <a href=\"https:\/\/ztsports.com\/product-category\/long-track\/boots1\/\"><strong>Bottes Long Track<\/strong><\/a> ici.<\/p>\n","protected":false},"excerpt":{"rendered":"<p>Bottes BNT Long Track Bont Bottes BNT Long Track Bont sont compos\u00e9es \u00e0 100% de carbone unidirectionnel et ont une tige en Durolite. En outre, le BNT est extr\u00eamement l\u00e9ger et confortable. En outre, le BNT est disponible dans de nombreuses options de couleur, veuillez nous envoyer un e-mail pour obtenir une liste compl\u00e8te. *Note: [&hellip;]<\/p>\n","protected":false},"featured_media":19823,"comment_status":"open","ping_status":"closed","template":"","meta":{"_acf_changed":false,"_monsterinsights_skip_tracking":false,"_monsterinsights_sitenote_active":false,"_monsterinsights_sitenote_note":"","_monsterinsights_sitenote_category":0,"_uf_show_specific_survey":0,"_uf_disable_surveys":false,"site-sidebar-layout":"default","site-content-layout":"","ast-site-content-layout":"default","site-content-style":"default","site-sidebar-style":"default","ast-global-header-display":"","ast-banner-title-visibility":"","ast-main-header-display":"","ast-hfb-above-header-display":"","ast-hfb-below-header-display":"","ast-hfb-mobile-header-display":"","site-post-title":"","ast-breadcrumbs-content":"","ast-featured-img":"","footer-sml-layout":"","ast-disable-related-posts":"","theme-transparent-header-meta":"default","adv-header-id-meta":"","stick-header-meta":"","header-above-stick-meta":"","header-main-stick-meta":"","header-below-stick-meta":"","astra-migrate-meta-layouts":"set","ast-page-background-enabled":"default","ast-page-background-meta":{"desktop":{"background-color":"","background-image":"","background-repeat":"repeat","background-position":"center center","background-size":"auto","background-attachment":"scroll","background-type":"","background-media":"","overlay-type":"","overlay-color":"","overlay-opacity":"","overlay-gradient":""},"tablet":{"background-color":"","background-image":"","background-repeat":"repeat","background-position":"center center","background-size":"auto","background-attachment":"scroll","background-type":"","background-media":"","overlay-type":"","overlay-color":"","overlay-opacity":"","overlay-gradient":""},"mobile":{"background-color":"","background-image":"","background-repeat":"repeat","background-position":"center center","background-size":"auto","background-attachment":"scroll","background-type":"","background-media":"","overlay-type":"","overlay-color":"","overlay-opacity":"","overlay-gradient":""}},"ast-content-background-meta":{"desktop":{"background-color":"var(--ast-global-color-5)","background-image":"","background-repeat":"repeat","background-position":"center center","background-size":"auto","background-attachment":"scroll","background-type":"","background-media":"","overlay-type":"","overlay-color":"","overlay-opacity":"","overlay-gradient":""},"tablet":{"background-color":"var(--ast-global-color-5)","background-image":"","background-repeat":"repeat","background-position":"center center","background-size":"auto","background-attachment":"scroll","background-type":"","background-media":"","overlay-type":"","overlay-color":"","overlay-opacity":"","overlay-gradient":""},"mobile":{"background-color":"var(--ast-global-color-5)","background-image":"","background-repeat":"repeat","background-position":"center center","background-size":"auto","background-attachment":"scroll","background-type":"","background-media":"","overlay-type":"","overlay-color":"","overlay-opacity":"","overlay-gradient":""}}},"product_brand":[3285],"product_cat":[3495,3494,3390],"product_tag":[4109],"class_list":{"0":"post-19821","1":"product","2":"type-product","3":"status-publish","4":"has-post-thumbnail","6":"product_brand-bont","7":"product_cat-bottes","8":"product_cat-bottes-de-piste-longues","9":"product_cat-longue-piste","10":"product_tag-bnt-long-track-boots","11":"desktop-align-left","12":"tablet-align-left","13":"mobile-align-left","15":"first","16":"instock","17":"taxable","18":"shipping-taxable","19":"purchasable","20":"product-type-simple"},"acf":[],"_links":{"self":[{"href":"https:\/\/ztsports.com\/fr\/wp-json\/wp\/v2\/product\/19821","targetHints":{"allow":["GET"]}}],"collection":[{"href":"https:\/\/ztsports.com\/fr\/wp-json\/wp\/v2\/product"}],"about":[{"href":"https:\/\/ztsports.com\/fr\/wp-json\/wp\/v2\/types\/product"}],"replies":[{"embeddable":true,"href":"https:\/\/ztsports.com\/fr\/wp-json\/wp\/v2\/comments?post=19821"}],"version-history":[{"count":1,"href":"https:\/\/ztsports.com\/fr\/wp-json\/wp\/v2\/product\/19821\/revisions"}],"predecessor-version":[{"id":19822,"href":"https:\/\/ztsports.com\/fr\/wp-json\/wp\/v2\/product\/19821\/revisions\/19822"}],"wp:featuredmedia":[{"embeddable":true,"href":"https:\/\/ztsports.com\/fr\/wp-json\/wp\/v2\/media\/19823"}],"wp:attachment":[{"href":"https:\/\/ztsports.com\/fr\/wp-json\/wp\/v2\/media?parent=19821"}],"wp:term":[{"taxonomy":"product_brand","embeddable":true,"href":"https:\/\/ztsports.com\/fr\/wp-json\/wp\/v2\/product_brand?post=19821"},{"taxonomy":"product_cat","embeddable":true,"href":"https:\/\/ztsports.com\/fr\/wp-json\/wp\/v2\/product_cat?post=19821"},{"taxonomy":"product_tag","embeddable":true,"href":"https:\/\/ztsports.com\/fr\/wp-json\/wp\/v2\/product_tag?post=19821"}],"curies":[{"name":"wp","href":"https:\/\/api.w.org\/{rel}","templated":true}]}}