{"id":19817,"date":"2023-05-20T22:15:27","date_gmt":"2023-05-20T22:15:27","guid":{"rendered":"https:\/\/ztsports.com\/?post_type=product&#038;p=19817"},"modified":"2026-02-02T19:03:52","modified_gmt":"2026-02-02T19:03:52","slug":"ehs-xq005-st-blade-mfd-pays-bas","status":"publish","type":"product","link":"https:\/\/ztsports.com\/fr\/store\/ehs-xq005-st-blade-mfd-pays-bas\/","title":{"rendered":"EHS XQ005 ST BLADE MFD PAYS-BAS"},"content":{"rendered":"<p>EHS XQ005 ST BLADE<\/p>\n<p>Les lames EHS XQ Short Track sont con\u00e7ues pour un contr\u00f4le ultime. L&#8217;un des mod\u00e8les phares les plus r\u00e9cents d&#8217;EHS.<\/p>\n<div class=\"rte\">\n<p class=\"font_8\">Le XQ est con\u00e7u pour les patineurs qui recherchent le <strong>dans la conception du QCS. O<\/strong>ff\u00e9rant un contr\u00f4le, une sensation et une glisse in\u00e9gal\u00e9s. Fabriqu\u00e9 \u00e0 partir de tubes d&#8217;aluminium de la plus haute qualit\u00e9 provenant des Pays-Bas.<\/p>\n<p class=\"font_8\">Le XQ005 n&#8217;a que des patins en acier Kromkamp PM ou Bi-m\u00e9tal s\u00e9lectionn\u00e9s \u00e0 la main.<\/p>\n<p class=\"font_8\"><span class=\"color_11\">In addition XQ005 features our proprietary <\/span>Precise Bend Technology. <span class=\"color_11\"> Allowing for highly accurate and smooth bend radiuses. <\/span>Furthermore they are built from start to finish in-house by the craftsmen Hagen Techniek. Enfin, les bonnets sont fabriqu\u00e9s \u00e0 partir d&#8217;un aluminium plus l\u00e9ger et plus r\u00e9sistant pour une plus grande rigidit\u00e9 et un poids r\u00e9duit. Les coupes peuvent \u00eatre command\u00e9es en diff\u00e9rentes hauteurs.<\/p>\n<\/div>\n<p><strong>Fabriqu\u00e9 aux <a href=\"https:\/\/www.ehskates.com\/technology\" target=\"_blank\" rel=\"noopener\">Pays-Bas !<\/a><\/strong><\/p>\n<p><a href=\"https:\/\/ztsports.com\/brand\/ehs\/\">Enfin, vous pouvez voir tous les <strong>produits ESH ici<\/strong>.<\/a><\/p>\n<p><a href=\"https:\/\/ztsports.com\/product-category\/short-track\/blades\/\">Enfin, vous pouvez voir et comparer <strong>toutes nos lames pour pistes courtes en cliquant ici<\/strong>.<\/a><\/p>\n","protected":false},"excerpt":{"rendered":"<p>EHS XQ005 ST BLADE Les lames EHS XQ Short Track sont con\u00e7ues pour un contr\u00f4le ultime. L&#8217;un des mod\u00e8les phares les plus r\u00e9cents d&#8217;EHS. Le XQ est con\u00e7u pour les patineurs qui recherchent le dans la conception du QCS. Off\u00e9rant un contr\u00f4le, une sensation et une glisse in\u00e9gal\u00e9s. Fabriqu\u00e9 \u00e0 partir de tubes d&#8217;aluminium de [&hellip;]<\/p>\n","protected":false},"featured_media":19819,"comment_status":"open","ping_status":"closed","template":"","meta":{"_acf_changed":false,"_monsterinsights_skip_tracking":false,"_monsterinsights_sitenote_active":false,"_monsterinsights_sitenote_note":"","_monsterinsights_sitenote_category":0,"_uf_show_specific_survey":0,"_uf_disable_surveys":false,"site-sidebar-layout":"default","site-content-layout":"","ast-site-content-layout":"default","site-content-style":"default","site-sidebar-style":"default","ast-global-header-display":"","ast-banner-title-visibility":"","ast-main-header-display":"","ast-hfb-above-header-display":"","ast-hfb-below-header-display":"","ast-hfb-mobile-header-display":"","site-post-title":"","ast-breadcrumbs-content":"","ast-featured-img":"","footer-sml-layout":"","ast-disable-related-posts":"","theme-transparent-header-meta":"default","adv-header-id-meta":"","stick-header-meta":"","header-above-stick-meta":"","header-main-stick-meta":"","header-below-stick-meta":"","astra-migrate-meta-layouts":"set","ast-page-background-enabled":"default","ast-page-background-meta":{"desktop":{"background-color":"","background-image":"","background-repeat":"repeat","background-position":"center center","background-size":"auto","background-attachment":"scroll","background-type":"","background-media":"","overlay-type":"","overlay-color":"","overlay-opacity":"","overlay-gradient":""},"tablet":{"background-color":"","background-image":"","background-repeat":"repeat","background-position":"center center","background-size":"auto","background-attachment":"scroll","background-type":"","background-media":"","overlay-type":"","overlay-color":"","overlay-opacity":"","overlay-gradient":""},"mobile":{"background-color":"","background-image":"","background-repeat":"repeat","background-position":"center center","background-size":"auto","background-attachment":"scroll","background-type":"","background-media":"","overlay-type":"","overlay-color":"","overlay-opacity":"","overlay-gradient":""}},"ast-content-background-meta":{"desktop":{"background-color":"var(--ast-global-color-5)","background-image":"","background-repeat":"repeat","background-position":"center center","background-size":"auto","background-attachment":"scroll","background-type":"","background-media":"","overlay-type":"","overlay-color":"","overlay-opacity":"","overlay-gradient":""},"tablet":{"background-color":"var(--ast-global-color-5)","background-image":"","background-repeat":"repeat","background-position":"center center","background-size":"auto","background-attachment":"scroll","background-type":"","background-media":"","overlay-type":"","overlay-color":"","overlay-opacity":"","overlay-gradient":""},"mobile":{"background-color":"var(--ast-global-color-5)","background-image":"","background-repeat":"repeat","background-position":"center center","background-size":"auto","background-attachment":"scroll","background-type":"","background-media":"","overlay-type":"","overlay-color":"","overlay-opacity":"","overlay-gradient":""}}},"product_brand":[3296,3344,3346],"product_cat":[3395,3508,3619,3620,3621],"product_tag":[2650,2763,2764,3623,2765],"class_list":{"0":"post-19817","1":"product","2":"type-product","3":"status-publish","4":"has-post-thumbnail","6":"product_brand-ehs-2","7":"product_brand-stay-bent","8":"product_brand-staybent-by-ehs","9":"product_cat-courte-piste","10":"product_cat-lame","11":"product_cat-lames-ehs","12":"product_cat-lames-pour-piste-courte","13":"product_cat-lames-stay-bent-ehs","14":"product_tag-edward-hagen","15":"product_tag-ehs-xq","16":"product_tag-ehs-xq005","17":"product_tag-lames-pour-piste-courte","18":"product_tag-staybent-by-ehs-ehs-xq","19":"desktop-align-left","20":"tablet-align-left","21":"mobile-align-left","23":"first","24":"instock","25":"featured","26":"taxable","27":"shipping-taxable","28":"purchasable","29":"product-type-simple"},"acf":[],"_links":{"self":[{"href":"https:\/\/ztsports.com\/fr\/wp-json\/wp\/v2\/product\/19817","targetHints":{"allow":["GET"]}}],"collection":[{"href":"https:\/\/ztsports.com\/fr\/wp-json\/wp\/v2\/product"}],"about":[{"href":"https:\/\/ztsports.com\/fr\/wp-json\/wp\/v2\/types\/product"}],"replies":[{"embeddable":true,"href":"https:\/\/ztsports.com\/fr\/wp-json\/wp\/v2\/comments?post=19817"}],"version-history":[{"count":1,"href":"https:\/\/ztsports.com\/fr\/wp-json\/wp\/v2\/product\/19817\/revisions"}],"predecessor-version":[{"id":19818,"href":"https:\/\/ztsports.com\/fr\/wp-json\/wp\/v2\/product\/19817\/revisions\/19818"}],"wp:featuredmedia":[{"embeddable":true,"href":"https:\/\/ztsports.com\/fr\/wp-json\/wp\/v2\/media\/19819"}],"wp:attachment":[{"href":"https:\/\/ztsports.com\/fr\/wp-json\/wp\/v2\/media?parent=19817"}],"wp:term":[{"taxonomy":"product_brand","embeddable":true,"href":"https:\/\/ztsports.com\/fr\/wp-json\/wp\/v2\/product_brand?post=19817"},{"taxonomy":"product_cat","embeddable":true,"href":"https:\/\/ztsports.com\/fr\/wp-json\/wp\/v2\/product_cat?post=19817"},{"taxonomy":"product_tag","embeddable":true,"href":"https:\/\/ztsports.com\/fr\/wp-json\/wp\/v2\/product_tag?post=19817"}],"curies":[{"name":"wp","href":"https:\/\/api.w.org\/{rel}","templated":true}]}}