{"id":19810,"date":"2023-05-11T15:00:39","date_gmt":"2023-05-11T15:00:39","guid":{"rendered":"https:\/\/ztsports.com\/?post_type=product&#038;p=19810"},"modified":"2026-02-02T19:06:31","modified_gmt":"2026-02-02T19:06:31","slug":"collier-pendentif-long-track","status":"publish","type":"product","link":"https:\/\/ztsports.com\/fr\/store\/collier-pendentif-long-track\/","title":{"rendered":"COLLIER PENDENTIF LONG TRACK SKATE-TEC"},"content":{"rendered":"<p>COLLIER PENDENTIF LONG TRACK SKATE-TEC<\/p>\n<p>Le pendentif SKATE-TEC LONG TRACK PENDANT NECKLACE est compos\u00e9 \u00e0 100 % d&#8217;argent 925.<\/p>\n<p>Livr\u00e9 dans une bo\u00eete en velours.<\/p>\n<p>Fabriqu\u00e9 \u00e0 100% en argent 925<\/p>\n<p>Voir finement tous nos autres <a href=\"https:\/\/ztsports.com\/product-category\/sports-jewelry\/\"><strong>bijoux de sport ici.<\/strong><\/a><\/p>\n<p>En outre, il y a d&#8217;autres <a href=\"https:\/\/ztsports.com\/product-category\/skater-gifts\/\"><strong>Skater Gifts ici.<\/strong><\/a><\/p>\n<p>&nbsp;<\/p>\n","protected":false},"excerpt":{"rendered":"<p>COLLIER PENDENTIF LONG TRACK SKATE-TEC Le pendentif SKATE-TEC LONG TRACK PENDANT NECKLACE est compos\u00e9 \u00e0 100 % d&#8217;argent 925. Livr\u00e9 dans une bo\u00eete en velours. Fabriqu\u00e9 \u00e0 100% en argent 925 Voir finement tous nos autres bijoux de sport ici. En outre, il y a d&#8217;autres Skater Gifts ici. &nbsp;<\/p>\n","protected":false},"featured_media":19812,"comment_status":"open","ping_status":"closed","template":"","meta":{"_acf_changed":false,"_monsterinsights_skip_tracking":false,"_monsterinsights_sitenote_active":false,"_monsterinsights_sitenote_note":"","_monsterinsights_sitenote_category":0,"_uf_show_specific_survey":0,"_uf_disable_surveys":false,"site-sidebar-layout":"default","site-content-layout":"","ast-site-content-layout":"default","site-content-style":"default","site-sidebar-style":"default","ast-global-header-display":"","ast-banner-title-visibility":"","ast-main-header-display":"","ast-hfb-above-header-display":"","ast-hfb-below-header-display":"","ast-hfb-mobile-header-display":"","site-post-title":"","ast-breadcrumbs-content":"","ast-featured-img":"","footer-sml-layout":"","ast-disable-related-posts":"","theme-transparent-header-meta":"default","adv-header-id-meta":"","stick-header-meta":"","header-above-stick-meta":"","header-main-stick-meta":"","header-below-stick-meta":"","astra-migrate-meta-layouts":"set","ast-page-background-enabled":"default","ast-page-background-meta":{"desktop":{"background-color":"","background-image":"","background-repeat":"repeat","background-position":"center center","background-size":"auto","background-attachment":"scroll","background-type":"","background-media":"","overlay-type":"","overlay-color":"","overlay-opacity":"","overlay-gradient":""},"tablet":{"background-color":"","background-image":"","background-repeat":"repeat","background-position":"center center","background-size":"auto","background-attachment":"scroll","background-type":"","background-media":"","overlay-type":"","overlay-color":"","overlay-opacity":"","overlay-gradient":""},"mobile":{"background-color":"","background-image":"","background-repeat":"repeat","background-position":"center center","background-size":"auto","background-attachment":"scroll","background-type":"","background-media":"","overlay-type":"","overlay-color":"","overlay-opacity":"","overlay-gradient":""}},"ast-content-background-meta":{"desktop":{"background-color":"var(--ast-global-color-5)","background-image":"","background-repeat":"repeat","background-position":"center center","background-size":"auto","background-attachment":"scroll","background-type":"","background-media":"","overlay-type":"","overlay-color":"","overlay-opacity":"","overlay-gradient":""},"tablet":{"background-color":"var(--ast-global-color-5)","background-image":"","background-repeat":"repeat","background-position":"center center","background-size":"auto","background-attachment":"scroll","background-type":"","background-media":"","overlay-type":"","overlay-color":"","overlay-opacity":"","overlay-gradient":""},"mobile":{"background-color":"var(--ast-global-color-5)","background-image":"","background-repeat":"repeat","background-position":"center center","background-size":"auto","background-attachment":"scroll","background-type":"","background-media":"","overlay-type":"","overlay-color":"","overlay-opacity":"","overlay-gradient":""}}},"product_brand":[3338],"product_cat":[3389,3391,3775,4104,3878,3390,3776],"product_tag":[4105,4106,4065,4107,4108],"class_list":{"0":"post-19810","1":"product","2":"type-product","3":"status-publish","4":"has-post-thumbnail","6":"product_brand-skate-tec","7":"product_cat-accessoires-longue-piste","8":"product_cat-accessoires-pour-la-longue-piste","9":"product_cat-bijoux-de-sport","10":"product_cat-cadeaux","12":"product_cat-longue-piste","13":"product_cat-pendentifs-sportifs","14":"product_tag-bijoux-de-sport","15":"product_tag-cadeaux-pour-patineurs","16":"product_tag-patineur-de-vitesse","17":"product_tag-pendentif-patineur-de-vitesse","18":"product_tag-pendentifs-sportifs","19":"desktop-align-left","20":"tablet-align-left","21":"mobile-align-left","23":"first","24":"instock","25":"taxable","26":"shipping-taxable","27":"purchasable","28":"product-type-simple"},"acf":[],"_links":{"self":[{"href":"https:\/\/ztsports.com\/fr\/wp-json\/wp\/v2\/product\/19810","targetHints":{"allow":["GET"]}}],"collection":[{"href":"https:\/\/ztsports.com\/fr\/wp-json\/wp\/v2\/product"}],"about":[{"href":"https:\/\/ztsports.com\/fr\/wp-json\/wp\/v2\/types\/product"}],"replies":[{"embeddable":true,"href":"https:\/\/ztsports.com\/fr\/wp-json\/wp\/v2\/comments?post=19810"}],"version-history":[{"count":1,"href":"https:\/\/ztsports.com\/fr\/wp-json\/wp\/v2\/product\/19810\/revisions"}],"predecessor-version":[{"id":19811,"href":"https:\/\/ztsports.com\/fr\/wp-json\/wp\/v2\/product\/19810\/revisions\/19811"}],"wp:featuredmedia":[{"embeddable":true,"href":"https:\/\/ztsports.com\/fr\/wp-json\/wp\/v2\/media\/19812"}],"wp:attachment":[{"href":"https:\/\/ztsports.com\/fr\/wp-json\/wp\/v2\/media?parent=19810"}],"wp:term":[{"taxonomy":"product_brand","embeddable":true,"href":"https:\/\/ztsports.com\/fr\/wp-json\/wp\/v2\/product_brand?post=19810"},{"taxonomy":"product_cat","embeddable":true,"href":"https:\/\/ztsports.com\/fr\/wp-json\/wp\/v2\/product_cat?post=19810"},{"taxonomy":"product_tag","embeddable":true,"href":"https:\/\/ztsports.com\/fr\/wp-json\/wp\/v2\/product_tag?post=19810"}],"curies":[{"name":"wp","href":"https:\/\/api.w.org\/{rel}","templated":true}]}}