{"id":19805,"date":"2023-05-10T18:50:59","date_gmt":"2023-05-10T18:50:59","guid":{"rendered":"https:\/\/ztsports.com\/?post_type=product&#038;p=19805"},"modified":"2026-02-02T19:07:18","modified_gmt":"2026-02-02T19:07:18","slug":"skate-allen-key-bont-t-wrench","status":"publish","type":"product","link":"https:\/\/ztsports.com\/fr\/store\/skate-allen-key-bont-t-wrench\/","title":{"rendered":"Skate Cl\u00e9 Allen Bont T-Wrench 4mm"},"content":{"rendered":"<p>Skate Cl\u00e9 Allen Bont T-Wrench 4mm<\/p>\n<p>La cl\u00e9 Allen de Bont Skate est un outil tr\u00e8s pratique. \u00c9galement appel\u00e9 cl\u00e9 en T, cet outil est \u00e0 la fois une cl\u00e9 Allen et un pousseur de roulements. Convient aux patins \u00e0 roues align\u00e9es, aux patins \u00e0 roulettes, aux patins \u00e0 glace et aux patins de roller derby.<\/p>\n<ul>\n<li>Forme adapt\u00e9e \u00e0 la paume de la main<\/li>\n<li>Le grand angle permet un bon effet de levier<\/li>\n<li>Cl\u00e9 Allen de 4 mm<\/li>\n<\/ul>\n","protected":false},"excerpt":{"rendered":"<p>Skate Cl\u00e9 Allen Bont T-Wrench 4mm La cl\u00e9 Allen de Bont Skate est un outil tr\u00e8s pratique. \u00c9galement appel\u00e9 cl\u00e9 en T, cet outil est \u00e0 la fois une cl\u00e9 Allen et un pousseur de roulements. Convient aux patins \u00e0 roues align\u00e9es, aux patins \u00e0 roulettes, aux patins \u00e0 glace et aux patins de roller [&hellip;]<\/p>\n","protected":false},"featured_media":19807,"comment_status":"open","ping_status":"closed","template":"","meta":{"_acf_changed":false,"_monsterinsights_skip_tracking":false,"_monsterinsights_sitenote_active":false,"_monsterinsights_sitenote_note":"","_monsterinsights_sitenote_category":0,"_uf_show_specific_survey":0,"_uf_disable_surveys":false,"site-sidebar-layout":"default","site-content-layout":"","ast-site-content-layout":"default","site-content-style":"default","site-sidebar-style":"default","ast-global-header-display":"","ast-banner-title-visibility":"","ast-main-header-display":"","ast-hfb-above-header-display":"","ast-hfb-below-header-display":"","ast-hfb-mobile-header-display":"","site-post-title":"","ast-breadcrumbs-content":"","ast-featured-img":"","footer-sml-layout":"","ast-disable-related-posts":"","theme-transparent-header-meta":"default","adv-header-id-meta":"","stick-header-meta":"","header-above-stick-meta":"","header-main-stick-meta":"","header-below-stick-meta":"","astra-migrate-meta-layouts":"set","ast-page-background-enabled":"default","ast-page-background-meta":{"desktop":{"background-color":"","background-image":"","background-repeat":"repeat","background-position":"center center","background-size":"auto","background-attachment":"scroll","background-type":"","background-media":"","overlay-type":"","overlay-color":"","overlay-opacity":"","overlay-gradient":""},"tablet":{"background-color":"","background-image":"","background-repeat":"repeat","background-position":"center center","background-size":"auto","background-attachment":"scroll","background-type":"","background-media":"","overlay-type":"","overlay-color":"","overlay-opacity":"","overlay-gradient":""},"mobile":{"background-color":"","background-image":"","background-repeat":"repeat","background-position":"center center","background-size":"auto","background-attachment":"scroll","background-type":"","background-media":"","overlay-type":"","overlay-color":"","overlay-opacity":"","overlay-gradient":""}},"ast-content-background-meta":{"desktop":{"background-color":"var(--ast-global-color-5)","background-image":"","background-repeat":"repeat","background-position":"center center","background-size":"auto","background-attachment":"scroll","background-type":"","background-media":"","overlay-type":"","overlay-color":"","overlay-opacity":"","overlay-gradient":""},"tablet":{"background-color":"var(--ast-global-color-5)","background-image":"","background-repeat":"repeat","background-position":"center center","background-size":"auto","background-attachment":"scroll","background-type":"","background-media":"","overlay-type":"","overlay-color":"","overlay-opacity":"","overlay-gradient":""},"mobile":{"background-color":"var(--ast-global-color-5)","background-image":"","background-repeat":"repeat","background-position":"center center","background-size":"auto","background-attachment":"scroll","background-type":"","background-media":"","overlay-type":"","overlay-color":"","overlay-opacity":"","overlay-gradient":""}}},"product_brand":[3285],"product_cat":[3467,3381,3408,3429,3875,3409],"product_tag":[2732,4102,4103,2735,2736],"class_list":{"0":"post-19805","1":"product","2":"type-product","3":"status-publish","4":"has-post-thumbnail","6":"product_brand-bont","7":"product_cat-patinage-de-vitesse","8":"product_cat-patinage-de-vitesse-en-ligne","9":"product_cat-patins-a-roulettes","10":"product_cat-pieces-et-outils","12":"product_cat-roulements-et-outils","13":"product_tag-4mm","14":"product_tag-cle-allen-pour-patins","15":"product_tag-cle-en-t-de-bont","16":"product_tag-skate-allen-key-bont","17":"product_tag-t-wrench-4mm","18":"desktop-align-left","19":"tablet-align-left","20":"mobile-align-left","22":"first","23":"instock","24":"taxable","25":"shipping-taxable","26":"purchasable","27":"product-type-simple"},"acf":[],"_links":{"self":[{"href":"https:\/\/ztsports.com\/fr\/wp-json\/wp\/v2\/product\/19805","targetHints":{"allow":["GET"]}}],"collection":[{"href":"https:\/\/ztsports.com\/fr\/wp-json\/wp\/v2\/product"}],"about":[{"href":"https:\/\/ztsports.com\/fr\/wp-json\/wp\/v2\/types\/product"}],"replies":[{"embeddable":true,"href":"https:\/\/ztsports.com\/fr\/wp-json\/wp\/v2\/comments?post=19805"}],"version-history":[{"count":1,"href":"https:\/\/ztsports.com\/fr\/wp-json\/wp\/v2\/product\/19805\/revisions"}],"predecessor-version":[{"id":19806,"href":"https:\/\/ztsports.com\/fr\/wp-json\/wp\/v2\/product\/19805\/revisions\/19806"}],"wp:featuredmedia":[{"embeddable":true,"href":"https:\/\/ztsports.com\/fr\/wp-json\/wp\/v2\/media\/19807"}],"wp:attachment":[{"href":"https:\/\/ztsports.com\/fr\/wp-json\/wp\/v2\/media?parent=19805"}],"wp:term":[{"taxonomy":"product_brand","embeddable":true,"href":"https:\/\/ztsports.com\/fr\/wp-json\/wp\/v2\/product_brand?post=19805"},{"taxonomy":"product_cat","embeddable":true,"href":"https:\/\/ztsports.com\/fr\/wp-json\/wp\/v2\/product_cat?post=19805"},{"taxonomy":"product_tag","embeddable":true,"href":"https:\/\/ztsports.com\/fr\/wp-json\/wp\/v2\/product_tag?post=19805"}],"curies":[{"name":"wp","href":"https:\/\/api.w.org\/{rel}","templated":true}]}}