{"id":19802,"date":"2023-05-11T02:06:05","date_gmt":"2023-05-11T02:06:05","guid":{"rendered":"https:\/\/ztsports.com\/?post_type=product&#038;p=19802"},"modified":"2026-02-02T19:07:07","modified_gmt":"2026-02-02T19:07:07","slug":"maple-allen-key","status":"publish","type":"product","link":"https:\/\/ztsports.com\/fr\/store\/maple-allen-key\/","title":{"rendered":"Cl\u00e9 Allen en T en \u00e9rable 4mm Long Track"},"content":{"rendered":"<p>Cl\u00e9 Allen en T 4mm en \u00e9rable<\/p>\n<p>La cl\u00e9 en T en \u00e9rable est de 4 mm. Avec une extr\u00e9mit\u00e9 large pour la solidit\u00e9 et une extr\u00e9mit\u00e9 courte pour la facilit\u00e9 d&#8217;utilisation.<\/p>\n<p>Il s&#8217;agit d&#8217;un outil \u00e0 poign\u00e9e en T \u00e0 cl\u00e9 allen de 4 mm utilis\u00e9 pour le montage et l&#8217;ajustement des boulons de montage des chenilles longues.<\/p>\n<p><b>Cl\u00e9 Allen pratique pour les voies longues et les voies en ligne. <\/b><\/p>\n<p><b>Lastly in addition it also works on <\/b><a href=\"https:\/\/www.ikea.com\/ca\/en\/stores\/ottawa\/\" target=\"_blank\" rel=\"noopener\"><strong>IKEA<\/strong><\/a><b> products too, much better than the little Allen key they provide. <\/b> <strong><br \/>\n<\/strong><\/p>\n<p>Un outil indispensable pour tous les patineurs de vitesse.<\/p>\n","protected":false},"excerpt":{"rendered":"<p>Cl\u00e9 Allen en T 4mm en \u00e9rable La cl\u00e9 en T en \u00e9rable est de 4 mm. Avec une extr\u00e9mit\u00e9 large pour la solidit\u00e9 et une extr\u00e9mit\u00e9 courte pour la facilit\u00e9 d&#8217;utilisation. Il s&#8217;agit d&#8217;un outil \u00e0 poign\u00e9e en T \u00e0 cl\u00e9 allen de 4 mm utilis\u00e9 pour le montage et l&#8217;ajustement des boulons de [&hellip;]<\/p>\n","protected":false},"featured_media":19804,"comment_status":"open","ping_status":"closed","template":"","meta":{"_acf_changed":false,"_monsterinsights_skip_tracking":false,"_monsterinsights_sitenote_active":false,"_monsterinsights_sitenote_note":"","_monsterinsights_sitenote_category":0,"_uf_show_specific_survey":0,"_uf_disable_surveys":false,"site-sidebar-layout":"default","site-content-layout":"","ast-site-content-layout":"default","site-content-style":"default","site-sidebar-style":"default","ast-global-header-display":"","ast-banner-title-visibility":"","ast-main-header-display":"","ast-hfb-above-header-display":"","ast-hfb-below-header-display":"","ast-hfb-mobile-header-display":"","site-post-title":"","ast-breadcrumbs-content":"","ast-featured-img":"","footer-sml-layout":"","ast-disable-related-posts":"","theme-transparent-header-meta":"default","adv-header-id-meta":"","stick-header-meta":"","header-above-stick-meta":"","header-main-stick-meta":"","header-below-stick-meta":"","astra-migrate-meta-layouts":"set","ast-page-background-enabled":"default","ast-page-background-meta":{"desktop":{"background-color":"","background-image":"","background-repeat":"repeat","background-position":"center center","background-size":"auto","background-attachment":"scroll","background-type":"","background-media":"","overlay-type":"","overlay-color":"","overlay-opacity":"","overlay-gradient":""},"tablet":{"background-color":"","background-image":"","background-repeat":"repeat","background-position":"center center","background-size":"auto","background-attachment":"scroll","background-type":"","background-media":"","overlay-type":"","overlay-color":"","overlay-opacity":"","overlay-gradient":""},"mobile":{"background-color":"","background-image":"","background-repeat":"repeat","background-position":"center center","background-size":"auto","background-attachment":"scroll","background-type":"","background-media":"","overlay-type":"","overlay-color":"","overlay-opacity":"","overlay-gradient":""}},"ast-content-background-meta":{"desktop":{"background-color":"var(--ast-global-color-5)","background-image":"","background-repeat":"repeat","background-position":"center center","background-size":"auto","background-attachment":"scroll","background-type":"","background-media":"","overlay-type":"","overlay-color":"","overlay-opacity":"","overlay-gradient":""},"tablet":{"background-color":"var(--ast-global-color-5)","background-image":"","background-repeat":"repeat","background-position":"center center","background-size":"auto","background-attachment":"scroll","background-type":"","background-media":"","overlay-type":"","overlay-color":"","overlay-opacity":"","overlay-gradient":""},"mobile":{"background-color":"var(--ast-global-color-5)","background-image":"","background-repeat":"repeat","background-position":"center center","background-size":"auto","background-attachment":"scroll","background-type":"","background-media":"","overlay-type":"","overlay-color":"","overlay-opacity":"","overlay-gradient":""}}},"product_brand":[3318,3319],"product_cat":[3389,3391,3874,3526,3390,3381,3408,3559,3875,3429,3409],"product_tag":[4097,4098,4099,4100,4101,1752,2736],"class_list":{"0":"post-19802","1":"product","2":"type-product","3":"status-publish","4":"has-post-thumbnail","6":"product_brand-maple","7":"product_brand-maplez","8":"product_cat-accessoires-longue-piste","9":"product_cat-accessoires-pour-la-longue-piste","10":"product_cat-accessories","11":"product_cat-blades","12":"product_cat-longue-piste","13":"product_cat-patinage-de-vitesse-en-ligne","14":"product_cat-patins-a-roulettes","15":"product_cat-pieces-detachees-pour-voies-longues","16":"product_cat-pieces-et-outils","18":"product_cat-roulements-et-outils","19":"product_tag-cle-allen-4mm","20":"product_tag-cle-allen-en-erable","21":"product_tag-cle-en-t-de-maplez","22":"product_tag-cle-hexagonale","23":"product_tag-longue-piste-alen-key","24":"product_tag-speed-skating-equipment","25":"product_tag-t-wrench-4mm","26":"desktop-align-left","27":"tablet-align-left","28":"mobile-align-left","30":"first","31":"instock","32":"sale","33":"taxable","34":"shipping-taxable","35":"purchasable","36":"product-type-simple"},"acf":[],"_links":{"self":[{"href":"https:\/\/ztsports.com\/fr\/wp-json\/wp\/v2\/product\/19802","targetHints":{"allow":["GET"]}}],"collection":[{"href":"https:\/\/ztsports.com\/fr\/wp-json\/wp\/v2\/product"}],"about":[{"href":"https:\/\/ztsports.com\/fr\/wp-json\/wp\/v2\/types\/product"}],"replies":[{"embeddable":true,"href":"https:\/\/ztsports.com\/fr\/wp-json\/wp\/v2\/comments?post=19802"}],"version-history":[{"count":1,"href":"https:\/\/ztsports.com\/fr\/wp-json\/wp\/v2\/product\/19802\/revisions"}],"predecessor-version":[{"id":19803,"href":"https:\/\/ztsports.com\/fr\/wp-json\/wp\/v2\/product\/19802\/revisions\/19803"}],"wp:featuredmedia":[{"embeddable":true,"href":"https:\/\/ztsports.com\/fr\/wp-json\/wp\/v2\/media\/19804"}],"wp:attachment":[{"href":"https:\/\/ztsports.com\/fr\/wp-json\/wp\/v2\/media?parent=19802"}],"wp:term":[{"taxonomy":"product_brand","embeddable":true,"href":"https:\/\/ztsports.com\/fr\/wp-json\/wp\/v2\/product_brand?post=19802"},{"taxonomy":"product_cat","embeddable":true,"href":"https:\/\/ztsports.com\/fr\/wp-json\/wp\/v2\/product_cat?post=19802"},{"taxonomy":"product_tag","embeddable":true,"href":"https:\/\/ztsports.com\/fr\/wp-json\/wp\/v2\/product_tag?post=19802"}],"curies":[{"name":"wp","href":"https:\/\/api.w.org\/{rel}","templated":true}]}}