{"id":19799,"date":"2023-05-11T02:23:42","date_gmt":"2023-05-11T02:23:42","guid":{"rendered":"https:\/\/ztsports.com\/?post_type=product&#038;p=19799"},"modified":"2026-02-02T19:06:55","modified_gmt":"2026-02-02T19:06:55","slug":"triple-row-stopwatch-100-lap","status":"publish","type":"product","link":"https:\/\/ztsports.com\/fr\/store\/triple-row-stopwatch-100-lap\/","title":{"rendered":"Chronographe TRIPLE ROW STOPWATCH 100 LAP"},"content":{"rendered":"<p>CHRONOM\u00c8TRE TRIPLE RANG\u00c9E 100 TOURS \/\u00a0 TRIPLE ROW STOPWATCH 100 LAP<\/p>\n<p>TRIPLE ROW STOPWATCH 100 LAP est un chronom\u00e8tre num\u00e9rique portable professionnel, avec chronographe pour l&#8217;entra\u00eenement sportif.<\/p>\n<p>TRIPLE ROW STOPWATCH 100 LAP <strong>Caract\u00e9ristiques :<\/strong><br \/>\n1. Fonction d&#8217;arr\u00eat : l&#8217;alimentation peut \u00eatre coup\u00e9e et l&#8217;horloge n&#8217;a pas besoin d&#8217;\u00eatre r\u00e9initialis\u00e9e.<br \/>\n2. Fonction de mise en sourdine des touches : Elle peut \u00eatre mise en sourdine et utilis\u00e9e dans des situations calmes.<br \/>\n3. Fonction heure et calendrier : affichage de l&#8217;ann\u00e9e, du mois, du jour, de l&#8217;heure, de la minute, de la seconde, de la semaine, syst\u00e8me 12\/24 heures en option.<br \/>\n4. Fonction chronom\u00e8tre : Affichage sur 3 rang\u00e9es, m\u00e9moire segment\u00e9e, pr\u00e9cision jusqu&#8217;\u00e0 1\/100 de seconde, la dur\u00e9e la plus longue est de 9 heures 59 minutes 59 secondes,<br \/>\n5. La valeur la plus rapide, la plus lente et la valeur moyenne peuvent \u00eatre visualis\u00e9es. Lors de la recherche de donn\u00e9es en m\u00e9moire, vous pouvez v\u00e9rifier de haut en bas. Chaque fonction est facile \u00e0 utiliser.<br \/>\n6. Fonction de compte \u00e0 rebours : Elle permet de r\u00e9gler la fonction de compte \u00e0 rebours et la fonction de comptage des temps. Le compte \u00e0 rebours le plus long est de 9 heures, 59 minutes et 59 secondes.<br \/>\n7. Fonction de r\u00e9veil quotidien : permet d&#8217;activer\/d\u00e9sactiver rapidement le r\u00e9veil.<br \/>\n8. Fonction m\u00e9tronome : la fr\u00e9quence de battement peut \u00eatre s\u00e9lectionn\u00e9e entre 5 fois\/minute et 320 fois\/minute (multiple de 5 fois) et dispose d&#8217;une fonction de comptage des temps.<\/p>\n<p><strong>Specifications TRIPLE ROW STOPWATCH 100 LAP :<\/strong><br \/>\nMod\u00e8le : YS8100<br \/>\nCouleur : blanc<br \/>\nAffichage : 3 lignes d&#8217;affichage de 100 pistes<br \/>\nMat\u00e9riau : Coque en plastique ABS<br \/>\nPile : pile bouton CR2032 int\u00e9gr\u00e9e<br \/>\nTaille de l&#8217;\u00e9cran : 35 x 23,5mm\/1,38 x 0,93\u2033.<br \/>\nDimensions du produit : 75 x 62 x 21mm\/2.95 x 2.44 x 0.83\u2033.<br \/>\nPoids brut : 70g<\/p>\n","protected":false},"excerpt":{"rendered":"<p>CHRONOM\u00c8TRE TRIPLE RANG\u00c9E 100 TOURS \/\u00a0 TRIPLE ROW STOPWATCH 100 LAP TRIPLE ROW STOPWATCH 100 LAP est un chronom\u00e8tre num\u00e9rique portable professionnel, avec chronographe pour l&#8217;entra\u00eenement sportif. TRIPLE ROW STOPWATCH 100 LAP Caract\u00e9ristiques : 1. Fonction d&#8217;arr\u00eat : l&#8217;alimentation peut \u00eatre coup\u00e9e et l&#8217;horloge n&#8217;a pas besoin d&#8217;\u00eatre r\u00e9initialis\u00e9e. 2. Fonction de mise en sourdine [&hellip;]<\/p>\n","protected":false},"featured_media":19801,"comment_status":"open","ping_status":"closed","template":"","meta":{"_acf_changed":false,"_monsterinsights_skip_tracking":false,"_monsterinsights_sitenote_active":false,"_monsterinsights_sitenote_note":"","_monsterinsights_sitenote_category":0,"_uf_show_specific_survey":0,"_uf_disable_surveys":false,"site-sidebar-layout":"default","site-content-layout":"","ast-site-content-layout":"default","site-content-style":"default","site-sidebar-style":"default","ast-global-header-display":"","ast-banner-title-visibility":"","ast-main-header-display":"","ast-hfb-above-header-display":"","ast-hfb-below-header-display":"","ast-hfb-mobile-header-display":"","site-post-title":"","ast-breadcrumbs-content":"","ast-featured-img":"","footer-sml-layout":"","ast-disable-related-posts":"","theme-transparent-header-meta":"default","adv-header-id-meta":"","stick-header-meta":"","header-above-stick-meta":"","header-main-stick-meta":"","header-below-stick-meta":"","astra-migrate-meta-layouts":"set","ast-page-background-enabled":"default","ast-page-background-meta":{"desktop":{"background-color":"","background-image":"","background-repeat":"repeat","background-position":"center center","background-size":"auto","background-attachment":"scroll","background-type":"","background-media":"","overlay-type":"","overlay-color":"","overlay-opacity":"","overlay-gradient":""},"tablet":{"background-color":"","background-image":"","background-repeat":"repeat","background-position":"center center","background-size":"auto","background-attachment":"scroll","background-type":"","background-media":"","overlay-type":"","overlay-color":"","overlay-opacity":"","overlay-gradient":""},"mobile":{"background-color":"","background-image":"","background-repeat":"repeat","background-position":"center center","background-size":"auto","background-attachment":"scroll","background-type":"","background-media":"","overlay-type":"","overlay-color":"","overlay-opacity":"","overlay-gradient":""}},"ast-content-background-meta":{"desktop":{"background-color":"var(--ast-global-color-5)","background-image":"","background-repeat":"repeat","background-position":"center center","background-size":"auto","background-attachment":"scroll","background-type":"","background-media":"","overlay-type":"","overlay-color":"","overlay-opacity":"","overlay-gradient":""},"tablet":{"background-color":"var(--ast-global-color-5)","background-image":"","background-repeat":"repeat","background-position":"center center","background-size":"auto","background-attachment":"scroll","background-type":"","background-media":"","overlay-type":"","overlay-color":"","overlay-opacity":"","overlay-gradient":""},"mobile":{"background-color":"var(--ast-global-color-5)","background-image":"","background-repeat":"repeat","background-position":"center center","background-size":"auto","background-attachment":"scroll","background-type":"","background-media":"","overlay-type":"","overlay-color":"","overlay-opacity":"","overlay-gradient":""}}},"product_brand":[3358,3361,3360],"product_cat":[3389,3391,3479,3392,3874,3396,3433,3553,3879,3395,3390,3467,3429,3409],"product_tag":[3598],"class_list":{"0":"post-19799","1":"product","2":"type-product","3":"status-publish","4":"has-post-thumbnail","6":"product_brand-x-series","7":"product_brand-x-series-xact","8":"product_brand-xact","9":"product_cat-accessoires-longue-piste","10":"product_cat-accessoires-pour-la-longue-piste","11":"product_cat-accessoires-pour-le-short-track","12":"product_cat-accessoires-short-track","13":"product_cat-accessories","16":"product_cat-aides-a-lentrainement-et-a-la-formation","17":"product_cat-aides-a-la-formation","18":"product_cat-courte-piste","19":"product_cat-longue-piste","20":"product_cat-patinage-de-vitesse","21":"product_cat-pieces-et-outils","22":"product_cat-roulements-et-outils","23":"product_tag-aide-a-la-formation","24":"desktop-align-left","25":"tablet-align-left","26":"mobile-align-left","28":"first","29":"instock","30":"taxable","31":"shipping-taxable","32":"purchasable","33":"product-type-simple"},"acf":[],"_links":{"self":[{"href":"https:\/\/ztsports.com\/fr\/wp-json\/wp\/v2\/product\/19799","targetHints":{"allow":["GET"]}}],"collection":[{"href":"https:\/\/ztsports.com\/fr\/wp-json\/wp\/v2\/product"}],"about":[{"href":"https:\/\/ztsports.com\/fr\/wp-json\/wp\/v2\/types\/product"}],"replies":[{"embeddable":true,"href":"https:\/\/ztsports.com\/fr\/wp-json\/wp\/v2\/comments?post=19799"}],"version-history":[{"count":1,"href":"https:\/\/ztsports.com\/fr\/wp-json\/wp\/v2\/product\/19799\/revisions"}],"predecessor-version":[{"id":19800,"href":"https:\/\/ztsports.com\/fr\/wp-json\/wp\/v2\/product\/19799\/revisions\/19800"}],"wp:featuredmedia":[{"embeddable":true,"href":"https:\/\/ztsports.com\/fr\/wp-json\/wp\/v2\/media\/19801"}],"wp:attachment":[{"href":"https:\/\/ztsports.com\/fr\/wp-json\/wp\/v2\/media?parent=19799"}],"wp:term":[{"taxonomy":"product_brand","embeddable":true,"href":"https:\/\/ztsports.com\/fr\/wp-json\/wp\/v2\/product_brand?post=19799"},{"taxonomy":"product_cat","embeddable":true,"href":"https:\/\/ztsports.com\/fr\/wp-json\/wp\/v2\/product_cat?post=19799"},{"taxonomy":"product_tag","embeddable":true,"href":"https:\/\/ztsports.com\/fr\/wp-json\/wp\/v2\/product_tag?post=19799"}],"curies":[{"name":"wp","href":"https:\/\/api.w.org\/{rel}","templated":true}]}}