{"id":19796,"date":"2023-05-11T03:14:35","date_gmt":"2023-05-11T03:14:35","guid":{"rendered":"https:\/\/ztsports.com\/?post_type=product&#038;p=19796"},"modified":"2026-02-02T19:06:44","modified_gmt":"2026-02-02T19:06:44","slug":"ehs-acs-short-track","status":"publish","type":"product","link":"https:\/\/ztsports.com\/fr\/store\/ehs-acs-short-track\/","title":{"rendered":"LAME COURTE PISTE EHS ACS STAYBENT"},"content":{"rendered":"<p>LAME COURTE PISTE EHS ACS STAYBENT<\/p>\n<p>EHS ACS SHORT TRACK BLADE by STAYBENT Le mod\u00e8le pr\u00e9-courb\u00e9 offre la plus grande rigidit\u00e9 des lames ESH tout en conservant une bonne adh\u00e9rence dans les virages.<\/p>\n<ul class=\"ul1\">\n<li>Fabriqu\u00e9 \u00e0 partir d&#8217;aluminium de la plus haute qualit\u00e9 en provenance des Pays-Bas<\/li>\n<li>Premium Austrian sourced PM or Bi-metal steel runners prepared to the industry\u2019s highest tolerances<\/li>\n<li>Re-enforcement beams at the cup mounts to increase stability and control<\/li>\n<li>Assembl\u00e9 en interne par les artisans de Hagen Techniek<\/li>\n<li>Enfin, les coupelles sont fabriqu\u00e9es \u00e0 partir d&#8217;aluminium plus l\u00e9ger et plus r\u00e9sistant pour une rigidit\u00e9 et une durabilit\u00e9 accrues.<\/li>\n<\/ul>\n<p class=\"font_9\">-Successeur de l&#8217;Argon<\/p>\n<p class=\"font_9\">-Mod\u00e8le de lame le plus ferme<\/p>\n<p class=\"font_9\">-Acier Kromkamp rectifi\u00e9 lisse<\/p>\n<p class=\"font_9\">-Disponible en bi-m\u00e9tal ou en PM<\/p>\n<p class=\"font_9\">-L&#8217;alliage d&#8217;aluminium dur et fiable maintient la courbure de l&#8217;appareil.<\/p>\n<p class=\"font_9\">-Pr\u00e9-courbure tr\u00e8s pr\u00e9cise<\/p>\n<p class=\"font_9\">-Qualit\u00e9 \u00e9prouv\u00e9e<\/p>\n<p><strong>Fabriqu\u00e9 aux <a href=\"https:\/\/www.ehskates.com\/technology\" target=\"_blank\" rel=\"noopener\">Pays-Bas !<\/a><\/strong><\/p>\n<p><strong>Kim Boutin<\/strong> et les dames du CDN 500m 1\/4 de finale P\u00e9kin 2022 <a href=\"https:\/\/www.youtube.com\/watch?v=8y_VvHYY7vY&amp;list=RDCMUCOGxnF5dWQtoEz6E-msabZA&amp;index=4\" target=\"_blank\" rel=\"noopener\"><strong>sur EHS Blades <\/strong><\/a><\/p>\n<p><a href=\"https:\/\/ztsports.com\/brand\/ehs\/\">En outre, vous pouvez voir tous les produits ESH ici.<\/a><\/p>\n<p><a href=\"https:\/\/ztsports.com\/product-category\/short-track\/blades\/\">Enfin, pour conna\u00eetre toutes nos lames de short track, cliquez ici.<\/a><\/p>\n","protected":false},"excerpt":{"rendered":"<p>LAME COURTE PISTE EHS ACS STAYBENT EHS ACS SHORT TRACK BLADE by STAYBENT Le mod\u00e8le pr\u00e9-courb\u00e9 offre la plus grande rigidit\u00e9 des lames ESH tout en conservant une bonne adh\u00e9rence dans les virages. Fabriqu\u00e9 \u00e0 partir d&#8217;aluminium de la plus haute qualit\u00e9 en provenance des Pays-Bas Premium Austrian sourced PM or Bi-metal steel runners prepared [&hellip;]<\/p>\n","protected":false},"featured_media":18499,"comment_status":"open","ping_status":"closed","template":"","meta":{"_acf_changed":false,"_monsterinsights_skip_tracking":false,"_monsterinsights_sitenote_active":false,"_monsterinsights_sitenote_note":"","_monsterinsights_sitenote_category":0,"_uf_show_specific_survey":0,"_uf_disable_surveys":false,"site-sidebar-layout":"default","site-content-layout":"","ast-site-content-layout":"default","site-content-style":"default","site-sidebar-style":"default","ast-global-header-display":"","ast-banner-title-visibility":"","ast-main-header-display":"","ast-hfb-above-header-display":"","ast-hfb-below-header-display":"","ast-hfb-mobile-header-display":"","site-post-title":"","ast-breadcrumbs-content":"","ast-featured-img":"","footer-sml-layout":"","ast-disable-related-posts":"","theme-transparent-header-meta":"default","adv-header-id-meta":"","stick-header-meta":"","header-above-stick-meta":"","header-main-stick-meta":"","header-below-stick-meta":"","astra-migrate-meta-layouts":"set","ast-page-background-enabled":"default","ast-page-background-meta":{"desktop":{"background-color":"","background-image":"","background-repeat":"repeat","background-position":"center center","background-size":"auto","background-attachment":"scroll","background-type":"","background-media":"","overlay-type":"","overlay-color":"","overlay-opacity":"","overlay-gradient":""},"tablet":{"background-color":"","background-image":"","background-repeat":"repeat","background-position":"center center","background-size":"auto","background-attachment":"scroll","background-type":"","background-media":"","overlay-type":"","overlay-color":"","overlay-opacity":"","overlay-gradient":""},"mobile":{"background-color":"","background-image":"","background-repeat":"repeat","background-position":"center center","background-size":"auto","background-attachment":"scroll","background-type":"","background-media":"","overlay-type":"","overlay-color":"","overlay-opacity":"","overlay-gradient":""}},"ast-content-background-meta":{"desktop":{"background-color":"var(--ast-global-color-5)","background-image":"","background-repeat":"repeat","background-position":"center center","background-size":"auto","background-attachment":"scroll","background-type":"","background-media":"","overlay-type":"","overlay-color":"","overlay-opacity":"","overlay-gradient":""},"tablet":{"background-color":"var(--ast-global-color-5)","background-image":"","background-repeat":"repeat","background-position":"center center","background-size":"auto","background-attachment":"scroll","background-type":"","background-media":"","overlay-type":"","overlay-color":"","overlay-opacity":"","overlay-gradient":""},"mobile":{"background-color":"var(--ast-global-color-5)","background-image":"","background-repeat":"repeat","background-position":"center center","background-size":"auto","background-attachment":"scroll","background-type":"","background-media":"","overlay-type":"","overlay-color":"","overlay-opacity":"","overlay-gradient":""}}},"product_brand":[3296,3344],"product_cat":[3395,3508,3801,3619,3620,3621,3467],"product_tag":[2281,2282,3635,3623,3497],"class_list":{"0":"post-19796","1":"product","2":"type-product","3":"status-publish","4":"has-post-thumbnail","6":"product_brand-ehs-2","7":"product_brand-stay-bent","8":"product_cat-courte-piste","9":"product_cat-lame","11":"product_cat-lames-ehs","12":"product_cat-lames-pour-piste-courte","13":"product_cat-lames-stay-bent-ehs","14":"product_cat-patinage-de-vitesse","15":"product_tag-edward-hagan","16":"product_tag-ehs-acs","17":"product_tag-lames-acs-pm","18":"product_tag-lames-pour-piste-courte","19":"product_tag-patinage-de-vitesse","20":"desktop-align-left","21":"tablet-align-left","22":"mobile-align-left","24":"first","25":"instock","26":"taxable","27":"shipping-taxable","28":"purchasable","29":"product-type-simple"},"acf":[],"_links":{"self":[{"href":"https:\/\/ztsports.com\/fr\/wp-json\/wp\/v2\/product\/19796","targetHints":{"allow":["GET"]}}],"collection":[{"href":"https:\/\/ztsports.com\/fr\/wp-json\/wp\/v2\/product"}],"about":[{"href":"https:\/\/ztsports.com\/fr\/wp-json\/wp\/v2\/types\/product"}],"replies":[{"embeddable":true,"href":"https:\/\/ztsports.com\/fr\/wp-json\/wp\/v2\/comments?post=19796"}],"version-history":[{"count":1,"href":"https:\/\/ztsports.com\/fr\/wp-json\/wp\/v2\/product\/19796\/revisions"}],"predecessor-version":[{"id":19797,"href":"https:\/\/ztsports.com\/fr\/wp-json\/wp\/v2\/product\/19796\/revisions\/19797"}],"wp:featuredmedia":[{"embeddable":true,"href":"https:\/\/ztsports.com\/fr\/wp-json\/wp\/v2\/media\/18499"}],"wp:attachment":[{"href":"https:\/\/ztsports.com\/fr\/wp-json\/wp\/v2\/media?parent=19796"}],"wp:term":[{"taxonomy":"product_brand","embeddable":true,"href":"https:\/\/ztsports.com\/fr\/wp-json\/wp\/v2\/product_brand?post=19796"},{"taxonomy":"product_cat","embeddable":true,"href":"https:\/\/ztsports.com\/fr\/wp-json\/wp\/v2\/product_cat?post=19796"},{"taxonomy":"product_tag","embeddable":true,"href":"https:\/\/ztsports.com\/fr\/wp-json\/wp\/v2\/product_tag?post=19796"}],"curies":[{"name":"wp","href":"https:\/\/api.w.org\/{rel}","templated":true}]}}