{"id":19793,"date":"2023-05-10T03:01:26","date_gmt":"2023-05-10T03:01:26","guid":{"rendered":"https:\/\/ztsports.com\/?post_type=product&#038;p=19793"},"modified":"2026-02-02T19:07:28","modified_gmt":"2026-02-02T19:07:28","slug":"protege-cou-souple-resistant","status":"publish","type":"product","link":"https:\/\/ztsports.com\/fr\/store\/protege-cou-souple-resistant\/","title":{"rendered":"Prot\u00e8ge-cou souple r\u00e9sistant aux coupures S\u00e9rie X"},"content":{"rendered":"<p>PROT\u00c8GE-COU SOUPLE R\u00c9SISTANT AUX COUPURES X-SERIES<\/p>\n<p>Le prot\u00e8ge-cou souple r\u00e9sistant aux coupures de la s\u00e9rie X est fabriqu\u00e9 \u00e0 partir de super fibres d&#8217;aramide, \u00e9galement connues sous le nom de Kevlar. Ce prot\u00e8ge-cou est conforme aux r\u00e8glements de l&#8217;Union internationale de patinage (ISU). En outre, la norme internationale EN388 pour les mat\u00e9riaux r\u00e9sistants aux coupures. De plus, ce prot\u00e8ge-cou particuli\u00e8rement souple offre une protection optimale pour le patinage sur piste courte, longue ou marathon.<\/p>\n<p>COULEUR NOIR<\/p>\n<p>TAILLES : SM-XL<\/p>\n<p>PETIT = 11 &#8211; 12\u2033.<\/p>\n<p>MOYENNE = 13\u2033 &#8211; 14\u2033<\/p>\n<p>GRAND = 14.5\u2033 &#8211; 15.5\u2033<\/p>\n<p>XLARGE = 15.75\u2033 &#8211; 16.5\u2033<\/p>\n<p><strong><span class=\"Y2IQFc\" lang=\"en\">Doit \u00eatre not\u00e9 FPVQ &amp; <a href=\"https:\/\/www.ontariospeedskating.ca\/safety-equipment\" target=\"_blank\" rel=\"noopener\">OSSA : Accessoire obligatoire<\/a> en comp\u00e9tition.<\/span><\/strong><\/p>\n<p dir=\"ltr\" data-placeholder=\"Translation\">Enfin, la s\u00e9lection compl\u00e8te <a href=\"https:\/\/ztsports.com\/product-category\/protection\/neck-guards\/\"><strong>s\u00e9lection de prot\u00e8ge-cou<\/strong><\/a> se trouve ici.<\/p>\n","protected":false},"excerpt":{"rendered":"<p>PROT\u00c8GE-COU SOUPLE R\u00c9SISTANT AUX COUPURES X-SERIES Le prot\u00e8ge-cou souple r\u00e9sistant aux coupures de la s\u00e9rie X est fabriqu\u00e9 \u00e0 partir de super fibres d&#8217;aramide, \u00e9galement connues sous le nom de Kevlar. Ce prot\u00e8ge-cou est conforme aux r\u00e8glements de l&#8217;Union internationale de patinage (ISU). En outre, la norme internationale EN388 pour les mat\u00e9riaux r\u00e9sistants aux coupures. [&hellip;]<\/p>\n","protected":false},"featured_media":19795,"comment_status":"open","ping_status":"closed","template":"","meta":{"_acf_changed":false,"_monsterinsights_skip_tracking":false,"_monsterinsights_sitenote_active":false,"_monsterinsights_sitenote_note":"","_monsterinsights_sitenote_category":0,"_uf_show_specific_survey":0,"_uf_disable_surveys":false,"site-sidebar-layout":"default","site-content-layout":"","ast-site-content-layout":"default","site-content-style":"default","site-sidebar-style":"default","ast-global-header-display":"","ast-banner-title-visibility":"","ast-main-header-display":"","ast-hfb-above-header-display":"","ast-hfb-below-header-display":"","ast-hfb-mobile-header-display":"","site-post-title":"","ast-breadcrumbs-content":"","ast-featured-img":"","footer-sml-layout":"","ast-disable-related-posts":"","theme-transparent-header-meta":"default","adv-header-id-meta":"","stick-header-meta":"","header-above-stick-meta":"","header-main-stick-meta":"","header-below-stick-meta":"","astra-migrate-meta-layouts":"set","ast-page-background-enabled":"default","ast-page-background-meta":{"desktop":{"background-color":"","background-image":"","background-repeat":"repeat","background-position":"center center","background-size":"auto","background-attachment":"scroll","background-type":"","background-media":"","overlay-type":"","overlay-color":"","overlay-opacity":"","overlay-gradient":""},"tablet":{"background-color":"","background-image":"","background-repeat":"repeat","background-position":"center center","background-size":"auto","background-attachment":"scroll","background-type":"","background-media":"","overlay-type":"","overlay-color":"","overlay-opacity":"","overlay-gradient":""},"mobile":{"background-color":"","background-image":"","background-repeat":"repeat","background-position":"center center","background-size":"auto","background-attachment":"scroll","background-type":"","background-media":"","overlay-type":"","overlay-color":"","overlay-opacity":"","overlay-gradient":""}},"ast-content-background-meta":{"desktop":{"background-color":"var(--ast-global-color-5)","background-image":"","background-repeat":"repeat","background-position":"center center","background-size":"auto","background-attachment":"scroll","background-type":"","background-media":"","overlay-type":"","overlay-color":"","overlay-opacity":"","overlay-gradient":""},"tablet":{"background-color":"var(--ast-global-color-5)","background-image":"","background-repeat":"repeat","background-position":"center center","background-size":"auto","background-attachment":"scroll","background-type":"","background-media":"","overlay-type":"","overlay-color":"","overlay-opacity":"","overlay-gradient":""},"mobile":{"background-color":"var(--ast-global-color-5)","background-image":"","background-repeat":"repeat","background-position":"center center","background-size":"auto","background-attachment":"scroll","background-type":"","background-media":"","overlay-type":"","overlay-color":"","overlay-opacity":"","overlay-gradient":""}}},"product_brand":[3361,3358,3360],"product_cat":[3392,3396,3395,3482,3981],"product_tag":[2731,3427,3673,2156,2843,3993,3994,4096,4062],"class_list":{"0":"post-19793","1":"product","2":"type-product","3":"status-publish","4":"has-post-thumbnail","6":"product_brand-x-series-xact","7":"product_brand-x-series","8":"product_brand-xact","9":"product_cat-accessoires-short-track","10":"product_cat-accessories","11":"product_cat-courte-piste","12":"product_cat-protection-contre-les-coupures","13":"product_cat-protege-cou","14":"product_tag-cut-risistant","15":"product_tag-equipement-de-patinage-de-vitesse","16":"product_tag-equipement-de-protection","17":"product_tag-protection","18":"product_tag-protege-cou","19":"product_tag-protege-cou-souple","20":"product_tag-protege-cou-souple-et-protecteur","21":"product_tag-protege-lame","22":"product_tag-serie-x","23":"desktop-align-left","24":"tablet-align-left","25":"mobile-align-left","27":"first","28":"instock","29":"taxable","30":"shipping-taxable","31":"purchasable","32":"product-type-simple"},"acf":[],"_links":{"self":[{"href":"https:\/\/ztsports.com\/fr\/wp-json\/wp\/v2\/product\/19793","targetHints":{"allow":["GET"]}}],"collection":[{"href":"https:\/\/ztsports.com\/fr\/wp-json\/wp\/v2\/product"}],"about":[{"href":"https:\/\/ztsports.com\/fr\/wp-json\/wp\/v2\/types\/product"}],"replies":[{"embeddable":true,"href":"https:\/\/ztsports.com\/fr\/wp-json\/wp\/v2\/comments?post=19793"}],"version-history":[{"count":1,"href":"https:\/\/ztsports.com\/fr\/wp-json\/wp\/v2\/product\/19793\/revisions"}],"predecessor-version":[{"id":19794,"href":"https:\/\/ztsports.com\/fr\/wp-json\/wp\/v2\/product\/19793\/revisions\/19794"}],"wp:featuredmedia":[{"embeddable":true,"href":"https:\/\/ztsports.com\/fr\/wp-json\/wp\/v2\/media\/19795"}],"wp:attachment":[{"href":"https:\/\/ztsports.com\/fr\/wp-json\/wp\/v2\/media?parent=19793"}],"wp:term":[{"taxonomy":"product_brand","embeddable":true,"href":"https:\/\/ztsports.com\/fr\/wp-json\/wp\/v2\/product_brand?post=19793"},{"taxonomy":"product_cat","embeddable":true,"href":"https:\/\/ztsports.com\/fr\/wp-json\/wp\/v2\/product_cat?post=19793"},{"taxonomy":"product_tag","embeddable":true,"href":"https:\/\/ztsports.com\/fr\/wp-json\/wp\/v2\/product_tag?post=19793"}],"curies":[{"name":"wp","href":"https:\/\/api.w.org\/{rel}","templated":true}]}}