{"id":19789,"date":"2023-05-05T14:46:53","date_gmt":"2023-05-05T14:46:53","guid":{"rendered":"https:\/\/ztsports.com\/?post_type=product&#038;p=19789"},"modified":"2026-02-02T19:07:38","modified_gmt":"2026-02-02T19:07:38","slug":"norton-sharpenning-oils","status":"publish","type":"product","link":"https:\/\/ztsports.com\/fr\/store\/norton-sharpenning-oils\/","title":{"rendered":"NORTON SHARPENNING OILS for Stones (huiles d&#8217;aiguisage pour pierres)"},"content":{"rendered":"<h1 class=\"tw-data-text tw-text-large tw-ta\" dir=\"ltr\" data-placeholder=\"Translation\">NORTON SHARPENNING OILS for Stones (huiles d&#8217;aiguisage pour pierres)<\/h1>\n<p>NORTON SHARPENNING OILS<\/p>\n<p>Les <span class=\"Y2IQFc\" lang=\"en\">HUILES DE NETTOYAGE NORTON sont fabriqu\u00e9es<\/span>\u00e0 partir de mat\u00e9riaux suisses et Victorinox de la plus haute qualit\u00e9. Huile de rodage sp\u00e9cialement formul\u00e9e pour l&#8217;aff\u00fbtage d&#8217;une grande vari\u00e9t\u00e9 de couteaux, y compris les lames de patins. Les normes de puret\u00e9 de la pharmacop\u00e9e sont respect\u00e9es, ce qui signifie qu&#8217;il peut \u00eatre utilis\u00e9 dans le cadre d&#8217;op\u00e9rations de pr\u00e9paration d&#8217;aliments.<\/p>\n<p class=\"tw-data-text tw-text-large tw-ta\" dir=\"ltr\" data-placeholder=\"Translation\"><span class=\"Y2IQFc\" lang=\"en\">Cette huile d&#8217;aff\u00fbtage est sp\u00e9cialement con\u00e7ue pour faciliter l&#8217;aff\u00fbtage de vos lames. Contrairement \u00e0 l&#8217;huile pour b\u00e9b\u00e9, elle ne favorise pas la r\u00e9tention de m\u00e9tal dans vos pierres. Pour utiliser l&#8217;huile, il suffit de l&#8217;appliquer sur la surface de la pierre. <\/span><\/p>\n<p class=\"tw-data-text tw-text-large tw-ta\" dir=\"ltr\" data-placeholder=\"Translation\"><span class=\"Y2IQFc\" lang=\"en\">Les pierres synth\u00e9tiques n\u00e9cessitent plus d&#8217;huile, tandis que les pierres naturelles comme celles de l&#8217;Arkansas requi\u00e8rent moins d&#8217;huile car elles ne sont pas aussi poreuses. <\/span><\/p>\n<p class=\"tw-data-text tw-text-large tw-ta\" dir=\"ltr\" data-placeholder=\"Translation\"><span class=\"Y2IQFc\" lang=\"en\">Fabriqu\u00e9 aux \u00c9tats-Unis. <\/span><\/p>\n<h4 class=\"tw-data-text tw-text-large tw-ta\" dir=\"ltr\" data-placeholder=\"Translation\"><span class=\"Y2IQFc\" lang=\"en\">Disponible en 3 tailles: <\/span><\/h4>\n<h4 class=\"tw-data-text tw-text-large tw-ta\" dir=\"ltr\" data-placeholder=\"Translation\"><span class=\"Y2IQFc\" lang=\"en\">133ml 4.5oz <\/span><\/h4>\n<h4 class=\"tw-data-text tw-text-large tw-ta\" dir=\"ltr\" data-placeholder=\"Translation\"><span class=\"Y2IQFc\" lang=\"en\">473ml 16oz <\/span><\/h4>\n<h4 class=\"tw-data-text tw-text-large tw-ta\" dir=\"ltr\" data-placeholder=\"Translation\"><span class=\"Y2IQFc\" lang=\"en\">946ml 32oz<br \/>\n<\/span><\/h4>\n<pre id=\"tw-target-text\" class=\"tw-data-text tw-text-large tw-ta\" dir=\"ltr\" data-placeholder=\"Translation\"><span class=\"Y2IQFc\" lang=\"en\">Lastly Lastly you can find all the <a href=\"https:\/\/ztsports.com\/brand\/norton\/\"><strong>Norton Oils and Sharpening Stones<\/strong><\/a> here.<\/span><\/pre>\n","protected":false},"excerpt":{"rendered":"<p>NORTON SHARPENNING OILS for Stones (huiles d&#8217;aiguisage pour pierres) NORTON SHARPENNING OILS Les HUILES DE NETTOYAGE NORTON sont fabriqu\u00e9es\u00e0 partir de mat\u00e9riaux suisses et Victorinox de la plus haute qualit\u00e9. Huile de rodage sp\u00e9cialement formul\u00e9e pour l&#8217;aff\u00fbtage d&#8217;une grande vari\u00e9t\u00e9 de couteaux, y compris les lames de patins. Les normes de puret\u00e9 de la pharmacop\u00e9e [&hellip;]<\/p>\n","protected":false},"featured_media":19275,"comment_status":"open","ping_status":"closed","template":"","meta":{"_acf_changed":false,"_monsterinsights_skip_tracking":false,"_monsterinsights_sitenote_active":false,"_monsterinsights_sitenote_note":"","_monsterinsights_sitenote_category":0,"_uf_show_specific_survey":0,"_uf_disable_surveys":false,"site-sidebar-layout":"default","site-content-layout":"","ast-site-content-layout":"default","site-content-style":"default","site-sidebar-style":"default","ast-global-header-display":"","ast-banner-title-visibility":"","ast-main-header-display":"","ast-hfb-above-header-display":"","ast-hfb-below-header-display":"","ast-hfb-mobile-header-display":"","site-post-title":"","ast-breadcrumbs-content":"","ast-featured-img":"","footer-sml-layout":"","ast-disable-related-posts":"","theme-transparent-header-meta":"default","adv-header-id-meta":"","stick-header-meta":"","header-above-stick-meta":"","header-main-stick-meta":"","header-below-stick-meta":"","astra-migrate-meta-layouts":"set","ast-page-background-enabled":"default","ast-page-background-meta":{"desktop":{"background-color":"","background-image":"","background-repeat":"repeat","background-position":"center center","background-size":"auto","background-attachment":"scroll","background-type":"","background-media":"","overlay-type":"","overlay-color":"","overlay-opacity":"","overlay-gradient":""},"tablet":{"background-color":"","background-image":"","background-repeat":"repeat","background-position":"center center","background-size":"auto","background-attachment":"scroll","background-type":"","background-media":"","overlay-type":"","overlay-color":"","overlay-opacity":"","overlay-gradient":""},"mobile":{"background-color":"","background-image":"","background-repeat":"repeat","background-position":"center center","background-size":"auto","background-attachment":"scroll","background-type":"","background-media":"","overlay-type":"","overlay-color":"","overlay-opacity":"","overlay-gradient":""}},"ast-content-background-meta":{"desktop":{"background-color":"var(--ast-global-color-5)","background-image":"","background-repeat":"repeat","background-position":"center center","background-size":"auto","background-attachment":"scroll","background-type":"","background-media":"","overlay-type":"","overlay-color":"","overlay-opacity":"","overlay-gradient":""},"tablet":{"background-color":"var(--ast-global-color-5)","background-image":"","background-repeat":"repeat","background-position":"center center","background-size":"auto","background-attachment":"scroll","background-type":"","background-media":"","overlay-type":"","overlay-color":"","overlay-opacity":"","overlay-gradient":""},"mobile":{"background-color":"var(--ast-global-color-5)","background-image":"","background-repeat":"repeat","background-position":"center center","background-size":"auto","background-attachment":"scroll","background-type":"","background-media":"","overlay-type":"","overlay-color":"","overlay-opacity":"","overlay-gradient":""}}},"product_brand":[3328],"product_cat":[3391,3396,3393,3470,3514,3468],"product_tag":[],"class_list":{"0":"post-19789","1":"product","2":"type-product","3":"status-publish","4":"has-post-thumbnail","6":"product_brand-norton","7":"product_cat-accessoires-pour-la-longue-piste","8":"product_cat-accessories","9":"product_cat-aiguisage","10":"product_cat-des-pierres","11":"product_cat-entretien-des-lames","12":"product_cat-pierres-a-aiguiser","13":"desktop-align-left","14":"tablet-align-left","15":"mobile-align-left","17":"first","18":"instock","19":"taxable","20":"shipping-taxable","21":"product-type-simple"},"acf":[],"_links":{"self":[{"href":"https:\/\/ztsports.com\/fr\/wp-json\/wp\/v2\/product\/19789","targetHints":{"allow":["GET"]}}],"collection":[{"href":"https:\/\/ztsports.com\/fr\/wp-json\/wp\/v2\/product"}],"about":[{"href":"https:\/\/ztsports.com\/fr\/wp-json\/wp\/v2\/types\/product"}],"replies":[{"embeddable":true,"href":"https:\/\/ztsports.com\/fr\/wp-json\/wp\/v2\/comments?post=19789"}],"version-history":[{"count":1,"href":"https:\/\/ztsports.com\/fr\/wp-json\/wp\/v2\/product\/19789\/revisions"}],"predecessor-version":[{"id":19790,"href":"https:\/\/ztsports.com\/fr\/wp-json\/wp\/v2\/product\/19789\/revisions\/19790"}],"wp:featuredmedia":[{"embeddable":true,"href":"https:\/\/ztsports.com\/fr\/wp-json\/wp\/v2\/media\/19275"}],"wp:attachment":[{"href":"https:\/\/ztsports.com\/fr\/wp-json\/wp\/v2\/media?parent=19789"}],"wp:term":[{"taxonomy":"product_brand","embeddable":true,"href":"https:\/\/ztsports.com\/fr\/wp-json\/wp\/v2\/product_brand?post=19789"},{"taxonomy":"product_cat","embeddable":true,"href":"https:\/\/ztsports.com\/fr\/wp-json\/wp\/v2\/product_cat?post=19789"},{"taxonomy":"product_tag","embeddable":true,"href":"https:\/\/ztsports.com\/fr\/wp-json\/wp\/v2\/product_tag?post=19789"}],"curies":[{"name":"wp","href":"https:\/\/api.w.org\/{rel}","templated":true}]}}